{"id":1144,"date":"2014-09-16T15:38:11","date_gmt":"2014-09-16T15:38:11","guid":{"rendered":"http:\/\/face.unt.edu.ar\/web\/iadmin\/?page_id=1144"},"modified":"2018-10-12T14:17:45","modified_gmt":"2018-10-12T14:17:45","slug":"sitios-internacionales","status":"publish","type":"page","link":"https:\/\/face.unt.edu.ar\/web\/iadmin\/sitios-internacionales\/","title":{"rendered":"Sitios Internacionales"},"content":{"rendered":"<p style=\"text-align: center\"><a href=\"http:\/\/face.unt.edu.ar\/web\/iadmin\/wp-content\/uploads\/sites\/2\/2014\/09\/sitios-de-inter\u00e9s-intern.jpg\"><img decoding=\"async\" loading=\"lazy\" class=\"size-full wp-image-1443 alignleft\" src=\"http:\/\/face.unt.edu.ar\/web\/iadmin\/wp-content\/uploads\/sites\/2\/2014\/09\/sitios-de-inter\u00e9s-intern.jpg\" alt=\"sitios de inter\u00e9s intern\" width=\"240\" height=\"169\" \/><\/a>1. <a href=\"http:\/\/ajr.org\/\"><strong>American Journalism Review<\/strong><\/a><br \/>\n<span class=\"description\">Diarios, revistas, noticias, etc.<br \/>\nIdioma: Ingl\u00e9s<\/span><\/p>\n<p style=\"text-align: center\">2. <a href=\"https:\/\/hbr.es\/\"><strong>Harvard Business Review<\/strong><\/a><br \/>\n<span class=\"description\">Temas de inter\u00e9s para los administradores.<br \/>\nIdioma: Ingl\u00e9s<\/span><\/p>\n<p>&nbsp;<\/p>\n<p>3. <a href=\"https:\/\/www.jstor.org\/\"><strong>JSTOR<\/strong><\/a><br \/>\n<span class=\"description\">Acceso a las colecciones de revistas en texto completo de JSTOR \u00abArt &amp; Sciences I\u00bb, \u00abArt &amp; Sciences II\u00bb y \u00abArt &amp; Sciences III\u00bb. Las mismas son de car\u00e1cter retrospectivo, con \u00e9nfasis en diversas disciplinas de las ciencias sociales y humanidades, e incluyen algunas revistas de biolog\u00eda y matem\u00e1tica.<\/span><\/p>\n<p>4. <a href=\"https:\/\/www.exalead.com\/search\/\"><strong>EXALEAD<\/strong><\/a><br \/>\n<span class=\"description\">Potente buscador de im\u00e1genes, videos, recursos, etc.<\/span><\/p>\n<p>5. <strong><a href=\"https:\/\/www.scopus.com\/search\/form.uri?display=basic\">SCOPUS<\/a><\/strong><br \/>\n<b>Scopus<\/b>\u00a0es una\u00a0<a title=\"Base de datos bibliogr\u00e1fica\" href=\"https:\/\/es.wikipedia.org\/wiki\/Base_de_datos_bibliogr%C3%A1fica\">base de datos bibliogr\u00e1fica<\/a>\u00a0de\u00a0<a title=\"Resumen documental\" href=\"https:\/\/es.wikipedia.org\/wiki\/Resumen_documental\">res\u00famenes<\/a>\u00a0y\u00a0<a title=\"Cita\" href=\"https:\/\/es.wikipedia.org\/wiki\/Cita\">citas<\/a>\u00a0de\u00a0<a title=\"Art\u00edculo cient\u00edfico\" href=\"https:\/\/es.wikipedia.org\/wiki\/Art%C3%ADculo_cient%C3%ADfico\">art\u00edculos<\/a>\u00a0de\u00a0<a title=\"\" href=\"https:\/\/es.wikipedia.org\/wiki\/Revista_cient%C3%ADfica\">revistas cient\u00edficas<\/a>.<\/p>\n<p>&nbsp;<\/p>\n<p>7. <strong><a class=\"category\" style=\"color: #5da8f9\" href=\"http:\/\/www.face.unt.edu.ar\/iadmin\/index.php?view=weblink&amp;catid=55%3Asitios-internacionales&amp;id=19%3Aprograma-cyted&amp;option=com_weblinks&amp;Itemid=90\" target=\"_blank\" rel=\"noopener\">Programa CYTED<\/a><\/strong><br \/>\n<span class=\"description\">CYTED: PROGRAMA IBEROAMERICANO DE CIENCIA Y TECNOLOGIA PARA EL DESARROLLO.\u00a0Est\u00e1 disponible su biblioteca virtual con publicaciones que durante 25 a\u00f1os los distintos pa\u00edses han editado.<br \/>\nSe puede localizar cualquiera de los documentos que componen la Biblioteca de CYTED, situada f\u00edsicamente en la sede de Madrid de la Secretar\u00eda General.\u00a0Algunos de los contenidos est\u00e1n disponibles en versi\u00f3n digitalizada y se pueden descargar directamente.<br \/>\nPara realizar consultas, sugerencias o peticiones de documentaci\u00f3n, escribir a biblioteca.virtual@cyted.org<\/span><\/p>\n<p>8. <strong><a class=\"category\" style=\"color: #5da8f9\" href=\"http:\/\/www.face.unt.edu.ar\/iadmin\/index.php?view=weblink&amp;catid=55%3Asitios-internacionales&amp;id=20%3Abiblioteca-virtual-www&amp;option=com_weblinks&amp;Itemid=90\" target=\"_blank\" rel=\"noopener\">Biblioteca Virtual WWW<\/a><\/strong><br \/>\n<span class=\"description\">provee links axhaustivos y resumenes organizados de sitios en Internet.<\/span><\/p>\n<p>9. <strong><a class=\"category\" style=\"color: #5da8f9\" href=\"http:\/\/www.face.unt.edu.ar\/iadmin\/index.php?view=weblink&amp;catid=55%3Asitios-internacionales&amp;id=21%3Athe-institute-of-international-finance&amp;option=com_weblinks&amp;Itemid=90\" target=\"_blank\" rel=\"noopener\">The Institute of International Finance<\/a><\/strong><br \/>\n<span class=\"description\">Mercados y capitales, informaci\u00f3n financiera.<br \/>\nIdioma: ingl\u00e9s.<\/span><\/p>\n<p>10. <strong><a class=\"category\" style=\"color: #5da8f9\" href=\"http:\/\/www.face.unt.edu.ar\/iadmin\/index.php?view=weblink&amp;catid=55%3Asitios-internacionales&amp;id=22%3Abiblioteca-viertual-miguel-de-cervantes&amp;option=com_weblinks&amp;Itemid=90\" target=\"_blank\" rel=\"noopener\">Biblioteca viertual Miguel de Cervantes<\/a><\/strong><br \/>\n<span class=\"description\">Estudios, fonoteca, videoteca, hemeroteca, facs\u00edmiles, tesis doctorales, aulas virtuales, etc.<\/span><\/p>\n<p>11. <strong><a class=\"category\" style=\"color: #5da8f9\" href=\"http:\/\/www.face.unt.edu.ar\/iadmin\/index.php?view=weblink&amp;catid=55%3Asitios-internacionales&amp;id=23%3Abiblioteca-del-congreso&amp;option=com_weblinks&amp;Itemid=90\" target=\"_blank\" rel=\"noopener\">Biblioteca del Congreso<\/a><\/strong><br \/>\n<span class=\"description\">The Hispanic and Portuguese World<br \/>\nTHE MODERN STATES OF THE AMERICAS, sala hisp\u00e1nica de lecturas, colecciones en l\u00ednea, fuentes de referencias, cat\u00e1logos, etc.<br \/>\nVersiones en idioma ingl\u00e9s, espa\u00f1ol y portugu\u00e9s.<\/span><\/p>\n<p>12. <strong><a class=\"category\" style=\"color: #5da8f9\" href=\"http:\/\/www.face.unt.edu.ar\/iadmin\/index.php?view=weblink&amp;catid=55%3Asitios-internacionales&amp;id=26%3Ahsm-lider-global-en-contenidos-multimedia-de-management&amp;option=com_weblinks&amp;Itemid=90\" target=\"_blank\" rel=\"noopener\">HSM &#8211; L\u00edder Global en Contenidos Multimedia de Management<\/a><\/strong><br \/>\n<span class=\"description\">HSM es el v\u00ednculo entre los ejecutivos de todos los sectores de los negocios y el mejor contenido de Management del mundo.<br \/>\nEventos, multimedia, gesti\u00f3n, etc.<\/span><\/p>\n<p>13. <strong><a class=\"category\" style=\"color: #5da8f9\" href=\"http:\/\/www.face.unt.edu.ar\/iadmin\/index.php?view=weblink&amp;catid=55%3Asitios-internacionales&amp;id=27%3Adiscurso-de-steve-jobs-en-stanford&amp;option=com_weblinks&amp;Itemid=90\" target=\"_blank\" rel=\"noopener\">Discurso de Steve Jobs en Stanford<\/a><\/strong><br \/>\n<span class=\"description\">Discurso de Steve Jobs en la Universidad de Stanford durante la apertura del curso de 2005.<\/span><\/p>\n<p>14.<strong> <a class=\"category\" style=\"color: #5da8f9\" href=\"http:\/\/www.face.unt.edu.ar\/iadmin\/index.php?view=weblink&amp;catid=55%3Asitios-internacionales&amp;id=28%3Areve-niif-red-virtual-de-estudio-de-las-normas-internacionales-de-informacion-financiera&amp;option=com_weblinks&amp;Itemid=90\" target=\"_blank\" rel=\"noopener\">ReVE-NIIF: Red Virtual de Estudio de las Normas Internacionales de Informaci\u00f3n Financiera:<\/a><\/strong><\/p>\n<p>15. <span class=\"description\">Red Virtual Iberoamericana basada en internet e integrada por profesionales contables, profesores universitarios de contabilidad o auditor\u00eda y otros interesados en el estudio, investigaci\u00f3n y difusi\u00f3n de las NIIF, mediante trabajo colaborativo e intercambio de informaci\u00f3n y conocimientos utilizando TICs, con adherencia libre.<\/span><\/p>\n<p>16. <strong><a class=\"category\" style=\"color: #5da8f9\" href=\"http:\/\/www.face.unt.edu.ar\/iadmin\/index.php?view=weblink&amp;catid=55%3Asitios-internacionales&amp;id=32%3Ababy-boomers-generacion-x-y-y-z&amp;option=com_weblinks&amp;Itemid=90\" target=\"_blank\" rel=\"noopener\">Baby Boomers, generaci\u00f3n X, Y y Z<\/a><a class=\"category\" style=\"color: #5da8f9\" href=\"http:\/\/www.face.unt.edu.ar\/iadmin\/index.php?view=weblink&amp;catid=55%3Asitios-internacionales&amp;id=35%3Ainternational-trade-center&amp;option=com_weblinks&amp;Itemid=90\" target=\"_blank\" rel=\"noopener\">International Trade Center<\/a><\/strong><br \/>\n<span class=\"description\">Idioma: Ingl\u00e9s<br \/>\nTrade and Tariff Graphs; Trade Information Sources; Trade and Investment Data<\/span><\/p>\n<p>17. <a class=\"category\" style=\"color: #5da8f9\" href=\"http:\/\/www.face.unt.edu.ar\/iadmin\/index.php?view=weblink&amp;catid=55%3Asitios-internacionales&amp;id=36%3Ainternationa-trade-centre-market-analysis-tools-&amp;option=com_weblinks&amp;Itemid=90\" target=\"_blank\" rel=\"noopener\"><strong>Internationa Trade Centre &#8211; Market Analysis Tools<\/strong>\u00a0<\/a><br \/>\n<span class=\"description\">P\u00e1gina en Idioma Ingl\u00e9s<br \/>\nTrade Map<br \/>\nMarket Access Map<br \/>\nInvestment Map<\/span><\/p>\n<p>18. <strong><a class=\"category\" style=\"color: #5da8f9\" href=\"http:\/\/www.face.unt.edu.ar\/iadmin\/index.php?view=weblink&amp;catid=55%3Asitios-internacionales&amp;id=37%3Amarket-access-map-&amp;option=com_weblinks&amp;Itemid=90\" target=\"_blank\" rel=\"noopener\">Market Access Map\u00a0<\/a><\/strong><br \/>\n<span class=\"description\">P\u00e1gina en Idioma Ingl\u00e9s.<br \/>\nMarket Access Map covers customs tariffs (import duties) and other measures applied by 190 importing countries to products from 239 countries and territories. MFN and preferential applied import tariff rates are shown for products at the most detailed national tariff line level.<\/span><\/p>\n<p>19.<strong> <a class=\"category\" style=\"color: #5da8f9\" href=\"http:\/\/www.face.unt.edu.ar\/iadmin\/index.php?view=weblink&amp;catid=55%3Asitios-internacionales&amp;id=41%3Ahsm-lider-mundial-en-contenidos&amp;option=com_weblinks&amp;Itemid=90\" target=\"_blank\" rel=\"noopener\">HSM &#8211; L\u00edder mundial en contenidos<\/a><\/strong><br \/>\n<span class=\"description\">Eventos, Negocios, Management TV, Gesti\u00f3n, etc.<\/span><\/p>\n","protected":false},"excerpt":{"rendered":"<p>1. American Journalism Review Diarios, revistas, noticias, etc. Idioma: Ingl\u00e9s 2. Harvard Business Review Temas de inter\u00e9s para los administradores. Idioma: Ingl\u00e9s &nbsp; 3. JSTOR Acceso a las colecciones de revistas en texto completo de JSTOR \u00abArt &amp; Sciences I\u00bb, \u00abArt &amp; Sciences II\u00bb y \u00abArt &amp; Sciences III\u00bb. Las mismas son de car\u00e1cter retrospectivo, [&hellip;]<\/p>\n","protected":false},"author":9,"featured_media":0,"parent":0,"menu_order":0,"comment_status":"open","ping_status":"open","template":"","meta":{"footnotes":""},"_links":{"self":[{"href":"https:\/\/face.unt.edu.ar\/web\/iadmin\/wp-json\/wp\/v2\/pages\/1144"}],"collection":[{"href":"https:\/\/face.unt.edu.ar\/web\/iadmin\/wp-json\/wp\/v2\/pages"}],"about":[{"href":"https:\/\/face.unt.edu.ar\/web\/iadmin\/wp-json\/wp\/v2\/types\/page"}],"author":[{"embeddable":true,"href":"https:\/\/face.unt.edu.ar\/web\/iadmin\/wp-json\/wp\/v2\/users\/9"}],"replies":[{"embeddable":true,"href":"https:\/\/face.unt.edu.ar\/web\/iadmin\/wp-json\/wp\/v2\/comments?post=1144"}],"version-history":[{"count":12,"href":"https:\/\/face.unt.edu.ar\/web\/iadmin\/wp-json\/wp\/v2\/pages\/1144\/revisions"}],"predecessor-version":[{"id":3892,"href":"https:\/\/face.unt.edu.ar\/web\/iadmin\/wp-json\/wp\/v2\/pages\/1144\/revisions\/3892"}],"wp:attachment":[{"href":"https:\/\/face.unt.edu.ar\/web\/iadmin\/wp-json\/wp\/v2\/media?parent=1144"}],"curies":[{"name":"wp","href":"https:\/\/api.w.org\/{rel}","templated":true}]}}