{"id":116,"date":"2013-05-28T15:20:24","date_gmt":"2013-05-28T18:20:24","guid":{"rendered":"http:\/\/mulki.com.ar\/iadmin\/?page_id=116"},"modified":"2023-05-14T22:19:51","modified_gmt":"2023-05-14T22:19:51","slug":"proyectos-investigacion","status":"publish","type":"page","link":"https:\/\/face.unt.edu.ar\/web\/iadmin\/proyectos-investigacion\/","title":{"rendered":"Proyectos de Investigaci\u00f3n"},"content":{"rendered":"<h3>Proyectos 2023 -2027.<\/h3>\n<h4><span style=\"color: #003366\"><strong>1) Modelos de Gesti\u00f3n de Negocios<\/strong><\/span><\/h4>\n<h4>Director: \u00a0\u00a0Teresa Carolina Ferreyra<\/h4>\n<h4><span style=\"color: #003366\"><strong>2) Desarrollo Sostenible en Mipymes y Empresas de Familia<\/strong><\/span><\/h4>\n<h4>Director: V\u00edctor Francisco Mart\u00ednez<\/h4>\n<h4><span style=\"color: #003366\"><strong>3) Ciencia de Datos y Seguridad de la Informaci\u00f3n en la gesti\u00f3n organizacional y empresarial: Estudios de Caso y Aplicaciones\u00a0<\/strong><\/span><\/h4>\n<h4>Director: Marcelo Enrique Medina Galv\u00e1n<\/h4>\n<h3>Proyectos 2018-2022.<\/h3>\n<h4>1)\u00a0<span style=\"color: #003366\"><strong>Big Data y Anal\u00edtica de Negocios en la\u00a0<\/strong><strong>Gesti\u00f3n Organizacional y Empresarial: aplicaciones y casos de estudio.<\/strong><\/span><\/h4>\n<h4>Director: Marcelo Enrique Medina Galv\u00e1n<\/h4>\n<p><strong>Integrantes:<\/strong><\/p>\n<p>Cossio, Patricio<\/p>\n<p>Canevaro, Cecilia Alejandra<\/p>\n<p>Barboza, Luis Eduardo<\/p>\n<p>Garc\u00eda, Javier Antonio<\/p>\n<p>Garc\u00eda, Marcelo Adri\u00e1n<\/p>\n<p>La Marca Marcelo<\/p>\n<p>Martos, Mar\u00eda Enriqueta<\/p>\n<p>Masclef, Mar\u00eda Alejandra<\/p>\n<p>Mulki, Esteban David<\/p>\n<p>Rodr\u00edguez, Mar\u00eda Fernanda<\/p>\n<p><strong>\u00a0<\/strong><strong>Colaboradores:<\/strong><\/p>\n<p>De la Rosa, Milagro del valle<\/p>\n<p>D\u00edaz, Juan Jos\u00e9<\/p>\n<p>Mart\u00ednez, V\u00edctor<\/p>\n<p>Sandoval, Gonzalo<\/p>\n<p>Tabuenca, Juan Manuel<\/p>\n<p><a href=\"http:\/\/face.unt.edu.ar\/web\/iadmin\/wp-content\/uploads\/sites\/2\/2018\/10\/PIUNTF611.pdf\">Ver mas<\/a><\/p>\n<h4>2)\u00a0<span style=\"color: #003366\"><strong>PROYECTO F650\/CE \u2013 Modelos y Herramientas de Gesti\u00f3n Organizacional<\/strong><\/span><\/h4>\n<h4>Directora: Teresa Carolina Ferreyra<\/h4>\n<p><strong>Investigadores<\/strong>:<\/p>\n<p>D&#8217;Arterio, Jose Humberto<\/p>\n<p>Grunauer, Erika<\/p>\n<p>Pappalardo, Miguel \u00c1ngel<\/p>\n<p>Pulido de Belmonte, M\u00f3nica del Valle<\/p>\n<p>Scro, Claudia Susana<\/p>\n<p><strong>Becario \u2013 tesista<\/strong><\/p>\n<p>Armanini, Josefina Ester<\/p>\n<p><strong>Colaborador<\/strong><\/p>\n<p>Jantus Arias, Mar\u00eda del Valle<\/p>\n<p><a href=\"http:\/\/face.unt.edu.ar\/web\/iadmin\/wp-content\/uploads\/sites\/2\/2018\/10\/PROYECTO-F650_Breve.resumen.pdf\">Ver mas<\/a><\/p>\n<h3>Proyectos 2018-2020<\/h3>\n<h4><strong>An\u00e1lisis Sectorial Organizaciones del NOA.\u00a0Aplicaci\u00f3n de Herramientas de Gesti\u00f3n Organizacional para An\u00e1lisis Sectorial<\/strong><\/h4>\n<h4>Director: \u00a0V\u00edctor Francisco Mart\u00ednez<\/h4>\n<p>Integrantes:<\/p>\n<ul>\n<li>Alberti, Mar\u00eda Eugenia<\/li>\n<\/ul>\n<ul>\n<li>P\u00e9rez Vides, Luis Fernando<\/li>\n<\/ul>\n<ul>\n<li>Soto, Patricia Mirtha<\/li>\n<\/ul>\n<ul>\n<li>Feldman, Gabriel Rub\u00e9n<\/li>\n<\/ul>\n<ul>\n<li>Aguilar, Pablo Mart\u00edn<\/li>\n<\/ul>\n<h3><span style=\"color: #000000\"><strong>Programa 2014.\u00a0<\/strong><\/span><strong>Herramientas de Gesti\u00f3n en las Organizaciones.\u00a0<\/strong><strong>C\u00f3digo del Programa:\u00a0F 515<\/strong><\/h3>\n<p><span style=\"color: #000000\"><strong>Director: Eduardo Ju\u00e1rez<\/strong><\/span><\/p>\n<h4><span style=\"color: #003366\"><strong>Proyectos<\/strong><\/span><\/h4>\n<p><strong>1)\u00a0<span style=\"color: #003366\">Herramientas de Gesti\u00f3n en el Sector Privado.\u00a0<\/span><span style=\"color: #003366\">C\u00f3digo proyecto: F515\/1; Duraci\u00f3n: 4 a\u00f1os; Tipo: C\u00a0<\/span><\/strong><\/p>\n<p><span style=\"color: #000000\"><strong>\u00a0 \u00a0 \u00a0Directora:\u00a0Teresa Carolina Ferreyra<\/strong><\/span><\/p>\n<p><span style=\"color: #000000\">\u00a0 \u00a0\u00a0<\/span> <strong>Integrantes:<\/strong><\/p>\n<ul>\n<li><strong>Rospide, Adolfo Jorge<\/strong><\/li>\n<li><strong>D\u00b4Arterio, Jos\u00e9 Humberto<\/strong><\/li>\n<li><strong>Pulido, M\u00f3nica del Valle<\/strong><\/li>\n<li><strong>Armanini, Josefina Esther<\/strong><\/li>\n<\/ul>\n<p><strong>2) <span style=\"color: #003366\">Herramientas de Gesti\u00f3n en el Sector P\u00fablico.\u00a0<\/span><\/strong><span style=\"color: #003366\">C\u00f3digo proyecto:\u00a0F515\/2;\u00a0Duraci\u00f3n: 4 a\u00f1os;\u00a0Tipo: A\u00a0<\/span><\/p>\n<p><span style=\"color: #000000\"><strong>\u00a0 \u00a0 \u00a0Director: Eduardo Ju\u00e1rez<\/strong><\/span><\/p>\n<p><strong>\u00a0 \u00a0 \u00a0Integrantes:<\/strong><\/p>\n<ul>\n<li><strong>Lourdes Jimenez Brito<\/strong><\/li>\n<li><strong>Gabriel Feldman<\/strong><\/li>\n<li><strong>M\u00f3nica Rospide<\/strong><\/li>\n<li><strong>Claudia Scro<\/strong><\/li>\n<\/ul>\n<p><strong>3) <span style=\"color: #003366\">La lealtad comportamental en la comercializaci\u00f3n de bienes de consumo masivo en Tucum\u00e1n <\/span><\/strong><span style=\"color: #003366\">C\u00f3digo \u00a0proyecto:\u00a0F515\/3;\u00a0Duraci\u00f3n: 2 a\u00f1os;\u00a0Tipo: C<\/span><\/p>\n<p><span style=\"color: #000000\"><strong>\u00a0 \u00a0 \u00a0Director: Benjam\u00edn Viejobueno<\/strong><\/span><\/p>\n<p><strong>\u00a0 \u00a0 \u00a0Integrantes:<\/strong><\/p>\n<ul>\n<li><strong>Raul Rios<\/strong><\/li>\n<li><strong>Gabriela Abdala<\/strong><\/li>\n<li><strong>Federico Monasterio<\/strong><\/li>\n<li><strong>Patricia Ragone<\/strong><\/li>\n<\/ul>\n<h2><\/h2>\n<h3><strong><span style=\"color: #000000\">Proyecto PIUNT 2014.\u00a0<\/span>Modelos Cualitativos y Cuantitativos para la\u00a0Implementaci\u00f3n de la Gesti\u00f3n del Conocimiento en las Organizaciones.\u00a0C\u00f3digo: F 509, Resoluci\u00f3n HCS 639-2014 &#8211;\u00a0Per\u00edodo: 2014-2017 &#8211; \u00a0Resoluci\u00f3n HCS 83-2014<\/strong><\/h3>\n<p><span style=\"color: #000000\"><strong>Director: Lic. Marcelo Enrique Medina Galv\u00e1n<br \/>\nCo-Directora: Cra. Mar\u00eda Alejandra Masclef<\/strong><\/span><\/p>\n<p><strong>\u00a0 \u00a0 \u00a0Integrantes:<\/strong><\/p>\n<ul>\n<li><strong>Eduardo Barboza<\/strong><\/li>\n<li><strong>Cecilia Canevaro<\/strong><\/li>\n<li><strong>Cecilia D\u00edaz Campo<\/strong><\/li>\n<li><strong>Liliana Fagre<\/strong><\/li>\n<li><strong>Victor Mart\u00ednez<\/strong><\/li>\n<li><strong>Esteban Mulki<\/strong><\/li>\n<\/ul>\n<p><strong>\u00a0 \u00a0 Colaboradores:<\/strong><\/p>\n<ul>\n<li><strong>Josefina Ter\u00e1n Pe\u00f1aloza<\/strong><\/li>\n<li><strong>Marcelo Garc\u00eda<\/strong><\/li>\n<li><strong>Javier Garc\u00eda<\/strong><\/li>\n<\/ul>\n<p>&#8211;\u00a0 <strong>Resumen<\/strong>: Los resultados obtenidos por el grupo de trabajo en el Programa: CIUNT 26F\/406 \u201cSistemas de Gesti\u00f3n en Organizaciones\u201d, que comprend\u00eda los Proyectos: CIUNT 26F\/406-1 \u201cHerramientas de Gesti\u00f3n Aplicadas\u201d y CIUNT 26F\/406-2 \u201cSimulaci\u00f3n en Gesti\u00f3n de Educaci\u00f3n Superior\u201d en el per\u00edodo 2008 \u2013 2013, constituyen el punto de partida y de b\u00fasqueda de respuestas a nuevos interrogantes que surgen del marco te\u00f3rico, del trabajo en campo y de los hallazgos del mencionado programa. El presente proyecto de investigaci\u00f3n tiene como objetivo general contribuir a la implementaci\u00f3n de la gesti\u00f3n del conocimiento en las organizaciones a trav\u00e9s de modelos cualitativos y cuantitativos que se disponen en las disciplinas de la Administraci\u00f3n y los Sistemas de Informaci\u00f3n. Se pretende disminuir la brecha entre la teor\u00eda y la pr\u00e1ctica de este campo de estudio. Se explorar\u00e1n diferentes modelos que faciliten la implantaci\u00f3n y puesta en marcha de la gesti\u00f3n del conocimiento en diferentes tipos de organizaciones. En el desarrollo de la Gesti\u00f3n del Conocimiento se proponen grandes lineamientos para su implementaci\u00f3n pero se identifica una ausencia de modelos particulares para la implantaci\u00f3n de la misma en las organizaciones, pudi\u00e9ndose determinar un \u00e1rea de vacancia en este aspecto. La disciplina de la Administraci\u00f3n exige un esfuerzo de reflexi\u00f3n y puesta en pr\u00e1ctica de modelos en nuestra realidad local y regional. Es necesario relevar, analizar, sistematizar y proponer modelos que contribuyan a jerarquizar est\u00e1 \u00e1rea de conocimiento, fortaleciendo su visi\u00f3n epistemol\u00f3gica y cient\u00edfica. Se prev\u00e9 una transferencia diversificada en \u00e1mbitos y en destinatarios, ya que se espera que los resultados generen aportes en las dimensiones administrativa, de gesti\u00f3n y organizacional de las unidades analizadas as\u00ed como en las relaciones con otras unidades y su entorno. Se considera al tema de suficiente pertinencia para el desarrollo de tesis de posgrado en el Doctorado en Humanidades en el \u00c1rea Administraci\u00f3n de Empresas, en la Maestr\u00eda en Administraci\u00f3n y en Estad\u00edstica Aplicada, en la Especializaci\u00f3n en Costos y Gesti\u00f3n Empresarial, en Administraci\u00f3n P\u00fablica y\u00a0 en Recursos Humanos, as\u00ed como de las carreras de grado de Licenciado en Administraci\u00f3n y de Contador P\u00fablico Nacional. Los resultados parciales y finales se debatir\u00e1n en reuniones interdisciplinarias, en jornadas y congresos (donde se presentar\u00e1n trabajos), y en cursos de grado y sobre todo, de posgrado en las Universidades de nuestra regi\u00f3n.<\/p>\n<h2><\/h2>\n<h3><span style=\"color: #000000\"><strong>Programa 2008-2011.\u00a0<\/strong><strong>Sistemas de Gesti\u00f3n en Organizaciones.\u00a0<\/strong>CIUNT 26F\/406<\/span><\/h3>\n<p><span style=\"color: #000000\"><strong>Director: Eduardo Juarez<br \/>\nCo-<span style=\"color: #000000\">directora<\/span>: Mar\u00eda Alejandra Masclef<\/strong><\/span><\/p>\n<h4><span style=\"color: #003366\"><strong>Proyectos<\/strong><\/span><\/h4>\n<p><strong>1) <span style=\"color: #003366\">Herramientas de Gesti\u00f3n Aplicada<\/span><\/strong><\/p>\n<p><strong><span style=\"color: #000000\">\u00a0 \u00a0 \u00a0Director: Eduardo Juarez<br \/>\nCo-Director: Marcelo Enrique Medina Galv\u00e1n<\/span><\/strong><\/p>\n<p><strong>\u00a0 \u00a0 Integrantes:<\/strong><\/p>\n<ul>\n<li><strong>Patricia Mabel D\u00e9cima de Canevaro<\/strong><\/li>\n<li><strong>V\u00edctor Francisco Mart\u00ednez<\/strong><\/li>\n<li><strong>Mar\u00eda Enriqueta Martos<\/strong><\/li>\n<li><strong>Rosa Noem\u00ed Ponce<\/strong><\/li>\n<li><strong>Adolfo Jorge Rospide<\/strong><\/li>\n<li><strong>Benjam\u00edn Viejobueno<\/strong><\/li>\n<\/ul>\n<p><strong>2) <span style=\"color: #003366\">Simulaci\u00f3n en Gesti\u00f3n de Educaci\u00f3n Superior<\/span><\/strong><\/p>\n<p><span style=\"color: #000000\"><strong>\u00a0 \u00a0 \u00a0Directora: Mar\u00eda Alejandra Masclef<br \/>\nCo-Directora: Teresa Carolina Ferreyra<\/strong><\/span><\/p>\n<p><strong>\u00a0 \u00a0 \u00a0Integrantes:<\/strong><\/p>\n<ul>\n<li><strong>Luis Eduardo Barboza<\/strong><\/li>\n<li><strong>Cecilia Alejandra Canevaro<\/strong><\/li>\n<li><strong>Claudia Susana Scro<\/strong><\/li>\n<\/ul>\n<h2><\/h2>\n<p><strong><span style=\"color: #000000\">Proyecto 2005-2008.\u00a0<\/span><\/strong><strong><span style=\"color: #003366\">Gesti\u00f3n de una Unidad Acad\u00e9mica en la Argentina. Modelos, Pol\u00edticas y Variables para los pr\u00f3ximos a\u00f1os.<\/span><\/strong><\/p>\n<p><span style=\"color: #003366\"><span style=\"color: #000000\"><strong>\u00a0 \u00a0 \u00a0Director: Eduardo Juarez<\/strong><\/span><br \/>\n<span style=\"color: #000000\"><strong>\u00a0 \u00a0 \u00a0Co-directora: Mar\u00eda Alejandra Masclef<\/strong> <\/span><\/span><\/p>\n<h3><strong>\u00a0 \u00a0 Integrantes:<\/strong><\/h3>\n<ul>\n<li><strong>Luis Eduardo Barboza<\/strong><\/li>\n<li><strong>Cecilia Alejandra Canevaro<\/strong><\/li>\n<li><strong>Teresa Carolina Ferreyra<\/strong><\/li>\n<li><strong>Raquel Viviana Giannini<\/strong><\/li>\n<li><strong>Claudia Susana Scro<\/strong><\/li>\n<\/ul>\n<p>&nbsp;<\/p>\n<p><strong>Proyecto CIUNT 26F\/205.<\/strong> \u00a0<strong><span style=\"color: #003366\">Nuevas Tecnolog\u00edas Aplicadas a la Ense\u00f1anza de la Administraci\u00f3n<\/span><\/strong>.<\/p>\n<p><strong>Director: Eduardo Ju\u00e1rez.<br \/>\n<\/strong><strong>Co-directora : Alejandra Masclef<\/strong><\/p>\n<p>Monto Financiaci\u00f3n total obtenido: $ 6.108,30 Per\u00edodo: 01\/05\/2001 &#8211; 30\/04\/2005<\/p>\n<p>Aprobado por el CIUNT. Convocatoria para el Financiamiento de Programas y Proyectos de Investigaci\u00f3n, per\u00edodo 2001-2003.<\/p>\n<p>&nbsp;<\/p>\n<p><strong>Proyecto CIUNT 26F\/105. \u00a0<span style=\"color: #003366\">Factores de eficiencia en entes recaudadores. <\/span><\/strong><\/p>\n<p><strong>Director:\u00a0Eduardo Ju\u00e1rez. <\/strong><br \/>\n<strong>Co-directora : Alejandra Masclef<\/strong><\/p>\n<p>Monto Financiaci\u00f3n total obtenido: $ 2.532 Per\u00edodo: 01\/01\/1998 &#8211; 30\/04\/2001<\/p>\n<p>Aprobado por el CIUNT seg\u00fan comunicaci\u00f3n del 31\/07\/1998. Convocatoria para el Financiamiento de Programas y Proyectos de Investigaci\u00f3n, per\u00edodo 1998-2000<\/p>\n","protected":false},"excerpt":{"rendered":"<p>Proyectos 2023 -2027. 1) Modelos de Gesti\u00f3n de Negocios Director: \u00a0\u00a0Teresa Carolina Ferreyra 2) Desarrollo Sostenible en Mipymes y Empresas de Familia Director: V\u00edctor Francisco Mart\u00ednez 3) Ciencia de Datos y Seguridad de la Informaci\u00f3n en la gesti\u00f3n organizacional y empresarial: Estudios de Caso y Aplicaciones\u00a0 Director: Marcelo Enrique Medina Galv\u00e1n Proyectos 2018-2022. 1)\u00a0Big Data [&hellip;]<\/p>\n","protected":false},"author":1,"featured_media":0,"parent":0,"menu_order":0,"comment_status":"closed","ping_status":"open","template":"","meta":{"footnotes":""},"_links":{"self":[{"href":"https:\/\/face.unt.edu.ar\/web\/iadmin\/wp-json\/wp\/v2\/pages\/116"}],"collection":[{"href":"https:\/\/face.unt.edu.ar\/web\/iadmin\/wp-json\/wp\/v2\/pages"}],"about":[{"href":"https:\/\/face.unt.edu.ar\/web\/iadmin\/wp-json\/wp\/v2\/types\/page"}],"author":[{"embeddable":true,"href":"https:\/\/face.unt.edu.ar\/web\/iadmin\/wp-json\/wp\/v2\/users\/1"}],"replies":[{"embeddable":true,"href":"https:\/\/face.unt.edu.ar\/web\/iadmin\/wp-json\/wp\/v2\/comments?post=116"}],"version-history":[{"count":17,"href":"https:\/\/face.unt.edu.ar\/web\/iadmin\/wp-json\/wp\/v2\/pages\/116\/revisions"}],"predecessor-version":[{"id":6419,"href":"https:\/\/face.unt.edu.ar\/web\/iadmin\/wp-json\/wp\/v2\/pages\/116\/revisions\/6419"}],"wp:attachment":[{"href":"https:\/\/face.unt.edu.ar\/web\/iadmin\/wp-json\/wp\/v2\/media?parent=116"}],"curies":[{"name":"wp","href":"https:\/\/api.w.org\/{rel}","templated":true}]}}