{"id":127,"date":"2013-05-29T20:15:14","date_gmt":"2013-05-29T23:15:14","guid":{"rendered":"http:\/\/mulki.com.ar\/iadmin\/?page_id=127"},"modified":"2023-05-14T23:06:40","modified_gmt":"2023-05-14T23:06:40","slug":"publicaciones-cientificas","status":"publish","type":"page","link":"https:\/\/face.unt.edu.ar\/web\/iadmin\/publicaciones-cientificas\/","title":{"rendered":"Publicaciones Cient\u00edficas"},"content":{"rendered":"<p><span style=\"color: #333399;background-color: #ffffff\"><strong>A\u00f1o 2021<\/strong><\/span><\/p>\n<p><strong>5to Encuentro de \u201cinnovaci\u00f3n en la ense\u00f1anza\u201d con la Red de Facultades de Ciencias Econ\u00f3micas del norte argentino y 8vo Encuentro de \u201cinnovaci\u00f3n en la ense\u00f1anza de las Ciencias Econ\u00f3micas\u201d &#8211; <\/strong>Universidad Nacional de Catamarca. Noviembre 2021.<\/p>\n<p><em>Autores: Garc\u00eda, Javier Antonio; Usandivaras, Silvia Elena Teresita<\/em><\/p>\n<p>\u201cEstrategias para el desarrollo de habilidades directivas en entornos virtuales en cursos universitarios\u201d<\/p>\n<p><strong>\u00a0<\/strong><strong>36\u00ba Congreso Nacional de ADENAG<\/strong> Universidad Nacional de R\u00edo Cuarto (UNRC) Facultad de Ciencias Econ\u00f3micas R\u00edo Cuarto: 07 y 08 de octubre de 2021<\/p>\n<p><strong>\u00a0<\/strong><em>Autores: Medina de la Fuente, Alejandro \u2013 Medina Galv\u00e1n, Marcelo Enrique \u2013 Scro, Claudia Susana<\/em><\/p>\n<p>\u201cMedici\u00f3n del Grado de Ense\u00f1anza de Habilidades Blandas en la Licenciatura en Administraci\u00f3n de la Universidad Nacional De Tucum\u00e1n\u201d<\/p>\n<p><em>Autores: Cossio, Patricio; Garc\u00eda, Javier Antonio; Medina Galv\u00e1n Marcelo.<\/em><\/p>\n<p>\u201cIndicadores de gesti\u00f3n financieros como herramienta de profesionalizaci\u00f3n en una empresa familiar\u201d<\/p>\n<p><strong>\u00abXV Jornadas de Docentes Universitarios en Sistemas y Tecnolog\u00edas de la Informaci\u00f3n \u2013 DUTI Virtuales 2021\u00bb. <\/strong>Resoluci\u00f3n 212D21. Facultad de Ciencias Econ\u00f3micas, UNT. 30 de septiembre al 2 de octubre, Tucum\u00e1n. (Declaradas de inter\u00e9s acad\u00e9mico por la Facultad de Ciencias Econ\u00f3micas, UNT. Resoluci\u00f3n: 211D21). N\u00famero ISBN: 978-987-754-278-3. P\u00e1ginas: 250 a 254.<\/p>\n<p><em>Autor: Marcelo Adri\u00e1n Garc\u00eda y Mar\u00eda A.\u00a0 Masclef<\/em><\/p>\n<p>\u00abExperiencias did\u00e1cticas en Virtualidad. Asignatura: Sistemas de Informaci\u00f3n I\u00bb<\/p>\n<p><em>Autores: Di Sisto, A., Garc\u00eda, \u00b4Marcelo Adri\u00e1n, Mendoza, C., Vittuzzi, D.<\/em><\/p>\n<p>\u201cAn\u00e1lisis y evaluaci\u00f3n de un sitio web no seguro: recomendaciones de seguridad para implementar un protocolo https\u201d<\/p>\n<p><em>Autores: Garc\u00eda, Marcelo Adri\u00e1n; Masclef, Mar\u00eda Alejandra; Mulki, Esteban;<\/em> <em>Rodr\u00edguez, Mar\u00eda Fernanda.<\/em><\/p>\n<p>\u201cVirtualidad en pandemia: la perspectiva de los alumnos\u201d.<\/p>\n<p><strong>7\u00b0 Congreso Latinoamericano de Administraci\u00f3n y 10\u00b0 Encuentro Internacional de Administraci\u00f3n de la Regi\u00f3n Jesu\u00edtico Guaran\u00ed &#8211; <\/strong>Universidad Nacional de Misiones, Posadas. Septiembre 2021.<\/p>\n<p><em>Autor: Javier Antonio Garcia<\/em><\/p>\n<p>\u201cDesarrollo de habilidades directivas en la Facultad de Ciencias Econ\u00f3micas (UNT)\u201d<\/p>\n<p><em>Autores: Rulli, Paulina; Garc\u00eda, Javier Antonio.<\/em><\/p>\n<p>\u201cDise\u00f1o e implementaci\u00f3n de herramientas de Control de Gesti\u00f3n en una PyME familiar\u201d<\/p>\n<p><strong>41\u00b0 Jornadas Nacionales de Administraci\u00f3n Financiera \u2013 SADAF. 30\u00a0 &#8211; Septiembre y 1 de octubre de 2021. <\/strong><strong>ISSN 2632-4728<\/strong><\/p>\n<p><em>\u00a0<\/em><em>Autor: Gabriel Rub\u00e9n Feldman <\/em><\/p>\n<p>\u201cEncuestaci\u00f3n y an\u00e1lisis predictivo en finanzas con apoyo de miner\u00eda de textos.<\/p>\n<p><strong>I Seminario sobre impacto de las tecnolog\u00edas de big data en las finanzas. UBA. Agosto de 2021<\/strong><\/p>\n<p><strong>\u00a0<\/strong><em>Autor: Gabriel Ruben Feldman<\/em><\/p>\n<p>\u201cAn\u00e1lisis predictivo con datos textuales\u201d<\/p>\n<p><strong>II Encuentro de Experiencias Empresariales e Investigaci\u00f3n en Ciencias Administrativas &#8211; <\/strong>Mayo 2021.<\/p>\n<p><em>Autor: Javier Antonio Garcia<\/em><\/p>\n<p>\u201cModelo de an\u00e1lisis organizacional multidimensional. Aplicaciones en Pymes Familiares\u201d<\/p>\n<p><strong>VI Congreso Internacional de la red ACINNET<\/strong>. 18 de mayo de 2021<\/p>\n<p><em>Autor: Gabriel Rub\u00e9n Feldman<\/em><\/p>\n<p>\u201cNuevas generaciones, nuevos modelos de negocios\u201d.<\/p>\n<p><em>\u00a0<\/em><strong>Daena International \u00a0Journal of Good Conscience. <\/strong><strong>16 (1) 1-45<\/strong>. Abril 2021.\u00a0 M\u00e9xico. ISSN 1870-557X<\/p>\n<p><em>Autor: Gabriel Rub\u00e9n Feldman<\/em><\/p>\n<p>\u201cModelizaci\u00f3n de proyectos de inversi\u00f3n en un entorno eco-eficiente\u201d.<\/p>\n<p><strong>Revista Econ\u00f3micas Digital, de la Facultad de Ciencias Econ\u00f3micas UNT &#8211; <\/strong>Abril 2021. ISSN 2718-6989<\/p>\n<p><strong>\u00a0<\/strong><em>Autor: Gabriel Rub\u00e9n Feldman<\/em><\/p>\n<p>\u201cInteligencia de negocios sustentables\u201d<\/p>\n","protected":false},"excerpt":{"rendered":"<p>A\u00f1o 2021 5to Encuentro de \u201cinnovaci\u00f3n en la ense\u00f1anza\u201d con la Red de Facultades de Ciencias Econ\u00f3micas del norte argentino y 8vo Encuentro de \u201cinnovaci\u00f3n en la ense\u00f1anza de las Ciencias Econ\u00f3micas\u201d &#8211; Universidad Nacional de Catamarca. Noviembre 2021. Autores: Garc\u00eda, Javier Antonio; Usandivaras, Silvia Elena Teresita \u201cEstrategias para el desarrollo de habilidades directivas en [&hellip;]<\/p>\n","protected":false},"author":1,"featured_media":0,"parent":0,"menu_order":0,"comment_status":"closed","ping_status":"open","template":"","meta":{"footnotes":""},"_links":{"self":[{"href":"https:\/\/face.unt.edu.ar\/web\/iadmin\/wp-json\/wp\/v2\/pages\/127"}],"collection":[{"href":"https:\/\/face.unt.edu.ar\/web\/iadmin\/wp-json\/wp\/v2\/pages"}],"about":[{"href":"https:\/\/face.unt.edu.ar\/web\/iadmin\/wp-json\/wp\/v2\/types\/page"}],"author":[{"embeddable":true,"href":"https:\/\/face.unt.edu.ar\/web\/iadmin\/wp-json\/wp\/v2\/users\/1"}],"replies":[{"embeddable":true,"href":"https:\/\/face.unt.edu.ar\/web\/iadmin\/wp-json\/wp\/v2\/comments?post=127"}],"version-history":[{"count":15,"href":"https:\/\/face.unt.edu.ar\/web\/iadmin\/wp-json\/wp\/v2\/pages\/127\/revisions"}],"predecessor-version":[{"id":1094,"href":"https:\/\/face.unt.edu.ar\/web\/iadmin\/wp-json\/wp\/v2\/pages\/127\/revisions\/1094"}],"wp:attachment":[{"href":"https:\/\/face.unt.edu.ar\/web\/iadmin\/wp-json\/wp\/v2\/media?parent=127"}],"curies":[{"name":"wp","href":"https:\/\/api.w.org\/{rel}","templated":true}]}}