{"id":14,"date":"2013-05-23T19:18:24","date_gmt":"2013-05-23T19:18:24","guid":{"rendered":"http:\/\/mulki.com.ar\/iadmin\/?page_id=14"},"modified":"2014-09-17T16:00:58","modified_gmt":"2014-09-17T16:00:58","slug":"mision-vision-y-valores","status":"publish","type":"page","link":"https:\/\/face.unt.edu.ar\/web\/iadmin\/institucional\/mision-vision-y-valores\/","title":{"rendered":"Misi\u00f3n, Visi\u00f3n y Valores"},"content":{"rendered":"<h2><span style=\"color: #003366\">Misi\u00f3n<\/span><\/h2>\n<p>Formaci\u00f3n de administradores que:<\/p>\n<ul>\n<li>Con una s\u00f3lida fundamentaci\u00f3n t\u00e9cnica, capacidad de emprender y una conducta \u00edntegra y respetuosa de la persona, la comunidad y el medio ambiente,<\/li>\n<li>Puedan realizarse personal y profesionalmente al servicio de las organizaciones.<\/li>\n<\/ul>\n<p>Estamos convencidos que esta misi\u00f3n se logra a trav\u00e9s de:<\/p>\n<ul>\n<li>Un compromiso con la investigaci\u00f3n,<br \/>\nentendida \u00e9sta como la oportunidad de conciliar la vanguardia del conocimiento y nuestra realidad regional;<\/li>\n<li>Un compromiso con la calidad y la excelencia acad\u00e9mica en la transmisi\u00f3n del conocimiento,<br \/>\nteniendo como foco a nuestros principales destinatarios, los alumnos;<\/li>\n<li>La gesti\u00f3n integrada y la articulaci\u00f3n de todas las c\u00e1tedras que lo componen;<\/li>\n<li>Un compromiso con la \u00e9tica como valor fundamental en toda acci\u00f3n humana.<\/li>\n<\/ul>\n<h2><span style=\"color: #3366ff\">Visi\u00f3n<\/span><\/h2>\n<p>Ser reconocidos en el Norte Argentino, como:<\/p>\n<ul>\n<li>El mejor formador de administradores<\/li>\n<li>Que sean, a su vez, factores de desarrollo, transformaci\u00f3n y crecimiento de las organizaciones p\u00fablicas y privadas.<\/li>\n<\/ul>\n<h2><span style=\"color: #993366\">Valores<\/span><\/h2>\n<p>Es nuestro compromiso el vivir y educar en los siguientes valores:<\/p>\n<ul>\n<li>Honestidad<\/li>\n<li>Esfuerzo<\/li>\n<li>Excelencia<\/li>\n<li>Iniciativa<\/li>\n<li>Trabajo en Equipo<\/li>\n<li>Compromiso con la Universidad, y la sociedad en general<\/li>\n<\/ul>\n<p style=\"text-align: center\"><a href=\"http:\/\/face.unt.edu.ar\/web\/iadmin\/wp-content\/uploads\/sites\/2\/2014\/09\/Mis-vis-val-Inst-Adm.pdf\">Mis vis val Inst Adm<\/a><\/p>\n","protected":false},"excerpt":{"rendered":"<p>Misi\u00f3n Formaci\u00f3n de administradores que: Con una s\u00f3lida fundamentaci\u00f3n t\u00e9cnica, capacidad de emprender y una conducta \u00edntegra y respetuosa de la persona, la comunidad y el medio ambiente, Puedan realizarse personal y profesionalmente al servicio de las organizaciones. Estamos convencidos que esta misi\u00f3n se logra a trav\u00e9s de: Un compromiso con la investigaci\u00f3n, entendida \u00e9sta [&hellip;]<\/p>\n","protected":false},"author":1,"featured_media":0,"parent":25,"menu_order":0,"comment_status":"closed","ping_status":"open","template":"","meta":{"footnotes":""},"_links":{"self":[{"href":"https:\/\/face.unt.edu.ar\/web\/iadmin\/wp-json\/wp\/v2\/pages\/14"}],"collection":[{"href":"https:\/\/face.unt.edu.ar\/web\/iadmin\/wp-json\/wp\/v2\/pages"}],"about":[{"href":"https:\/\/face.unt.edu.ar\/web\/iadmin\/wp-json\/wp\/v2\/types\/page"}],"author":[{"embeddable":true,"href":"https:\/\/face.unt.edu.ar\/web\/iadmin\/wp-json\/wp\/v2\/users\/1"}],"replies":[{"embeddable":true,"href":"https:\/\/face.unt.edu.ar\/web\/iadmin\/wp-json\/wp\/v2\/comments?post=14"}],"version-history":[{"count":3,"href":"https:\/\/face.unt.edu.ar\/web\/iadmin\/wp-json\/wp\/v2\/pages\/14\/revisions"}],"predecessor-version":[{"id":1367,"href":"https:\/\/face.unt.edu.ar\/web\/iadmin\/wp-json\/wp\/v2\/pages\/14\/revisions\/1367"}],"up":[{"embeddable":true,"href":"https:\/\/face.unt.edu.ar\/web\/iadmin\/wp-json\/wp\/v2\/pages\/25"}],"wp:attachment":[{"href":"https:\/\/face.unt.edu.ar\/web\/iadmin\/wp-json\/wp\/v2\/media?parent=14"}],"curies":[{"name":"wp","href":"https:\/\/api.w.org\/{rel}","templated":true}]}}