{"id":140,"date":"2013-09-18T21:05:39","date_gmt":"2013-09-18T21:05:39","guid":{"rendered":"http:\/\/mulki.com.ar\/iadmin\/?page_id=140"},"modified":"2024-05-17T12:18:13","modified_gmt":"2024-05-17T12:18:13","slug":"home","status":"publish","type":"page","link":"https:\/\/face.unt.edu.ar\/web\/iadmin\/","title":{"rendered":"Inicio"},"content":{"rendered":"<p>[vc_row][vc_column width=\u00bb2\/3&#8243;]<div class=\"td_block_wrap td_block_6 td_uid_1_69d2a531607c5_rand td-pb-border-top td_block_template_1 td-column-1 td_block_padding td_block_bot_line\"  data-td-block-uid=\"td_uid_1_69d2a531607c5\" ><script>var block_td_uid_1_69d2a531607c5 = new tdBlock();\nblock_td_uid_1_69d2a531607c5.id = \"td_uid_1_69d2a531607c5\";\nblock_td_uid_1_69d2a531607c5.atts = '{\"limit\":\"10\",\"separator\":\"\",\"custom_title\":\"\",\"custom_url\":\"\",\"block_template_id\":\"\",\"m5_tl\":\"\",\"m5_el\":\"\",\"post_ids\":\"\",\"category_id\":\"\",\"category_ids\":\"\",\"tag_slug\":\"\",\"autors_id\":\"\",\"installed_post_types\":\"\",\"sort\":\"\",\"offset\":\"\",\"el_class\":\"\",\"td_ajax_filter_type\":\"\",\"td_ajax_filter_ids\":\"\",\"td_filter_default_txt\":\"All\",\"td_ajax_preloading\":\"\",\"f_header_font_header\":\"\",\"f_header_font_title\":\"Block header\",\"f_header_font_settings\":\"\",\"f_header_font_family\":\"\",\"f_header_font_size\":\"\",\"f_header_font_line_height\":\"\",\"f_header_font_style\":\"\",\"f_header_font_weight\":\"\",\"f_header_font_transform\":\"\",\"f_header_font_spacing\":\"\",\"f_header_\":\"\",\"f_ajax_font_title\":\"Ajax categories\",\"f_ajax_font_settings\":\"\",\"f_ajax_font_family\":\"\",\"f_ajax_font_size\":\"\",\"f_ajax_font_line_height\":\"\",\"f_ajax_font_style\":\"\",\"f_ajax_font_weight\":\"\",\"f_ajax_font_transform\":\"\",\"f_ajax_font_spacing\":\"\",\"f_ajax_\":\"\",\"f_more_font_title\":\"Load more button\",\"f_more_font_settings\":\"\",\"f_more_font_family\":\"\",\"f_more_font_size\":\"\",\"f_more_font_line_height\":\"\",\"f_more_font_style\":\"\",\"f_more_font_weight\":\"\",\"f_more_font_transform\":\"\",\"f_more_font_spacing\":\"\",\"f_more_\":\"\",\"m5f_title_font_header\":\"\",\"m5f_title_font_title\":\"Article title\",\"m5f_title_font_settings\":\"\",\"m5f_title_font_family\":\"\",\"m5f_title_font_size\":\"\",\"m5f_title_font_line_height\":\"\",\"m5f_title_font_style\":\"\",\"m5f_title_font_weight\":\"\",\"m5f_title_font_transform\":\"\",\"m5f_title_font_spacing\":\"\",\"m5f_title_\":\"\",\"m5f_cat_font_title\":\"Article category tag\",\"m5f_cat_font_settings\":\"\",\"m5f_cat_font_family\":\"\",\"m5f_cat_font_size\":\"\",\"m5f_cat_font_line_height\":\"\",\"m5f_cat_font_style\":\"\",\"m5f_cat_font_weight\":\"\",\"m5f_cat_font_transform\":\"\",\"m5f_cat_font_spacing\":\"\",\"m5f_cat_\":\"\",\"m5f_meta_font_title\":\"Article meta info\",\"m5f_meta_font_settings\":\"\",\"m5f_meta_font_family\":\"\",\"m5f_meta_font_size\":\"\",\"m5f_meta_font_line_height\":\"\",\"m5f_meta_font_style\":\"\",\"m5f_meta_font_weight\":\"\",\"m5f_meta_font_transform\":\"\",\"m5f_meta_font_spacing\":\"\",\"m5f_meta_\":\"\",\"m5f_ex_font_title\":\"Article excerpt\",\"m5f_ex_font_settings\":\"\",\"m5f_ex_font_family\":\"\",\"m5f_ex_font_size\":\"\",\"m5f_ex_font_line_height\":\"\",\"m5f_ex_font_style\":\"\",\"m5f_ex_font_weight\":\"\",\"m5f_ex_font_transform\":\"\",\"m5f_ex_font_spacing\":\"\",\"m5f_ex_\":\"\",\"ajax_pagination\":\"\",\"ajax_pagination_infinite_stop\":\"\",\"css\":\"\",\"tdc_css\":\"\",\"td_column_number\":1,\"header_color\":\"\",\"color_preset\":\"\",\"border_top\":\"\",\"class\":\"td_uid_1_69d2a531607c5_rand\",\"tdc_css_class\":\"td_uid_1_69d2a531607c5_rand\",\"tdc_css_class_style\":\"td_uid_1_69d2a531607c5_rand_style\"}';\nblock_td_uid_1_69d2a531607c5.td_column_number = \"1\";\nblock_td_uid_1_69d2a531607c5.block_type = \"td_block_6\";\nblock_td_uid_1_69d2a531607c5.post_count = \"10\";\nblock_td_uid_1_69d2a531607c5.found_posts = \"1125\";\nblock_td_uid_1_69d2a531607c5.header_color = \"\";\nblock_td_uid_1_69d2a531607c5.ajax_pagination_infinite_stop = \"\";\nblock_td_uid_1_69d2a531607c5.max_num_pages = \"113\";\ntdBlocksArray.push(block_td_uid_1_69d2a531607c5);\n<\/script><div class=\"td-block-title-wrap\"><\/div><div id=td_uid_1_69d2a531607c5 class=\"td_block_inner\">\n\n\t<div class=\"td-block-span12\">\n\r\n        <div class=\"td_module_5 td_module_wrap td-animation-stack\">\r\n\r\n            <h3 class=\"entry-title td-module-title\"><a href=\"https:\/\/face.unt.edu.ar\/web\/iadmin\/defensa-de-tesis-doctoral-del-prof-victor-martinez\/\" rel=\"bookmark\" title=\"Defensa de tesis doctoral del Prof. V\u00edctor Mart\u00ednez\">Defensa de tesis doctoral del Prof. V\u00edctor Mart\u00ednez<\/a><\/h3>\r\n            <div class=\"td-module-meta-info\">\r\n                                <span class=\"td-post-date\"><time class=\"entry-date updated td-module-date\" datetime=\"2026-03-30T14:41:33+00:00\" >30 marzo, 2026<\/time><\/span>                            <\/div>\r\n\r\n            <div class=\"td-module-image\">\r\n                <div class=\"td-module-thumb\"><a href=\"https:\/\/face.unt.edu.ar\/web\/iadmin\/defensa-de-tesis-doctoral-del-prof-victor-martinez\/\" rel=\"bookmark\" class=\"td-image-wrap\" title=\"Defensa de tesis doctoral del Prof. V\u00edctor Mart\u00ednez\"><img width=\"324\" height=\"235\" class=\"entry-thumb\" src=\"https:\/\/face.unt.edu.ar\/web\/iadmin\/wp-content\/uploads\/sites\/2\/2026\/03\/1773855862458-324x235.jpeg\" alt=\"\" title=\"Defensa de tesis doctoral del Prof. V\u00edctor Mart\u00ednez\"\/><\/a><\/div>                            <\/div>\r\n\r\n            <div class=\"td-excerpt\">\r\n                El pasado 17 de marzo de 2026, el profesor V\u00edctor Mart\u00ednez, docente del Instituto de Administraci\u00f3n de la Facultad de Ciencias Econ\u00f3micas de la...            <\/div>\r\n\r\n            \r\n        <\/div>\r\n\r\n        \n\t<\/div> <!-- .\/td-block-span12 -->\n\n\t<div class=\"td-block-span12\">\n\r\n        <div class=\"td_module_5 td_module_wrap td-animation-stack\">\r\n\r\n            <h3 class=\"entry-title td-module-title\"><a href=\"https:\/\/face.unt.edu.ar\/web\/iadmin\/implementacion-de-sistemas-de-gestion-de-la-calidad\/\" rel=\"bookmark\" title=\"Implementaci\u00f3n de Sistemas de Gesti\u00f3n de la Calidad\">Implementaci\u00f3n de Sistemas de Gesti\u00f3n de la Calidad<\/a><\/h3>\r\n            <div class=\"td-module-meta-info\">\r\n                                <span class=\"td-post-date\"><time class=\"entry-date updated td-module-date\" datetime=\"2026-03-25T12:29:25+00:00\" >25 marzo, 2026<\/time><\/span>                            <\/div>\r\n\r\n            <div class=\"td-module-image\">\r\n                <div class=\"td-module-thumb\"><a href=\"https:\/\/face.unt.edu.ar\/web\/iadmin\/implementacion-de-sistemas-de-gestion-de-la-calidad\/\" rel=\"bookmark\" class=\"td-image-wrap\" title=\"Implementaci\u00f3n de Sistemas de Gesti\u00f3n de la Calidad\"><img width=\"324\" height=\"235\" class=\"entry-thumb\" src=\"https:\/\/face.unt.edu.ar\/web\/iadmin\/wp-content\/uploads\/sites\/2\/2026\/03\/curso-11-de-mayo-324x235.png\" alt=\"\" title=\"Implementaci\u00f3n de Sistemas de Gesti\u00f3n de la Calidad\"\/><\/a><\/div>                            <\/div>\r\n\r\n            <div class=\"td-excerpt\">\r\n                Fecha de Inicio: Lunes 11 de mayo.\r\n\r\n \t\r\nD\u00edas y Horarios: Martes y Jueves de 18:00 a 21:00 hs.\r\n\r\n \t\r\n6 encuentros.\r\n\r\n \t\r\nModalidad Virtual.\r\n\r\n\r\nDESTINATARIOS:\r\nEstudiantes avanzados y...            <\/div>\r\n\r\n            \r\n        <\/div>\r\n\r\n        \n\t<\/div> <!-- .\/td-block-span12 -->\n\n\t<div class=\"td-block-span12\">\n\r\n        <div class=\"td_module_5 td_module_wrap td-animation-stack\">\r\n\r\n            <h3 class=\"entry-title td-module-title\"><a href=\"https:\/\/face.unt.edu.ar\/web\/iadmin\/colaboracion-humano-maquina-diseno-de-procesos-de-trabajo-que-integran-ia\/\" rel=\"bookmark\" title=\"Colaboraci\u00f3n Humano\u2013M\u00e1quina: Dise\u00f1o de Procesos de Trabajo que Integran IA\">Colaboraci\u00f3n Humano\u2013M\u00e1quina: Dise\u00f1o de Procesos de Trabajo que Integran IA<\/a><\/h3>\r\n            <div class=\"td-module-meta-info\">\r\n                                <span class=\"td-post-date\"><time class=\"entry-date updated td-module-date\" datetime=\"2026-02-24T13:29:04+00:00\" >24 febrero, 2026<\/time><\/span>                            <\/div>\r\n\r\n            <div class=\"td-module-image\">\r\n                <div class=\"td-module-thumb\"><a href=\"https:\/\/face.unt.edu.ar\/web\/iadmin\/colaboracion-humano-maquina-diseno-de-procesos-de-trabajo-que-integran-ia\/\" rel=\"bookmark\" class=\"td-image-wrap\" title=\"Colaboraci\u00f3n Humano\u2013M\u00e1quina: Dise\u00f1o de Procesos de Trabajo que Integran IA\"><img width=\"324\" height=\"235\" class=\"entry-thumb\" src=\"https:\/\/face.unt.edu.ar\/web\/iadmin\/wp-content\/uploads\/sites\/2\/2026\/02\/esteban-324x235.png\" alt=\"\" title=\"Colaboraci\u00f3n Humano\u2013M\u00e1quina: Dise\u00f1o de Procesos de Trabajo que Integran IA\"\/><\/a><\/div>                            <\/div>\r\n\r\n            <div class=\"td-excerpt\">\r\n                Este curso tiene como objetivo principal brindar a los participantes un marco conceptual y metodol\u00f3gico para analizar, dise\u00f1ar e integrar sistemas de Inteligencia Artificial...            <\/div>\r\n\r\n            \r\n        <\/div>\r\n\r\n        \n\t<\/div> <!-- .\/td-block-span12 -->\n\n\t<div class=\"td-block-span12\">\n\r\n        <div class=\"td_module_5 td_module_wrap td-animation-stack\">\r\n\r\n            <h3 class=\"entry-title td-module-title\"><a href=\"https:\/\/face.unt.edu.ar\/web\/iadmin\/ia-para-lideres-y-profesionales-gestion-inteligente-y-decisiones-de-alto-impacto\/\" rel=\"bookmark\" title=\"IA para L\u00edderes y Profesionales: Gesti\u00f3n Inteligente y Decisiones de Alto Impacto\">IA para L\u00edderes y Profesionales: Gesti\u00f3n Inteligente y Decisiones de Alto...<\/a><\/h3>\r\n            <div class=\"td-module-meta-info\">\r\n                                <span class=\"td-post-date\"><time class=\"entry-date updated td-module-date\" datetime=\"2026-02-24T13:24:54+00:00\" >24 febrero, 2026<\/time><\/span>                            <\/div>\r\n\r\n            <div class=\"td-module-image\">\r\n                <div class=\"td-module-thumb\"><a href=\"https:\/\/face.unt.edu.ar\/web\/iadmin\/ia-para-lideres-y-profesionales-gestion-inteligente-y-decisiones-de-alto-impacto\/\" rel=\"bookmark\" class=\"td-image-wrap\" title=\"IA para L\u00edderes y Profesionales: Gesti\u00f3n Inteligente y Decisiones de Alto Impacto\"><img width=\"324\" height=\"235\" class=\"entry-thumb\" src=\"https:\/\/face.unt.edu.ar\/web\/iadmin\/wp-content\/uploads\/sites\/2\/2026\/02\/Pagina-Web-FACE-980x551-1-324x235.png\" alt=\"\" title=\"IA para L\u00edderes y Profesionales: Gesti\u00f3n Inteligente y Decisiones de Alto Impacto\"\/><\/a><\/div>                            <\/div>\r\n\r\n            <div class=\"td-excerpt\">\r\n                Fecha de inicio: 17 de Marzo\r\n\r\n \tD\u00edas: Martes y Jueves \u2013 3 encuentros\r\n \tHorarios: 18:30 a 21:30 hs\r\n \tModalidad Virtual \u2013 Plataforma Zoom\r\n\r\nFUNDAMENTACI\u00d3N:\r\nEn un...            <\/div>\r\n\r\n            \r\n        <\/div>\r\n\r\n        \n\t<\/div> <!-- .\/td-block-span12 -->\n\n\t<div class=\"td-block-span12\">\n\r\n        <div class=\"td_module_5 td_module_wrap td-animation-stack\">\r\n\r\n            <h3 class=\"entry-title td-module-title\"><a href=\"https:\/\/face.unt.edu.ar\/web\/iadmin\/diplomatura-en-auditoria-de-sistemas-de-informacion-y-gestion-de-ciberseguridad\/\" rel=\"bookmark\" title=\"Diplomatura en Auditor\u00eda de Sistemas de Informaci\u00f3n y Gesti\u00f3n de Ciberseguridad\">Diplomatura en Auditor\u00eda de Sistemas de Informaci\u00f3n y Gesti\u00f3n de Ciberseguridad<\/a><\/h3>\r\n            <div class=\"td-module-meta-info\">\r\n                                <span class=\"td-post-date\"><time class=\"entry-date updated td-module-date\" datetime=\"2026-02-24T13:22:13+00:00\" >24 febrero, 2026<\/time><\/span>                            <\/div>\r\n\r\n            <div class=\"td-module-image\">\r\n                <div class=\"td-module-thumb\"><a href=\"https:\/\/face.unt.edu.ar\/web\/iadmin\/diplomatura-en-auditoria-de-sistemas-de-informacion-y-gestion-de-ciberseguridad\/\" rel=\"bookmark\" class=\"td-image-wrap\" title=\"Diplomatura en Auditor\u00eda de Sistemas de Informaci\u00f3n y Gesti\u00f3n de Ciberseguridad\"><img width=\"324\" height=\"235\" class=\"entry-thumb\" src=\"https:\/\/face.unt.edu.ar\/web\/iadmin\/wp-content\/uploads\/sites\/2\/2026\/02\/diplo-ciberseguridad-324x235.png\" alt=\"\" title=\"Diplomatura en Auditor\u00eda de Sistemas de Informaci\u00f3n y Gesti\u00f3n de Ciberseguridad\"\/><\/a><\/div>                            <\/div>\r\n\r\n            <div class=\"td-excerpt\">\r\n                Objetivo General\r\nBrindar a profesionales, principalmente egresados de Ciencias Econ\u00f3micas, una formaci\u00f3n integral en auditor\u00eda de sistemas de informaci\u00f3n y gesti\u00f3n de la ciberseguridad, basada...            <\/div>\r\n\r\n            \r\n        <\/div>\r\n\r\n        \n\t<\/div> <!-- .\/td-block-span12 -->\n\n\t<div class=\"td-block-span12\">\n\r\n        <div class=\"td_module_5 td_module_wrap td-animation-stack\">\r\n\r\n            <h3 class=\"entry-title td-module-title\"><a href=\"https:\/\/face.unt.edu.ar\/web\/iadmin\/acto-de-apertura-de-la-xviii-muestra-academica-de-trabajos-de-investigacion-de-la-licenciatura-en-administracion-matila\/\" rel=\"bookmark\" title=\"Acto de Apertura de la XVIII Muestra Acad\u00e9mica de Trabajos de Investigaci\u00f3n de la Licenciatura en Administraci\u00f3n (MATILA)\">Acto de Apertura de la XVIII Muestra Acad\u00e9mica de Trabajos de...<\/a><\/h3>\r\n            <div class=\"td-module-meta-info\">\r\n                                <span class=\"td-post-date\"><time class=\"entry-date updated td-module-date\" datetime=\"2025-11-25T18:03:47+00:00\" >25 noviembre, 2025<\/time><\/span>                            <\/div>\r\n\r\n            <div class=\"td-module-image\">\r\n                <div class=\"td-module-thumb\"><a href=\"https:\/\/face.unt.edu.ar\/web\/iadmin\/acto-de-apertura-de-la-xviii-muestra-academica-de-trabajos-de-investigacion-de-la-licenciatura-en-administracion-matila\/\" rel=\"bookmark\" class=\"td-image-wrap\" title=\"Acto de Apertura de la XVIII Muestra Acad\u00e9mica de Trabajos de Investigaci\u00f3n de la Licenciatura en Administraci\u00f3n (MATILA)\"><img width=\"324\" height=\"235\" class=\"entry-thumb\" src=\"https:\/\/face.unt.edu.ar\/web\/iadmin\/wp-content\/uploads\/sites\/2\/2025\/11\/WhatsApp-Image-2025-11-26-at-9.33.36-AM-324x235.jpeg\" alt=\"\" title=\"Acto de Apertura de la XVIII Muestra Acad\u00e9mica de Trabajos de Investigaci\u00f3n de la Licenciatura en Administraci\u00f3n (MATILA)\"\/><\/a><\/div>                            <\/div>\r\n\r\n            <div class=\"td-excerpt\">\r\n                El d\u00eda martes 25 de noviembre se llev\u00f3 a cabo el acto de apertura que di\u00f3 inicio a la XVIII Muestra Acad\u00e9mica de Trabajos...            <\/div>\r\n\r\n            \r\n        <\/div>\r\n\r\n        \n\t<\/div> <!-- .\/td-block-span12 -->\n\n\t<div class=\"td-block-span12\">\n\r\n        <div class=\"td_module_5 td_module_wrap td-animation-stack\">\r\n\r\n            <h3 class=\"entry-title td-module-title\"><a href=\"https:\/\/face.unt.edu.ar\/web\/iadmin\/publicacion-de-trabajo-en-las-xxx-jornadas-de-epistemologia-de-ciencias-economicas\/\" rel=\"bookmark\" title=\"Publicaci\u00f3n de trabajo en las XXX Jornadas de Epistemolog\u00eda de Ciencias Econ\u00f3micas\">Publicaci\u00f3n de trabajo en las XXX Jornadas de Epistemolog\u00eda de Ciencias...<\/a><\/h3>\r\n            <div class=\"td-module-meta-info\">\r\n                                <span class=\"td-post-date\"><time class=\"entry-date updated td-module-date\" datetime=\"2025-11-18T14:35:26+00:00\" >18 noviembre, 2025<\/time><\/span>                            <\/div>\r\n\r\n            <div class=\"td-module-image\">\r\n                <div class=\"td-module-thumb\"><a href=\"https:\/\/face.unt.edu.ar\/web\/iadmin\/publicacion-de-trabajo-en-las-xxx-jornadas-de-epistemologia-de-ciencias-economicas\/\" rel=\"bookmark\" class=\"td-image-wrap\" title=\"Publicaci\u00f3n de trabajo en las XXX Jornadas de Epistemolog\u00eda de Ciencias Econ\u00f3micas\"><img width=\"324\" height=\"235\" class=\"entry-thumb\" src=\"https:\/\/face.unt.edu.ar\/web\/iadmin\/wp-content\/uploads\/sites\/2\/2025\/11\/XXX-jornadas-de-Epistemologia-de-las-Ciencias-Economicas-324x235.png\" alt=\"\" title=\"Publicaci\u00f3n de trabajo en las XXX Jornadas de Epistemolog\u00eda de Ciencias Econ\u00f3micas\"\/><\/a><\/div>                            <\/div>\r\n\r\n            <div class=\"td-excerpt\">\r\n                La Universidad de Buenos Aires (UBA) ha publicado dos trabajo de investigaci\u00f3n de docentes de nuestro Instituto en las XXX Jornadas de Epistemolog\u00eda de...            <\/div>\r\n\r\n            \r\n        <\/div>\r\n\r\n        \n\t<\/div> <!-- .\/td-block-span12 -->\n\n\t<div class=\"td-block-span12\">\n\r\n        <div class=\"td_module_5 td_module_wrap td-animation-stack\">\r\n\r\n            <h3 class=\"entry-title td-module-title\"><a href=\"https:\/\/face.unt.edu.ar\/web\/iadmin\/xviii-matila-muestra-academica-de-trabajos-de-investigacion-de-la-licenciatura-en-administracion\/\" rel=\"bookmark\" title=\"XVIII MATILA &#8211;  Muestra Acad\u00e9mica de Trabajos de Investigaci\u00f3n  de la Licenciatura en Administraci\u00f3n\">XVIII MATILA &#8211;  Muestra Acad\u00e9mica de Trabajos de Investigaci\u00f3n ...<\/a><\/h3>\r\n            <div class=\"td-module-meta-info\">\r\n                                <span class=\"td-post-date\"><time class=\"entry-date updated td-module-date\" datetime=\"2025-11-11T15:47:16+00:00\" >11 noviembre, 2025<\/time><\/span>                            <\/div>\r\n\r\n            <div class=\"td-module-image\">\r\n                <div class=\"td-module-thumb\"><a href=\"https:\/\/face.unt.edu.ar\/web\/iadmin\/xviii-matila-muestra-academica-de-trabajos-de-investigacion-de-la-licenciatura-en-administracion\/\" rel=\"bookmark\" class=\"td-image-wrap\" title=\"XVIII MATILA &#8211;  Muestra Acad\u00e9mica de Trabajos de Investigaci\u00f3n  de la Licenciatura en Administraci\u00f3n\"><img width=\"324\" height=\"235\" class=\"entry-thumb\" src=\"https:\/\/face.unt.edu.ar\/web\/iadmin\/wp-content\/uploads\/sites\/2\/2025\/11\/WhatsApp-Image-2025-11-12-at-8.04.19-AM-324x235.jpeg\" alt=\"\" title=\"XVIII MATILA &#8211;  Muestra Acad\u00e9mica de Trabajos de Investigaci\u00f3n  de la Licenciatura en Administraci\u00f3n\"\/><\/a><\/div>                            <\/div>\r\n\r\n            <div class=\"td-excerpt\">\r\n                El\u00a0Instituto de Administraci\u00f3n\u00a0de la\u00a0Facultad de Ciencias Econ\u00f3micas\u00a0de la\u00a0Universidad Nacional de Tucum\u00e1n\u00a0organiza la\u00a0XVIII MATILA - Muestra Acad\u00e9mica de Trabajos de Investigaci\u00f3n de la Licenciatura en...            <\/div>\r\n\r\n            \r\n        <\/div>\r\n\r\n        \n\t<\/div> <!-- .\/td-block-span12 -->\n\n\t<div class=\"td-block-span12\">\n\r\n        <div class=\"td_module_5 td_module_wrap td-animation-stack\">\r\n\r\n            <h3 class=\"entry-title td-module-title\"><a href=\"https:\/\/face.unt.edu.ar\/web\/iadmin\/seminario-modelos-organizacionales-y-perspectivas-teoricas-para-la-accion-practica-profesional-de-la-licenciatura-en-administracion\/\" rel=\"bookmark\" title=\"Seminario: Modelos Organizacionales y Perspectivas Te\u00f3ricas\u00a0para\u00a0la\u00a0Acci\u00f3n &#8211; Pr\u00e1ctica Profesional de la Licenciatura en Administraci\u00f3n\">Seminario: Modelos Organizacionales y Perspectivas Te\u00f3ricas\u00a0para\u00a0la\u00a0Acci\u00f3n &#8211; Pr\u00e1ctica Profesional de la...<\/a><\/h3>\r\n            <div class=\"td-module-meta-info\">\r\n                                <span class=\"td-post-date\"><time class=\"entry-date updated td-module-date\" datetime=\"2025-11-10T11:32:55+00:00\" >10 noviembre, 2025<\/time><\/span>                            <\/div>\r\n\r\n            <div class=\"td-module-image\">\r\n                <div class=\"td-module-thumb\"><a href=\"https:\/\/face.unt.edu.ar\/web\/iadmin\/seminario-modelos-organizacionales-y-perspectivas-teoricas-para-la-accion-practica-profesional-de-la-licenciatura-en-administracion\/\" rel=\"bookmark\" class=\"td-image-wrap\" title=\"Seminario: Modelos Organizacionales y Perspectivas Te\u00f3ricas\u00a0para\u00a0la\u00a0Acci\u00f3n &#8211; Pr\u00e1ctica Profesional de la Licenciatura en Administraci\u00f3n\"><img width=\"324\" height=\"235\" class=\"entry-thumb\" src=\"https:\/\/face.unt.edu.ar\/web\/iadmin\/wp-content\/uploads\/sites\/2\/2025\/11\/Flyer-seminario-marcelo-324x235.jpg\" alt=\"\" title=\"Seminario: Modelos Organizacionales y Perspectivas Te\u00f3ricas\u00a0para\u00a0la\u00a0Acci\u00f3n &#8211; Pr\u00e1ctica Profesional de la Licenciatura en Administraci\u00f3n\"\/><\/a><\/div>                            <\/div>\r\n\r\n            <div class=\"td-excerpt\">\r\n                \r\n\r\n\r\n\r\nEn el marco de la asignatura Pr\u00e1ctica Profesional de la Licenciatura en Administraci\u00f3n, invitamos a participar del seminario &quot;Modelos Organizacionales y Perspectivas Te\u00f3ricas\u00a0para\u00a0la\u00a0Acci\u00f3n&quot;, a...            <\/div>\r\n\r\n            \r\n        <\/div>\r\n\r\n        \n\t<\/div> <!-- .\/td-block-span12 -->\n\n\t<div class=\"td-block-span12\">\n\r\n        <div class=\"td_module_5 td_module_wrap td-animation-stack\">\r\n\r\n            <h3 class=\"entry-title td-module-title\"><a href=\"https:\/\/face.unt.edu.ar\/web\/iadmin\/reuniones-de-discusion-segundo-cuatrimestre-practica-profesional\/\" rel=\"bookmark\" title=\"Reuniones de Discusi\u00f3n &#8211; Segundo cuatrimestre &#8211; Practica Profesional\">Reuniones de Discusi\u00f3n &#8211; Segundo cuatrimestre &#8211; Practica Profesional<\/a><\/h3>\r\n            <div class=\"td-module-meta-info\">\r\n                                <span class=\"td-post-date\"><time class=\"entry-date updated td-module-date\" datetime=\"2025-10-29T15:48:10+00:00\" >29 octubre, 2025<\/time><\/span>                            <\/div>\r\n\r\n            <div class=\"td-module-image\">\r\n                <div class=\"td-module-thumb\"><a href=\"https:\/\/face.unt.edu.ar\/web\/iadmin\/reuniones-de-discusion-segundo-cuatrimestre-practica-profesional\/\" rel=\"bookmark\" class=\"td-image-wrap\" title=\"Reuniones de Discusi\u00f3n &#8211; Segundo cuatrimestre &#8211; Practica Profesional\"><img width=\"324\" height=\"235\" class=\"entry-thumb\" src=\"https:\/\/face.unt.edu.ar\/web\/iadmin\/wp-content\/uploads\/sites\/2\/2025\/10\/RD-01-324x235.png\" alt=\"\" title=\"Reuniones de Discusi\u00f3n &#8211; Segundo cuatrimestre &#8211; Practica Profesional\"\/><\/a><\/div>                            <\/div>\r\n\r\n            <div class=\"td-excerpt\">\r\n                \r\n\r\nEn el marco de la Pr\u00e1ctica Profesional de la Licenciatura en Administraci\u00f3n, se llevar\u00e1 a cabo las Reuniones de Discusi\u00f3n correspondiente al segundo cuatrimestre.\r\n\r\n\r\n\r\n\r\nLas...            <\/div>\r\n\r\n            \r\n        <\/div>\r\n\r\n        \n\t<\/div> <!-- .\/td-block-span12 --><\/div><\/div> <!-- .\/block -->[\/vc_column][vc_column width=\u00bb1\/3&#8243;][vc_widget_sidebar sidebar_id=\u00bbtd-default\u00bb][vc_raw_html]JTNDaWZyYW1lJTIwc3JjJTNEJTIyaHR0cHMlM0ElMkYlMkZ3d3cuZmFjZWJvb2suY29tJTJGcGx1Z2lucyUyRnBhZ2UucGhwJTNGaHJlZiUzRGh0dHBzJTI1M0ElMjUyRiUyNTJGd3d3LmZhY2Vib29rLmNvbSUyNTJGSW5zdGl0dXRvRGVBZG1pbmlzdHJhY2lvbiUyNTJGJTI2dGFicyUzRHRpbWVsaW5lJTI2d2lkdGglM0QzNDAlMjZoZWlnaHQlM0Q1MDAlMjZzbWFsbF9oZWFkZXIlM0RmYWxzZSUyNmFkYXB0X2NvbnRhaW5lcl93aWR0aCUzRHRydWUlMjZoaWRlX2NvdmVyJTNEZmFsc2UlMjZzaG93X2ZhY2VwaWxlJTNEdHJ1ZSUyNmFwcElkJTNEOTgxNzI4MDE4Njc1MjkxJTIyJTIwd2lkdGglM0QlMjIxMDAlMjUlMjIlMjBoZWlnaHQlM0QlMjI1MDAlMjIlMjBzdHlsZSUzRCUyMmJvcmRlciUzQW5vbmUlM0JvdmVyZmxvdyUzQWhpZGRlbiUyMiUyMHNjcm9sbGluZyUzRCUyMm5vJTIyJTIwZnJhbWVib3JkZXIlM0QlMjIwJTIyJTIwYWxsb3dUcmFuc3BhcmVuY3klM0QlMjJ0cnVlJTIyJTIwYWxsb3clM0QlMjJlbmNyeXB0ZWQtbWVkaWElMjIlM0UlM0MlMkZpZnJhbWUlM0U=[\/vc_raw_html][\/vc_column][\/vc_row]<\/p>\n","protected":false},"excerpt":{"rendered":"<p>[vc_row][vc_column width=\u00bb2\/3&#8243;][\/vc_column][vc_column width=\u00bb1\/3&#8243;][vc_widget_sidebar sidebar_id=\u00bbtd-default\u00bb][vc_raw_html]JTNDaWZyYW1lJTIwc3JjJTNEJTIyaHR0cHMlM0ElMkYlMkZ3d3cuZmFjZWJvb2suY29tJTJGcGx1Z2lucyUyRnBhZ2UucGhwJTNGaHJlZiUzRGh0dHBzJTI1M0ElMjUyRiUyNTJGd3d3LmZhY2Vib29rLmNvbSUyNTJGSW5zdGl0dXRvRGVBZG1pbmlzdHJhY2lvbiUyNTJGJTI2dGFicyUzRHRpbWVsaW5lJTI2d2lkdGglM0QzNDAlMjZoZWlnaHQlM0Q1MDAlMjZzbWFsbF9oZWFkZXIlM0RmYWxzZSUyNmFkYXB0X2NvbnRhaW5lcl93aWR0aCUzRHRydWUlMjZoaWRlX2NvdmVyJTNEZmFsc2UlMjZzaG93X2ZhY2VwaWxlJTNEdHJ1ZSUyNmFwcElkJTNEOTgxNzI4MDE4Njc1MjkxJTIyJTIwd2lkdGglM0QlMjIxMDAlMjUlMjIlMjBoZWlnaHQlM0QlMjI1MDAlMjIlMjBzdHlsZSUzRCUyMmJvcmRlciUzQW5vbmUlM0JvdmVyZmxvdyUzQWhpZGRlbiUyMiUyMHNjcm9sbGluZyUzRCUyMm5vJTIyJTIwZnJhbWVib3JkZXIlM0QlMjIwJTIyJTIwYWxsb3dUcmFuc3BhcmVuY3klM0QlMjJ0cnVlJTIyJTIwYWxsb3clM0QlMjJlbmNyeXB0ZWQtbWVkaWElMjIlM0UlM0MlMkZpZnJhbWUlM0U=[\/vc_raw_html][\/vc_column][\/vc_row]<\/p>\n","protected":false},"author":1,"featured_media":8225,"parent":0,"menu_order":0,"comment_status":"closed","ping_status":"open","template":"","meta":{"footnotes":""},"_links":{"self":[{"href":"https:\/\/face.unt.edu.ar\/web\/iadmin\/wp-json\/wp\/v2\/pages\/140"}],"collection":[{"href":"https:\/\/face.unt.edu.ar\/web\/iadmin\/wp-json\/wp\/v2\/pages"}],"about":[{"href":"https:\/\/face.unt.edu.ar\/web\/iadmin\/wp-json\/wp\/v2\/types\/page"}],"author":[{"embeddable":true,"href":"https:\/\/face.unt.edu.ar\/web\/iadmin\/wp-json\/wp\/v2\/users\/1"}],"replies":[{"embeddable":true,"href":"https:\/\/face.unt.edu.ar\/web\/iadmin\/wp-json\/wp\/v2\/comments?post=140"}],"version-history":[{"count":4,"href":"https:\/\/face.unt.edu.ar\/web\/iadmin\/wp-json\/wp\/v2\/pages\/140\/revisions"}],"predecessor-version":[{"id":4831,"href":"https:\/\/face.unt.edu.ar\/web\/iadmin\/wp-json\/wp\/v2\/pages\/140\/revisions\/4831"}],"wp:featuredmedia":[{"embeddable":true,"href":"https:\/\/face.unt.edu.ar\/web\/iadmin\/wp-json\/wp\/v2\/media\/8225"}],"wp:attachment":[{"href":"https:\/\/face.unt.edu.ar\/web\/iadmin\/wp-json\/wp\/v2\/media?parent=140"}],"curies":[{"name":"wp","href":"https:\/\/api.w.org\/{rel}","templated":true}]}}