{"id":181,"date":"2013-07-03T18:56:42","date_gmt":"2013-07-03T21:56:42","guid":{"rendered":"http:\/\/mulki.com.ar\/iadmin\/?page_id=181"},"modified":"2014-09-19T14:57:38","modified_gmt":"2014-09-19T14:57:38","slug":"perfil-del-graduado","status":"publish","type":"page","link":"https:\/\/face.unt.edu.ar\/web\/iadmin\/perfil-del-graduado\/","title":{"rendered":"Perfil del Graduado"},"content":{"rendered":"<h1 style=\"text-align: center\"><span style=\"color: #ff9900\">Perfil del Graduado<\/span><\/h1>\n<h3 style=\"text-align: center\"><span style=\"color: #808080\">\u201cOfrecer una formaci\u00f3n con orientaci\u00f3n generalista, de alcance amplio, que capacite en un nivel razonablemente suficiente para un desempe\u00f1o inicial, tanto en funciones gerenciales de direcci\u00f3n y especializaci\u00f3n t\u00e9cnico-funcional, de consultor\u00eda, e impulsor de emprendimientos\u201d<\/span><\/h3>\n<div id='gallery-1' class='gallery galleryid-181 gallery-columns-3 gallery-size-thumbnail'><figure class='gallery-item'>\n\t\t\t<div class='gallery-icon landscape'>\n\t\t\t\t<a href='https:\/\/face.unt.edu.ar\/web\/iadmin\/wp-content\/uploads\/sites\/2\/2014\/09\/20140212_105316-11.jpg'><img width=\"150\" height=\"131\" src=\"https:\/\/face.unt.edu.ar\/web\/iadmin\/wp-content\/uploads\/sites\/2\/2014\/09\/20140212_105316-11-150x131.jpg\" class=\"attachment-thumbnail size-thumbnail\" alt=\"\" decoding=\"async\" loading=\"lazy\" \/><\/a>\n\t\t\t<\/div><\/figure><figure class='gallery-item'>\n\t\t\t<div class='gallery-icon landscape'>\n\t\t\t\t<a href='https:\/\/face.unt.edu.ar\/web\/iadmin\/wp-content\/uploads\/sites\/2\/2014\/09\/images-31.jpg'><img width=\"150\" height=\"150\" src=\"https:\/\/face.unt.edu.ar\/web\/iadmin\/wp-content\/uploads\/sites\/2\/2014\/09\/images-31-150x150.jpg\" class=\"attachment-thumbnail size-thumbnail\" alt=\"\" decoding=\"async\" loading=\"lazy\" \/><\/a>\n\t\t\t<\/div><\/figure><figure class='gallery-item'>\n\t\t\t<div class='gallery-icon landscape'>\n\t\t\t\t<a href='https:\/\/face.unt.edu.ar\/web\/iadmin\/wp-content\/uploads\/sites\/2\/2014\/09\/busquedas-hemero.jpg'><img width=\"150\" height=\"150\" src=\"https:\/\/face.unt.edu.ar\/web\/iadmin\/wp-content\/uploads\/sites\/2\/2014\/09\/busquedas-hemero-150x150.jpg\" class=\"attachment-thumbnail size-thumbnail\" alt=\"\" decoding=\"async\" loading=\"lazy\" \/><\/a>\n\t\t\t<\/div><\/figure>\n\t\t<\/div>\n\n<h4>\u00a0 \u00a0 \u00a0 \u00a0 \u00a0 \u00a0 \u00a0 \u00a0 \u00a0 En la formaci\u00f3n de Licenciados en Administraci\u00f3n de Empresas es t\u00edpico el planteo de opciones sobre una formaci\u00f3n orientada a funciones de Direcci\u00f3n General, o Especialistas T\u00e9cnico Funcionales, o Emprendedores o Iniciadores. Cualquiera sea la opci\u00f3n, se implica una orientaci\u00f3n y conformaci\u00f3n \u201csesgada\u201d de la curr\u00edcula hacia el logro del cometido establecido.<\/h4>\n<h4>\u00a0 \u00a0 \u00a0 \u00a0 \u00a0 \u00a0 \u00a0 \u00a0 \u00a0Contrariamente, la definici\u00f3n acordada, orientaci\u00f3n generalista de alcance amplio, permite una satisfacci\u00f3n razonable de un rango amplio de desempe\u00f1os del graduado, con un nivel de conocimientos que se asume, tanto necesario como suficiente, aunque no pleno y total en el campo de la Administraci\u00f3n y sus variadas expresiones y ramificaciones; para completar esta formaci\u00f3n, se pueden realizar estudios de cuarto nivel, especializaci\u00f3n o posgrado.<\/h4>\n","protected":false},"excerpt":{"rendered":"<p>Perfil del Graduado \u201cOfrecer una formaci\u00f3n con orientaci\u00f3n generalista, de alcance amplio, que capacite en un nivel razonablemente suficiente para un desempe\u00f1o inicial, tanto en funciones gerenciales de direcci\u00f3n y especializaci\u00f3n t\u00e9cnico-funcional, de consultor\u00eda, e impulsor de emprendimientos\u201d \u00a0 \u00a0 \u00a0 \u00a0 \u00a0 \u00a0 \u00a0 \u00a0 \u00a0 En la formaci\u00f3n de Licenciados en Administraci\u00f3n de [&hellip;]<\/p>\n","protected":false},"author":1,"featured_media":0,"parent":0,"menu_order":0,"comment_status":"closed","ping_status":"open","template":"","meta":{"footnotes":""},"_links":{"self":[{"href":"https:\/\/face.unt.edu.ar\/web\/iadmin\/wp-json\/wp\/v2\/pages\/181"}],"collection":[{"href":"https:\/\/face.unt.edu.ar\/web\/iadmin\/wp-json\/wp\/v2\/pages"}],"about":[{"href":"https:\/\/face.unt.edu.ar\/web\/iadmin\/wp-json\/wp\/v2\/types\/page"}],"author":[{"embeddable":true,"href":"https:\/\/face.unt.edu.ar\/web\/iadmin\/wp-json\/wp\/v2\/users\/1"}],"replies":[{"embeddable":true,"href":"https:\/\/face.unt.edu.ar\/web\/iadmin\/wp-json\/wp\/v2\/comments?post=181"}],"version-history":[{"count":17,"href":"https:\/\/face.unt.edu.ar\/web\/iadmin\/wp-json\/wp\/v2\/pages\/181\/revisions"}],"predecessor-version":[{"id":1609,"href":"https:\/\/face.unt.edu.ar\/web\/iadmin\/wp-json\/wp\/v2\/pages\/181\/revisions\/1609"}],"wp:attachment":[{"href":"https:\/\/face.unt.edu.ar\/web\/iadmin\/wp-json\/wp\/v2\/media?parent=181"}],"curies":[{"name":"wp","href":"https:\/\/api.w.org\/{rel}","templated":true}]}}