{"id":25,"date":"2013-05-23T19:36:02","date_gmt":"2013-05-23T19:36:02","guid":{"rendered":"http:\/\/mulki.com.ar\/iadmin\/?page_id=25"},"modified":"2013-05-23T19:36:02","modified_gmt":"2013-05-23T19:36:02","slug":"institucional","status":"publish","type":"page","link":"https:\/\/face.unt.edu.ar\/web\/iadmin\/institucional\/","title":{"rendered":"Institucional"},"content":{"rendered":"<p>Aqu\u00ed encontrar\u00e1 informaci\u00f3n y enlaces vinculados a nuestra instituci\u00f3n.<\/p>\n<p>Podr\u00e1 ver los inicios del Instituto de Administraci\u00f3n, contado en una amena entrevista, conocer\u00e1 sus miembros, los integrantes del Consejo y tendr\u00e1 acceso a informaci\u00f3n de las c\u00e1tedras.<\/p>\n","protected":false},"excerpt":{"rendered":"<p>Aqu\u00ed encontrar\u00e1 informaci\u00f3n y enlaces vinculados a nuestra instituci\u00f3n. Podr\u00e1 ver los inicios del Instituto de Administraci\u00f3n, contado en una amena entrevista, conocer\u00e1 sus miembros, los integrantes del Consejo y tendr\u00e1 acceso a informaci\u00f3n de las c\u00e1tedras.<\/p>\n","protected":false},"author":1,"featured_media":0,"parent":0,"menu_order":0,"comment_status":"closed","ping_status":"closed","template":"","meta":{"footnotes":""},"_links":{"self":[{"href":"https:\/\/face.unt.edu.ar\/web\/iadmin\/wp-json\/wp\/v2\/pages\/25"}],"collection":[{"href":"https:\/\/face.unt.edu.ar\/web\/iadmin\/wp-json\/wp\/v2\/pages"}],"about":[{"href":"https:\/\/face.unt.edu.ar\/web\/iadmin\/wp-json\/wp\/v2\/types\/page"}],"author":[{"embeddable":true,"href":"https:\/\/face.unt.edu.ar\/web\/iadmin\/wp-json\/wp\/v2\/users\/1"}],"replies":[{"embeddable":true,"href":"https:\/\/face.unt.edu.ar\/web\/iadmin\/wp-json\/wp\/v2\/comments?post=25"}],"version-history":[{"count":0,"href":"https:\/\/face.unt.edu.ar\/web\/iadmin\/wp-json\/wp\/v2\/pages\/25\/revisions"}],"wp:attachment":[{"href":"https:\/\/face.unt.edu.ar\/web\/iadmin\/wp-json\/wp\/v2\/media?parent=25"}],"curies":[{"name":"wp","href":"https:\/\/api.w.org\/{rel}","templated":true}]}}