{"id":310,"date":"2014-06-28T22:28:51","date_gmt":"2014-06-29T01:28:51","guid":{"rendered":"http:\/\/mulki.com.ar\/iadmin\/?page_id=310"},"modified":"2021-08-19T19:44:06","modified_gmt":"2021-08-19T19:44:06","slug":"catedra-administracion-i","status":"publish","type":"page","link":"https:\/\/face.unt.edu.ar\/web\/iadmin\/institucional\/docentes\/catedra-administracion-i\/","title":{"rendered":"C\u00e1tedra Administraci\u00f3n I"},"content":{"rendered":"<p><strong>Profesor Asociado:<\/strong><\/p>\n<p><span style=\"color: #000080\"><strong>V\u00edctor Francisco Mart\u00ednez<br \/>\n<\/strong><\/span>Magister en Administraci\u00f3n &#8211; Licenciado en Administraci\u00f3n<\/p>\n<p><strong>Profesoras Adjuntas<\/strong><\/p>\n<p><span style=\"color: #000080\"><strong>Liliana Irene Fagre<br \/>\n<\/strong><\/span>Magister en Administraci\u00f3n &#8211; Licenciada en Administraci\u00f3n<\/p>\n<p><span style=\"color: #000080\"><strong>Mirtha Patricia Soto<br \/>\n<\/strong><\/span>Contador P\u00fablico Nacional<\/p>\n<p><strong>Jefes de Trabajos Pr\u00e1cticos:\u00a0<\/strong><\/p>\n<p><span style=\"color: #000080\"><strong>Pablo Mart\u00edn Aguilar<br \/>\n<\/strong><\/span>Especialista en Gesti\u00f3n de Recursos Humanos por Competencia\u00a0 &#8211; Licenciado en Administraci\u00f3n<\/p>\n<p><span style=\"color: #000080\"><strong>Jorge Eduardo Alul<br \/>\n<\/strong><\/span>Magister en Administraci\u00f3n de Empresas\u00a0 &#8211; Contador Publico Nacional<\/p>\n<p><span style=\"color: #000080\"><strong>Maria Eugenia Alberti Delgado<br \/>\n<\/strong><\/span>Contador P\u00fablico Nacional<\/p>\n<p><span style=\"color: #000080\"><strong>Ariel \u00a0Germ\u00e1n Apichela<br \/>\n<\/strong><\/span>Contador P\u00fablico Nacional<\/p>\n<p><span style=\"color: #000080\"><strong>Marta Alejandra C\u00f3rdoba<br \/>\n<\/strong><\/span>Especialista en Direcci\u00f3n de Recursos Humanos &#8211; Licenciada en Administraci\u00f3n<\/p>\n<p><span style=\"color: #000080\"><strong>Juan Alfredo Martini<br \/>\n<\/strong><\/span>Contador P\u00fablico Nacional<\/p>\n<p><span style=\"color: #000080\"><strong>Luis Fernando\u00a0 P\u00e9rez Videz<\/strong><\/span><br \/>\nLicenciado en Administraci\u00f3n<\/p>\n<p><span style=\"color: #000000\"><strong>Ayudantes Estudiantiles<br \/>\n<\/strong><\/span><\/p>\n<p>Emanuel Sebastian Medina Blanca<br \/>\nGonzalo David Schabas<\/p>\n<p>&nbsp;<\/p>\n","protected":false},"excerpt":{"rendered":"<p>Profesor Asociado: V\u00edctor Francisco Mart\u00ednez Magister en Administraci\u00f3n &#8211; Licenciado en Administraci\u00f3n Profesoras Adjuntas Liliana Irene Fagre Magister en Administraci\u00f3n &#8211; Licenciada en Administraci\u00f3n Mirtha Patricia Soto Contador P\u00fablico Nacional Jefes de Trabajos Pr\u00e1cticos:\u00a0 Pablo Mart\u00edn Aguilar Especialista en Gesti\u00f3n de Recursos Humanos por Competencia\u00a0 &#8211; Licenciado en Administraci\u00f3n Jorge Eduardo Alul Magister en Administraci\u00f3n [&hellip;]<\/p>\n","protected":false},"author":9,"featured_media":0,"parent":85,"menu_order":0,"comment_status":"closed","ping_status":"open","template":"","meta":{"footnotes":""},"_links":{"self":[{"href":"https:\/\/face.unt.edu.ar\/web\/iadmin\/wp-json\/wp\/v2\/pages\/310"}],"collection":[{"href":"https:\/\/face.unt.edu.ar\/web\/iadmin\/wp-json\/wp\/v2\/pages"}],"about":[{"href":"https:\/\/face.unt.edu.ar\/web\/iadmin\/wp-json\/wp\/v2\/types\/page"}],"author":[{"embeddable":true,"href":"https:\/\/face.unt.edu.ar\/web\/iadmin\/wp-json\/wp\/v2\/users\/9"}],"replies":[{"embeddable":true,"href":"https:\/\/face.unt.edu.ar\/web\/iadmin\/wp-json\/wp\/v2\/comments?post=310"}],"version-history":[{"count":17,"href":"https:\/\/face.unt.edu.ar\/web\/iadmin\/wp-json\/wp\/v2\/pages\/310\/revisions"}],"predecessor-version":[{"id":5080,"href":"https:\/\/face.unt.edu.ar\/web\/iadmin\/wp-json\/wp\/v2\/pages\/310\/revisions\/5080"}],"up":[{"embeddable":true,"href":"https:\/\/face.unt.edu.ar\/web\/iadmin\/wp-json\/wp\/v2\/pages\/85"}],"wp:attachment":[{"href":"https:\/\/face.unt.edu.ar\/web\/iadmin\/wp-json\/wp\/v2\/media?parent=310"}],"curies":[{"name":"wp","href":"https:\/\/api.w.org\/{rel}","templated":true}]}}