{"id":313,"date":"2014-06-28T22:40:13","date_gmt":"2014-06-29T01:40:13","guid":{"rendered":"http:\/\/mulki.com.ar\/iadmin\/?page_id=313"},"modified":"2023-02-08T13:49:45","modified_gmt":"2023-02-08T13:49:45","slug":"catedra-administracion-ii","status":"publish","type":"page","link":"https:\/\/face.unt.edu.ar\/web\/iadmin\/institucional\/docentes\/catedra-administracion-ii\/","title":{"rendered":"C\u00e1tedra Administraci\u00f3n II"},"content":{"rendered":"<h4><strong>Profesora Adjunta a cargo<\/strong><\/h4>\n<p><span style=\"color: #000080\"><strong>Erika Grunauer<\/strong><\/span><br \/>\nEspecialista en Direcci\u00f3n de Recursos Humanos<\/p>\n<h4><strong><span style=\"color: #000000\">Jefes de Trabajos Pr\u00e1cticos<\/span><\/strong><\/h4>\n<p><strong><span style=\"color: #000080\">Candelaria Navarro<\/span><\/strong><br \/>\nEspecialista en Direcci\u00f3n de Recursos Humanos<\/p>\n<p><span style=\"color: #000080\"><strong>Florencia Villaverde<br \/>\n<\/strong><\/span>Especialista en Direcci\u00f3n de Recursos Humanos<\/p>\n<p><strong><span style=\"color: #000080\">Ricardo Guevara<\/span><\/strong><\/p>\n<p><strong>Ayudante Estudiantil<br \/>\n<span style=\"color: #000080\">Marcelo Ant\u00fanez<\/span><\/strong><\/p>\n<p><strong><span style=\"color: #003366\">\u00a0<\/span><\/strong><\/p>\n","protected":false},"excerpt":{"rendered":"<p>Profesora Adjunta a cargo Erika Grunauer Especialista en Direcci\u00f3n de Recursos Humanos Jefes de Trabajos Pr\u00e1cticos Candelaria Navarro Especialista en Direcci\u00f3n de Recursos Humanos Florencia Villaverde Especialista en Direcci\u00f3n de Recursos Humanos Ricardo Guevara Ayudante Estudiantil Marcelo Ant\u00fanez \u00a0<\/p>\n","protected":false},"author":9,"featured_media":0,"parent":85,"menu_order":0,"comment_status":"closed","ping_status":"open","template":"","meta":{"footnotes":""},"_links":{"self":[{"href":"https:\/\/face.unt.edu.ar\/web\/iadmin\/wp-json\/wp\/v2\/pages\/313"}],"collection":[{"href":"https:\/\/face.unt.edu.ar\/web\/iadmin\/wp-json\/wp\/v2\/pages"}],"about":[{"href":"https:\/\/face.unt.edu.ar\/web\/iadmin\/wp-json\/wp\/v2\/types\/page"}],"author":[{"embeddable":true,"href":"https:\/\/face.unt.edu.ar\/web\/iadmin\/wp-json\/wp\/v2\/users\/9"}],"replies":[{"embeddable":true,"href":"https:\/\/face.unt.edu.ar\/web\/iadmin\/wp-json\/wp\/v2\/comments?post=313"}],"version-history":[{"count":12,"href":"https:\/\/face.unt.edu.ar\/web\/iadmin\/wp-json\/wp\/v2\/pages\/313\/revisions"}],"predecessor-version":[{"id":6225,"href":"https:\/\/face.unt.edu.ar\/web\/iadmin\/wp-json\/wp\/v2\/pages\/313\/revisions\/6225"}],"up":[{"embeddable":true,"href":"https:\/\/face.unt.edu.ar\/web\/iadmin\/wp-json\/wp\/v2\/pages\/85"}],"wp:attachment":[{"href":"https:\/\/face.unt.edu.ar\/web\/iadmin\/wp-json\/wp\/v2\/media?parent=313"}],"curies":[{"name":"wp","href":"https:\/\/api.w.org\/{rel}","templated":true}]}}