{"id":316,"date":"2014-06-28T22:44:53","date_gmt":"2014-06-29T01:44:53","guid":{"rendered":"http:\/\/mulki.com.ar\/iadmin\/?page_id=316"},"modified":"2023-02-08T13:50:30","modified_gmt":"2023-02-08T13:50:30","slug":"catedra-administracion-de-personal","status":"publish","type":"page","link":"https:\/\/face.unt.edu.ar\/web\/iadmin\/institucional\/docentes\/catedra-administracion-de-personal\/","title":{"rendered":"C\u00e1tedra Administraci\u00f3n de Personal"},"content":{"rendered":"<h4><span style=\"color: #000000\"><strong>Profesora Asociada a cargo<\/strong><\/span><\/h4>\n<p><span style=\"color: #000080\"><strong>Teresa Carolina Ferreyra<br \/>\n<\/strong><\/span><span style=\"color: #000000\">Magister en Administraci\u00f3n de Empresas, UNT, Tucum\u00e1n, Argentina (2004)<\/span><\/p>\n<h4><strong><span style=\"color: #000000\">Profesora Adjunta<\/span><\/strong><\/h4>\n<p><span style=\"color: #000080\"><strong>Erika Grunauer<br \/>\n<\/strong><\/span><span style=\"color: #000000\">Especialista en Direcci\u00f3n de Recursos Humanos<\/span><\/p>\n<p><span style=\"color: #000000\"><strong>Ayudante Estudiantil<br \/>\n<\/strong><\/span><strong><span style=\"color: #000080\">Julieta Hern\u00e1ndez<\/span><\/strong><\/p>\n","protected":false},"excerpt":{"rendered":"<p>Profesora Asociada a cargo Teresa Carolina Ferreyra Magister en Administraci\u00f3n de Empresas, UNT, Tucum\u00e1n, Argentina (2004) Profesora Adjunta Erika Grunauer Especialista en Direcci\u00f3n de Recursos Humanos Ayudante Estudiantil Julieta Hern\u00e1ndez<\/p>\n","protected":false},"author":9,"featured_media":0,"parent":85,"menu_order":0,"comment_status":"closed","ping_status":"open","template":"","meta":{"footnotes":""},"_links":{"self":[{"href":"https:\/\/face.unt.edu.ar\/web\/iadmin\/wp-json\/wp\/v2\/pages\/316"}],"collection":[{"href":"https:\/\/face.unt.edu.ar\/web\/iadmin\/wp-json\/wp\/v2\/pages"}],"about":[{"href":"https:\/\/face.unt.edu.ar\/web\/iadmin\/wp-json\/wp\/v2\/types\/page"}],"author":[{"embeddable":true,"href":"https:\/\/face.unt.edu.ar\/web\/iadmin\/wp-json\/wp\/v2\/users\/9"}],"replies":[{"embeddable":true,"href":"https:\/\/face.unt.edu.ar\/web\/iadmin\/wp-json\/wp\/v2\/comments?post=316"}],"version-history":[{"count":9,"href":"https:\/\/face.unt.edu.ar\/web\/iadmin\/wp-json\/wp\/v2\/pages\/316\/revisions"}],"predecessor-version":[{"id":6226,"href":"https:\/\/face.unt.edu.ar\/web\/iadmin\/wp-json\/wp\/v2\/pages\/316\/revisions\/6226"}],"up":[{"embeddable":true,"href":"https:\/\/face.unt.edu.ar\/web\/iadmin\/wp-json\/wp\/v2\/pages\/85"}],"wp:attachment":[{"href":"https:\/\/face.unt.edu.ar\/web\/iadmin\/wp-json\/wp\/v2\/media?parent=316"}],"curies":[{"name":"wp","href":"https:\/\/api.w.org\/{rel}","templated":true}]}}