{"id":319,"date":"2014-06-28T22:49:03","date_gmt":"2014-06-29T01:49:03","guid":{"rendered":"http:\/\/mulki.com.ar\/iadmin\/?page_id=319"},"modified":"2025-06-02T12:12:03","modified_gmt":"2025-06-02T12:12:03","slug":"catedra-administracion-de-la-produccion-i","status":"publish","type":"page","link":"https:\/\/face.unt.edu.ar\/web\/iadmin\/institucional\/docentes\/catedra-administracion-de-la-produccion-i\/","title":{"rendered":"C\u00e1tedra Administraci\u00f3n de la  Producci\u00f3n I"},"content":{"rendered":"<h4><span style=\"color: #000000\"><strong>Profesora Asociada<\/strong><\/span><\/h4>\n<p><span style=\"color: #000080\"><strong>Susana Marzoratti<br \/>\n<\/strong><\/span>Magister en Administraci\u00f3n de Empresas, UNT, Argentina (2010)<\/p>\n<h4><strong>Profesora Adjunta<\/strong><\/h4>\n<p><span style=\"color: #000080\"><strong>Mar\u00eda Valeria Abdelnur<br \/>\n<\/strong><\/span>Magister Ejecutivo en Direcci\u00f3n de Empresas (1999)<\/p>\n<h4><strong>Jefes de Trabajos Pr\u00e1cticos<\/strong><\/h4>\n<p><span style=\"color: #000080\"><b>Patricia Ragone<br \/>\n<\/b><\/span>Licenciada en Administraci\u00f3n<\/p>\n<p><strong>Ayudante Estudiantil<\/strong><\/p>\n<p><span style=\"color: #000080\"><strong><span style=\"background-color: #ffffff\">Juli\u00e1n Aguirre Rodr\u00edguez<\/span><\/strong><\/span><\/p>\n","protected":false},"excerpt":{"rendered":"<p>Profesora Asociada Susana Marzoratti Magister en Administraci\u00f3n de Empresas, UNT, Argentina (2010) Profesora Adjunta Mar\u00eda Valeria Abdelnur Magister Ejecutivo en Direcci\u00f3n de Empresas (1999) Jefes de Trabajos Pr\u00e1cticos Patricia Ragone Licenciada en Administraci\u00f3n Ayudante Estudiantil Juli\u00e1n Aguirre Rodr\u00edguez<\/p>\n","protected":false},"author":9,"featured_media":0,"parent":85,"menu_order":0,"comment_status":"closed","ping_status":"open","template":"","meta":{"footnotes":""},"_links":{"self":[{"href":"https:\/\/face.unt.edu.ar\/web\/iadmin\/wp-json\/wp\/v2\/pages\/319"}],"collection":[{"href":"https:\/\/face.unt.edu.ar\/web\/iadmin\/wp-json\/wp\/v2\/pages"}],"about":[{"href":"https:\/\/face.unt.edu.ar\/web\/iadmin\/wp-json\/wp\/v2\/types\/page"}],"author":[{"embeddable":true,"href":"https:\/\/face.unt.edu.ar\/web\/iadmin\/wp-json\/wp\/v2\/users\/9"}],"replies":[{"embeddable":true,"href":"https:\/\/face.unt.edu.ar\/web\/iadmin\/wp-json\/wp\/v2\/comments?post=319"}],"version-history":[{"count":5,"href":"https:\/\/face.unt.edu.ar\/web\/iadmin\/wp-json\/wp\/v2\/pages\/319\/revisions"}],"predecessor-version":[{"id":9333,"href":"https:\/\/face.unt.edu.ar\/web\/iadmin\/wp-json\/wp\/v2\/pages\/319\/revisions\/9333"}],"up":[{"embeddable":true,"href":"https:\/\/face.unt.edu.ar\/web\/iadmin\/wp-json\/wp\/v2\/pages\/85"}],"wp:attachment":[{"href":"https:\/\/face.unt.edu.ar\/web\/iadmin\/wp-json\/wp\/v2\/media?parent=319"}],"curies":[{"name":"wp","href":"https:\/\/api.w.org\/{rel}","templated":true}]}}