{"id":326,"date":"2014-06-28T23:09:00","date_gmt":"2014-06-29T02:09:00","guid":{"rendered":"http:\/\/mulki.com.ar\/iadmin\/?page_id=326"},"modified":"2022-10-27T15:37:15","modified_gmt":"2022-10-27T15:37:15","slug":"catedra-comercializacion-i","status":"publish","type":"page","link":"https:\/\/face.unt.edu.ar\/web\/iadmin\/institucional\/docentes\/catedra-comercializacion-i\/","title":{"rendered":"C\u00e1tedra Comercializaci\u00f3n I"},"content":{"rendered":"<h4><span style=\"color: #000000\"><strong>Profesora\u00a0Asociada<\/strong><\/span><\/h4>\n<p><span style=\"color: #000080\"><strong>Mar\u00eda Gabriela Abdala<br \/>\n<\/strong><\/span><span style=\"color: #000000\">Magister en Administraci\u00f3n de Negocios &#8211;\u00a0 Licenciada en Administraci\u00f3n<\/span><\/p>\n<h4><span style=\"color: #000000\"><strong>Jefes de Trabajos Pr\u00e1cticos<\/strong><\/span><\/h4>\n<p><strong><span style=\"color: #000080\">Tomsic, Sergio<\/span><\/strong><br \/>\n<span style=\"color: #000000\">Magister en Administracion de Negocios &#8211; Licenciado en Administraci\u00f3n<\/span><\/p>\n<p><strong><span style=\"color: #000080\">Goncalvez, Mart\u00edn<\/span><\/strong><br \/>\nLicenciado en Administraci\u00f3n<\/p>\n<p><strong><span style=\"color: #000080\">Villagr\u00e1n, Gonzalo<\/span><\/strong><\/p>\n<p><span style=\"color: #000000\"><strong>Ayudante Estudiantil<br \/>\n<\/strong><\/span>Giordano Bruno Benjam\u00edn<\/p>\n<p>&nbsp;<\/p>\n","protected":false},"excerpt":{"rendered":"<p>Profesora\u00a0Asociada Mar\u00eda Gabriela Abdala Magister en Administraci\u00f3n de Negocios &#8211;\u00a0 Licenciada en Administraci\u00f3n Jefes de Trabajos Pr\u00e1cticos Tomsic, Sergio Magister en Administracion de Negocios &#8211; Licenciado en Administraci\u00f3n Goncalvez, Mart\u00edn Licenciado en Administraci\u00f3n Villagr\u00e1n, Gonzalo Ayudante Estudiantil Giordano Bruno Benjam\u00edn &nbsp;<\/p>\n","protected":false},"author":9,"featured_media":0,"parent":85,"menu_order":0,"comment_status":"closed","ping_status":"open","template":"","meta":{"footnotes":""},"_links":{"self":[{"href":"https:\/\/face.unt.edu.ar\/web\/iadmin\/wp-json\/wp\/v2\/pages\/326"}],"collection":[{"href":"https:\/\/face.unt.edu.ar\/web\/iadmin\/wp-json\/wp\/v2\/pages"}],"about":[{"href":"https:\/\/face.unt.edu.ar\/web\/iadmin\/wp-json\/wp\/v2\/types\/page"}],"author":[{"embeddable":true,"href":"https:\/\/face.unt.edu.ar\/web\/iadmin\/wp-json\/wp\/v2\/users\/9"}],"replies":[{"embeddable":true,"href":"https:\/\/face.unt.edu.ar\/web\/iadmin\/wp-json\/wp\/v2\/comments?post=326"}],"version-history":[{"count":26,"href":"https:\/\/face.unt.edu.ar\/web\/iadmin\/wp-json\/wp\/v2\/pages\/326\/revisions"}],"predecessor-version":[{"id":6065,"href":"https:\/\/face.unt.edu.ar\/web\/iadmin\/wp-json\/wp\/v2\/pages\/326\/revisions\/6065"}],"up":[{"embeddable":true,"href":"https:\/\/face.unt.edu.ar\/web\/iadmin\/wp-json\/wp\/v2\/pages\/85"}],"wp:attachment":[{"href":"https:\/\/face.unt.edu.ar\/web\/iadmin\/wp-json\/wp\/v2\/media?parent=326"}],"curies":[{"name":"wp","href":"https:\/\/api.w.org\/{rel}","templated":true}]}}