{"id":332,"date":"2014-06-28T23:15:45","date_gmt":"2014-06-29T02:15:45","guid":{"rendered":"http:\/\/mulki.com.ar\/iadmin\/?page_id=332"},"modified":"2022-04-27T12:52:50","modified_gmt":"2022-04-27T12:52:50","slug":"catedra-computacion-i","status":"publish","type":"page","link":"https:\/\/face.unt.edu.ar\/web\/iadmin\/institucional\/docentes\/catedra-computacion-i\/","title":{"rendered":"C\u00e1tedra Computaci\u00f3n II"},"content":{"rendered":"<h4><span style=\"color: #000000\"><strong>Profesor Titular<\/strong><\/span><\/h4>\n<p><span style=\"color: #000080\"><strong>Mar\u00eda Alejandra Masclef<br \/>\n<\/strong><\/span><span style=\"color: #000000\">Contador P\u00fablico Nacional<\/span><\/p>\n<h4><span style=\"color: #000000\"><strong>Jefes de Trabajos Pr\u00e1cticos<\/strong><\/span><\/h4>\n<p><span style=\"color: #000080\"><strong>Eduardo Barboza<br \/>\n<\/strong><\/span><span style=\"color: #000000\">Contador P\u00fablico Nacional<\/span><\/p>\n<p><span style=\"color: #000080\"><b>Maria Fernanda\u00a0Rodriguez<br \/>\n<\/b><\/span>Especialista en Docencia Universitaria,\u00a0 Licenciada en Administraci\u00f3n<\/p>\n","protected":false},"excerpt":{"rendered":"<p>Profesor Titular Mar\u00eda Alejandra Masclef Contador P\u00fablico Nacional Jefes de Trabajos Pr\u00e1cticos Eduardo Barboza Contador P\u00fablico Nacional Maria Fernanda\u00a0Rodriguez Especialista en Docencia Universitaria,\u00a0 Licenciada en Administraci\u00f3n<\/p>\n","protected":false},"author":9,"featured_media":0,"parent":85,"menu_order":0,"comment_status":"closed","ping_status":"open","template":"","meta":{"footnotes":""},"_links":{"self":[{"href":"https:\/\/face.unt.edu.ar\/web\/iadmin\/wp-json\/wp\/v2\/pages\/332"}],"collection":[{"href":"https:\/\/face.unt.edu.ar\/web\/iadmin\/wp-json\/wp\/v2\/pages"}],"about":[{"href":"https:\/\/face.unt.edu.ar\/web\/iadmin\/wp-json\/wp\/v2\/types\/page"}],"author":[{"embeddable":true,"href":"https:\/\/face.unt.edu.ar\/web\/iadmin\/wp-json\/wp\/v2\/users\/9"}],"replies":[{"embeddable":true,"href":"https:\/\/face.unt.edu.ar\/web\/iadmin\/wp-json\/wp\/v2\/comments?post=332"}],"version-history":[{"count":9,"href":"https:\/\/face.unt.edu.ar\/web\/iadmin\/wp-json\/wp\/v2\/pages\/332\/revisions"}],"predecessor-version":[{"id":5487,"href":"https:\/\/face.unt.edu.ar\/web\/iadmin\/wp-json\/wp\/v2\/pages\/332\/revisions\/5487"}],"up":[{"embeddable":true,"href":"https:\/\/face.unt.edu.ar\/web\/iadmin\/wp-json\/wp\/v2\/pages\/85"}],"wp:attachment":[{"href":"https:\/\/face.unt.edu.ar\/web\/iadmin\/wp-json\/wp\/v2\/media?parent=332"}],"curies":[{"name":"wp","href":"https:\/\/api.w.org\/{rel}","templated":true}]}}