{"id":335,"date":"2014-06-28T23:22:10","date_gmt":"2014-06-29T02:22:10","guid":{"rendered":"http:\/\/mulki.com.ar\/iadmin\/?page_id=335"},"modified":"2022-04-22T15:55:02","modified_gmt":"2022-04-22T15:55:02","slug":"catedra-computacion-ii","status":"publish","type":"page","link":"https:\/\/face.unt.edu.ar\/web\/iadmin\/institucional\/docentes\/catedra-computacion-ii\/","title":{"rendered":"C\u00e1tedra Computaci\u00f3n I"},"content":{"rendered":"<p><strong>Profesora Titular<\/strong><\/p>\n<p><strong><span style=\"color: #000080\">Maria Alejandra Masclef<br \/>\n<\/span><\/strong><span style=\"color: #000000\">Contador Publico Nacional<\/span><\/p>\n<p><strong><span style=\"color: #000000\">Profesor Asociado<br \/>\n<\/span><\/strong><\/p>\n<p><span style=\"color: #000080\"><strong>Esteban Mulki<br \/>\n<\/strong><\/span><span style=\"color: #000000\">Licenciado\u00a0en\u00a0Administraci\u00f3n\u00a0<\/span><\/p>\n<h4><span style=\"color: #000000\"><strong>Jefes de Trabajos Pr\u00e1cticos<\/strong><\/span><\/h4>\n<p><span style=\"color: #000080\"><strong>Eduardo Barboza<br \/>\n<\/strong><\/span><span style=\"color: #000000\">Contador P\u00fablico Nacional<\/span><\/p>\n<p><strong><span style=\"color: #000080\">Marcelo A. Garcia<\/span><\/strong><br \/>\n<span style=\"color: #000000\">Magister en Administraci\u00f3n y Especialista en Seguridad Inform\u00e1tica\u00a0<\/span><\/p>\n<p>&nbsp;<\/p>\n<h4><\/h4>\n","protected":false},"excerpt":{"rendered":"<p>Profesora Titular Maria Alejandra Masclef Contador Publico Nacional Profesor Asociado Esteban Mulki Licenciado\u00a0en\u00a0Administraci\u00f3n\u00a0 Jefes de Trabajos Pr\u00e1cticos Eduardo Barboza Contador P\u00fablico Nacional Marcelo A. Garcia Magister en Administraci\u00f3n y Especialista en Seguridad Inform\u00e1tica\u00a0 &nbsp;<\/p>\n","protected":false},"author":9,"featured_media":0,"parent":85,"menu_order":0,"comment_status":"closed","ping_status":"open","template":"","meta":{"footnotes":""},"_links":{"self":[{"href":"https:\/\/face.unt.edu.ar\/web\/iadmin\/wp-json\/wp\/v2\/pages\/335"}],"collection":[{"href":"https:\/\/face.unt.edu.ar\/web\/iadmin\/wp-json\/wp\/v2\/pages"}],"about":[{"href":"https:\/\/face.unt.edu.ar\/web\/iadmin\/wp-json\/wp\/v2\/types\/page"}],"author":[{"embeddable":true,"href":"https:\/\/face.unt.edu.ar\/web\/iadmin\/wp-json\/wp\/v2\/users\/9"}],"replies":[{"embeddable":true,"href":"https:\/\/face.unt.edu.ar\/web\/iadmin\/wp-json\/wp\/v2\/comments?post=335"}],"version-history":[{"count":15,"href":"https:\/\/face.unt.edu.ar\/web\/iadmin\/wp-json\/wp\/v2\/pages\/335\/revisions"}],"predecessor-version":[{"id":5465,"href":"https:\/\/face.unt.edu.ar\/web\/iadmin\/wp-json\/wp\/v2\/pages\/335\/revisions\/5465"}],"up":[{"embeddable":true,"href":"https:\/\/face.unt.edu.ar\/web\/iadmin\/wp-json\/wp\/v2\/pages\/85"}],"wp:attachment":[{"href":"https:\/\/face.unt.edu.ar\/web\/iadmin\/wp-json\/wp\/v2\/media?parent=335"}],"curies":[{"name":"wp","href":"https:\/\/api.w.org\/{rel}","templated":true}]}}