{"id":337,"date":"2014-06-28T23:22:59","date_gmt":"2014-06-29T02:22:59","guid":{"rendered":"http:\/\/mulki.com.ar\/iadmin\/?page_id=337"},"modified":"2022-04-27T12:55:03","modified_gmt":"2022-04-27T12:55:03","slug":"catedra-sistema-de-informacion","status":"publish","type":"page","link":"https:\/\/face.unt.edu.ar\/web\/iadmin\/institucional\/docentes\/catedra-sistema-de-informacion\/","title":{"rendered":"C\u00e1tedra Sistemas de Informaci\u00f3n I"},"content":{"rendered":"<h4><span style=\"color: #000000\"><strong>Profesor\u00a0Titular<\/strong><\/span><\/h4>\n<p><span style=\"color: #000080\"><strong>Mar\u00eda Alejandra Masclef<br \/>\n<\/strong><\/span><span style=\"color: #808080\">Contador P\u00fablico Nacional<\/span><\/p>\n<h4><span style=\"color: #000000\"><strong>Profesor Adjunto<\/strong><\/span><\/h4>\n<p><span style=\"color: #000080\"><strong>Esteban Mulki<\/strong><strong><br \/>\n<\/strong><\/span>Licenciado\u00a0en\u00a0Administraci\u00f3n\u00a0de\u00a0Empresas<\/p>\n<h4><span style=\"color: #000000\"><strong>Jefes de Trabajos Pr\u00e1cticos<\/strong><\/span><\/h4>\n<p><span style=\"color: #000080\"><strong>Eduardo Barboza<br \/>\n<\/strong><\/span><span style=\"color: #000000\">Contador P\u00fablico Nacional<\/span><\/p>\n<p><span style=\"color: #000080\"><strong>Cecilia Canevaro<br \/>\n<\/strong><\/span><span style=\"color: #000000\">Contador P\u00fablico Nacional<\/span><\/p>\n<p><strong><span style=\"color: #000080\">Marcelo Adrian Garcia<br \/>\n<\/span><\/strong><span style=\"color: #000080\"><span style=\"color: #000000\">Magister en Administraci\u00f3n, Especialista en Seguridad Inform\u00e1tica, Contador Publico Nacional<\/span><\/span><\/p>\n<p><strong style=\"color: #000080\">Raquel Viviana Giannini<br \/>\n<\/strong><span style=\"color: #000000\">Contador P\u00fablico Nacional<\/span><\/p>\n<p><strong><span style=\"color: #000080\">Marcelo Alejandro La Marca <\/span><\/strong><br \/>\n<span style=\"color: #000000\">Contador Publico Nacional<\/span><\/p>\n<p><span style=\"color: #000080\"><b>Maria Fernanda\u00a0Rodriguez<br \/>\n<\/b><\/span>Especialista en Docencia Universitaria,\u00a0 Licenciada en Administraci\u00f3n<\/p>\n<p><span style=\"color: #000000\"><strong>Ayudante Estudiantil<br \/>\n<\/strong><\/span><span style=\"color: #000080\"><strong>Camila Pedraza<\/strong><\/span><\/p>\n","protected":false},"excerpt":{"rendered":"<p>Profesor\u00a0Titular Mar\u00eda Alejandra Masclef Contador P\u00fablico Nacional Profesor Adjunto Esteban Mulki Licenciado\u00a0en\u00a0Administraci\u00f3n\u00a0de\u00a0Empresas Jefes de Trabajos Pr\u00e1cticos Eduardo Barboza Contador P\u00fablico Nacional Cecilia Canevaro Contador P\u00fablico Nacional Marcelo Adrian Garcia Magister en Administraci\u00f3n, Especialista en Seguridad Inform\u00e1tica, Contador Publico Nacional Raquel Viviana Giannini Contador P\u00fablico Nacional Marcelo Alejandro La Marca Contador Publico Nacional Maria Fernanda\u00a0Rodriguez Especialista [&hellip;]<\/p>\n","protected":false},"author":9,"featured_media":0,"parent":85,"menu_order":0,"comment_status":"closed","ping_status":"open","template":"","meta":{"footnotes":""},"_links":{"self":[{"href":"https:\/\/face.unt.edu.ar\/web\/iadmin\/wp-json\/wp\/v2\/pages\/337"}],"collection":[{"href":"https:\/\/face.unt.edu.ar\/web\/iadmin\/wp-json\/wp\/v2\/pages"}],"about":[{"href":"https:\/\/face.unt.edu.ar\/web\/iadmin\/wp-json\/wp\/v2\/types\/page"}],"author":[{"embeddable":true,"href":"https:\/\/face.unt.edu.ar\/web\/iadmin\/wp-json\/wp\/v2\/users\/9"}],"replies":[{"embeddable":true,"href":"https:\/\/face.unt.edu.ar\/web\/iadmin\/wp-json\/wp\/v2\/comments?post=337"}],"version-history":[{"count":22,"href":"https:\/\/face.unt.edu.ar\/web\/iadmin\/wp-json\/wp\/v2\/pages\/337\/revisions"}],"predecessor-version":[{"id":5489,"href":"https:\/\/face.unt.edu.ar\/web\/iadmin\/wp-json\/wp\/v2\/pages\/337\/revisions\/5489"}],"up":[{"embeddable":true,"href":"https:\/\/face.unt.edu.ar\/web\/iadmin\/wp-json\/wp\/v2\/pages\/85"}],"wp:attachment":[{"href":"https:\/\/face.unt.edu.ar\/web\/iadmin\/wp-json\/wp\/v2\/media?parent=337"}],"curies":[{"name":"wp","href":"https:\/\/api.w.org\/{rel}","templated":true}]}}