{"id":341,"date":"2014-06-28T23:27:57","date_gmt":"2014-06-29T02:27:57","guid":{"rendered":"http:\/\/mulki.com.ar\/iadmin\/?page_id=341"},"modified":"2024-03-04T23:50:37","modified_gmt":"2024-03-04T23:50:37","slug":"catedra-contabilidad-gerencial","status":"publish","type":"page","link":"https:\/\/face.unt.edu.ar\/web\/iadmin\/institucional\/docentes\/catedra-contabilidad-gerencial\/","title":{"rendered":"C\u00e1tedra Contabilidad Gerencial"},"content":{"rendered":"<h4><strong>Profesor\u00a0Titular<\/strong><\/h4>\n<p><span style=\"color: #000080\"><strong>Marcelo Medina Galvan<br \/>\n<\/strong><\/span>Especialista en M\u00e9todos y T\u00e9cnicas de Investigaci\u00f3n Social (FLACSO Brasil y CLACSO). Especialista en Epistemolog\u00edas del Sur (FLACSO Brasil y CLACSO). Licenciado en Administraci\u00f3n de Empresas (UNT) \u2013\u00a0 Contador P\u00fablico Nacional (UNT) \u2013 Profesor Universitario en Ciencias Econ\u00f3micas (UNT)<\/p>\n<h4><strong>Profesor Adjunto<\/strong><\/h4>\n<p><span style=\"color: #000080\"><strong>MG. Javier Antonio Garcia<br \/>\n<\/strong><\/span>Especialista en M\u00e9todos y T\u00e9cnicas de Investigaci\u00f3n Social (FLACSO Brasil y CLACSO)-\u00a0 Especialista en Finanzas (UNT) \u2013 Licenciado en Administraci\u00f3n (UNT)<\/p>\n<h4><strong>Jefe de Trabajos Practicos<\/strong><\/h4>\n<p><span style=\"color: #000080\"><b>Cristian Rocha<br \/>\n<\/b><\/span>Licenciado en Administraci\u00f3n (UNT)<\/p>\n<p><strong>Ayudante estudiantil<\/strong><\/p>\n<p><span style=\"color: #000080\"><b>Emiliano Koch<\/b>\u00a0<\/span><br \/>\nEstudiante avanzado de la Licenciatura en Administraci\u00f3n (UNT)<\/p>\n","protected":false},"excerpt":{"rendered":"<p>Profesor\u00a0Titular Marcelo Medina Galvan Especialista en M\u00e9todos y T\u00e9cnicas de Investigaci\u00f3n Social (FLACSO Brasil y CLACSO). Especialista en Epistemolog\u00edas del Sur (FLACSO Brasil y CLACSO). Licenciado en Administraci\u00f3n de Empresas (UNT) \u2013\u00a0 Contador P\u00fablico Nacional (UNT) \u2013 Profesor Universitario en Ciencias Econ\u00f3micas (UNT) Profesor Adjunto MG. Javier Antonio Garcia Especialista en M\u00e9todos y T\u00e9cnicas de [&hellip;]<\/p>\n","protected":false},"author":9,"featured_media":0,"parent":85,"menu_order":0,"comment_status":"closed","ping_status":"open","template":"","meta":{"footnotes":""},"_links":{"self":[{"href":"https:\/\/face.unt.edu.ar\/web\/iadmin\/wp-json\/wp\/v2\/pages\/341"}],"collection":[{"href":"https:\/\/face.unt.edu.ar\/web\/iadmin\/wp-json\/wp\/v2\/pages"}],"about":[{"href":"https:\/\/face.unt.edu.ar\/web\/iadmin\/wp-json\/wp\/v2\/types\/page"}],"author":[{"embeddable":true,"href":"https:\/\/face.unt.edu.ar\/web\/iadmin\/wp-json\/wp\/v2\/users\/9"}],"replies":[{"embeddable":true,"href":"https:\/\/face.unt.edu.ar\/web\/iadmin\/wp-json\/wp\/v2\/comments?post=341"}],"version-history":[{"count":17,"href":"https:\/\/face.unt.edu.ar\/web\/iadmin\/wp-json\/wp\/v2\/pages\/341\/revisions"}],"predecessor-version":[{"id":7258,"href":"https:\/\/face.unt.edu.ar\/web\/iadmin\/wp-json\/wp\/v2\/pages\/341\/revisions\/7258"}],"up":[{"embeddable":true,"href":"https:\/\/face.unt.edu.ar\/web\/iadmin\/wp-json\/wp\/v2\/pages\/85"}],"wp:attachment":[{"href":"https:\/\/face.unt.edu.ar\/web\/iadmin\/wp-json\/wp\/v2\/media?parent=341"}],"curies":[{"name":"wp","href":"https:\/\/api.w.org\/{rel}","templated":true}]}}