{"id":344,"date":"2014-06-28T23:30:49","date_gmt":"2014-06-29T02:30:49","guid":{"rendered":"http:\/\/mulki.com.ar\/iadmin\/?page_id=344"},"modified":"2022-02-14T14:16:47","modified_gmt":"2022-02-14T14:16:47","slug":"catedra-finanzas-de-empresas-i","status":"publish","type":"page","link":"https:\/\/face.unt.edu.ar\/web\/iadmin\/institucional\/docentes\/catedra-finanzas-de-empresas-i\/","title":{"rendered":"C\u00e1tedra Finanzas de Empresas I"},"content":{"rendered":"<h4><span style=\"color: #000000\"><strong>Profesor\u00a0Titular<\/strong><\/span><\/h4>\n<p><span style=\"color: #000080\"><strong>Gabriel Rub\u00e9n Feldman<br \/>\n<\/strong><\/span><span style=\"color: #000000\">Doctor en Ciencias Econ\u00f3micas (UBA) en sub-\u00e1rea Finanzas (2021)<br \/>\nMagister en Disciplinas Bancarias (1998)<\/span><\/p>\n<h4><span style=\"color: #000000\"><strong>Jefes de Trabajos Pr\u00e1cticos<\/strong><\/span><\/h4>\n<p><strong style=\"color: #000080\">Stella Maris Cordoba<br \/>\n<\/strong><span style=\"color: #000000\">Contador Publico Nacional<\/span><\/p>\n<p><span style=\"color: #000080\"><strong>Lautaro Mariscal<br \/>\n<\/strong><\/span><span style=\"color: #000000\">Licenciado en Econom\u00eda<\/span><\/p>\n<h4><span style=\"color: #000000\"><strong>Ayudante Estudiantil<\/strong><\/span><\/h4>\n<p><strong><span style=\"color: #000080\">Antonella Pillitteri<\/span><\/strong><\/p>\n","protected":false},"excerpt":{"rendered":"<p>Profesor\u00a0Titular Gabriel Rub\u00e9n Feldman Doctor en Ciencias Econ\u00f3micas (UBA) en sub-\u00e1rea Finanzas (2021) Magister en Disciplinas Bancarias (1998) Jefes de Trabajos Pr\u00e1cticos Stella Maris Cordoba Contador Publico Nacional Lautaro Mariscal Licenciado en Econom\u00eda Ayudante Estudiantil Antonella Pillitteri<\/p>\n","protected":false},"author":9,"featured_media":0,"parent":85,"menu_order":0,"comment_status":"closed","ping_status":"open","template":"","meta":{"footnotes":""},"_links":{"self":[{"href":"https:\/\/face.unt.edu.ar\/web\/iadmin\/wp-json\/wp\/v2\/pages\/344"}],"collection":[{"href":"https:\/\/face.unt.edu.ar\/web\/iadmin\/wp-json\/wp\/v2\/pages"}],"about":[{"href":"https:\/\/face.unt.edu.ar\/web\/iadmin\/wp-json\/wp\/v2\/types\/page"}],"author":[{"embeddable":true,"href":"https:\/\/face.unt.edu.ar\/web\/iadmin\/wp-json\/wp\/v2\/users\/9"}],"replies":[{"embeddable":true,"href":"https:\/\/face.unt.edu.ar\/web\/iadmin\/wp-json\/wp\/v2\/comments?post=344"}],"version-history":[{"count":18,"href":"https:\/\/face.unt.edu.ar\/web\/iadmin\/wp-json\/wp\/v2\/pages\/344\/revisions"}],"predecessor-version":[{"id":5339,"href":"https:\/\/face.unt.edu.ar\/web\/iadmin\/wp-json\/wp\/v2\/pages\/344\/revisions\/5339"}],"up":[{"embeddable":true,"href":"https:\/\/face.unt.edu.ar\/web\/iadmin\/wp-json\/wp\/v2\/pages\/85"}],"wp:attachment":[{"href":"https:\/\/face.unt.edu.ar\/web\/iadmin\/wp-json\/wp\/v2\/media?parent=344"}],"curies":[{"name":"wp","href":"https:\/\/api.w.org\/{rel}","templated":true}]}}