{"id":348,"date":"2014-06-28T23:35:34","date_gmt":"2014-06-29T02:35:34","guid":{"rendered":"http:\/\/mulki.com.ar\/iadmin\/?page_id=348"},"modified":"2021-06-17T13:23:30","modified_gmt":"2021-06-17T13:23:30","slug":"catedra-finanzas-de-empresas-ii","status":"publish","type":"page","link":"https:\/\/face.unt.edu.ar\/web\/iadmin\/institucional\/docentes\/catedra-finanzas-de-empresas-ii\/","title":{"rendered":"C\u00e1tedra Finanzas de Empresas II"},"content":{"rendered":"<h4><span style=\"color: #000000\"><strong>Profesor\u00a0Titular<\/strong><\/span><\/h4>\n<p><span style=\"color: #000080\"><strong>Adolfo Jorge Rospide<br \/>\n<\/strong><\/span><span style=\"color: #000000\">Magister en Finanzas\u00a0 &#8211; Licenciado en Administraci\u00f3n<\/span><\/p>\n<h4><strong>Profesora Adjunta<\/strong><\/h4>\n<p><span style=\"color: #000080\"><strong>Mar\u00eda de las Mercedes Ortiz<br \/>\n<\/strong><\/span><span style=\"color: #000000\">Magister en Finanzas &#8211; Contador P\u00fablico Nacional<\/span><\/p>\n<h4><span style=\"color: #000000\"><strong>Jefes de Trabajos Pr\u00e1cticos<\/strong><\/span><\/h4>\n<p><span style=\"color: #000080\"><strong>Lautaro Mariscal<\/strong><\/span><br \/>\n<span style=\"color: #000000\">Licenciado en Econom\u00eda<\/span><\/p>\n<p><span style=\"color: #000000\"><strong>Ayudante Estudiantil<\/strong><\/span><\/p>\n<p><span style=\"color: #000000\"><strong><span style=\"color: #000080\">Mateo Molina<\/span><br \/>\n<\/strong><\/span><\/p>\n","protected":false},"excerpt":{"rendered":"<p>Profesor\u00a0Titular Adolfo Jorge Rospide Magister en Finanzas\u00a0 &#8211; Licenciado en Administraci\u00f3n Profesora Adjunta Mar\u00eda de las Mercedes Ortiz Magister en Finanzas &#8211; Contador P\u00fablico Nacional Jefes de Trabajos Pr\u00e1cticos Lautaro Mariscal Licenciado en Econom\u00eda Ayudante Estudiantil Mateo Molina<\/p>\n","protected":false},"author":9,"featured_media":0,"parent":85,"menu_order":0,"comment_status":"closed","ping_status":"open","template":"","meta":{"footnotes":""},"_links":{"self":[{"href":"https:\/\/face.unt.edu.ar\/web\/iadmin\/wp-json\/wp\/v2\/pages\/348"}],"collection":[{"href":"https:\/\/face.unt.edu.ar\/web\/iadmin\/wp-json\/wp\/v2\/pages"}],"about":[{"href":"https:\/\/face.unt.edu.ar\/web\/iadmin\/wp-json\/wp\/v2\/types\/page"}],"author":[{"embeddable":true,"href":"https:\/\/face.unt.edu.ar\/web\/iadmin\/wp-json\/wp\/v2\/users\/9"}],"replies":[{"embeddable":true,"href":"https:\/\/face.unt.edu.ar\/web\/iadmin\/wp-json\/wp\/v2\/comments?post=348"}],"version-history":[{"count":15,"href":"https:\/\/face.unt.edu.ar\/web\/iadmin\/wp-json\/wp\/v2\/pages\/348\/revisions"}],"predecessor-version":[{"id":4898,"href":"https:\/\/face.unt.edu.ar\/web\/iadmin\/wp-json\/wp\/v2\/pages\/348\/revisions\/4898"}],"up":[{"embeddable":true,"href":"https:\/\/face.unt.edu.ar\/web\/iadmin\/wp-json\/wp\/v2\/pages\/85"}],"wp:attachment":[{"href":"https:\/\/face.unt.edu.ar\/web\/iadmin\/wp-json\/wp\/v2\/media?parent=348"}],"curies":[{"name":"wp","href":"https:\/\/api.w.org\/{rel}","templated":true}]}}