{"id":351,"date":"2014-06-28T23:37:56","date_gmt":"2014-06-29T02:37:56","guid":{"rendered":"http:\/\/mulki.com.ar\/iadmin\/?page_id=351"},"modified":"2021-06-17T13:25:44","modified_gmt":"2021-06-17T13:25:44","slug":"catedra-formulacion-y-evaluacion-de-proyectos","status":"publish","type":"page","link":"https:\/\/face.unt.edu.ar\/web\/iadmin\/institucional\/docentes\/catedra-formulacion-y-evaluacion-de-proyectos\/","title":{"rendered":"C\u00e1tedra Formulaci\u00f3n y Evaluaci\u00f3n de Proyectos"},"content":{"rendered":"<h4><span style=\"color: #000000\"><strong>Profesora a cargo de C\u00e1tedra<\/strong><\/span><\/h4>\n<p><span style=\"color: #000080\"><b>Mar\u00eda Enriqueta Martos<br \/>\n<\/b><\/span>Magister en Administraci\u00f3n de Empresas, UNT, Tucum\u00e1n, Argentina<\/p>\n<h4><span style=\"color: #000000\"><strong>Jefes de Trabajos Pr\u00e1cticos<\/strong><\/span><\/h4>\n<p><strong><span style=\"color: #000080\">Maria Lourdes Quinteros Fernandez\u00a0<\/span><\/strong><br \/>\nMagister en Direcci\u00f3n y Administraci\u00f3n de Empresas<\/p>\n","protected":false},"excerpt":{"rendered":"<p>Profesora a cargo de C\u00e1tedra Mar\u00eda Enriqueta Martos Magister en Administraci\u00f3n de Empresas, UNT, Tucum\u00e1n, Argentina Jefes de Trabajos Pr\u00e1cticos Maria Lourdes Quinteros Fernandez\u00a0 Magister en Direcci\u00f3n y Administraci\u00f3n de Empresas<\/p>\n","protected":false},"author":9,"featured_media":0,"parent":85,"menu_order":0,"comment_status":"closed","ping_status":"open","template":"","meta":{"footnotes":""},"_links":{"self":[{"href":"https:\/\/face.unt.edu.ar\/web\/iadmin\/wp-json\/wp\/v2\/pages\/351"}],"collection":[{"href":"https:\/\/face.unt.edu.ar\/web\/iadmin\/wp-json\/wp\/v2\/pages"}],"about":[{"href":"https:\/\/face.unt.edu.ar\/web\/iadmin\/wp-json\/wp\/v2\/types\/page"}],"author":[{"embeddable":true,"href":"https:\/\/face.unt.edu.ar\/web\/iadmin\/wp-json\/wp\/v2\/users\/9"}],"replies":[{"embeddable":true,"href":"https:\/\/face.unt.edu.ar\/web\/iadmin\/wp-json\/wp\/v2\/comments?post=351"}],"version-history":[{"count":7,"href":"https:\/\/face.unt.edu.ar\/web\/iadmin\/wp-json\/wp\/v2\/pages\/351\/revisions"}],"predecessor-version":[{"id":4900,"href":"https:\/\/face.unt.edu.ar\/web\/iadmin\/wp-json\/wp\/v2\/pages\/351\/revisions\/4900"}],"up":[{"embeddable":true,"href":"https:\/\/face.unt.edu.ar\/web\/iadmin\/wp-json\/wp\/v2\/pages\/85"}],"wp:attachment":[{"href":"https:\/\/face.unt.edu.ar\/web\/iadmin\/wp-json\/wp\/v2\/media?parent=351"}],"curies":[{"name":"wp","href":"https:\/\/api.w.org\/{rel}","templated":true}]}}