{"id":356,"date":"2014-06-28T23:41:00","date_gmt":"2014-06-29T02:41:00","guid":{"rendered":"http:\/\/mulki.com.ar\/iadmin\/?page_id=356"},"modified":"2018-04-13T00:23:28","modified_gmt":"2018-04-13T00:23:28","slug":"catedra-teoria-de-la-organizacion","status":"publish","type":"page","link":"https:\/\/face.unt.edu.ar\/web\/iadmin\/institucional\/docentes\/catedra-teoria-de-la-organizacion\/","title":{"rendered":"C\u00e1tedra Teor\u00eda de la Organizaci\u00f3n"},"content":{"rendered":"<h4><span style=\"color: #000000\"><strong>Profesor Titular<\/strong><\/span><\/h4>\n<p><span style=\"color: #000080\"><strong>Julio Marcelo Soria<br \/>\n<\/strong><\/span><span style=\"color: #000000\">Dr. en Ciencias Empresariales, Universidad Aut\u00f3noma de Madrid<\/span><\/p>\n<h4><span style=\"color: #000000\"><strong>Jefes de Trabajos Pr\u00e1cticos<\/strong><\/span><\/h4>\n<p><span style=\"color: #000080\"><strong>Abbas Maria Virginia<br \/>\n<\/strong><\/span>Licenciada en Administraci\u00f3n<\/p>\n","protected":false},"excerpt":{"rendered":"<p>Profesor Titular Julio Marcelo Soria Dr. en Ciencias Empresariales, Universidad Aut\u00f3noma de Madrid Jefes de Trabajos Pr\u00e1cticos Abbas Maria Virginia Licenciada en Administraci\u00f3n<\/p>\n","protected":false},"author":9,"featured_media":0,"parent":85,"menu_order":0,"comment_status":"closed","ping_status":"open","template":"","meta":{"footnotes":""},"_links":{"self":[{"href":"https:\/\/face.unt.edu.ar\/web\/iadmin\/wp-json\/wp\/v2\/pages\/356"}],"collection":[{"href":"https:\/\/face.unt.edu.ar\/web\/iadmin\/wp-json\/wp\/v2\/pages"}],"about":[{"href":"https:\/\/face.unt.edu.ar\/web\/iadmin\/wp-json\/wp\/v2\/types\/page"}],"author":[{"embeddable":true,"href":"https:\/\/face.unt.edu.ar\/web\/iadmin\/wp-json\/wp\/v2\/users\/9"}],"replies":[{"embeddable":true,"href":"https:\/\/face.unt.edu.ar\/web\/iadmin\/wp-json\/wp\/v2\/comments?post=356"}],"version-history":[{"count":2,"href":"https:\/\/face.unt.edu.ar\/web\/iadmin\/wp-json\/wp\/v2\/pages\/356\/revisions"}],"predecessor-version":[{"id":3550,"href":"https:\/\/face.unt.edu.ar\/web\/iadmin\/wp-json\/wp\/v2\/pages\/356\/revisions\/3550"}],"up":[{"embeddable":true,"href":"https:\/\/face.unt.edu.ar\/web\/iadmin\/wp-json\/wp\/v2\/pages\/85"}],"wp:attachment":[{"href":"https:\/\/face.unt.edu.ar\/web\/iadmin\/wp-json\/wp\/v2\/media?parent=356"}],"curies":[{"name":"wp","href":"https:\/\/api.w.org\/{rel}","templated":true}]}}