{"id":3603,"date":"2018-04-14T13:34:18","date_gmt":"2018-04-14T13:34:18","guid":{"rendered":"http:\/\/face.unt.edu.ar\/web\/iadmin\/?page_id=3603"},"modified":"2022-08-23T11:59:32","modified_gmt":"2022-08-23T11:59:32","slug":"control-de-gestion","status":"publish","type":"page","link":"https:\/\/face.unt.edu.ar\/web\/iadmin\/control-de-gestion\/","title":{"rendered":"Control de Gesti\u00f3n"},"content":{"rendered":"<h4><strong>Profesor\u00a0Titular<\/strong><\/h4>\n<p><span style=\"color: #000080\"><strong>Marcelo Medina Galvan<br \/>\n<\/strong><\/span>Especialista en M\u00e9todos y T\u00e9cnicas de Investigaci\u00f3n Social (FLACSO Brasil y CLACSO). Especialista en Epistemolog\u00edas del Sur (FLACSO Brasil y CLACSO). Licenciado en Administraci\u00f3n de Empresas (UNT) \u2013\u00a0 Contador P\u00fablico Nacional (UNT) \u2013 Profesor Universitario en Ciencias Econ\u00f3micas (UNT)<\/p>\n<h4><strong>Adjunto<\/strong><\/h4>\n<p><span style=\"color: #000080\"><strong>Noem\u00ed Ponce<br \/>\n<\/strong><\/span>Mag\u00edster en Administraci\u00f3n (UNT) \u2013 Especialista en Administraci\u00f3n P\u00fablica (UNT) \u2013 Especialista en Direcci\u00f3n de Recursos Humanos (UNT) \u2013 Licenciada en Administraci\u00f3n de Empresas (UNT) \u2013\u00a0 Contador P\u00fablico Nacional (UNT)<\/p>\n<h4><span style=\"color: #000000\"><strong>Jefes de Trabajos Pr\u00e1cticos<\/strong><\/span><\/h4>\n<p><strong><span style=\"color: #000080\">Javier Antonio Garcia<br \/>\n<\/span><\/strong>Especialista en M\u00e9todos y T\u00e9cnicas de Investigaci\u00f3n Social (FLACSO Brasil y CLACSO)-\u00a0 Especialista en Finanzas (UNT) \u2013 Licenciado en Administraci\u00f3n (UNT)<\/p>\n<p><span style=\"color: #003366\"><b>Cristian Rocha<br \/>\n<\/b><\/span>Licenciado en Administraci\u00f3n (UNT)<\/p>\n","protected":false},"excerpt":{"rendered":"<p>Profesor\u00a0Titular Marcelo Medina Galvan Especialista en M\u00e9todos y T\u00e9cnicas de Investigaci\u00f3n Social (FLACSO Brasil y CLACSO). Especialista en Epistemolog\u00edas del Sur (FLACSO Brasil y CLACSO). Licenciado en Administraci\u00f3n de Empresas (UNT) \u2013\u00a0 Contador P\u00fablico Nacional (UNT) \u2013 Profesor Universitario en Ciencias Econ\u00f3micas (UNT) Adjunto Noem\u00ed Ponce Mag\u00edster en Administraci\u00f3n (UNT) \u2013 Especialista en Administraci\u00f3n P\u00fablica [&hellip;]<\/p>\n","protected":false},"author":9,"featured_media":0,"parent":0,"menu_order":0,"comment_status":"closed","ping_status":"closed","template":"","meta":{"footnotes":""},"_links":{"self":[{"href":"https:\/\/face.unt.edu.ar\/web\/iadmin\/wp-json\/wp\/v2\/pages\/3603"}],"collection":[{"href":"https:\/\/face.unt.edu.ar\/web\/iadmin\/wp-json\/wp\/v2\/pages"}],"about":[{"href":"https:\/\/face.unt.edu.ar\/web\/iadmin\/wp-json\/wp\/v2\/types\/page"}],"author":[{"embeddable":true,"href":"https:\/\/face.unt.edu.ar\/web\/iadmin\/wp-json\/wp\/v2\/users\/9"}],"replies":[{"embeddable":true,"href":"https:\/\/face.unt.edu.ar\/web\/iadmin\/wp-json\/wp\/v2\/comments?post=3603"}],"version-history":[{"count":7,"href":"https:\/\/face.unt.edu.ar\/web\/iadmin\/wp-json\/wp\/v2\/pages\/3603\/revisions"}],"predecessor-version":[{"id":5880,"href":"https:\/\/face.unt.edu.ar\/web\/iadmin\/wp-json\/wp\/v2\/pages\/3603\/revisions\/5880"}],"wp:attachment":[{"href":"https:\/\/face.unt.edu.ar\/web\/iadmin\/wp-json\/wp\/v2\/media?parent=3603"}],"curies":[{"name":"wp","href":"https:\/\/api.w.org\/{rel}","templated":true}]}}