{"id":4782,"date":"2021-03-17T12:27:42","date_gmt":"2021-03-17T12:27:42","guid":{"rendered":"https:\/\/face.unt.edu.ar\/web\/iadmin\/?page_id=4782"},"modified":"2021-03-17T12:36:45","modified_gmt":"2021-03-17T12:36:45","slug":"actualizacion-en-temas-de-administracion","status":"publish","type":"page","link":"https:\/\/face.unt.edu.ar\/web\/iadmin\/actualizacion-en-temas-de-administracion\/","title":{"rendered":"Actualizaci\u00f3n en temas de Administraci\u00f3n"},"content":{"rendered":"<p><strong>Profesor Asociado<\/strong><\/p>\n<p><span style=\"color: #000080\"><strong>Victor Francisco Martinez<\/strong><\/span><br \/>\nMagister en Administraci\u00f3n \u2013 Licenciado en Administraci\u00f3n<\/p>\n<p><strong>Jefes de Trabajos Pr\u00e1cticos<\/strong><\/p>\n<p><span style=\"color: #000080\"><strong>Jorge Eduardo Alul<br \/>\n<\/strong><\/span>Magister en Administraci\u00f3n de Empresas\u00a0 \u2013 Contador Publico Nacional<\/p>\n<p><span style=\"color: #000080\"><strong>Luis Fernando\u00a0 P\u00e9rez Videz<\/strong><\/span><br \/>\nLicenciado en Administraci\u00f3n<\/p>\n","protected":false},"excerpt":{"rendered":"<p>Profesor Asociado Victor Francisco Martinez Magister en Administraci\u00f3n \u2013 Licenciado en Administraci\u00f3n Jefes de Trabajos Pr\u00e1cticos Jorge Eduardo Alul Magister en Administraci\u00f3n de Empresas\u00a0 \u2013 Contador Publico Nacional Luis Fernando\u00a0 P\u00e9rez Videz Licenciado en Administraci\u00f3n<\/p>\n","protected":false},"author":9,"featured_media":0,"parent":0,"menu_order":0,"comment_status":"closed","ping_status":"open","template":"","meta":{"footnotes":""},"_links":{"self":[{"href":"https:\/\/face.unt.edu.ar\/web\/iadmin\/wp-json\/wp\/v2\/pages\/4782"}],"collection":[{"href":"https:\/\/face.unt.edu.ar\/web\/iadmin\/wp-json\/wp\/v2\/pages"}],"about":[{"href":"https:\/\/face.unt.edu.ar\/web\/iadmin\/wp-json\/wp\/v2\/types\/page"}],"author":[{"embeddable":true,"href":"https:\/\/face.unt.edu.ar\/web\/iadmin\/wp-json\/wp\/v2\/users\/9"}],"replies":[{"embeddable":true,"href":"https:\/\/face.unt.edu.ar\/web\/iadmin\/wp-json\/wp\/v2\/comments?post=4782"}],"version-history":[{"count":3,"href":"https:\/\/face.unt.edu.ar\/web\/iadmin\/wp-json\/wp\/v2\/pages\/4782\/revisions"}],"predecessor-version":[{"id":4786,"href":"https:\/\/face.unt.edu.ar\/web\/iadmin\/wp-json\/wp\/v2\/pages\/4782\/revisions\/4786"}],"wp:attachment":[{"href":"https:\/\/face.unt.edu.ar\/web\/iadmin\/wp-json\/wp\/v2\/media?parent=4782"}],"curies":[{"name":"wp","href":"https:\/\/api.w.org\/{rel}","templated":true}]}}