{"id":5000,"date":"2021-07-13T23:10:11","date_gmt":"2021-07-13T23:10:11","guid":{"rendered":"https:\/\/face.unt.edu.ar\/web\/iadmin\/?page_id=5000"},"modified":"2025-02-25T12:10:50","modified_gmt":"2025-02-25T12:10:50","slug":"becas","status":"publish","type":"page","link":"https:\/\/face.unt.edu.ar\/web\/iadmin\/becas\/","title":{"rendered":"Becarios de Investigaci\u00f3n"},"content":{"rendered":"<h4><span style=\"color: #003366\"><strong>Becas 2024<\/strong><\/span><\/h4>\n<h4><span style=\"color: #003366\">Becarios estudiantiles<\/span><\/h4>\n<ul>\n<li>Beca BEI otorgada por SCAIT de la Universidad Nacional de Tucum\u00e1n. La alumno Mat\u00edas G\u00f3mez\u00a0 estudiante avanzado de la Licenciatura en Administraci\u00f3n, ha resultado seleccionado con la <strong>Beca BEI.<\/strong> Su trabajo \u00abAn\u00e1lisis de supervivencia: Aplicado en la Gesti\u00f3n del Tiempo de devoluci\u00f3n de envases\u00bb fue <strong>dirigido por el Esp. Marcelo Medina <\/strong>durante el periodo 2024<\/li>\n<\/ul>\n<h4><span style=\"color: #003366\">Becas de Intercambio<\/span><\/h4>\n<ul>\n<li><strong>PILA Virtual 1\u00b0 Semestre 2024<br \/>\n<\/strong>Alumno: Luciana Ucciardello<br \/>\nNombre de la Instituci\u00f3n de destino:<strong> Universidad Aut\u00f3noma Ciudad Ju\u00e1rez &#8211; <\/strong>Pa\u00eds: <b>M\u00e9xico<\/b><\/li>\n<\/ul>\n<h4><span style=\"color: #003366\"><strong>Becas 2022 &#8211; 2023<\/strong><\/span><\/h4>\n<h4><span style=\"color: #003366\">Becarios estudiantiles<\/span><\/h4>\n<ul>\n<li>Beca CIUNT otorgada por el Consejo Superior de la Universidad Nacional de Tucum\u00e1n. La alumna <strong>Agustina Maza Zurita<\/strong> de la Licenciatura en Administraci\u00f3n y ayudante estudiantil de la c\u00e1tedra de \u201cProducci\u00f3n II\u201d, ha resultado seleccionada con la <strong>Beca CIUNT.<\/strong> Su trabajo fue <strong>dirigido por el Esp. Marcelo Medina <\/strong>durante el periodo noviembre 2021 a octubre 2022.<\/li>\n<li>Beca CIN otorgada por el Consejo Interuniversitario Nacional. La alumna <strong>Victoria Agostina Corbalan Parada<\/strong> de la Licenciatura en Administraci\u00f3n, ha resultado seleccionada con la <strong>Beca CIN .<\/strong> Su trabajo est\u00e1 siendo <strong>dirigido por Esp. Marcelo Medina <\/strong>durante el periodo setiembre 2022 a agosto 2023.<\/li>\n<\/ul>\n<h4><span style=\"color: #003366\">\u00a0Becas de Intercambio<\/span><\/h4>\n<ul>\n<li><strong>PILA Virtual 1\u00b0 Semestre 2022<br \/>\n<\/strong>Alumno: Mat\u00edas Gabriel Testa Astigueta<br \/>\nAlumno: El\u00edas Andr\u00e9s Albarrac\u00edn<br \/>\nNombre de la Instituci\u00f3n de destino:<strong> Universidad Tecnol\u00f3gica de Bol\u00edvar &#8211; <\/strong>Pa\u00eds: <strong><strong>Colombia<\/strong><\/strong><\/li>\n<li><strong>ESCALA presencial 2\u00b0 Semestre 2022<br \/>\n<\/strong>Alumna: Eugenia Via\u00f1a Frias Silva<br \/>\nNombre de la Instituci\u00f3n de destino:<strong> Universidad de la Rep\u00fablica &#8211; <\/strong>Pa\u00eds: <strong>Uruguay<\/strong><\/li>\n<\/ul>\n<p><strong>\u00a0<\/strong><strong style=\"color: #003366;font-family: Roboto, sans-serif;font-size: 19px\">Becas 2021<\/strong><\/p>\n<h4><span style=\"color: #003366\">Becarios estudiantiles<\/span><\/h4>\n<p><strong>\u00a0<\/strong>Beca CIUNT otorgada por el Consejo Superior de la Universidad Nacional de Tucum\u00e1n. La alumna <strong>Agustina Maza Zurita<\/strong> de la Licenciatura en Administraci\u00f3n y ayudante estudiantil de la c\u00e1tedra de \u201cProducci\u00f3n II\u201d, ha resultado seleccionada con la <strong>Beca CIUNT.<\/strong> Su trabajo fue <strong>dirigido por Lic. Marcelo Medina.<\/strong><\/p>\n<h4><span style=\"color: #003366\">Becas de Intercambio<\/span><\/h4>\n<ul>\n<li>Programas virtuales correspondientes al 2\u00b0 semestre 2021, en programas \u00a0Pila y Escala el alumno <strong>Corbal\u00e1n Parada, Victoria Agostina<\/strong>\u00a0ha resultado seleccionado con la <strong>beca Escala para alumnos de Administraci\u00f3n o Econom\u00eda para Instituto Tecnol\u00f3gico Superior de Teziutl\u00e1n (Mexico)<\/strong>.<\/li>\n<li>Programas virtuales correspondientes al 2\u00b0 semestre 2021, en programas \u00a0Pila y Escala el alumno <strong>Antunez, Diego<\/strong> ha resultado seleccionado con la <strong><strong>beca Escala para alumnos de Administraci\u00f3n o Econom\u00eda para Universidad Tecnol\u00f3gica de Bol\u00edvar <\/strong>(Cartagena de Indias)<\/strong>\n<p style=\"font-weight: 400\">Colombia<\/p>\n<\/li>\n<\/ul>\n<h4><span style=\"color: #003366\"><strong>Becas 2019 . 2020<\/strong><\/span><\/h4>\n<h4><span style=\"color: #003366\">Becas de Posgrado<\/span><\/h4>\n<ul>\n<li>Becas de posgrado de la convocatoria 2019 del Consejo de Investigaciones SCAIT. T\u00edtulo del Proyecto: \u201cConocimientos en Seguridad de la Informaci\u00f3n requeridos por Profesionales en Ciencias Econ\u00f3micas para la Gesti\u00f3n Estrat\u00e9gica de Negocios\u201d. <strong>Becario: Garc\u00eda, Marcelo Adri\u00e1n.<\/strong> Seleccionado Convocatoria Septiembre 2020. \u00c1rea del Conocimiento: Administraci\u00f3n \/ Sistemas de Informaci\u00f3n Fac. Cs Econ\u00f3micas. Resoluc. N\u00b0 1355 2015. <strong>Directora: Mar\u00eda Alejandra Masclef<\/strong><\/li>\n<li>Becas de posgrado de la convocatoria 2019 del Consejo de Investigaciones SCAIT. T\u00edtulo del Proyecto: \u201cAn\u00e1lisis de Filas de Espera en la la Atenci\u00f3n de un Centro M\u00e9dico\u201d. <strong>Becario: Albaca Parav\u00e1n, Carlos<\/strong>. Seleccionado Convocatoria Septiembre 2020. \u00c1rea del Conocimiento: Administraci\u00f3n \/ Investigaci\u00f3n Operativa. Fac. Cs Econ\u00f3micas. Resoluc. N\u00b0 1355 2015. <strong>Director: Marcelo Enrique Medina Galv\u00e1n<\/strong><\/li>\n<li>Becas de posgrado de la convocatoria 2019 del Consejo de Investigaciones SCAIT. T\u00edtulo del Proyecto: \u201cDesarrollo de Competencias Blandas en la Licenciatura en Administraci\u00f3n\u201d. <strong>Becario: Garc\u00eda, Javier Antonio<\/strong>. Seleccionado Convocatoria Septiembre 2020. \u00c1rea del Conocimiento: Administraci\u00f3n \/ Habilidades Gerenciales. Fac. Cs Econ\u00f3micas. Resoluc. N\u00b0 1355 2015. <strong>Directora: Silvia Usandivaras<\/strong><\/li>\n<\/ul>\n<h4><span style=\"color: #003366\">Becas Estudiantiles\u00a0<\/span><\/h4>\n<ul>\n<li>Beca\u00a0de Investigaci\u00f3n para Estudiantes: \u201cAplicaci\u00f3n de redes neuronales artificiales para la predicci\u00f3n del \u00edndice MERVAL\u201d. <strong>Becario: Nayar Giselle.<\/strong> <strong>Director: Jorge Rospide<\/strong>. Universidad Nacional de Tucum\u00e1n. Noviembre 2019 \u2013 Octubre 2020<\/li>\n<li>Beca de Investigaci\u00f3n para Estudiantes: \u201cAplicaci\u00f3n de Big Data y Anal\u00edtica de negocios en la gesti\u00f3n de peque\u00f1as y medianas empresas: aplicaciones y casos de estudio\u201d. <strong>Becaria: Florencia Dominguez. Director: Marcelo E. Medina Galv\u00e1n.<\/strong> Beca CIN \u2013 Consejo Interuniversitario Nacional, junio 2019 \u2013 mayo 2020.<\/li>\n<li>Beca de Investigaci\u00f3n para Estudiantes: \u201cEvaluaci\u00f3n y Medici\u00f3n del grado de ense\u00f1anza de habilidades blandas en la Licenciatura en Administraci\u00f3n\u201d. <strong>Becario: Alejandro Medina de la Fuente. Director: Marcelo E. Medina Galv\u00e1n.<\/strong> Universidad Nacional de Tucum\u00e1n. Noviembre 2019 \u2013 octubre 2020.<\/li>\n<\/ul>\n<p><span style=\"color: #003366\"><strong>Becas 2018 <\/strong><\/span><\/p>\n<p><span style=\"color: #003366\">Becas <\/span><span style=\"color: #003366\">Estudiantiles\u00a0<\/span><span style=\"color: #003366\">2018<\/span><\/p>\n<ul>\n<li>Beca de Investigaci\u00f3n para Estudiantes: \u201cBig Data y Anal\u00edtica de Negocios para la Gesti\u00f3n de una Unidad Acad\u00e9mica: estudio de caso en la Facultad de Ciencias Econ\u00f3micas de la Universidad Nacional de Tucum\u00e1n\u201d. <strong>Fern\u00e1ndez Fiorenza, Mar\u00eda Pilar. Director: Profesor Marcelo Medina. <\/strong>UNT 2018<\/li>\n<li>Beca de Investigaci\u00f3n para Estudiantes: \u201cObtenci\u00f3n, sistematizaci\u00f3n y an\u00e1lisis de datos estad\u00edsticos sobre empleabilidad y formaci\u00f3n de competencias en empresas de San miguel de Tucum\u00e1n\u201d. <strong>Jantus Arias, Mar\u00eda del Valle. Director: Carolina Ferreyra. <\/strong>U.N.T. del 19 de Marzo de 2018.<\/li>\n<\/ul>\n<p><span style=\"color: #003366\"><strong>Becas <\/strong><\/span><span style=\"color: #003366\"><strong>2017<\/strong><\/span><\/p>\n<p><span style=\"color: #003366\">Intecambio Estudiantil 2017<\/span><\/p>\n<ul>\n<li>En la convocatoria al Programa Escala con apoyo del Instituto de Administraci\u00f3n, el alumno <strong>Juan Jos\u00e9 D\u00edaz<\/strong>. Carrera: Licenciatura en Administraci\u00f3n, fue seleccionado para la Republica de <strong>Paraguay;<\/strong> en 1\u00b0 Semestre 2018 por el Comit\u00e9 evaluador de Relaciones Internacionales UNT.<\/li>\n<\/ul>\n<p><strong><span style=\"color: #003366\">Becas 2016<\/span><\/strong><\/p>\n<p><span style=\"color: #003366\">Intercambio Estudiantil<\/span><\/p>\n<ul>\n<li>Programa Escala el alumno <strong>Quintana Sergio<\/strong> ha resultado seleccionado con la <strong>beca Escala para alumnos de Administraci\u00f3n o Econom\u00eda para la Universidad Estadual de Campinas (Brasil)<\/strong>. En evaluaci\u00f3n efectuada por Relaciones internacionales el d\u00eda 20\/04.<\/li>\n<\/ul>\n<p><strong><span style=\"color: #003366\">Becas 2015 <\/span><\/strong><\/p>\n<p><span style=\"color: #003366\">Becas <\/span><span style=\"color: #003366\">Estudiantiles\u00a0<\/span><span style=\"color: #003366\">2015<\/span><\/p>\n<ul>\n<li>Beca de Investigaci\u00f3n para estudiantes\u00a0 \u201cLa Inteligencia de Negocios aplicada a la Administraci\u00f3n del Conocimiento para la obtenci\u00f3n de ventajas competitivas en organizaciones\u201d. <strong>Becario: Garc\u00eda, Marcelo Adri\u00e1n.<\/strong> \u00c1rea del Conocimiento: Administraci\u00f3n \/ Sistemas de Informaci\u00f3n Fac. Cs Econ\u00f3micas. Resoluc. N\u00b0 1355 2015. <strong>Directora: Prof. Alejandra Masclef.<\/strong><\/li>\n<li>Beca de Investigaci\u00f3n para estudiantes Convocatoria de Becas Estudiantiles de Investigaci\u00f3n 2015. Proyecto: \u201cEl Neuromanagement y su Contribuci\u00f3n a la Gesti\u00f3n de Capital Humano en una Unidad Acad\u00e9mica\u201d. <strong>Becario: Garc\u00eda, Javier Antonio. <\/strong>\u00c1rea del Conocimiento: Administraci\u00f3n \/ Gesti\u00f3n organizacional \u00a0Fac. Cs Econ\u00f3micas.\u00a0Resoluc. N\u00b0 1355 2015. Director:<strong> Prof. Medina Galv\u00e1n, Marcelo<\/strong><\/li>\n<\/ul>\n<p><span style=\"color: #003366\">Intercambio estudiantil<\/span><\/p>\n<ul>\n<li>Programa Escala. <strong>Alumno: Ezequiel Calvo.<\/strong> Carrera: Licenciatura en Administraci\u00f3n. Destino: <strong>Universidad de Asunci\u00f3n, Paraguay.<\/strong> 1\u00b0 Semestre 2015. Comit\u00e9 evaluador: Relaciones Internacionales UNT<\/li>\n<li>Alumnos de intercambio internacional que cursaron Comercializaci\u00f3n I, de la Universidad de Rennes (Alemania): 14CA49463, Bertevas, Thomas; 14A245993:\u00a0\u00a0\u00a0 Breton, Benjam\u00edn; 14AR9667 Allio, Lucile, 14AA16353: Gauvin, Agathe.<\/li>\n<\/ul>\n<p><span style=\"background-color: #ffffff;color: #003366\"><strong>Becas 2014<\/strong><\/span><\/p>\n<p><span style=\"color: #003366\">Intercambio Estudiantil<\/span><\/p>\n<ul>\n<li>Se realizaron intercambios educativos. Atreves de los programas JIMA se recibi\u00f3 una alumna de M\u00e9xico y para el <strong>programa Escala fue el alumno Santiago Adorni<\/strong> de la Licenciatura en Administraci\u00f3n a la Universidad de Asunci\u00f3n. Paraguay.<\/li>\n<\/ul>\n<p><span style=\"color: #003366\"><strong>Becas 2011 a 2013 <\/strong><\/span><\/p>\n<p><span style=\"color: #003366\">Becas <\/span><span style=\"color: #003366\">Estudiantiles\u00a0<\/span><\/p>\n<ul>\n<li>Beca CIUNT ganada: \u201cPlan estrat\u00e9gico de Recursos Humanos en la Cooperativa Norte Grande\u201d <strong>Becaria: Cecilia D\u00edaz Campo. Director: Marcelo Medina<\/strong><\/li>\n<\/ul>\n<p><span style=\"color: #003366\">Intercambio Estudiantil<\/span><\/p>\n<ul>\n<li>Programa Escala Estudiantil AUGM convocatoria 2012. <strong>Candidata seleccionada: Srta. Cecilia D\u00edaz Campo.<\/strong> Integrante Comit\u00e9 de Evaluaci\u00f3n y Selecci\u00f3n de candidatos del Programa Escala Estudiantil AUGM: Evaluadora: Cra. Alejandra Masclef. Universidad Federal de Santa Catarina \u2013 1er Sem. 2012<\/li>\n<\/ul>\n","protected":false},"excerpt":{"rendered":"<p>Becas 2024 Becarios estudiantiles Beca BEI otorgada por SCAIT de la Universidad Nacional de Tucum\u00e1n. La alumno Mat\u00edas G\u00f3mez\u00a0 estudiante avanzado de la Licenciatura en Administraci\u00f3n, ha resultado seleccionado con la Beca BEI. Su trabajo \u00abAn\u00e1lisis de supervivencia: Aplicado en la Gesti\u00f3n del Tiempo de devoluci\u00f3n de envases\u00bb fue dirigido por el Esp. Marcelo Medina [&hellip;]<\/p>\n","protected":false},"author":9,"featured_media":0,"parent":0,"menu_order":0,"comment_status":"closed","ping_status":"closed","template":"","meta":{"footnotes":""},"_links":{"self":[{"href":"https:\/\/face.unt.edu.ar\/web\/iadmin\/wp-json\/wp\/v2\/pages\/5000"}],"collection":[{"href":"https:\/\/face.unt.edu.ar\/web\/iadmin\/wp-json\/wp\/v2\/pages"}],"about":[{"href":"https:\/\/face.unt.edu.ar\/web\/iadmin\/wp-json\/wp\/v2\/types\/page"}],"author":[{"embeddable":true,"href":"https:\/\/face.unt.edu.ar\/web\/iadmin\/wp-json\/wp\/v2\/users\/9"}],"replies":[{"embeddable":true,"href":"https:\/\/face.unt.edu.ar\/web\/iadmin\/wp-json\/wp\/v2\/comments?post=5000"}],"version-history":[{"count":20,"href":"https:\/\/face.unt.edu.ar\/web\/iadmin\/wp-json\/wp\/v2\/pages\/5000\/revisions"}],"predecessor-version":[{"id":9135,"href":"https:\/\/face.unt.edu.ar\/web\/iadmin\/wp-json\/wp\/v2\/pages\/5000\/revisions\/9135"}],"wp:attachment":[{"href":"https:\/\/face.unt.edu.ar\/web\/iadmin\/wp-json\/wp\/v2\/media?parent=5000"}],"curies":[{"name":"wp","href":"https:\/\/api.w.org\/{rel}","templated":true}]}}