{"id":548,"date":"2014-07-31T18:36:47","date_gmt":"2014-07-31T21:36:47","guid":{"rendered":"http:\/\/mulki.com.ar\/iadmin\/?page_id=548"},"modified":"2022-04-27T12:56:27","modified_gmt":"2022-04-27T12:56:27","slug":"catedra-sistema-de-informacion-ii","status":"publish","type":"page","link":"https:\/\/face.unt.edu.ar\/web\/iadmin\/catedra-sistema-de-informacion-ii\/","title":{"rendered":"C\u00e1tedra Sistemas de Informaci\u00f3n II"},"content":{"rendered":"<h4><strong>Profesor\u00a0Titular<\/strong><\/h4>\n<p><span style=\"color: #000080\"><strong>Mar\u00eda Alejandra Masclef<br \/>\n<\/strong><\/span><span style=\"color: #000000\">Contador P\u00fablico Nacional<\/span><\/p>\n<h4><span style=\"color: #000000\"><strong>Profesor Adjunto<\/strong><\/span><\/h4>\n<p><span style=\"color: #000080\"><strong>Esteban Mulki<br \/>\n<\/strong><\/span><span style=\"color: #000000\">Licenciado en Administraci\u00f3n<\/span><\/p>\n<p><strong>Jefes de Trabajos Pr\u00e1cticos<\/strong><\/p>\n<p><span style=\"color: #000080\"><b>Maria Fernanda\u00a0Rodriguez<br \/>\n<\/b><\/span>\u00a0Especialista en Docencia Universitaria y Licenciada en Administraci\u00f3n<\/p>\n","protected":false},"excerpt":{"rendered":"<p>Profesor\u00a0Titular Mar\u00eda Alejandra Masclef Contador P\u00fablico Nacional Profesor Adjunto Esteban Mulki Licenciado en Administraci\u00f3n Jefes de Trabajos Pr\u00e1cticos Maria Fernanda\u00a0Rodriguez \u00a0Especialista en Docencia Universitaria y Licenciada en Administraci\u00f3n<\/p>\n","protected":false},"author":9,"featured_media":0,"parent":0,"menu_order":0,"comment_status":"closed","ping_status":"open","template":"","meta":{"footnotes":""},"_links":{"self":[{"href":"https:\/\/face.unt.edu.ar\/web\/iadmin\/wp-json\/wp\/v2\/pages\/548"}],"collection":[{"href":"https:\/\/face.unt.edu.ar\/web\/iadmin\/wp-json\/wp\/v2\/pages"}],"about":[{"href":"https:\/\/face.unt.edu.ar\/web\/iadmin\/wp-json\/wp\/v2\/types\/page"}],"author":[{"embeddable":true,"href":"https:\/\/face.unt.edu.ar\/web\/iadmin\/wp-json\/wp\/v2\/users\/9"}],"replies":[{"embeddable":true,"href":"https:\/\/face.unt.edu.ar\/web\/iadmin\/wp-json\/wp\/v2\/comments?post=548"}],"version-history":[{"count":7,"href":"https:\/\/face.unt.edu.ar\/web\/iadmin\/wp-json\/wp\/v2\/pages\/548\/revisions"}],"predecessor-version":[{"id":5490,"href":"https:\/\/face.unt.edu.ar\/web\/iadmin\/wp-json\/wp\/v2\/pages\/548\/revisions\/5490"}],"wp:attachment":[{"href":"https:\/\/face.unt.edu.ar\/web\/iadmin\/wp-json\/wp\/v2\/media?parent=548"}],"curies":[{"name":"wp","href":"https:\/\/api.w.org\/{rel}","templated":true}]}}