{"id":59,"date":"2013-05-28T16:45:45","date_gmt":"2013-05-28T16:45:45","guid":{"rendered":"http:\/\/mulki.com.ar\/iadmin\/?page_id=59"},"modified":"2023-02-08T13:43:58","modified_gmt":"2023-02-08T13:43:58","slug":"contacto","status":"publish","type":"page","link":"https:\/\/face.unt.edu.ar\/web\/iadmin\/contacto\/","title":{"rendered":"Contacto"},"content":{"rendered":"<p><b>Instituto de Administraci\u00f3n &#8211; FACE &#8211; UNT<\/b><\/p>\n<p>Av. Independencia 1900 &#8211; San Miguel de Tucum\u00e1n &#8211; Tucum\u00e1n &#8211; Secretaria: Box 28<\/p>\n<p>Tel: +54 9 381 4107557<\/p>\n<p><strong>email<\/strong>: <a href=\"mailto:insadmi@face.unt.edu.ar\">insadmi@face.unt.edu.ar<\/a><\/p>\n<p><strong>Canal de YouTube<\/strong>:<a href=\"https:\/\/www.youtube.com\/channel\/UCl0DqkZoou-GVtKgiFm_LRQ?app=desktop\"> <span style=\"color: #111111;font-family: Roboto, sans-serif;font-size: 22px\">Instituto de Administraci\u00f3n &#8211; FACE &#8211; UNT &#8211; YouTube<\/span><\/a><\/p>\n<p><strong>Instagram<\/strong>:\u00a0<a href=\"https:\/\/www.instagram.com\/inst_adm_face_unt\/?hl=es\">Instituto de Administraci\u00f3n (@inst_adm_face_unt) \u2022 Instagram &#8230;<\/a><\/p>\n<p><strong>Facebook<\/strong>:\u00a0<a href=\"https:\/\/www.facebook.com\/InstitutoDeAdministracion\">Instituto de Administraci\u00f3n &#8211; FACE, UNT &#8211; Facebook<\/a><\/p>\n","protected":false},"excerpt":{"rendered":"<p>Instituto de Administraci\u00f3n &#8211; FACE &#8211; UNT Av. Independencia 1900 &#8211; San Miguel de Tucum\u00e1n &#8211; Tucum\u00e1n &#8211; Secretaria: Box 28 Tel: +54 9 381 4107557 email: insadmi@face.unt.edu.ar Canal de YouTube: Instituto de Administraci\u00f3n &#8211; FACE &#8211; UNT &#8211; YouTube Instagram:\u00a0Instituto de Administraci\u00f3n (@inst_adm_face_unt) \u2022 Instagram &#8230; Facebook:\u00a0Instituto de Administraci\u00f3n &#8211; FACE, UNT &#8211; Facebook<\/p>\n","protected":false},"author":1,"featured_media":0,"parent":0,"menu_order":0,"comment_status":"closed","ping_status":"open","template":"","meta":{"footnotes":""},"_links":{"self":[{"href":"https:\/\/face.unt.edu.ar\/web\/iadmin\/wp-json\/wp\/v2\/pages\/59"}],"collection":[{"href":"https:\/\/face.unt.edu.ar\/web\/iadmin\/wp-json\/wp\/v2\/pages"}],"about":[{"href":"https:\/\/face.unt.edu.ar\/web\/iadmin\/wp-json\/wp\/v2\/types\/page"}],"author":[{"embeddable":true,"href":"https:\/\/face.unt.edu.ar\/web\/iadmin\/wp-json\/wp\/v2\/users\/1"}],"replies":[{"embeddable":true,"href":"https:\/\/face.unt.edu.ar\/web\/iadmin\/wp-json\/wp\/v2\/comments?post=59"}],"version-history":[{"count":3,"href":"https:\/\/face.unt.edu.ar\/web\/iadmin\/wp-json\/wp\/v2\/pages\/59\/revisions"}],"predecessor-version":[{"id":6223,"href":"https:\/\/face.unt.edu.ar\/web\/iadmin\/wp-json\/wp\/v2\/pages\/59\/revisions\/6223"}],"wp:attachment":[{"href":"https:\/\/face.unt.edu.ar\/web\/iadmin\/wp-json\/wp\/v2\/media?parent=59"}],"curies":[{"name":"wp","href":"https:\/\/api.w.org\/{rel}","templated":true}]}}