{"id":61,"date":"2013-05-28T16:45:57","date_gmt":"2013-05-28T16:45:57","guid":{"rendered":"http:\/\/mulki.com.ar\/iadmin\/?page_id=61"},"modified":"2014-09-19T14:53:01","modified_gmt":"2014-09-19T14:53:01","slug":"enlaces","status":"publish","type":"page","link":"https:\/\/face.unt.edu.ar\/web\/iadmin\/enlaces\/","title":{"rendered":"Enlaces"},"content":{"rendered":"<p><a href=\"http:\/\/face.unt.edu.ar\/web\/\">&#8211; <strong>Facultad de Ciencias Econ\u00f3micas &#8211; UNT<\/strong><\/a><\/p>\n<p>&#8211; <strong><a href=\"http:\/\/www.campusvirtual.unt.edu.ar\/course\/category.php?id=49\" target=\"_blank\">Campus Virtual Universidad Nacional de Tucum\u00e1n, Facultad de Ciencias Econ\u00f3micas, Carreras de Grado, Licenciado en Administraci\u00f3n de Empresas<\/a><\/strong><\/p>\n<p>&#8211; <strong><a href=\"http:\/\/www.ct.unt.edu.ar\/\" target=\"_blank\">Secretar\u00eda de Ciencia y T\u00e9cnica &#8211; UNT<\/a><\/strong><\/p>\n","protected":false},"excerpt":{"rendered":"<p>&#8211; Facultad de Ciencias Econ\u00f3micas &#8211; UNT &#8211; Campus Virtual Universidad Nacional de Tucum\u00e1n, Facultad de Ciencias Econ\u00f3micas, Carreras de Grado, Licenciado en Administraci\u00f3n de Empresas &#8211; Secretar\u00eda de Ciencia y T\u00e9cnica &#8211; UNT<\/p>\n","protected":false},"author":1,"featured_media":0,"parent":0,"menu_order":0,"comment_status":"closed","ping_status":"open","template":"","meta":{"footnotes":""},"_links":{"self":[{"href":"https:\/\/face.unt.edu.ar\/web\/iadmin\/wp-json\/wp\/v2\/pages\/61"}],"collection":[{"href":"https:\/\/face.unt.edu.ar\/web\/iadmin\/wp-json\/wp\/v2\/pages"}],"about":[{"href":"https:\/\/face.unt.edu.ar\/web\/iadmin\/wp-json\/wp\/v2\/types\/page"}],"author":[{"embeddable":true,"href":"https:\/\/face.unt.edu.ar\/web\/iadmin\/wp-json\/wp\/v2\/users\/1"}],"replies":[{"embeddable":true,"href":"https:\/\/face.unt.edu.ar\/web\/iadmin\/wp-json\/wp\/v2\/comments?post=61"}],"version-history":[{"count":4,"href":"https:\/\/face.unt.edu.ar\/web\/iadmin\/wp-json\/wp\/v2\/pages\/61\/revisions"}],"predecessor-version":[{"id":1488,"href":"https:\/\/face.unt.edu.ar\/web\/iadmin\/wp-json\/wp\/v2\/pages\/61\/revisions\/1488"}],"wp:attachment":[{"href":"https:\/\/face.unt.edu.ar\/web\/iadmin\/wp-json\/wp\/v2\/media?parent=61"}],"curies":[{"name":"wp","href":"https:\/\/api.w.org\/{rel}","templated":true}]}}