{"id":662,"date":"2014-08-07T11:45:01","date_gmt":"2014-08-07T14:45:01","guid":{"rendered":"http:\/\/mulki.com.ar\/iadmin\/?page_id=662"},"modified":"2014-09-15T21:17:24","modified_gmt":"2014-09-15T21:17:24","slug":"plan-de-estudios-1983","status":"publish","type":"page","link":"https:\/\/face.unt.edu.ar\/web\/iadmin\/plan-de-estudios-1983\/","title":{"rendered":"Plan de Estudios 1983"},"content":{"rendered":"<h4><strong>Carrera:<\/strong>\u00a0Licenciado en Administraci\u00f3n<\/h4>\n<h4><strong>T\u00edtulo:<\/strong>\u00a0Licenciado en Administraci\u00f3n de Empresas<\/h4>\n<h4><strong>Duraci\u00f3n:<\/strong>\u00a06 a\u00f1os<\/h4>\n<h3>1\u00ba a\u00f1o<\/h3>\n<ul>\n<li>Contabilidad I<\/li>\n<li>Algebra<\/li>\n<li>L\u00f3gica y Metodolog\u00eda de la Ciencia<\/li>\n<li>Introducci\u00f3n al An\u00e1lisis Matem\u00e1tico<\/li>\n<li>Derecho Civil<\/li>\n<li>Historia Econ\u00f3mica<\/li>\n<\/ul>\n<h3>2\u00ba a\u00f1o<\/h3>\n<ul>\n<li>Introducci\u00f3n a la Econom\u00eda<\/li>\n<li>An\u00e1lisis Matem\u00e1tico<\/li>\n<li>Administraci\u00f3n I<\/li>\n<li>Contabilidad II<\/li>\n<li>Estad\u00edstica<\/li>\n<li>Derecho Comercial<\/li>\n<\/ul>\n<h3>3\u00ba a\u00f1o<\/h3>\n<ul>\n<li>Econom\u00eda I<\/li>\n<li>Matem\u00e1tica Financiera<\/li>\n<li>Comercializaci\u00f3n I<\/li>\n<li>Finanzas de Empresas I<\/li>\n<li>Contabilidad Gerencial<\/li>\n<\/ul>\n<h3>4\u00ba a\u00f1o<\/h3>\n<ul>\n<li>Estad\u00edstica I<\/li>\n<li>Administraci\u00f3n de la Producci\u00f3n I<\/li>\n<li>Preseminario<\/li>\n<li>Administraci\u00f3n II<\/li>\n<li>Administraci\u00f3n de Personal<\/li>\n<li>Organizaci\u00f3n Contable de Empresas I<\/li>\n<li>Derecho del Trabajo y la Seguridad Social<\/li>\n<\/ul>\n<h3>5\u00ba a\u00f1o<\/h3>\n<ul>\n<li>Teor\u00eda de la Organizaci\u00f3n<\/li>\n<li>Computaci\u00f3n I<\/li>\n<li>Finanzas de Empresas II<\/li>\n<li>Administraci\u00f3n de la Producci\u00f3n II<\/li>\n<\/ul>\n<h3>6\u00ba a\u00f1o<\/h3>\n<ul>\n<li>Seminario<\/li>\n<li>Formulaci\u00f3n y Evaluaci\u00f3n de Proyectos<\/li>\n<li>Comercializaci\u00f3n II<\/li>\n<li>Optativa I<\/li>\n<\/ul>\n<h3>Optativas<\/h3>\n<ul>\n<li>Investigaci\u00f3n Operativa<\/li>\n<li>Teor\u00eda de los Precios I<\/li>\n<li>Sociolog\u00eda<\/li>\n<li>Computaci\u00f3n II<\/li>\n<\/ul>\n","protected":false},"excerpt":{"rendered":"<p>Carrera:\u00a0Licenciado en Administraci\u00f3n T\u00edtulo:\u00a0Licenciado en Administraci\u00f3n de Empresas Duraci\u00f3n:\u00a06 a\u00f1os 1\u00ba a\u00f1o Contabilidad I Algebra L\u00f3gica y Metodolog\u00eda de la Ciencia Introducci\u00f3n al An\u00e1lisis Matem\u00e1tico Derecho Civil Historia Econ\u00f3mica 2\u00ba a\u00f1o Introducci\u00f3n a la Econom\u00eda An\u00e1lisis Matem\u00e1tico Administraci\u00f3n I Contabilidad II Estad\u00edstica Derecho Comercial 3\u00ba a\u00f1o Econom\u00eda I Matem\u00e1tica Financiera Comercializaci\u00f3n I Finanzas de Empresas [&hellip;]<\/p>\n","protected":false},"author":9,"featured_media":0,"parent":0,"menu_order":0,"comment_status":"closed","ping_status":"open","template":"","meta":{"footnotes":""},"_links":{"self":[{"href":"https:\/\/face.unt.edu.ar\/web\/iadmin\/wp-json\/wp\/v2\/pages\/662"}],"collection":[{"href":"https:\/\/face.unt.edu.ar\/web\/iadmin\/wp-json\/wp\/v2\/pages"}],"about":[{"href":"https:\/\/face.unt.edu.ar\/web\/iadmin\/wp-json\/wp\/v2\/types\/page"}],"author":[{"embeddable":true,"href":"https:\/\/face.unt.edu.ar\/web\/iadmin\/wp-json\/wp\/v2\/users\/9"}],"replies":[{"embeddable":true,"href":"https:\/\/face.unt.edu.ar\/web\/iadmin\/wp-json\/wp\/v2\/comments?post=662"}],"version-history":[{"count":1,"href":"https:\/\/face.unt.edu.ar\/web\/iadmin\/wp-json\/wp\/v2\/pages\/662\/revisions"}],"predecessor-version":[{"id":1090,"href":"https:\/\/face.unt.edu.ar\/web\/iadmin\/wp-json\/wp\/v2\/pages\/662\/revisions\/1090"}],"wp:attachment":[{"href":"https:\/\/face.unt.edu.ar\/web\/iadmin\/wp-json\/wp\/v2\/media?parent=662"}],"curies":[{"name":"wp","href":"https:\/\/api.w.org\/{rel}","templated":true}]}}