{"id":668,"date":"2014-08-07T11:57:18","date_gmt":"2014-08-07T14:57:18","guid":{"rendered":"http:\/\/mulki.com.ar\/iadmin\/?page_id=668"},"modified":"2014-09-15T21:19:44","modified_gmt":"2014-09-15T21:19:44","slug":"plan-de-estudios-2014","status":"publish","type":"page","link":"https:\/\/face.unt.edu.ar\/web\/iadmin\/plan-de-estudios-2014\/","title":{"rendered":"Plan de Estudios 2014"},"content":{"rendered":"<h4><strong>T\u00edtulo<\/strong>: Licenciado en Administraci\u00f3n<\/h4>\n<h4><strong>Materias<\/strong>: 34 (incluye 4 talleres)<\/h4>\n<h4><strong>Duraci\u00f3n<\/strong>: Cinco (5) a\u00f1os de cursado<\/h4>\n<h3><span style=\"color: #000080\">Perfil profesional y campo laboral:<\/span><\/h3>\n<p>El licenciado en administraci\u00f3n de la UNT tiene una orientaci\u00f3n generalista, con competencias para el desempe\u00f1o en funciones gerenciales, en roles t\u00e9cnico-funcionales, tareas de consultor\u00eda o impulsor de emprendimientos.<\/p>\n<p>Puede desempe\u00f1arse en relaci\u00f3n de dependencia, ocupando cargos jer\u00e1rquicos y de asesoramiento en la alta direcci\u00f3n y a nivel gerencial en todo tipo de organizaciones, ya sean privadas, p\u00fablicas, estatales, con o sin fines de lucro.<\/p>\n<p>Tambi\u00e9n, como profesional independiente, puede realizar an\u00e1lisis y elaboraci\u00f3n de estrategias de comercializaci\u00f3n, asesoramiento financiero, elaboraci\u00f3n de planes de producci\u00f3n, elaboraci\u00f3n de planes de producci\u00f3n, formulaci\u00f3n y evaluaci\u00f3n de proyectos de inversi\u00f3n, asesoramiento e impulso de emprendimientos, dise\u00f1o e implementaci\u00f3n de sistemas de procesamiento de datos e informaci\u00f3n y gesti\u00f3n de recursos humanos.<\/p>\n<h4>1er A\u00f1o:<\/h4>\n<ol>\n<li>Matem\u00e1tica I<\/li>\n<li>Contabilidad Financiera<\/li>\n<li>Principios de Econom\u00eda I<\/li>\n<li>Matem\u00e1tica II<\/li>\n<li>Administraci\u00f3n<\/li>\n<li>Derecho Empresario I<\/li>\n<\/ol>\n<h4>2\u00b0 A\u00f1o:<\/h4>\n<ol>\n<li>Costos I<\/li>\n<li>Taller Matem\u00e1tica Financiera<\/li>\n<li>Sistemas de Informaci\u00f3n I<\/li>\n<li>Estad\u00edstica<\/li>\n<li>Derecho Societario<\/li>\n<li>Principios de Econom\u00eda II<\/li>\n<\/ol>\n<h4>3er A\u00f1o:<\/h4>\n<ol>\n<li>Estad\u00edstica Inferencial<\/li>\n<li>Comportamiento Organizacional<\/li>\n<li>Taller Legislaci\u00f3n y Pr\u00e1ctica Impositiva<\/li>\n<li>Contabilidad Gerencial<\/li>\n<li>Comercializaci\u00f3n I<\/li>\n<li>Organizaci\u00f3n Contable de Empresas I<\/li>\n<li>Taller Derecho del Trabajo y Seguridad Social<\/li>\n<li>Administraci\u00f3n de Operaciones<\/li>\n<\/ol>\n<h4>4\u00b0 A\u00f1o:<\/h4>\n<ol>\n<li>Finanzas de Empresas I<\/li>\n<li>Comercializaci\u00f3n II<\/li>\n<li>Taller de Metodolog\u00eda de Investigaci\u00f3n en Administraci\u00f3n<\/li>\n<li>Administraci\u00f3n de Recursos Humanos<\/li>\n<li>Finanzas de Empresas II<\/li>\n<li>Administraci\u00f3n de Operaciones II<\/li>\n<li>Optativa I<\/li>\n<\/ol>\n<h4>5\u00b0 A\u00f1o:<\/h4>\n<ol>\n<li>Formulaci\u00f3n y Evaluaci\u00f3n de Proyectos<\/li>\n<li>An\u00e1lisis Cuantitativo de Negocios I<\/li>\n<li>Optativa II<\/li>\n<li>Optativa III<\/li>\n<li>Direcci\u00f3n Estrat\u00e9gica I<\/li>\n<li>Opciones de Pr\u00e1ctica Profesional<\/li>\n<li>Optativa IV<\/li>\n<\/ol>\n<h4>Optativas<\/h4>\n<ol>\n<li>Actualizaci\u00f3n en Temas de Administraci\u00f3n<\/li>\n<li>Desarrollo de Competencias Emprendedoras<\/li>\n<li>Desarrollo de Habilidades Gerenciales<\/li>\n<li>Direcci\u00f3n Estrat\u00e9gica II<\/li>\n<li>Estructura y Procesos<\/li>\n<li>Historia del Pensamiento Administrativo<\/li>\n<li>Sociolog\u00eda<\/li>\n<li>Temas de Administraci\u00f3n P\u00fablica<\/li>\n<li>Control de Gesti\u00f3n<\/li>\n<li>Historia Econ\u00f3mica Aplicada<\/li>\n<li>Actualizaci\u00f3n en Temas de Finanzas<\/li>\n<li>Actualizaci\u00f3n en Temas de Administraci\u00f3n de Operaciones<\/li>\n<li>Administraci\u00f3n de Recursos Humanos II<\/li>\n<li>An\u00e1lisis Cuantitativo de Negocios II<\/li>\n<li>L\u00f3gica y Metodolog\u00eda de la Investigaci\u00f3n<\/li>\n<li>L\u00f3gica Matem\u00e1tica<\/li>\n<li>Matem\u00e1tica III<\/li>\n<li>Matem\u00e1tica Financiera II<\/li>\n<li>Teor\u00eda de las Decisiones<\/li>\n<li>Sistemas de Informaci\u00f3n II<\/li>\n<li>An\u00e1lisis y Dise\u00f1o de Sistemas<\/li>\n<li>Seguridad y Control de Sistemas Inform\u00e1ticos<\/li>\n<\/ol>\n<p>&nbsp;<\/p>\n","protected":false},"excerpt":{"rendered":"<p>T\u00edtulo: Licenciado en Administraci\u00f3n Materias: 34 (incluye 4 talleres) Duraci\u00f3n: Cinco (5) a\u00f1os de cursado Perfil profesional y campo laboral: El licenciado en administraci\u00f3n de la UNT tiene una orientaci\u00f3n generalista, con competencias para el desempe\u00f1o en funciones gerenciales, en roles t\u00e9cnico-funcionales, tareas de consultor\u00eda o impulsor de emprendimientos. Puede desempe\u00f1arse en relaci\u00f3n de dependencia, [&hellip;]<\/p>\n","protected":false},"author":9,"featured_media":0,"parent":0,"menu_order":0,"comment_status":"closed","ping_status":"open","template":"","meta":{"footnotes":""},"_links":{"self":[{"href":"https:\/\/face.unt.edu.ar\/web\/iadmin\/wp-json\/wp\/v2\/pages\/668"}],"collection":[{"href":"https:\/\/face.unt.edu.ar\/web\/iadmin\/wp-json\/wp\/v2\/pages"}],"about":[{"href":"https:\/\/face.unt.edu.ar\/web\/iadmin\/wp-json\/wp\/v2\/types\/page"}],"author":[{"embeddable":true,"href":"https:\/\/face.unt.edu.ar\/web\/iadmin\/wp-json\/wp\/v2\/users\/9"}],"replies":[{"embeddable":true,"href":"https:\/\/face.unt.edu.ar\/web\/iadmin\/wp-json\/wp\/v2\/comments?post=668"}],"version-history":[{"count":2,"href":"https:\/\/face.unt.edu.ar\/web\/iadmin\/wp-json\/wp\/v2\/pages\/668\/revisions"}],"predecessor-version":[{"id":1092,"href":"https:\/\/face.unt.edu.ar\/web\/iadmin\/wp-json\/wp\/v2\/pages\/668\/revisions\/1092"}],"wp:attachment":[{"href":"https:\/\/face.unt.edu.ar\/web\/iadmin\/wp-json\/wp\/v2\/media?parent=668"}],"curies":[{"name":"wp","href":"https:\/\/api.w.org\/{rel}","templated":true}]}}