{"id":7290,"date":"2024-03-22T20:32:04","date_gmt":"2024-03-22T20:32:04","guid":{"rendered":"https:\/\/face.unt.edu.ar\/web\/iadmin\/?page_id=7290"},"modified":"2026-02-04T11:39:48","modified_gmt":"2026-02-04T11:39:48","slug":"practica-profesional-la","status":"publish","type":"page","link":"https:\/\/face.unt.edu.ar\/web\/iadmin\/practica-profesional-la\/","title":{"rendered":"Pr\u00e1ctica Profesional LA"},"content":{"rendered":"<p>Trabajos de la Pr\u00e1ctica Profesional de la Licenciatura en Administraci\u00f3n<\/p>\n<p><a href=\"https:\/\/face.unt.edu.ar\/web\/iadmin\/practica-profesional-la-2025\/\">A\u00f1o 2025<\/a><\/p>\n<p><a href=\"https:\/\/face.unt.edu.ar\/web\/iadmin\/practica-profesional-la-2024\/\">A\u00f1o 2024<\/a><\/p>\n<p><a href=\"https:\/\/face.unt.edu.ar\/web\/iadmin\/practica-profesional-2023\/\">A\u00f1o 2023<\/a><\/p>\n<p><a href=\"https:\/\/face.unt.edu.ar\/web\/iadmin\/practica-profesional-2022\/\">A\u00f1o 2022<\/a><\/p>\n<p><a href=\"https:\/\/face.unt.edu.ar\/web\/iadmin\/practica-profesional-2021\/\">A\u00f1o 2021<\/a><\/p>\n<p><a href=\"https:\/\/face.unt.edu.ar\/web\/iadmin\/practica-profesional-2020\/\">A\u00f1o 2020<\/a><\/p>\n<p><a href=\"https:\/\/face.unt.edu.ar\/web\/iadmin\/practica-profesional-2019\/\">A\u00f1o 2019<\/a><\/p>\n<p><a href=\"https:\/\/face.unt.edu.ar\/web\/iadmin\/practica-profesional-2018\/\">A\u00f1o 2018<\/a><\/p>\n<p>&nbsp;<\/p>\n<p><a href=\"https:\/\/face.unt.edu.ar\/web\/iadmin\/practica-profesional-la-2017\/\">A\u00f1o 2017<\/a><\/p>\n","protected":false},"excerpt":{"rendered":"<p>Trabajos de la Pr\u00e1ctica Profesional de la Licenciatura en Administraci\u00f3n A\u00f1o 2025 A\u00f1o 2024 A\u00f1o 2023 A\u00f1o 2022 A\u00f1o 2021 A\u00f1o 2020 A\u00f1o 2019 A\u00f1o 2018 &nbsp; A\u00f1o 2017<\/p>\n","protected":false},"author":9,"featured_media":0,"parent":0,"menu_order":0,"comment_status":"closed","ping_status":"closed","template":"","meta":{"footnotes":""},"_links":{"self":[{"href":"https:\/\/face.unt.edu.ar\/web\/iadmin\/wp-json\/wp\/v2\/pages\/7290"}],"collection":[{"href":"https:\/\/face.unt.edu.ar\/web\/iadmin\/wp-json\/wp\/v2\/pages"}],"about":[{"href":"https:\/\/face.unt.edu.ar\/web\/iadmin\/wp-json\/wp\/v2\/types\/page"}],"author":[{"embeddable":true,"href":"https:\/\/face.unt.edu.ar\/web\/iadmin\/wp-json\/wp\/v2\/users\/9"}],"replies":[{"embeddable":true,"href":"https:\/\/face.unt.edu.ar\/web\/iadmin\/wp-json\/wp\/v2\/comments?post=7290"}],"version-history":[{"count":19,"href":"https:\/\/face.unt.edu.ar\/web\/iadmin\/wp-json\/wp\/v2\/pages\/7290\/revisions"}],"predecessor-version":[{"id":9857,"href":"https:\/\/face.unt.edu.ar\/web\/iadmin\/wp-json\/wp\/v2\/pages\/7290\/revisions\/9857"}],"wp:attachment":[{"href":"https:\/\/face.unt.edu.ar\/web\/iadmin\/wp-json\/wp\/v2\/media?parent=7290"}],"curies":[{"name":"wp","href":"https:\/\/api.w.org\/{rel}","templated":true}]}}