{"id":7310,"date":"2024-04-03T00:45:24","date_gmt":"2024-04-03T00:45:24","guid":{"rendered":"https:\/\/face.unt.edu.ar\/web\/iadmin\/?page_id=7310"},"modified":"2024-04-16T15:12:57","modified_gmt":"2024-04-16T15:12:57","slug":"practica-profesional-2018","status":"publish","type":"page","link":"https:\/\/face.unt.edu.ar\/web\/iadmin\/practica-profesional-2018\/","title":{"rendered":"Pr\u00e1ctica Profesional LA 2018"},"content":{"rendered":"<table width=\"582\" data-sheets-root=\"1\">\n<tbody>\n<tr>\n<td width=\"194\" data-sheets-value=\"{&quot;1&quot;:2,&quot;2&quot;:&quot;Alumno&quot;}\"><strong>Alumno<\/strong><\/td>\n<td width=\"194\" data-sheets-value=\"{&quot;1&quot;:2,&quot;2&quot;:&quot;Nombre del trabajo&quot;}\"><strong>Nombre del trabajo<\/strong><\/td>\n<td width=\"194\" data-sheets-value=\"{&quot;1&quot;:2,&quot;2&quot;:&quot;Tutor&quot;}\"><strong>Tutor<\/strong><\/td>\n<\/tr>\n<tr>\n<td width=\"194\" data-sheets-value=\"{&quot;1&quot;:2,&quot;2&quot;:&quot;Al\u00edas, Luana Evangelina&quot;}\">Al\u00edas, Luana Evangelina<\/td>\n<td width=\"194\" data-sheets-value=\"{&quot;1&quot;:2,&quot;2&quot;:&quot;Implementaci\u00f3n del Plan Estrat\u00e9gico del Ministerio de Desarrollo Social de Tucum\u00e1n&quot;}\"><a href=\"https:\/\/face.unt.edu.ar\/web\/iadmin\/wp-content\/uploads\/sites\/2\/2024\/04\/01-Alias-Luana-Evangelina_compressed.pdf\">Implementaci\u00f3n del Plan Estrat\u00e9gico del Ministerio de Desarrollo Social de Tucum\u00e1n<\/a><\/td>\n<td width=\"194\" data-sheets-value=\"{&quot;1&quot;:2,&quot;2&quot;:&quot;Marcelo Medina Galv\u00e1n&quot;}\">Marcelo Medina Galv\u00e1n<\/td>\n<\/tr>\n<tr>\n<td width=\"194\" data-sheets-value=\"{&quot;1&quot;:2,&quot;2&quot;:&quot;02 Balduino, Paulina&quot;}\">Balduino, Paulina<\/td>\n<td width=\"194\" data-sheets-value=\"{&quot;1&quot;:2,&quot;2&quot;:&quot;Plan de negocios \u201cReina Luc\u00eda accesories &amp; home\\&quot;&quot;}\"><a href=\"https:\/\/face.unt.edu.ar\/web\/iadmin\/wp-content\/uploads\/sites\/2\/2024\/04\/02-Balduino-Paulina.pdf\">Plan de negocios \u201cReina Luc\u00eda accesories &amp; home\u00bb<\/a><\/td>\n<td width=\"194\" data-sheets-value=\"{&quot;1&quot;:2,&quot;2&quot;:&quot;Luis Fernando P\u00e9rez Vides&quot;}\">Luis Fernando P\u00e9rez Vides<\/td>\n<\/tr>\n<tr>\n<td width=\"194\" data-sheets-value=\"{&quot;1&quot;:2,&quot;2&quot;:&quot;Buffo Fagalde, Luciano &quot;}\">Buffo Fagalde, Luciano<\/td>\n<td width=\"194\" data-sheets-value=\"{&quot;1&quot;:2,&quot;2&quot;:&quot;Implementaci\u00f3n de un nuevo sistema de informaci\u00f3n para una unidad acad\u00e9mica&quot;}\"><a href=\"https:\/\/face.unt.edu.ar\/web\/iadmin\/wp-content\/uploads\/sites\/2\/2024\/04\/03-Buffo-Fagalde-Luciano_compressed.pdf\">Implementaci\u00f3n de un nuevo sistema de informaci\u00f3n para una unidad acad\u00e9mica<\/a><\/td>\n<td width=\"194\" data-sheets-value=\"{&quot;1&quot;:2,&quot;2&quot;:&quot;Marcelo La marca&quot;}\">Marcelo La marca<\/td>\n<\/tr>\n<tr>\n<td width=\"194\" data-sheets-value=\"{&quot;1&quot;:2,&quot;2&quot;:&quot;CARRASCO, MARCO&quot;}\">Carrasco, Marco<\/td>\n<td width=\"194\" data-sheets-value=\"{&quot;1&quot;:2,&quot;2&quot;:&quot;Mejora del proceso de captaci\u00f3n de clientes que incluye cr\u00e9dito en Gasnor&quot;}\"><a href=\"https:\/\/face.unt.edu.ar\/web\/iadmin\/wp-content\/uploads\/sites\/2\/2024\/04\/04-CARRASCO-MARCO_compressed.pdf\">Mejora del proceso de captaci\u00f3n de clientes que incluye cr\u00e9dito en Gasnor<\/a><\/td>\n<td width=\"194\" data-sheets-value=\"{&quot;1&quot;:2,&quot;2&quot;:&quot;Martos, Mar\u00eda Enriqueta&quot;}\">Martos, Mar\u00eda Enriqueta<\/td>\n<\/tr>\n<tr>\n<td width=\"194\" data-sheets-value=\"{&quot;1&quot;:2,&quot;2&quot;:&quot;Castro Ale, Mar\u00eda del Milagro&quot;}\">Castro Ale, Mar\u00eda del Milagro<\/td>\n<td width=\"194\" data-sheets-value=\"{&quot;1&quot;:2,&quot;2&quot;:&quot;\u201cVoluntariado: Tutor\u00edas a Microemprendedores. Localidad de Bella Vista\u201d&quot;}\"><a href=\"https:\/\/face.unt.edu.ar\/web\/iadmin\/wp-content\/uploads\/sites\/2\/2024\/04\/05-Castro-Ale-Maria-del-Milagro.pdf\">\u201cVoluntariado: Tutor\u00edas a Microemprendedores. Localidad de Bella Vista\u201d<\/a><\/td>\n<td width=\"194\" data-sheets-value=\"{&quot;1&quot;:2,&quot;2&quot;:&quot;Liliana Fagre&quot;}\">Liliana Fagre<\/td>\n<\/tr>\n<tr>\n<td width=\"194\" data-sheets-value=\"{&quot;1&quot;:2,&quot;2&quot;:&quot;Chaile Alum, Josefina Viviana&quot;}\">Chaile Alum, Josefina Viviana<\/td>\n<td width=\"194\" data-sheets-value=\"{&quot;1&quot;:2,&quot;2&quot;:&quot;Proyecto de Extensi\u00f3n orientado a Microemprendedores&quot;}\"><a href=\"https:\/\/face.unt.edu.ar\/web\/iadmin\/wp-content\/uploads\/sites\/2\/2024\/04\/06-Chaile-Alum-Josefina-Viviana.pdf\">Proyecto de Extensi\u00f3n orientado a Microemprendedores<\/a><\/td>\n<td width=\"194\" data-sheets-value=\"{&quot;1&quot;:2,&quot;2&quot;:&quot;Liliana Fagre&quot;}\">Liliana Fagre<\/td>\n<\/tr>\n<tr>\n<td width=\"194\" data-sheets-value=\"{&quot;1&quot;:2,&quot;2&quot;:&quot;Fern\u00e1ndez Fiorenza, Mar\u00eda Pilar&quot;}\">Fern\u00e1ndez Fiorenza, Mar\u00eda Pilar<\/td>\n<td width=\"194\" data-sheets-value=\"{&quot;1&quot;:2,&quot;2&quot;:&quot;Big Data y Anal\u00edtica de Negocios para la Gesti\u00f3n de una Unidad Acad\u00e9mica: Estudio de caso en la Facultad de Ciencias Econ\u00f3micas de la Universidad Nacional de Tucum\u00e1n&quot;}\"><a href=\"https:\/\/face.unt.edu.ar\/web\/iadmin\/wp-content\/uploads\/sites\/2\/2024\/04\/07-Fernandez-Fiorenza-Maria-Pilar_compressed.pdf\">Big Data y Anal\u00edtica de Negocios para la Gesti\u00f3n de una Unidad Acad\u00e9mica: Estudio de caso en la Facultad de Ciencias Econ\u00f3micas de la Universidad Nacional de Tucum\u00e1n<\/a><\/td>\n<td width=\"194\" data-sheets-value=\"{&quot;1&quot;:2,&quot;2&quot;:&quot;Marcelo Medina Galv\u00e1n&quot;}\">Marcelo Medina Galv\u00e1n<\/td>\n<\/tr>\n<tr>\n<td width=\"194\" data-sheets-value=\"{&quot;1&quot;:2,&quot;2&quot;:&quot;Garcia Cynthia Noelia&quot;}\">Garcia Cynthia Noelia<\/td>\n<td width=\"194\" data-sheets-value=\"{&quot;1&quot;:2,&quot;2&quot;:&quot;Proyecto de extensi\u00f3n hacia Cocinas Comunitarias \u2013 microemprendedores a trav\u00e9s de Desarrollo Social&quot;}\"><a href=\"https:\/\/face.unt.edu.ar\/web\/iadmin\/wp-content\/uploads\/sites\/2\/2024\/04\/08-Garcia-Cynthia-Noelia_compressed.pdf\">Proyecto de extensi\u00f3n hacia Cocinas Comunitarias \u2013 microemprendedores a trav\u00e9s de Desarrollo Social<\/a><\/td>\n<td width=\"194\" data-sheets-value=\"{&quot;1&quot;:2,&quot;2&quot;:&quot;Liliana Fagre&quot;}\">Liliana Fagre<\/td>\n<\/tr>\n<tr>\n<td width=\"194\" data-sheets-value=\"{&quot;1&quot;:2,&quot;2&quot;:&quot;Jantus Arias, Mar\u00eda del Valle&quot;}\">Jantus Arias, Mar\u00eda del Valle<\/td>\n<td width=\"194\" data-sheets-value=\"{&quot;1&quot;:2,&quot;2&quot;:&quot;\u201cEmpleabilidad y formaci\u00f3n de competencias de los Licenciados en Administraci\u00f3n: an\u00e1lisis vinculado a empresas de servicios basados en el conocimiento radicadas en la Provincia de Tucum\u00e1n\u201d&quot;}\"><a href=\"https:\/\/face.unt.edu.ar\/web\/iadmin\/wp-content\/uploads\/sites\/2\/2024\/04\/09-Jantus-Arias-Maria-del-Valle_compressed.pdf\">\u201cEmpleabilidad y formaci\u00f3n de competencias de los Licenciados en Administraci\u00f3n: an\u00e1lisis vinculado a empresas de servicios basados en el conocimiento radicadas en la Provincia de Tucum\u00e1n\u201d<\/a><\/td>\n<td width=\"194\" data-sheets-value=\"{&quot;1&quot;:2,&quot;2&quot;:&quot;Ferreyra, Teresa Carolina&quot;}\">Ferreyra, Teresa Carolina<\/td>\n<\/tr>\n<tr>\n<td width=\"194\" data-sheets-value=\"{&quot;1&quot;:2,&quot;2&quot;:&quot;Jorrat Mirande, Mariano&quot;}\">Jorrat Mirande, Mariano<\/td>\n<td width=\"194\" data-sheets-value=\"{&quot;1&quot;:2,&quot;2&quot;:&quot;Desarrollo de un Sistema de Informaci\u00f3n para el \u00c1rea Almac\u00e9n de un Comercio de San Miguel de Tucum\u00e1n.&quot;}\"><a href=\"https:\/\/face.unt.edu.ar\/web\/iadmin\/wp-content\/uploads\/sites\/2\/2024\/04\/10-Jorrat-Mirande-Mariano_compressed.pdf\">Desarrollo de un Sistema de Informaci\u00f3n para el \u00c1rea Almac\u00e9n de un Comercio de San Miguel de Tucum\u00e1n.<\/a><\/td>\n<td width=\"194\" data-sheets-value=\"{&quot;1&quot;:2,&quot;2&quot;:&quot;Alejandra Masclef&quot;}\">Alejandra Masclef<\/td>\n<\/tr>\n<tr>\n<td width=\"194\" data-sheets-value=\"{&quot;1&quot;:2,&quot;2&quot;:&quot;Leccese Patricio&quot;}\">Leccese Patricio<\/td>\n<td width=\"194\" data-sheets-value=\"{&quot;1&quot;:2,&quot;2&quot;:&quot;Plan de negocio \u201cQuore- Regalos y Sorpresas\u201d&quot;}\"><a href=\"https:\/\/face.unt.edu.ar\/web\/iadmin\/wp-content\/uploads\/sites\/2\/2024\/04\/11-Leccese-Patricio_compressed.pdf\">Plan de negocio \u201cQuore- Regalos y Sorpresas\u201d<\/a><\/td>\n<td width=\"194\" data-sheets-value=\"{&quot;1&quot;:2,&quot;2&quot;:&quot;Luis Fernando P\u00e9rez Vides&quot;}\">Luis Fernando P\u00e9rez Vides<\/td>\n<\/tr>\n<tr>\n<td width=\"194\" data-sheets-value=\"{&quot;1&quot;:2,&quot;2&quot;:&quot;Macchi, Enrique &quot;}\">Macchi, Enrique<\/td>\n<td width=\"194\" data-sheets-value=\"{&quot;1&quot;:2,&quot;2&quot;:&quot;Mejora continua en el proceso de liquidaci\u00f3n de honorarios m\u00e9dicos de una empresa de medicina prepaga de San Miguel de Tucum\u00e1n.&quot;}\"><a href=\"https:\/\/face.unt.edu.ar\/web\/iadmin\/wp-content\/uploads\/sites\/2\/2024\/04\/12-Macchi-Enrique-_compressed.pdf\">Mejora continua en el proceso de liquidaci\u00f3n de honorarios m\u00e9dicos de una empresa de medicina prepaga de San Miguel de Tucum\u00e1n.<\/a><\/td>\n<td width=\"194\" data-sheets-value=\"{&quot;1&quot;:2,&quot;2&quot;:&quot;Eduardo Barboza&quot;}\">Eduardo Barboza<\/td>\n<\/tr>\n<tr>\n<td width=\"194\" data-sheets-value=\"{&quot;1&quot;:2,&quot;2&quot;:&quot;Madozzo Romay, Marina&quot;}\">Madozzo Romay, Marina<\/td>\n<td width=\"194\" data-sheets-value=\"{&quot;1&quot;:2,&quot;2&quot;:&quot;Asistencia y capacitaci\u00f3n en la gesti\u00f3n de cocinas comunitarias emprendedoras en vinculaci\u00f3n al Ministerio de Desarrollo Social&quot;}\"><a href=\"https:\/\/face.unt.edu.ar\/web\/iadmin\/wp-content\/uploads\/sites\/2\/2024\/04\/13-Madozzo-Romay-Marina_compressed.pdf\">Asistencia y capacitaci\u00f3n en la gesti\u00f3n de cocinas comunitarias emprendedoras en vinculaci\u00f3n al Ministerio de Desarrollo Social<\/a><\/td>\n<td width=\"194\" data-sheets-value=\"{&quot;1&quot;:2,&quot;2&quot;:&quot;Liliana Fagre&quot;}\">Liliana Fagre<\/td>\n<\/tr>\n<tr>\n<td width=\"194\" data-sheets-value=\"{&quot;1&quot;:2,&quot;2&quot;:&quot;Moraga Fagalde, Santiago Jos\u00e9&quot;}\">Moraga Fagalde, Santiago Jos\u00e9<\/td>\n<td width=\"194\" data-sheets-value=\"{&quot;1&quot;:2,&quot;2&quot;:&quot;Optimizaci\u00f3n de procesos en La Espuma&quot;}\"><a href=\"https:\/\/face.unt.edu.ar\/web\/iadmin\/wp-content\/uploads\/sites\/2\/2024\/04\/14-Moraga-Fagalde-Santiago-Jose_compressed.pdf\">Optimizaci\u00f3n de procesos en La Espuma<\/a><\/td>\n<td width=\"194\" data-sheets-value=\"{&quot;1&quot;:2,&quot;2&quot;:&quot;Julio Marcelo Soria&quot;}\">Julio Marcelo Soria<\/td>\n<\/tr>\n<tr>\n<td width=\"194\" data-sheets-value=\"{&quot;1&quot;:2,&quot;2&quot;:&quot;Paz Posse, Santiago&quot;}\">Paz Posse, Santiago<\/td>\n<td width=\"194\" data-sheets-value=\"{&quot;1&quot;:2,&quot;2&quot;:&quot;Mejora en el sistema de gesti\u00f3n para un eficiente devengamiento de los intereses&quot;}\"><a href=\"https:\/\/face.unt.edu.ar\/web\/iadmin\/wp-content\/uploads\/sites\/2\/2024\/04\/15-Paz-Posse-Santiago_compressed.pdf\">Mejora en el sistema de gesti\u00f3n para un eficiente devengamiento de los intereses<\/a><\/td>\n<td width=\"194\" data-sheets-value=\"{&quot;1&quot;:2,&quot;2&quot;:&quot;Eduardo Barboza&quot;}\">Eduardo Barboza<\/td>\n<\/tr>\n<tr>\n<td width=\"194\" data-sheets-value=\"{&quot;1&quot;:2,&quot;2&quot;:&quot;Schuttemberger, Ignacio&quot;}\">Schuttemberger, Ignacio<\/td>\n<td width=\"194\" data-sheets-value=\"{&quot;1&quot;:2,&quot;2&quot;:&quot;DISE\u00d1O E IMPLEMENTACI\u00d3N DE MECANISMOS DE CONTROL DE COMBUSTIBLE&quot;}\"><a href=\"https:\/\/face.unt.edu.ar\/web\/iadmin\/wp-content\/uploads\/sites\/2\/2024\/04\/16-Schuttemberger-Ignacio_compressed.pdf\">DISE\u00d1O E IMPLEMENTACI\u00d3N DE MECANISMOS DE CONTROL DE COMBUSTIBLE<\/a><\/td>\n<td width=\"194\" data-sheets-value=\"{&quot;1&quot;:2,&quot;2&quot;:&quot;Javier Garc\u00eda&quot;}\">Javier Garc\u00eda<\/td>\n<\/tr>\n<tr>\n<td width=\"194\" data-sheets-value=\"{&quot;1&quot;:2,&quot;2&quot;:&quot;Vega, Elena Carolina&quot;}\">Vega, Elena Carolina<\/td>\n<td width=\"194\" data-sheets-value=\"{&quot;1&quot;:2,&quot;2&quot;:&quot;Plan de Marketing Digital para Grupo Sonnenfeld&quot;}\"><a href=\"https:\/\/face.unt.edu.ar\/web\/iadmin\/wp-content\/uploads\/sites\/2\/2024\/04\/17-Vega-Elena-Carolina_compressed.pdf\">Plan de Marketing Digital para Grupo Sonnenfeld<\/a><\/td>\n<td width=\"194\" data-sheets-value=\"{&quot;1&quot;:2,&quot;2&quot;:&quot;Mulki, Esteban&quot;}\">Mulki, Esteban<\/td>\n<\/tr>\n<\/tbody>\n<\/table>\n","protected":false},"excerpt":{"rendered":"<p>Alumno Nombre del trabajo Tutor Al\u00edas, Luana Evangelina Implementaci\u00f3n del Plan Estrat\u00e9gico del Ministerio de Desarrollo Social de Tucum\u00e1n Marcelo Medina Galv\u00e1n Balduino, Paulina Plan de negocios \u201cReina Luc\u00eda accesories &amp; home\u00bb Luis Fernando P\u00e9rez Vides Buffo Fagalde, Luciano Implementaci\u00f3n de un nuevo sistema de informaci\u00f3n para una unidad acad\u00e9mica Marcelo La marca Carrasco, Marco [&hellip;]<\/p>\n","protected":false},"author":9,"featured_media":0,"parent":0,"menu_order":0,"comment_status":"closed","ping_status":"closed","template":"","meta":{"footnotes":""},"_links":{"self":[{"href":"https:\/\/face.unt.edu.ar\/web\/iadmin\/wp-json\/wp\/v2\/pages\/7310"}],"collection":[{"href":"https:\/\/face.unt.edu.ar\/web\/iadmin\/wp-json\/wp\/v2\/pages"}],"about":[{"href":"https:\/\/face.unt.edu.ar\/web\/iadmin\/wp-json\/wp\/v2\/types\/page"}],"author":[{"embeddable":true,"href":"https:\/\/face.unt.edu.ar\/web\/iadmin\/wp-json\/wp\/v2\/users\/9"}],"replies":[{"embeddable":true,"href":"https:\/\/face.unt.edu.ar\/web\/iadmin\/wp-json\/wp\/v2\/comments?post=7310"}],"version-history":[{"count":6,"href":"https:\/\/face.unt.edu.ar\/web\/iadmin\/wp-json\/wp\/v2\/pages\/7310\/revisions"}],"predecessor-version":[{"id":7669,"href":"https:\/\/face.unt.edu.ar\/web\/iadmin\/wp-json\/wp\/v2\/pages\/7310\/revisions\/7669"}],"wp:attachment":[{"href":"https:\/\/face.unt.edu.ar\/web\/iadmin\/wp-json\/wp\/v2\/media?parent=7310"}],"curies":[{"name":"wp","href":"https:\/\/api.w.org\/{rel}","templated":true}]}}