{"id":7612,"date":"2024-04-16T13:59:39","date_gmt":"2024-04-16T13:59:39","guid":{"rendered":"https:\/\/face.unt.edu.ar\/web\/iadmin\/?page_id=7612"},"modified":"2026-02-04T12:41:31","modified_gmt":"2026-02-04T12:41:31","slug":"practica-profesional-la-2024","status":"publish","type":"page","link":"https:\/\/face.unt.edu.ar\/web\/iadmin\/practica-profesional-la-2024\/","title":{"rendered":"Pr\u00e1ctica Profesional LA 2024"},"content":{"rendered":"<p>&nbsp;<\/p>\n<table width=\"658\">\n<tbody>\n<tr>\n<td width=\"80\">Alumno<\/td>\n<td width=\"498\">Nombre del trabajo<\/td>\n<td width=\"80\">Tutor<\/td>\n<\/tr>\n<tr>\n<td width=\"80\">Abregu, Gustavo Nicol\u00e1s<\/td>\n<td width=\"498\"><a href=\"https:\/\/face.unt.edu.ar\/web\/iadmin\/wp-content\/uploads\/sites\/2\/2024\/12\/01-Abregu-Gustavo-Nicolas-Trabajo-Campo-2.pdf\">Plan de implementaci\u00f3n de un Sistema de Informaci\u00f3n de Recursos Humanos para un Grupo empresarial en Tucum\u00e1n, Argentina<\/a><\/td>\n<td width=\"80\">Mar\u00eda Fernanda Rodriguez<\/td>\n<\/tr>\n<tr>\n<td width=\"80\">Barros, Lucas Bernardo<\/td>\n<td width=\"498\"><a href=\"https:\/\/face.unt.edu.ar\/web\/iadmin\/wp-content\/uploads\/sites\/2\/2024\/07\/01-Barros-Lucas-Bernardo.pdf\">Propuesta de Plan de Negocios para una Productora Integral de Cantantes<\/a><\/td>\n<td width=\"80\">Marcelo Medina<\/td>\n<\/tr>\n<tr>\n<td width=\"80\">Campos, Ivanna Araceli<\/td>\n<td width=\"498\"><a href=\"https:\/\/face.unt.edu.ar\/web\/iadmin\/wp-content\/uploads\/sites\/2\/2024\/12\/03-Campos-Ivanna-Araceli-Trabajo-de-Campo_compressed.pdf\">An\u00e1lisis inteligente de datos como herramienta para la mejora de procesos administrativos<\/a><\/td>\n<td width=\"80\">Marcelo Medina<\/td>\n<\/tr>\n<tr>\n<td width=\"80\">Canteros, Mar\u00eda Victoria<\/td>\n<td width=\"498\"><a href=\"https:\/\/face.unt.edu.ar\/web\/iadmin\/wp-content\/uploads\/sites\/2\/2024\/04\/01-Canteros-Maria-Victoria-TrabajoCampo.pdf\">Formulaci\u00f3n de un plan estrat\u00e9gico para un emprendimiento de productos de concreto<\/a><\/td>\n<td width=\"80\">Patricia Ragone<\/td>\n<\/tr>\n<tr>\n<td width=\"80\">Cativa, Roque Mauricio<\/td>\n<td width=\"498\"><a href=\"https:\/\/face.unt.edu.ar\/web\/iadmin\/wp-content\/uploads\/sites\/2\/2024\/12\/04-Cativa-Roque-Trabajo-de-Campo-PP-2024-Final.pdf\">Reorganizaci\u00f3n de un taller de reparaci\u00f3n de autos<\/a><\/td>\n<td width=\"80\">Vanessa Castellano<\/td>\n<\/tr>\n<tr>\n<td width=\"80\">Cippitelli, Luciano<\/td>\n<td width=\"498\"><a href=\"https:\/\/face.unt.edu.ar\/web\/iadmin\/wp-content\/uploads\/sites\/2\/2024\/04\/02-Cippitelli-Luciano-TrabajoCampo_compressed.pdf\">Dashboard para la gesti\u00f3n del \u00e1rea compras<\/a><\/td>\n<td width=\"80\">Cristian Rocha<\/td>\n<\/tr>\n<tr>\n<td width=\"80\">Cortina, Aitana Lujan<\/td>\n<td width=\"498\"><a href=\"https:\/\/face.unt.edu.ar\/web\/iadmin\/wp-content\/uploads\/sites\/2\/2024\/12\/05-Cortina-Aitana-Lujan-Trabajo-Campo.pdf\">Un desaf\u00edo estatal: Estandarizaci\u00f3n en el Departamento Compras y Contrataciones del Ministerio de Educaci\u00f3n<\/a><\/td>\n<td width=\"80\">Cristian Rocha<\/td>\n<\/tr>\n<tr>\n<td width=\"80\">Costilla, Melani Rebeca<\/td>\n<td width=\"498\"><a href=\"https:\/\/face.unt.edu.ar\/web\/iadmin\/wp-content\/uploads\/sites\/2\/2024\/12\/02-Costilla-Melani-Trabajo-Campo.pdf\">Propuesta de mejora de la Gesti\u00f3n de RRHH en empresa comercial<\/a><\/td>\n<td width=\"80\">Carolina Ferreyra<\/td>\n<\/tr>\n<tr>\n<td width=\"80\">Cotella, Jer\u00f3nimo del Coraz\u00f3n de Jes\u00fas<\/td>\n<td width=\"498\"><a href=\"https:\/\/face.unt.edu.ar\/web\/iadmin\/wp-content\/uploads\/sites\/2\/2024\/12\/06-COTELLA-JERONIMO-TRABAJO-DE-CAMPO_compressed.pdf\">Diagnostico financiero y estrategias para la gesti\u00f3n eficiente de recursos en Circular SAS<\/a><\/td>\n<td width=\"80\">Mercedes Ortiz<\/td>\n<\/tr>\n<tr>\n<td width=\"80\">David, Mar\u00eda Dolores<\/td>\n<td width=\"498\"><a href=\"https:\/\/face.unt.edu.ar\/web\/iadmin\/wp-content\/uploads\/sites\/2\/2024\/04\/03-David-Dolores-TrabajoCampo_compressed.pdf\">Hacia un mundo m\u00e1s verde: Plan de acci\u00f3n para la promoci\u00f3n de soluciones sustentables en GPA<\/a><\/td>\n<td width=\"80\">Ingrid Ser\u00f3n<\/td>\n<\/tr>\n<tr>\n<td width=\"80\">Dip Flores, Laureano<\/td>\n<td width=\"498\"><a href=\"https:\/\/face.unt.edu.ar\/web\/iadmin\/wp-content\/uploads\/sites\/2\/2024\/12\/07-Dip-Flores-Laureano-Trabajo-Campo_compressed.pdf\">Plan de mejora del proceso de migraci\u00f3n de datos en una empresa de software comercial<\/a><\/td>\n<td width=\"80\">Esteban Mulki<\/td>\n<\/tr>\n<tr>\n<td width=\"80\">Esper, Miguel Alberto<\/td>\n<td width=\"498\"><a href=\"https:\/\/face.unt.edu.ar\/web\/iadmin\/wp-content\/uploads\/sites\/2\/2024\/04\/04-Esper-Miguel-Alberto-TrabajoCampo.pdf\">Aplicaci\u00f3n de ciencia de datos en turismo-NOA<\/a><\/td>\n<td width=\"80\">Marcelo Medina<\/td>\n<\/tr>\n<tr>\n<td width=\"80\">Falivene, Carlos Jos\u00e9<\/td>\n<td width=\"498\"><a href=\"https:\/\/face.unt.edu.ar\/web\/iadmin\/wp-content\/uploads\/sites\/2\/2024\/12\/08-Falivene-Carlos-Jose-Trabajo-Campo_compressed.pdf\">Propuesta de Sistema para una Mejora de Procesos en Empresa de Almacenaje<\/a><\/td>\n<td width=\"80\">Esteban Mulki<\/td>\n<\/tr>\n<tr>\n<td width=\"80\">Gareca Noelia<\/td>\n<td width=\"498\"><a href=\"https:\/\/face.unt.edu.ar\/web\/iadmin\/wp-content\/uploads\/sites\/2\/2024\/12\/10-Gareca-Noelia-Belen-Tabajo-Campo_compressed.pdf\">Plan Estrat\u00e9gico para Peluquer\u00eda<\/a><\/td>\n<td width=\"80\">Virginia Abbas<\/td>\n<\/tr>\n<tr>\n<td width=\"80\">Giambroni, Agustina In\u00e9s<\/td>\n<td width=\"498\"><a href=\"https:\/\/face.unt.edu.ar\/web\/iadmin\/wp-content\/uploads\/sites\/2\/2024\/12\/09-Giambroni-Agustina-Ines-Trabajo-Campo.pdf\">An\u00e1lisis y descripci\u00f3n de puestos en S&amp;L Arquitectura<\/a><\/td>\n<td width=\"80\">Florencia Villaverde<\/td>\n<\/tr>\n<tr>\n<td width=\"80\">Gianfrancisco, Florencia Mar\u00eda Mercedes<\/td>\n<td width=\"498\"><a href=\"https:\/\/face.unt.edu.ar\/web\/iadmin\/wp-content\/uploads\/sites\/2\/2024\/12\/11-Gianfrancisco-Florencia-Trabajo-Campo_compressed.pdf\">Dise\u00f1o de un Dashboard para la gesti\u00f3n operativa de una pyme: \u201cTiffany Mobiliario\u201d<\/a><\/td>\n<td width=\"80\">Marcelo Medina<\/td>\n<\/tr>\n<tr>\n<td width=\"80\">G\u00f3mez, Javier Agust\u00edn<\/td>\n<td width=\"498\"><a href=\"https:\/\/face.unt.edu.ar\/web\/iadmin\/wp-content\/uploads\/sites\/2\/2024\/12\/12-Gomez-Javier-Agustin-Trabajo-de-Campo_compressed.pdf\">Plan estrat\u00e9gico para empresa familiar gastron\u00f3mica<\/a><\/td>\n<td width=\"80\">Jorge Alul<\/td>\n<\/tr>\n<tr>\n<td width=\"80\">G\u00f3mez, Mat\u00edas Luciano<\/td>\n<td width=\"498\"><a href=\"https:\/\/face.unt.edu.ar\/web\/iadmin\/wp-content\/uploads\/sites\/2\/2024\/12\/13-Gomez-Matias-Luciano-Trabajo-de-campo.pdf\">An\u00e1lisis de supervivencia aplicado en la gesti\u00f3n del tiempo de devoluci\u00f3n de envases<\/a><\/td>\n<td width=\"80\">Marcelo Medina<\/td>\n<\/tr>\n<tr>\n<td width=\"80\">Jaime, Gabriela Alejandra<\/td>\n<td width=\"498\"><a href=\"https:\/\/face.unt.edu.ar\/web\/iadmin\/wp-content\/uploads\/sites\/2\/2024\/04\/05-Jaime-Gabriela-TrabajoCampo.pdf\">De pesas a clics: Elaboraci\u00f3n de un plan de marketing digital para un gimnasio<\/a><\/td>\n<td width=\"80\">Gonzalo Villagr\u00e1n<\/td>\n<\/tr>\n<tr>\n<td width=\"80\">Jim\u00e9nez, C\u00e9sar Ignacio<\/td>\n<td width=\"498\"><a href=\"https:\/\/face.unt.edu.ar\/web\/iadmin\/wp-content\/uploads\/sites\/2\/2024\/12\/14-Jimenez%5eJ-Cesar-Trabajo-de-campo_compressed.pdf\">Gesti\u00f3n de proyectos en empresa de ingenier\u00eda<\/a><\/td>\n<td width=\"80\">Martin Gon\u00e7alves<\/td>\n<\/tr>\n<tr>\n<td width=\"80\">Lopez Bonsignori, Mariela Elina<\/td>\n<td width=\"498\"><a href=\"https:\/\/face.unt.edu.ar\/web\/iadmin\/wp-content\/uploads\/sites\/2\/2024\/12\/15-Lopez-Bonsignori-Mariela-Trabajo-Campo.pdf\">Estudio de costos de operativos de donaci\u00f3n de \u00f3rganos en asistolia en Tucum\u00e1n<\/a><\/td>\n<td width=\"80\">Emiliano Koch<\/td>\n<\/tr>\n<tr>\n<td width=\"80\">Molina, Mar\u00eda Del Rosario<\/td>\n<td width=\"498\"><a href=\"https:\/\/face.unt.edu.ar\/web\/iadmin\/wp-content\/uploads\/sites\/2\/2024\/12\/16-MolinaRosario-TRABAJO-DE-CAMPO_compressed.pdf\">Hacia la eficiencia estrat\u00e9gica: Diagn\u00f3stico y mejora del control de gesti\u00f3n en el sector de caja de NOVAMAT<\/a><\/td>\n<td width=\"80\">Cristian Rocha<\/td>\n<\/tr>\n<tr>\n<td width=\"80\">Molina, Mateo Sebastian<\/td>\n<td width=\"498\"><a href=\"https:\/\/face.unt.edu.ar\/web\/iadmin\/wp-content\/uploads\/sites\/2\/2024\/12\/17-Molina-Mateo-Sebastian-Trabajo-Campo_compressed.pdf\">Optimizaci\u00f3n de portafolios en el contexto de r\u00e9gimen de regularizaci\u00f3n de activos en Argentina 2024<\/a><\/td>\n<td width=\"80\">Mercedes Ortiz<\/td>\n<\/tr>\n<tr>\n<td width=\"80\">Moreno, Andrea Florencia<\/td>\n<td width=\"498\"><a href=\"https:\/\/face.unt.edu.ar\/web\/iadmin\/wp-content\/uploads\/sites\/2\/2024\/04\/06-Moreno-Andrea-F.-TrabajoCampo_compressed.pdf\">Evaluaci\u00f3n econ\u00f3mica financiera de un emprendimiento<\/a><\/td>\n<td width=\"80\">Ingrid Ser\u00f3n<\/td>\n<\/tr>\n<tr>\n<td width=\"80\">Nazar, Carolina Del Milagro<\/td>\n<td width=\"498\"><a href=\"https:\/\/face.unt.edu.ar\/web\/iadmin\/wp-content\/uploads\/sites\/2\/2024\/12\/18-Nazar-Carolina-Trabajo-Campo.pdf\">Propuesta de dise\u00f1o organizacional y mejora de procesos contables para una av\u00edcola<\/a><\/td>\n<td width=\"80\">Ingrid Ser\u00f3n<\/td>\n<\/tr>\n<tr>\n<td width=\"80\">Nicolas, Augusto<\/td>\n<td width=\"498\"><a href=\"https:\/\/face.unt.edu.ar\/web\/iadmin\/wp-content\/uploads\/sites\/2\/2024\/04\/07-Nicolas-Augusto-TrabajoCampo_compressed.pdf\">Dise\u00f1o de un plan de marketing digital para optimizar las ventas web de una pyme comercial<\/a><\/td>\n<td width=\"80\">Ingrid Ser\u00f3n<\/td>\n<\/tr>\n<tr>\n<td width=\"80\">Pacheco, Jos\u00e9 Ignacio<\/td>\n<td width=\"498\"><a href=\"https:\/\/face.unt.edu.ar\/web\/iadmin\/wp-content\/uploads\/sites\/2\/2024\/04\/10-Pacheco-Jose-Ignacio-TrabajodeCampo_compressed.pdf\">Dise\u00f1o y elaboraci\u00f3n de Dashboards para la gesti\u00f3n del \u00e1rea de Compras de una Empresa del rubro Minero\/Industrial<\/a><\/td>\n<td width=\"80\">Martin Gon\u00e7alves<\/td>\n<\/tr>\n<tr>\n<td width=\"80\">Paz, Julio<\/td>\n<td width=\"498\"><a href=\"https:\/\/face.unt.edu.ar\/web\/iadmin\/wp-content\/uploads\/sites\/2\/2024\/12\/19-Paz-Julio-Trabajo-Campo_compressed.pdf\">An\u00e1lisis de Costos para una Empresa Agr\u00edcola tucumana<\/a><\/td>\n<td width=\"80\">Emiliano Koch<\/td>\n<\/tr>\n<tr>\n<td width=\"80\">P\u00e9rez, Mar\u00eda Florencia<\/td>\n<td width=\"498\"><a href=\"https:\/\/face.unt.edu.ar\/web\/iadmin\/wp-content\/uploads\/sites\/2\/2024\/04\/08-Perez-Florencia-TrabajoCampo_compressed.pdf\">Propuesta de mejora en la gesti\u00f3n de RRHH de una organizaci\u00f3n p\u00fablica de Tucum\u00e1n<\/a><\/td>\n<td width=\"80\">Carolina Ferreyra<\/td>\n<\/tr>\n<tr>\n<td width=\"80\">Rodriguez, Josefina<\/td>\n<td width=\"498\"><a href=\"https:\/\/face.unt.edu.ar\/web\/iadmin\/wp-content\/uploads\/sites\/2\/2024\/12\/21-Rodriguez-Josefina-Trabajo-Campo.pdf\">Plan de marketing para optimizar la comunicaci\u00f3n en una empresa de servicios financieros<\/a><\/td>\n<td width=\"80\">Ingrid Ser\u00f3n<\/td>\n<\/tr>\n<tr>\n<td width=\"80\">Rodr\u00edguez, Mar\u00eda Florencia<\/td>\n<td width=\"498\"><a href=\"https:\/\/face.unt.edu.ar\/web\/iadmin\/wp-content\/uploads\/sites\/2\/2024\/04\/09-Rodriguez-Florencia-TrabajoCampo.pdf\">La Marca Empleadora como Ventaja Competitiva<\/a><\/td>\n<td width=\"80\">Martin Gon\u00e7alves<\/td>\n<\/tr>\n<tr>\n<td width=\"80\">Romero, Milena Carolina<\/td>\n<td width=\"498\"><a href=\"https:\/\/face.unt.edu.ar\/web\/iadmin\/wp-content\/uploads\/sites\/2\/2024\/12\/22-Romero%5eJ-Milena-Carolina-Trabajo-de-Campo.pdf\">Dise\u00f1o de un Dashboard para la Gesti\u00f3n Estrat\u00e9gica de un canal B2B<\/a><\/td>\n<td width=\"80\">Javier Garc\u00eda<\/td>\n<\/tr>\n<tr>\n<td width=\"80\">Rotger, Mariano Nicol\u00e1s<\/td>\n<td width=\"498\"><a href=\"https:\/\/face.unt.edu.ar\/web\/iadmin\/wp-content\/uploads\/sites\/2\/2024\/04\/11-Rotger-Mariano-TrabajoCampo_compressed.pdf\">Herramientas de control de gesti\u00f3n en una empresa de salud<\/a><\/td>\n<td width=\"80\">Marcelo Medina<\/td>\n<\/tr>\n<tr>\n<td width=\"80\">Ruiz Mostacero, Juan Amaro<\/td>\n<td width=\"498\"><a href=\"https:\/\/face.unt.edu.ar\/web\/iadmin\/wp-content\/uploads\/sites\/2\/2024\/12\/23-Ruiz-Mostacero-Juan-Amaro-Trabajo-Campo_compressed.pdf\">An\u00e1lisis Econ\u00f3mico-Financiero de una agencia de marketing y software en San Miguel de Tucum\u00e1n<\/a><\/td>\n<td width=\"80\">Marcelo Medina<\/td>\n<\/tr>\n<tr>\n<td width=\"80\">Salas Auad, Mart\u00edn Jos\u00e9<\/td>\n<td width=\"498\"><a href=\"https:\/\/face.unt.edu.ar\/web\/iadmin\/wp-content\/uploads\/sites\/2\/2024\/12\/25-Salas-Auad-Martin-Jose-Trabajo-de-Campo.pdf\">Metodolog\u00edas Agiles en la Gesti\u00f3n de Proyectos de Software en una instituci\u00f3n Judicial<\/a><\/td>\n<td width=\"80\">Esteban Mulki<\/td>\n<\/tr>\n<tr>\n<td width=\"80\">Sanson, Lara<\/td>\n<td width=\"498\"><a href=\"https:\/\/face.unt.edu.ar\/web\/iadmin\/wp-content\/uploads\/sites\/2\/2024\/12\/24-Sanson-Lara-trabajo-de-campo-.pdf\">Optimizaci\u00f3n del proceso de reclutamiento selecci\u00f3n e inducci\u00f3n en Billboard<\/a><\/td>\n<td width=\"80\">Erika Grunauer<\/td>\n<\/tr>\n<tr>\n<td width=\"80\">Schaefer, Victoria<\/td>\n<td width=\"498\"><a href=\"https:\/\/face.unt.edu.ar\/web\/iadmin\/wp-content\/uploads\/sites\/2\/2024\/12\/26-Schaefer-Victoria-Trabajo-Campo.pdf\">An\u00e1lisis Econ\u00f3mico Financiero de un estudio jur\u00eddico<\/a><\/td>\n<td width=\"80\">Marcelo Medina<\/td>\n<\/tr>\n<tr>\n<td width=\"80\">Urquiza, Maria Sol<\/td>\n<td width=\"498\"><a href=\"https:\/\/face.unt.edu.ar\/web\/iadmin\/wp-content\/uploads\/sites\/2\/2024\/12\/27-Urquiza-Maria-Sol-Trabajo-Campo_compressed.pdf\">Estructura \u00f3ptima: impulsando la estrategia para mejorar la eficiencia operativa de un hotel 4 estrellas<\/a><\/td>\n<td width=\"80\">Virginia Abbas<\/td>\n<\/tr>\n<tr>\n<td width=\"80\">Vald\u00e9z, Rodrigo Agust\u00edn<\/td>\n<td width=\"498\"><a href=\"https:\/\/face.unt.edu.ar\/web\/iadmin\/wp-content\/uploads\/sites\/2\/2024\/12\/29-Valdez-Rodrigo-Agustin-Trabajo-de-Campo_compressed.pdf\">Factibilidad t\u00e9cnica y econ\u00f3mica de la implementaci\u00f3n de un software para la automatizaci\u00f3n de tareas en un estudio contable<\/a><\/td>\n<td width=\"80\">Marcelo Garc\u00eda<\/td>\n<\/tr>\n<tr>\n<td width=\"80\">Via\u00f1a Frias Silva, Mar\u00eda Victoria<\/td>\n<td width=\"498\"><a href=\"https:\/\/face.unt.edu.ar\/web\/iadmin\/wp-content\/uploads\/sites\/2\/2024\/12\/28-Viana-Frias-Silva-Maria-Victoria-Trabajo-de-Campo.pdf\">Del agua a la riqueza: Proyecto de inversi\u00f3n de hidropon\u00eda en hortalizas<\/a><\/td>\n<td width=\"80\">Mercedes Ortiz<\/td>\n<\/tr>\n<tr>\n<td width=\"80\">Zurita, Natalia<\/td>\n<td width=\"498\"><a href=\"https:\/\/face.unt.edu.ar\/web\/iadmin\/wp-content\/uploads\/sites\/2\/2024\/12\/30-Zurita-Natalia-Trabajo-Campo_compressed.pdf\">Fundaci\u00f3n ML: Propuesta hacia una gesti\u00f3n eficiente de almacenes en una Instituci\u00f3n Cient\u00edfica<\/a><\/td>\n<td width=\"80\">Pablo Aguilar<\/td>\n<\/tr>\n<\/tbody>\n<\/table>\n<p>&nbsp;<\/p>\n","protected":false},"excerpt":{"rendered":"<p>&nbsp; Alumno Nombre del trabajo Tutor Abregu, Gustavo Nicol\u00e1s Plan de implementaci\u00f3n de un Sistema de Informaci\u00f3n de Recursos Humanos para un Grupo empresarial en Tucum\u00e1n, Argentina Mar\u00eda Fernanda Rodriguez Barros, Lucas Bernardo Propuesta de Plan de Negocios para una Productora Integral de Cantantes Marcelo Medina Campos, Ivanna Araceli An\u00e1lisis inteligente de datos como herramienta [&hellip;]<\/p>\n","protected":false},"author":9,"featured_media":0,"parent":0,"menu_order":0,"comment_status":"closed","ping_status":"closed","template":"","meta":{"footnotes":""},"_links":{"self":[{"href":"https:\/\/face.unt.edu.ar\/web\/iadmin\/wp-json\/wp\/v2\/pages\/7612"}],"collection":[{"href":"https:\/\/face.unt.edu.ar\/web\/iadmin\/wp-json\/wp\/v2\/pages"}],"about":[{"href":"https:\/\/face.unt.edu.ar\/web\/iadmin\/wp-json\/wp\/v2\/types\/page"}],"author":[{"embeddable":true,"href":"https:\/\/face.unt.edu.ar\/web\/iadmin\/wp-json\/wp\/v2\/users\/9"}],"replies":[{"embeddable":true,"href":"https:\/\/face.unt.edu.ar\/web\/iadmin\/wp-json\/wp\/v2\/comments?post=7612"}],"version-history":[{"count":11,"href":"https:\/\/face.unt.edu.ar\/web\/iadmin\/wp-json\/wp\/v2\/pages\/7612\/revisions"}],"predecessor-version":[{"id":9859,"href":"https:\/\/face.unt.edu.ar\/web\/iadmin\/wp-json\/wp\/v2\/pages\/7612\/revisions\/9859"}],"wp:attachment":[{"href":"https:\/\/face.unt.edu.ar\/web\/iadmin\/wp-json\/wp\/v2\/media?parent=7612"}],"curies":[{"name":"wp","href":"https:\/\/api.w.org\/{rel}","templated":true}]}}