{"id":7783,"date":"2024-05-01T20:49:55","date_gmt":"2024-05-01T20:49:55","guid":{"rendered":"https:\/\/face.unt.edu.ar\/web\/iadmin\/?page_id=7783"},"modified":"2024-05-01T22:37:07","modified_gmt":"2024-05-01T22:37:07","slug":"matila-viii","status":"publish","type":"page","link":"https:\/\/face.unt.edu.ar\/web\/iadmin\/matila-viii\/","title":{"rendered":"Matila VIII"},"content":{"rendered":"<table width=\"785\">\n<tbody>\n<tr>\n<td width=\"66\"><strong>C\u00f3digo<\/strong><\/td>\n<td width=\"215\"><strong>Nombre del trabajo<\/strong><\/td>\n<td width=\"278\"><strong>Apellido y Nombre<\/strong><\/td>\n<td width=\"226\"><strong>Direcci\u00f3n YOUTUBE<\/strong><\/td>\n<\/tr>\n<tr>\n<td style=\"text-align: center\" colspan=\"4\"><strong>MESA 1<\/strong><\/td>\n<\/tr>\n<tr>\n<td>PP 11<\/td>\n<td width=\"215\"><a href=\"https:\/\/face.unt.edu.ar\/web\/iadmin\/wp-content\/uploads\/sites\/2\/2024\/05\/PP-11_compressed.pdf\">Propuesta de Aplicaci\u00f3n de Herramientas de Control de Gesti\u00f3n en una PyME agr\u00edcola<\/a><\/td>\n<td>Altea, Felicitas<\/td>\n<td><\/td>\n<\/tr>\n<tr>\n<td>PP 12<\/td>\n<td width=\"215\"><a href=\"https:\/\/face.unt.edu.ar\/web\/iadmin\/wp-content\/uploads\/sites\/2\/2024\/05\/PP-12.pdf\">Tableros de comando operativos &#8211; Grupo San Agust\u00edn<\/a><\/td>\n<td>Made Lahitte, Mariano Javier<\/td>\n<td width=\"226\"><a href=\"https:\/\/youtu.be\/7BRP6J1MRFw?si=oO7BylYiOgP2Nqk_\">https:\/\/youtu.be\/7BRP6J1MRFw?si=oO7BylYiOgP2Nqk_<\/a><\/td>\n<\/tr>\n<tr>\n<td>PP 13<\/td>\n<td width=\"215\"><a href=\"https:\/\/face.unt.edu.ar\/web\/iadmin\/wp-content\/uploads\/sites\/2\/2024\/05\/PP-13-1.pdf\">Herramientas de auditor\u00eda interna aplicadas en una pyme<\/a><\/td>\n<td>Nardi, Andrea Guadalupe<\/td>\n<td width=\"226\"><a href=\"https:\/\/youtu.be\/gRmWxJ0KzGo?si=NsvxzHAo_lz-t979\">https:\/\/youtu.be\/gRmWxJ0KzGo?si=NsvxzHAo_lz-t979<\/a><\/td>\n<\/tr>\n<tr>\n<td>PP 14<\/td>\n<td width=\"215\"><a href=\"https:\/\/face.unt.edu.ar\/web\/iadmin\/wp-content\/uploads\/sites\/2\/2024\/05\/PP-14.pdf\">Formulaci\u00f3n de un modelo de negocios mediante la metodol\u00f3gica Canvas<\/a><\/td>\n<td>Ser\u00f3n, Ingrid Daiana<\/td>\n<td width=\"226\"><a href=\"https:\/\/youtu.be\/tU8vK2hucgU?si=gg1pDSe7XqTRga7o\">https:\/\/youtu.be\/tU8vK2hucgU?si=gg1pDSe7XqTRga7o<\/a><\/td>\n<\/tr>\n<tr>\n<td>PP 15<\/td>\n<td width=\"215\"><a href=\"https:\/\/face.unt.edu.ar\/web\/iadmin\/wp-content\/uploads\/sites\/2\/2024\/05\/PP-15_compressed-1.pdf\">An\u00e1lisis de costos en una cl\u00ednica oncol\u00f3gica mediante costeo ABC<\/a><\/td>\n<td>Zarba, Maria Belen<\/td>\n<td width=\"226\"><a href=\"https:\/\/youtu.be\/MTHrI4Yal5Y?si=C-vaAkzWxj_Cfdiw\">https:\/\/youtu.be\/MTHrI4Yal5Y?si=C-vaAkzWxj_Cfdiw<\/a><\/td>\n<\/tr>\n<tr>\n<td>PP 16<\/td>\n<td width=\"215\"><a href=\"https:\/\/face.unt.edu.ar\/web\/iadmin\/wp-content\/uploads\/sites\/2\/2024\/05\/PP-16.pdf\">Gesti\u00f3n de inventarios aplicado a un Hospital P\u00fablico<\/a><\/td>\n<td>Espejo, Mar\u00eda Virginia<\/td>\n<td width=\"226\"><a href=\"https:\/\/youtu.be\/iYAdE4URG1c?si=BfGLezQKkRP5zQrV\">https:\/\/youtu.be\/iYAdE4URG1c?si=BfGLezQKkRP5zQrV<\/a><\/td>\n<\/tr>\n<tr>\n<td style=\"text-align: center\" colspan=\"4\"><strong>MESA 2<\/strong><\/td>\n<\/tr>\n<tr>\n<td>PP 21<\/td>\n<td width=\"215\"><a href=\"https:\/\/face.unt.edu.ar\/web\/iadmin\/wp-content\/uploads\/sites\/2\/2024\/05\/PP-21_compressed.pdf\">Plan de negocios \u00abEstilo Deco\u00bb<\/a><\/td>\n<td>Hirth, Felicitas<\/td>\n<td width=\"226\"><a href=\"https:\/\/youtu.be\/FQ6N4Mbw_CI?si=MPd0vQRNbqwA5l2R\">https:\/\/youtu.be\/FQ6N4Mbw_CI?si=MPd0vQRNbqwA5l2R<\/a><\/td>\n<\/tr>\n<tr>\n<td>PP 22<\/td>\n<td width=\"215\"><a href=\"https:\/\/face.unt.edu.ar\/web\/iadmin\/wp-content\/uploads\/sites\/2\/2024\/05\/PP-22.pdf\">Apertura de casa de t\u00e9 en Yerba Buena\u00a0<\/a><\/td>\n<td>Fr\u00edas Silva, Trinidad Mar\u00eda<\/td>\n<td width=\"226\"><a href=\"https:\/\/youtu.be\/9FUtwFjKJ_8?si=Ns3tycOiKuQR5Fd5\">https:\/\/youtu.be\/9FUtwFjKJ_8?si=Ns3tycOiKuQR5Fd5<\/a><\/td>\n<\/tr>\n<tr>\n<td>PP 23<\/td>\n<td width=\"215\"><a href=\"https:\/\/face.unt.edu.ar\/web\/iadmin\/wp-content\/uploads\/sites\/2\/2024\/05\/PP-23.pdf\">Plan de Negocios Green<\/a><\/td>\n<td>Laborda Delacroix, Agostina<\/td>\n<td width=\"226\"><a href=\"https:\/\/youtu.be\/7oOYxBGm_NM?si=X5uu00lT2RD-RRy7\">https:\/\/youtu.be\/7oOYxBGm_NM?si=X5uu00lT2RD-RRy7<\/a><\/td>\n<\/tr>\n<tr>\n<td>PP 24<\/td>\n<td width=\"215\"><a href=\"https:\/\/face.unt.edu.ar\/web\/iadmin\/wp-content\/uploads\/sites\/2\/2024\/05\/PP-24.pdf\">Plan de Negocio de \u00abConcepto Store\u00bb tras la pandemia<\/a><\/td>\n<td>Pochat, Manuela<\/td>\n<td width=\"226\"><\/td>\n<\/tr>\n<tr>\n<td>PP 25<\/td>\n<td width=\"215\"><a href=\"https:\/\/face.unt.edu.ar\/web\/iadmin\/wp-content\/uploads\/sites\/2\/2024\/05\/PP-25.pdf\">Plan de Negocio para \u00abDos Hermanos Uniformes\u00bb<\/a><\/td>\n<td>Paz Posse. Valentina Maria<\/td>\n<td width=\"226\"><a href=\"https:\/\/youtu.be\/jf_jZ3DqoQc?si=iQC_zY0dqk_mu2aH\">https:\/\/youtu.be\/jf_jZ3DqoQc?si=iQC_zY0dqk_mu2aH<\/a><\/td>\n<\/tr>\n<tr>\n<td style=\"text-align: center\" colspan=\"4\"><strong>MESA 3<\/strong><\/td>\n<\/tr>\n<tr>\n<td>PP 31<\/td>\n<td width=\"215\"><a href=\"https:\/\/face.unt.edu.ar\/web\/iadmin\/wp-content\/uploads\/sites\/2\/2024\/05\/PP-31_compressed.pdf\">Evaluaci\u00f3n e implementaci\u00f3n de Software ERP en farmacia del medio, para una eficiente Gesti\u00f3n de Inventarios.<\/a><\/td>\n<td>Amran, Daniel Eduardo<\/td>\n<td><\/td>\n<\/tr>\n<tr>\n<td>PP 32<\/td>\n<td width=\"215\"><a href=\"https:\/\/face.unt.edu.ar\/web\/iadmin\/wp-content\/uploads\/sites\/2\/2024\/05\/PP-32_compressed.pdf\">Validaci\u00f3n del Modelo de Negocios con el M\u00e9todo Lean Startup<\/a><\/td>\n<td>Garz\u00f3n, Bautista<\/td>\n<td width=\"226\"><a href=\"https:\/\/youtu.be\/Vn87VRjXQ44?si=MMQkzepdQrEnGILG\">https:\/\/youtu.be\/Vn87VRjXQ44?si=MMQkzepdQrEnGILG<\/a><\/td>\n<\/tr>\n<tr>\n<td>PP 33<\/td>\n<td width=\"215\"><a href=\"https:\/\/face.unt.edu.ar\/web\/iadmin\/wp-content\/uploads\/sites\/2\/2024\/05\/PP-33_compressed.pdf\">Desarrollo de una plataforma de e-commerce para Jorrat Hnos. S.A.: oportunidad en un contexto de incertidumbre<\/a><\/td>\n<td>Jorrat Mirande, Victoria Mar\u00eda<\/td>\n<td width=\"226\"><a href=\"https:\/\/youtu.be\/EMXUB6x7R7o?si=P2nKBi9WNICX3rTM\">https:\/\/youtu.be\/EMXUB6x7R7o?si=P2nKBi9WNICX3rTM<\/a><\/td>\n<\/tr>\n<tr>\n<td>PP 34<\/td>\n<td width=\"215\"><a href=\"https:\/\/face.unt.edu.ar\/web\/iadmin\/wp-content\/uploads\/sites\/2\/2024\/05\/PP-34_compressed.pdf\">An\u00e1lisis e Implementaci\u00f3n de un Software tipo CRM de gesti\u00f3n en una empresa inmobiliaria<\/a><\/td>\n<td>Najimov, Martin<\/td>\n<td width=\"226\"><a href=\"https:\/\/youtu.be\/MU6-KhzYyVg?si=GwplL_01NCN4Oxt1\">https:\/\/youtu.be\/MU6-KhzYyVg?si=GwplL_01NCN4Oxt1<\/a><\/td>\n<\/tr>\n<tr>\n<td>PP 35<\/td>\n<td width=\"215\"><a href=\"https:\/\/face.unt.edu.ar\/web\/iadmin\/wp-content\/uploads\/sites\/2\/2024\/05\/PP-35.pdf\">An\u00e1lisis y evaluaci\u00f3n de alternativas de software en empresa de soluciones industriales<\/a><\/td>\n<td>Pac\u00edfico, Gast\u00f3n Cayetano<\/td>\n<td width=\"226\"><a href=\"https:\/\/youtu.be\/ZMMA1Scasjk?si=yI5bRB3qI2VPSiDB\">https:\/\/youtu.be\/ZMMA1Scasjk?si=yI5bRB3qI2VPSiDB<\/a><\/td>\n<\/tr>\n<tr>\n<td>PP 36<\/td>\n<td width=\"215\"><a href=\"https:\/\/face.unt.edu.ar\/web\/iadmin\/wp-content\/uploads\/sites\/2\/2024\/05\/PP-36.pdf\">Validaci\u00f3n del modelo de negocio de la aplicaci\u00f3n m\u00f3vil WOFF a trav\u00e9s de la metodolog\u00eda lean Startup<\/a><\/td>\n<td>Paz Dumit, Gast\u00f3n<\/td>\n<td width=\"226\"><a href=\"https:\/\/youtu.be\/DkSGU_Qky-c?si=uJgGFP0NcgxbwNer\">https:\/\/youtu.be\/DkSGU_Qky-c?si=uJgGFP0NcgxbwNer<\/a><\/td>\n<\/tr>\n<tr>\n<td style=\"text-align: center\" colspan=\"4\"><strong>MESA 4<\/strong><\/td>\n<\/tr>\n<tr>\n<td>PP 41<\/td>\n<td width=\"215\"><a href=\"https:\/\/face.unt.edu.ar\/web\/iadmin\/wp-content\/uploads\/sites\/2\/2024\/05\/PP-41_compressed.pdf\">Descripci\u00f3n de un plan de Marketing Integral y desarrollo de un plan de Social Media para DS-GLOBOS<\/a><\/td>\n<td>Gomez Proto, Juan Ignacio<\/td>\n<td width=\"226\"><a href=\"https:\/\/youtu.be\/zonlR2LO75s?si=tFLS-yMtY4iNk0r-\">https:\/\/youtu.be\/zonlR2LO75s?si=tFLS-yMtY4iNk0r-<\/a><\/td>\n<\/tr>\n<tr>\n<td>PP 42<\/td>\n<td width=\"215\"><a href=\"https:\/\/face.unt.edu.ar\/web\/iadmin\/wp-content\/uploads\/sites\/2\/2024\/05\/PP-42.pdf\">Elaboraci\u00f3n de un Plan de Marketing Digital para la empresa Conforam<\/a><\/td>\n<td>Mamani, Hebe Patricia<\/td>\n<td width=\"226\"><a href=\"https:\/\/youtu.be\/Lx5tn97lfUs?si=3kiP94l5dFMpJAEz\">https:\/\/youtu.be\/Lx5tn97lfUs?si=3kiP94l5dFMpJAEz<\/a><\/td>\n<\/tr>\n<tr>\n<td>PP 43<\/td>\n<td width=\"215\"><a href=\"https:\/\/face.unt.edu.ar\/web\/iadmin\/wp-content\/uploads\/sites\/2\/2024\/05\/PP-43.pdf\">Plan de negocios Pixel Argentina<\/a><\/td>\n<td>Maurin, Patricio<\/td>\n<td width=\"226\"><\/td>\n<\/tr>\n<tr>\n<td>PP 44<\/td>\n<td width=\"215\"><a href=\"https:\/\/face.unt.edu.ar\/web\/iadmin\/wp-content\/uploads\/sites\/2\/2024\/05\/PP-44_compressed.pdf\">Digitalizaci\u00f3n de Revista Plena<\/a><\/td>\n<td>Robles Ter\u00e1n, Mar\u00eda Emilia<\/td>\n<td width=\"226\"><a href=\"https:\/\/youtu.be\/A696v0YLufI?si=TJyqkArTaVwKKDr8\">https:\/\/youtu.be\/A696v0YLufI?si=TJyqkArTaVwKKDr8<\/a><\/td>\n<\/tr>\n<tr>\n<td>PP 45<\/td>\n<td width=\"215\"><a href=\"https:\/\/face.unt.edu.ar\/web\/iadmin\/wp-content\/uploads\/sites\/2\/2024\/05\/PP-45.pdf\">Plan de Marketing Digital para PYME<\/a><\/td>\n<td>Rotger, Roc\u00edo Mar\u00eda<\/td>\n<td width=\"226\"><a href=\"https:\/\/youtu.be\/NLoGGU2P1DA?si=FijVFPCQr3prOcK-\">https:\/\/youtu.be\/NLoGGU2P1DA?si=FijVFPCQr3prOcK-<\/a><\/td>\n<\/tr>\n<tr>\n<td style=\"text-align: center\" colspan=\"4\"><strong>MESA 5<\/strong><\/td>\n<\/tr>\n<tr>\n<td>PP 51<\/td>\n<td width=\"215\"><a href=\"https:\/\/face.unt.edu.ar\/web\/iadmin\/wp-content\/uploads\/sites\/2\/2024\/05\/PP-51_compressed.pdf\">Propuesta de Mejora Estructural para una Organizaci\u00f3n Estatal basada en la Descripci\u00f3n y An\u00e1lisis de Cargos<\/a><\/td>\n<td>Acosta, Julieta Maria<\/td>\n<td width=\"226\"><a href=\"https:\/\/youtu.be\/2GPzBvk-s14?si=Wej3waLGH8Ixmhu6\">https:\/\/youtu.be\/2GPzBvk-s14?si=Wej3waLGH8Ixmhu6<\/a><\/td>\n<\/tr>\n<tr>\n<td>PP 52<\/td>\n<td width=\"215\"><a href=\"https:\/\/face.unt.edu.ar\/web\/iadmin\/wp-content\/uploads\/sites\/2\/2024\/05\/PP-52_compressed.pdf\">Aplicaci\u00f3n de Herramientas de Control en la log\u00edstica hospitalaria<\/a><\/td>\n<td>Ar\u00e1oz, Mar\u00eda Jimena<\/td>\n<td width=\"226\"><a href=\"https:\/\/youtu.be\/kqK9dMdO_qc?si=ofBoB8wgeLxjN9fp\">https:\/\/youtu.be\/kqK9dMdO_qc?si=ofBoB8wgeLxjN9fp<\/a><\/td>\n<\/tr>\n<tr>\n<td>PP 53<\/td>\n<td width=\"215\"><a href=\"https:\/\/face.unt.edu.ar\/web\/iadmin\/wp-content\/uploads\/sites\/2\/2024\/05\/PP-53.pdf\">Din\u00e1mica de sistemas aplicado al proceso de desarrollo y mantenimiento de formularios digitales de cumplimiento tributario<\/a><\/td>\n<td>Crimi, Marco<\/td>\n<td width=\"226\"><a href=\"https:\/\/youtu.be\/xSXs2M_-Bxg?si=3-SoKo1DJYyPR7Z1\">https:\/\/youtu.be\/xSXs2M_-Bxg?si=3-SoKo1DJYyPR7Z1<\/a><\/td>\n<\/tr>\n<tr>\n<td>PP 54<\/td>\n<td width=\"215\"><a href=\"https:\/\/face.unt.edu.ar\/web\/iadmin\/wp-content\/uploads\/sites\/2\/2024\/05\/PP-54_compressed.pdf\">Reorganizaci\u00f3n de procesos del Departamento Fiscalizaci\u00f3n de Rentas Yerba Buena.<\/a><\/td>\n<td>Lobo Figueroa Suarez, Ariadna L\u00eda Fatima<\/td>\n<td width=\"226\"><a href=\"https:\/\/youtu.be\/ONPOkcenhDw?si=BewGyFE9Cc1_DVJR\">https:\/\/youtu.be\/ONPOkcenhDw?si=BewGyFE9Cc1_DVJR<\/a><\/td>\n<\/tr>\n<tr>\n<td>PP 55<\/td>\n<td width=\"215\"><a href=\"https:\/\/face.unt.edu.ar\/web\/iadmin\/wp-content\/uploads\/sites\/2\/2024\/05\/PP-55_compressed.pdf\">Auditor\u00eda post implementaci\u00f3n de sistema de gesti\u00f3n para la calidad<\/a><\/td>\n<td>Nasif Molina, Carmela Mar\u00eda<\/td>\n<td><\/td>\n<\/tr>\n<tr>\n<td>PP 56<\/td>\n<td width=\"215\"><a href=\"https:\/\/face.unt.edu.ar\/web\/iadmin\/wp-content\/uploads\/sites\/2\/2024\/05\/PP-56.pdf\">Evaluaci\u00f3n y Medici\u00f3n del grado de ense\u00f1anza de habilidades blandas en la Licenciatura en Administraci\u00f3n<\/a><\/td>\n<td>Medina de la Fuente, Alejandro<\/td>\n<td><\/td>\n<\/tr>\n<tr>\n<td style=\"text-align: center\" colspan=\"4\"><strong>MESA 6<\/strong><\/td>\n<\/tr>\n<tr>\n<td>PP 61<\/td>\n<td width=\"215\"><a href=\"https:\/\/face.unt.edu.ar\/web\/iadmin\/wp-content\/uploads\/sites\/2\/2024\/05\/PP-61.pdf\">Dise\u00f1o de un plan de mejora para el \u00e1rea productiva de la Panader\u00eda \u00abLa Madrile\u00f1a\u00bb<\/a><\/td>\n<td>Sangenis Blazquez, Valentina<\/td>\n<td><\/td>\n<\/tr>\n<tr>\n<td>PP 62<\/td>\n<td width=\"215\"><a href=\"https:\/\/face.unt.edu.ar\/web\/iadmin\/wp-content\/uploads\/sites\/2\/2024\/05\/PP-62.pdf\">Herramientas de Gesti\u00f3n para el emprendimiento Tulum Bikinis &amp; More\u00a0<\/a><\/td>\n<td>Ricci, Victoria Maria<\/td>\n<td width=\"226\"><a href=\"https:\/\/youtu.be\/N_1SrbHY0ew?si=oCrttuSNVWte9Rew\">https:\/\/youtu.be\/N_1SrbHY0ew?si=oCrttuSNVWte9Rew<\/a><\/td>\n<\/tr>\n<tr>\n<td>PP 63<\/td>\n<td width=\"215\"><a href=\"https:\/\/face.unt.edu.ar\/web\/iadmin\/wp-content\/uploads\/sites\/2\/2024\/05\/PP-63.pdf\">Plan de Negocios: Venta de maquillaje importado \u00abTodoUsaTucs\u00bb<\/a><\/td>\n<td>Oviedo Benitez, Maria Sofia<\/td>\n<td width=\"226\"><a href=\"https:\/\/youtu.be\/Nd93QwvW_wQ?si=av0W4BlVunKXOzR2\">https:\/\/youtu.be\/Nd93QwvW_wQ?si=av0W4BlVunKXOzR2<\/a><\/td>\n<\/tr>\n<tr>\n<td>PP 64<\/td>\n<td width=\"215\"><a href=\"https:\/\/face.unt.edu.ar\/web\/iadmin\/wp-content\/uploads\/sites\/2\/2024\/05\/PP-64.pdf\">Plan de Negocios: \u00abProducci\u00f3n de Biofertilizantes con Bionanopart\u00edculas\u00bb<\/a><\/td>\n<td>Pillitteri, Antonella<\/td>\n<td width=\"226\"><a href=\"https:\/\/youtu.be\/FI8O7pxBV9w?si=YHXz64o2v3UuPIIg\">https:\/\/youtu.be\/FI8O7pxBV9w?si=YHXz64o2v3UuPIIg<\/a><\/td>\n<\/tr>\n<tr>\n<td>PP 65<\/td>\n<td width=\"215\"><a href=\"https:\/\/face.unt.edu.ar\/web\/iadmin\/wp-content\/uploads\/sites\/2\/2024\/05\/PP-65.pdf\">Elaboraci\u00f3n de Plan de Negocios para Emprendimiento<\/a><\/td>\n<td>Carrasco,\u00a0 Maria Paula<\/td>\n<td width=\"226\">https:\/\/youtu.be\/qB4CwVp5mhM?si=MHJPNAjKPemJMW2u<\/td>\n<\/tr>\n<tr>\n<td style=\"text-align: center\" colspan=\"4\"><strong>MESA 7<\/strong><\/td>\n<\/tr>\n<tr>\n<td rowspan=\"5\" width=\"66\">CG 11<\/td>\n<td rowspan=\"5\" width=\"215\"><a href=\"https:\/\/face.unt.edu.ar\/web\/iadmin\/wp-content\/uploads\/sites\/2\/2024\/05\/CG-11.pdf\">El control de gesti\u00f3n en Pymes. Caso de Estudio: GUINDI Shopping Toys<\/a><\/td>\n<td width=\"278\">Rodriguez, Maria Alejandra<\/td>\n<td rowspan=\"5\" width=\"226\"><a href=\"https:\/\/youtu.be\/dOxSxYWFg_8?si=_WwtyBuGaNw4kEZ7\">https:\/\/youtu.be\/dOxSxYWFg_8?si=_WwtyBuGaNw4kEZ7<\/a><\/td>\n<\/tr>\n<tr>\n<td width=\"278\">Sculco, Camila Belen<\/td>\n<\/tr>\n<tr>\n<td width=\"278\">Rodriguez, Franco Emanuel<\/td>\n<\/tr>\n<tr>\n<td width=\"278\">Rotger, Mariano Nicolas<\/td>\n<\/tr>\n<tr>\n<td width=\"278\">Cuozzo, Mauricio<\/td>\n<\/tr>\n<tr>\n<td rowspan=\"5\">CG 12<\/td>\n<td rowspan=\"5\" width=\"215\"><a href=\"https:\/\/face.unt.edu.ar\/web\/iadmin\/wp-content\/uploads\/sites\/2\/2024\/05\/CG-12.pdf\">Control de Gesti\u00f3n aplicado a Estaci\u00f3n de Servicio Plazoleta Mitre<\/a><\/td>\n<td>Ponce, Luciana Ayelen<\/td>\n<td rowspan=\"5\" width=\"226\"><a href=\"https:\/\/youtu.be\/pwFJyhNvCj0?si=KUhuSI1xUt-GMQae\">https:\/\/youtu.be\/pwFJyhNvCj0?si=KUhuSI1xUt-GMQae<\/a><\/td>\n<\/tr>\n<tr>\n<td>Arga\u00f1araz, Maria Macarena<\/td>\n<\/tr>\n<tr>\n<td>Pac\u00edfico, Gast\u00f3n Cayetano<\/td>\n<\/tr>\n<tr>\n<td>Galvez Garau, Aldana Sofia<\/td>\n<\/tr>\n<tr>\n<td>Hern\u00e1ndez, Julieta<\/td>\n<\/tr>\n<tr>\n<td rowspan=\"3\">CG 13<\/td>\n<td rowspan=\"3\"><a href=\"https:\/\/face.unt.edu.ar\/web\/iadmin\/wp-content\/uploads\/sites\/2\/2024\/05\/CG-13_compressed.pdf\">Transportes JDG<\/a><\/td>\n<td>Gargiulo, Valentina<\/td>\n<td rowspan=\"3\" width=\"226\"><a href=\"https:\/\/youtu.be\/CFShZz9QYX4?si=Kxv0ghHnM1_GU-fz\">https:\/\/youtu.be\/CFShZz9QYX4?si=Kxv0ghHnM1_GU-fz<\/a><\/td>\n<\/tr>\n<tr>\n<td>Barrera, Romina Vanessa<\/td>\n<\/tr>\n<tr>\n<td>P\u00e9rez. Oscar Fabricio<\/td>\n<\/tr>\n<tr>\n<td rowspan=\"4\">CG 14<\/td>\n<td rowspan=\"4\" width=\"215\"><a href=\"https:\/\/face.unt.edu.ar\/web\/iadmin\/wp-content\/uploads\/sites\/2\/2024\/05\/CG-14_compressed.pdf\">An\u00e1lisis y Aplicaci\u00f3n de las Herramientas de Control de Gesti\u00f3n en Tres A<\/a><\/td>\n<td>Albarrac\u00edn, El\u00edas Andr\u00e9s<\/td>\n<td rowspan=\"4\" width=\"226\"><a href=\"https:\/\/youtu.be\/WNxDRjn4M5U?si=jx5rfQ7iLHQvOwva\">https:\/\/youtu.be\/WNxDRjn4M5U?si=jx5rfQ7iLHQvOwva<\/a><\/td>\n<\/tr>\n<tr>\n<td>Alvarado, Paula Virginia<\/td>\n<\/tr>\n<tr>\n<td>Cena, Mariana<\/td>\n<\/tr>\n<tr>\n<td>Fernandez, Cintya Anabella<\/td>\n<\/tr>\n<tr>\n<td rowspan=\"3\">CG 15<\/td>\n<td rowspan=\"3\" width=\"215\"><a href=\"https:\/\/face.unt.edu.ar\/web\/iadmin\/wp-content\/uploads\/sites\/2\/2024\/05\/CG-15.pdf\">Sistema de Control de Gesti\u00f3n en Supermercado Minorista. Empresa Super M\u00e1s\u00a0<\/a><\/td>\n<td>Caldez Valdez, Andrea<\/td>\n<td rowspan=\"3\" width=\"226\"><a href=\"https:\/\/youtu.be\/_f5cGI12e1I?si=wxXCUtJhWD6FpGBP\">https:\/\/youtu.be\/_f5cGI12e1I?si=wxXCUtJhWD6FpGBP<\/a><\/td>\n<\/tr>\n<tr>\n<td>Salas Gaspar, Lia Carla Noemi<\/td>\n<\/tr>\n<tr>\n<td>Gonz\u00e1lez, Lourdes Mar\u00eda<\/td>\n<\/tr>\n<tr>\n<td rowspan=\"5\">CG 16<\/td>\n<td rowspan=\"5\" width=\"215\"><a href=\"https:\/\/face.unt.edu.ar\/web\/iadmin\/wp-content\/uploads\/sites\/2\/2024\/05\/CG-16.pdf\">Herramientas de Control de Gesti\u00f3n Aplicadas a una PyME. Caso de estudio: Lo del Cordero.<\/a><\/td>\n<td>Beltran Caba\u00f1as, Paula<\/td>\n<td rowspan=\"5\" width=\"226\"><a href=\"https:\/\/youtu.be\/HO11Pp8qB3I?si=mDgiahWfWVU5Ei-5\">https:\/\/youtu.be\/HO11Pp8qB3I?si=mDgiahWfWVU5Ei-5<\/a><\/td>\n<\/tr>\n<tr>\n<td>Mariotti, Agustina<\/td>\n<\/tr>\n<tr>\n<td>Capellan Pauna, Nicolas Agustin<\/td>\n<\/tr>\n<tr>\n<td>Ponce, Carlos Maximiliano<\/td>\n<\/tr>\n<tr>\n<td>Oviedo Benitez, Maria Sofia<\/td>\n<\/tr>\n<tr>\n<td><\/td>\n<td style=\"text-align: center\" colspan=\"3\" width=\"719\"><strong>MESA 8<\/strong><\/td>\n<\/tr>\n<tr>\n<td rowspan=\"3\">TI 11<\/td>\n<td rowspan=\"3\" width=\"215\"><a href=\"https:\/\/face.unt.edu.ar\/web\/iadmin\/wp-content\/uploads\/sites\/2\/2024\/05\/TI-11.pdf\">El aula presencial y el aula virtual desde la perspectiva estudiantil en la Licenciatura en Administraci\u00f3n<\/a><\/td>\n<td>Garc\u00eda, Javier<\/td>\n<td rowspan=\"3\" width=\"226\"><a href=\"https:\/\/youtu.be\/mbvbY5coL4g?si=az9yTs10CpNDYGNc\">https:\/\/youtu.be\/mbvbY5coL4g?si=az9yTs10CpNDYGNc<\/a><\/td>\n<\/tr>\n<tr>\n<td>Medina Galv\u00e1n, Marcelo<\/td>\n<\/tr>\n<tr>\n<td>Rocha, Cristian<\/td>\n<\/tr>\n<tr>\n<td rowspan=\"3\">TI 12<\/td>\n<td rowspan=\"3\" width=\"215\"><a href=\"https:\/\/face.unt.edu.ar\/web\/iadmin\/wp-content\/uploads\/sites\/2\/2024\/05\/TI-12.pdf\">Estrategias de Evaluaci\u00f3n Formativa en Entornos Virtuales de Ense\u00f1anza Aprendizaje en Educaci\u00f3n Superior<\/a><\/td>\n<td>Garc\u00eda, Javier<\/td>\n<td rowspan=\"3\" width=\"226\"><a href=\"https:\/\/youtu.be\/FcLCP8X_leg?si=uEwMz5LvJ2Y4vJNn\">https:\/\/youtu.be\/FcLCP8X_leg?si=uEwMz5LvJ2Y4vJNn<\/a><\/td>\n<\/tr>\n<tr>\n<td>Medina Galv\u00e1n, Marcelo<\/td>\n<\/tr>\n<tr>\n<td>Rocha, Cristian<\/td>\n<\/tr>\n<tr>\n<td rowspan=\"3\">TI 13<\/td>\n<td rowspan=\"3\" width=\"215\"><a href=\"https:\/\/face.unt.edu.ar\/web\/iadmin\/wp-content\/uploads\/sites\/2\/2024\/05\/TI-13.pdf\">Implementaci\u00f3n de Estrategias en Entornos Virtuales de Ense\u00f1anza-Aprendizaje en Cursos Universitarios<\/a><\/td>\n<td>Garc\u00eda, Javier<\/td>\n<td rowspan=\"3\" width=\"226\"><a href=\"https:\/\/youtu.be\/OqSNJGNVI5w?si=4mSa--b-x9gaaYh7\">https:\/\/youtu.be\/OqSNJGNVI5w?si=4mSa&#8211;b-x9gaaYh7<\/a><\/td>\n<\/tr>\n<tr>\n<td>Medina Galv\u00e1n, Marcelo<\/td>\n<\/tr>\n<tr>\n<td>Rocha, Cristian<\/td>\n<\/tr>\n<tr>\n<td rowspan=\"2\">TI 14<\/td>\n<td rowspan=\"2\" width=\"215\"><a href=\"https:\/\/face.unt.edu.ar\/web\/iadmin\/wp-content\/uploads\/sites\/2\/2024\/05\/TI-14.pdf\">El Balance de los estudiantes de la Pr\u00e1ctica Profesional de la Licenciatura en Administraci\u00f3n desde un Enfoque Fenomenol\u00f3gico<\/a><\/td>\n<td>Garc\u00eda, Javier<\/td>\n<td rowspan=\"2\" width=\"226\"><a href=\"https:\/\/youtu.be\/c0k8yJto9Mc?si=kxCpWvMGiA_sI8sR\">https:\/\/youtu.be\/c0k8yJto9Mc?si=kxCpWvMGiA_sI8sR<\/a><\/td>\n<\/tr>\n<tr>\n<td>Medina Galv\u00e1n, Marcelo<\/td>\n<\/tr>\n<tr>\n<td rowspan=\"2\">TI 15<\/td>\n<td rowspan=\"2\" width=\"215\"><a href=\"https:\/\/face.unt.edu.ar\/web\/iadmin\/wp-content\/uploads\/sites\/2\/2024\/05\/TI-15.pdf\">La Pr\u00e1ctica Profesional de la Licenciatura en Administraci\u00f3n en el contexto de educaci\u00f3n virtual\u00a0<\/a><\/td>\n<td>Dom\u00ednguez, Florencia<\/td>\n<td><\/td>\n<\/tr>\n<tr>\n<td>Medina Galv\u00e1n, Marcelo<\/td>\n<td><\/td>\n<\/tr>\n<tr>\n<td rowspan=\"2\">TI 16<\/td>\n<td rowspan=\"2\" width=\"215\"><a href=\"https:\/\/face.unt.edu.ar\/web\/iadmin\/wp-content\/uploads\/sites\/2\/2024\/05\/TI-16_compressed.pdf\">El Profesional de las Ciencias Econ\u00f3micas en el \u00c1mbito de la Seguridad de la Informaci\u00f3n: Percepciones Interdisciplinarias<\/a><\/td>\n<td>Garc\u00eda, Marcelo<\/td>\n<td><\/td>\n<\/tr>\n<tr>\n<td>Masclef, Mar\u00eda Alejandra<\/td>\n<td><\/td>\n<\/tr>\n<tr>\n<td rowspan=\"4\">TI 17<\/td>\n<td rowspan=\"4\" width=\"215\"><a href=\"https:\/\/face.unt.edu.ar\/web\/iadmin\/wp-content\/uploads\/sites\/2\/2024\/05\/TI-17.pdf\">Experiencia de Trabajo Virtual en Tiempos de Pandemia. Comercializaci\u00f3n I \u2013 2020<\/a><\/td>\n<td>Abdala, Mar\u00eda Gabriela<\/td>\n<td><\/td>\n<\/tr>\n<tr>\n<td>Usandivaras, Silvia<\/td>\n<td><\/td>\n<\/tr>\n<tr>\n<td>Tomsic, Sergio<\/td>\n<td><\/td>\n<\/tr>\n<tr>\n<td>Goncalvez, Mart\u00edn<\/td>\n<td><\/td>\n<\/tr>\n<tr>\n<td rowspan=\"2\">TI 18<\/td>\n<td rowspan=\"2\" width=\"215\"><a href=\"https:\/\/face.unt.edu.ar\/web\/iadmin\/wp-content\/uploads\/sites\/2\/2024\/05\/TI-18.pdf\">Mejora Continua en el Ministerio de Educaci\u00f3n de Tucum\u00e1n. Caso de Aplicaci\u00f3n: Atenci\u00f3n al p\u00fablico en Direcci\u00f3n de Novedades Salariales<\/a><\/td>\n<td>Martos, Enriqueta<\/td>\n<td rowspan=\"2\" width=\"226\"><a href=\"https:\/\/youtu.be\/DUN5qEGC6vw?si=fgfj-zF6HwOtQ35u\">https:\/\/youtu.be\/DUN5qEGC6vw?si=fgfj-zF6HwOtQ35u<\/a><\/td>\n<\/tr>\n<tr>\n<td>Rocha, Cristian<\/td>\n<\/tr>\n<tr>\n<td rowspan=\"2\">TI 19<\/td>\n<td rowspan=\"2\" width=\"215\"><a href=\"https:\/\/face.unt.edu.ar\/web\/iadmin\/wp-content\/uploads\/sites\/2\/2024\/05\/TI-19.pdf\">La experiencia de la Pr\u00e1ctica Profesional de la Licenciatura en Administraci\u00f3n como una expresi\u00f3n de Aprendizaje\u00a0 Basado en Proyectos<\/a><\/td>\n<td>Dom\u00ednguez, Florencia<\/td>\n<td rowspan=\"2\" width=\"226\"><a href=\"https:\/\/youtu.be\/brNm3-O_slQ?si=weUF3h5x17O3n7gD\">https:\/\/youtu.be\/brNm3-O_slQ?si=weUF3h5x17O3n7gD<\/a><\/td>\n<\/tr>\n<tr>\n<td>Medina Galv\u00e1n, Marcelo<\/td>\n<\/tr>\n<tr>\n<td rowspan=\"3\">TI 20<\/td>\n<td rowspan=\"3\" width=\"215\"><a href=\"https:\/\/face.unt.edu.ar\/web\/iadmin\/wp-content\/uploads\/sites\/2\/2024\/05\/TI-20.pdf\">Modelos para el An\u00e1lisis Organizacional en una Empresa Familiar del Rubro Construcci\u00f3n en Tucum\u00e1n<\/a><\/td>\n<td>Cossio, Patricio<\/td>\n<td rowspan=\"3\" width=\"226\"><a href=\"https:\/\/youtu.be\/jgqYmJcYpQ8?si=yr1MXEkUNqF9S7LB\">https:\/\/youtu.be\/jgqYmJcYpQ8?si=yr1MXEkUNqF9S7LB<\/a><\/td>\n<\/tr>\n<tr>\n<td>Garc\u00eda, Javier<\/td>\n<\/tr>\n<tr>\n<td>Medina Galv\u00e1n, Marcelo<\/td>\n<\/tr>\n<\/tbody>\n<\/table>\n","protected":false},"excerpt":{"rendered":"<p>C\u00f3digo Nombre del trabajo Apellido y Nombre Direcci\u00f3n YOUTUBE MESA 1 PP 11 Propuesta de Aplicaci\u00f3n de Herramientas de Control de Gesti\u00f3n en una PyME agr\u00edcola Altea, Felicitas PP 12 Tableros de comando operativos &#8211; Grupo San Agust\u00edn Made Lahitte, Mariano Javier https:\/\/youtu.be\/7BRP6J1MRFw?si=oO7BylYiOgP2Nqk_ PP 13 Herramientas de auditor\u00eda interna aplicadas en una pyme Nardi, Andrea [&hellip;]<\/p>\n","protected":false},"author":9,"featured_media":0,"parent":0,"menu_order":0,"comment_status":"closed","ping_status":"closed","template":"","meta":{"footnotes":""},"_links":{"self":[{"href":"https:\/\/face.unt.edu.ar\/web\/iadmin\/wp-json\/wp\/v2\/pages\/7783"}],"collection":[{"href":"https:\/\/face.unt.edu.ar\/web\/iadmin\/wp-json\/wp\/v2\/pages"}],"about":[{"href":"https:\/\/face.unt.edu.ar\/web\/iadmin\/wp-json\/wp\/v2\/types\/page"}],"author":[{"embeddable":true,"href":"https:\/\/face.unt.edu.ar\/web\/iadmin\/wp-json\/wp\/v2\/users\/9"}],"replies":[{"embeddable":true,"href":"https:\/\/face.unt.edu.ar\/web\/iadmin\/wp-json\/wp\/v2\/comments?post=7783"}],"version-history":[{"count":6,"href":"https:\/\/face.unt.edu.ar\/web\/iadmin\/wp-json\/wp\/v2\/pages\/7783\/revisions"}],"predecessor-version":[{"id":7841,"href":"https:\/\/face.unt.edu.ar\/web\/iadmin\/wp-json\/wp\/v2\/pages\/7783\/revisions\/7841"}],"wp:attachment":[{"href":"https:\/\/face.unt.edu.ar\/web\/iadmin\/wp-json\/wp\/v2\/media?parent=7783"}],"curies":[{"name":"wp","href":"https:\/\/api.w.org\/{rel}","templated":true}]}}