{"id":8463,"date":"2024-09-02T14:59:35","date_gmt":"2024-09-02T14:59:35","guid":{"rendered":"https:\/\/face.unt.edu.ar\/web\/iadmin\/?page_id=8463"},"modified":"2024-09-03T11:27:41","modified_gmt":"2024-09-03T11:27:41","slug":"matila-2024","status":"publish","type":"page","link":"https:\/\/face.unt.edu.ar\/web\/iadmin\/matila-2024\/","title":{"rendered":"XV MATILA"},"content":{"rendered":"<table width=\"1024\">\n<tbody>\n<tr>\n<td colspan=\"4\" width=\"1024\"><strong>MESA 1<\/strong><\/td>\n<\/tr>\n<tr>\n<td><strong>C\u00f3digo<\/strong><\/td>\n<td><strong>Nombre del trabajo<\/strong><\/td>\n<td><strong>Link de Youtube<\/strong><\/td>\n<td><strong>Autores<\/strong><\/td>\n<\/tr>\n<tr>\n<td rowspan=\"5\">A11<\/td>\n<td rowspan=\"5\"><a href=\"https:\/\/face.unt.edu.ar\/web\/iadmin\/wp-content\/uploads\/sites\/2\/2024\/09\/A11-Analisis-comercial-de-una-pyme-en-Yerba-Buena-Tucuman.pdf\">An\u00e1lisis comercial de una pyme en Yerba Buena, Tucum\u00e1n.<\/a><\/td>\n<td rowspan=\"5\"><a href=\"https:\/\/youtu.be\/A4odFLnuBAs?si=s7VdsFbJngPuqUMI\">https:\/\/youtu.be\/A4odFLnuBAs?si=s7VdsFbJngPuqUMI<\/a><\/td>\n<td>Abreg\u00fa Nicol\u00e1s<\/td>\n<\/tr>\n<tr>\n<td>Barros Lucas<\/td>\n<\/tr>\n<tr>\n<td>Cotella Jer\u00f3nimo<\/td>\n<\/tr>\n<tr>\n<td>Dip Flores Laureano<\/td>\n<\/tr>\n<tr>\n<td>Romero Milena<\/td>\n<\/tr>\n<tr>\n<td rowspan=\"4\">A12<\/td>\n<td rowspan=\"4\"><a href=\"https:\/\/face.unt.edu.ar\/web\/iadmin\/wp-content\/uploads\/sites\/2\/2024\/09\/A12-Optimizacion-de-la-Seleccion-de-Material-en-una-Empresa-de-Venta-de-Marmol.pdf\">Optimizaci\u00f3n de la Selecci\u00f3n de Material en una Empresa de Venta de M\u00e1rmol<\/a><\/td>\n<td rowspan=\"4\"><a href=\"https:\/\/youtu.be\/DJ3yWf--ucY?si=sm4CYNooPQjFwMOD\">https:\/\/youtu.be\/DJ3yWf&#8211;ucY?si=sm4CYNooPQjFwMOD<\/a><\/td>\n<td>Mirra Benjam\u00edn<\/td>\n<\/tr>\n<tr>\n<td>Molina Mateo<\/td>\n<\/tr>\n<tr>\n<td>Pfister Jer\u00f3nimo<\/td>\n<\/tr>\n<tr>\n<td>Wieler \u00c1lvaro<\/td>\n<\/tr>\n<tr>\n<td rowspan=\"5\">A13<\/td>\n<td rowspan=\"5\" width=\"397\"><a href=\"https:\/\/face.unt.edu.ar\/web\/iadmin\/wp-content\/uploads\/sites\/2\/2024\/09\/A13-Propuesta-de-modelo-para-gestion-de-inventario-y-politica-de-compra-en-empresa-comercializadora-de-bicicletas_compressed.pdf\">Propuesta de modelo para gesti\u00f3n de inventario y politica de compra en empresa comercializadora de bicicletas<\/a><\/td>\n<td rowspan=\"5\"><a href=\"https:\/\/youtu.be\/oPievaseEr8?si=xAYk7KQha1cjOp1b\">https:\/\/youtu.be\/oPievaseEr8?si=xAYk7KQha1cjOp1b<\/a><\/td>\n<td>Antolini Fabrizio<\/td>\n<\/tr>\n<tr>\n<td>Gomez Agustin<\/td>\n<\/tr>\n<tr>\n<td>Gonzalez Samuel<\/td>\n<\/tr>\n<tr>\n<td>Peralta Manuel<\/td>\n<\/tr>\n<tr>\n<td>Zurita Natalia<\/td>\n<\/tr>\n<tr>\n<td rowspan=\"5\">A14<\/td>\n<td rowspan=\"5\" width=\"397\"><a href=\"https:\/\/face.unt.edu.ar\/web\/iadmin\/wp-content\/uploads\/sites\/2\/2024\/09\/A14-Plan-de-Gestion-de-Inventario-Caso-de-aplicacion-de-Pronosticos-y-Programacion-lineal-en-una-drogueria-de-Tucuman.pdf\">Plan de Gesti\u00f3n de Inventario: Caso de aplicaci\u00f3n de Pron\u00f3sticos y Programaci\u00f3n lineal en una droguer\u00eda de Tucum\u00e1n<\/a><\/td>\n<td rowspan=\"5\"><a href=\"https:\/\/youtu.be\/-W_30pvdapM?si=HxJYz9aEOsRpSgHs\">https:\/\/youtu.be\/-W_30pvdapM?si=HxJYz9aEOsRpSgHs<\/a><\/td>\n<td>Catania Luciano Emmanuel<\/td>\n<\/tr>\n<tr>\n<td>Costilla Melani<\/td>\n<\/tr>\n<tr>\n<td>Gareca Noelia<\/td>\n<\/tr>\n<tr>\n<td>Pacheco Jos\u00e9 Ignacio<\/td>\n<\/tr>\n<tr>\n<td>Urquiza Maria sol<\/td>\n<\/tr>\n<tr>\n<td rowspan=\"5\">A15<\/td>\n<td rowspan=\"5\" width=\"397\"><a href=\"https:\/\/face.unt.edu.ar\/web\/iadmin\/wp-content\/uploads\/sites\/2\/2024\/09\/A15-Programacion-de-mano-de-obra-en-concesionario-de-maquinarias-agricolas.pdf\">Programaci\u00f3n de mano de obra en concesionario de maquinarias agr\u00edcolas<\/a><\/td>\n<td rowspan=\"5\"><a href=\"https:\/\/youtu.be\/pJbqxrZLQcs?si=kcwt2-ijP8UX6dfu\">https:\/\/youtu.be\/pJbqxrZLQcs?si=kcwt2-ijP8UX6dfu<\/a><\/td>\n<td>Esper, Miguel Alberto<\/td>\n<\/tr>\n<tr>\n<td>Esper, Facundo Augusto<\/td>\n<\/tr>\n<tr>\n<td>Lopez Garcia, Mar\u00eda Celeste<\/td>\n<\/tr>\n<tr>\n<td>Medina Raed, Horacio Javier<\/td>\n<\/tr>\n<tr>\n<td>Salas Auad, Mart\u00edn<\/td>\n<\/tr>\n<tr>\n<td rowspan=\"2\">A16<\/td>\n<td rowspan=\"2\" width=\"397\"><a href=\"https:\/\/face.unt.edu.ar\/web\/iadmin\/wp-content\/uploads\/sites\/2\/2024\/09\/A16-Estrategias-Cuantitativas-para-la-Toma-de-Decisiones-de-_Mate-Co_.pdf\">Estrategias Cuantitativas para la Toma de Decisiones de &#8216;Mate &amp; Co&#8217;<\/a><\/td>\n<td rowspan=\"2\"><a href=\"https:\/\/youtu.be\/gL3eMoDzbV4?si=oo0k4w7v8n_oGRBa\">https:\/\/youtu.be\/gL3eMoDzbV4?si=oo0k4w7v8n_oGRBa<\/a><\/td>\n<td>Molina, Maria del Rosario<\/td>\n<\/tr>\n<tr>\n<td>G\u00f3mez, Mat\u00edas Luciano<\/td>\n<\/tr>\n<tr>\n<td rowspan=\"3\">A17<\/td>\n<td rowspan=\"3\" width=\"397\"><a href=\"https:\/\/face.unt.edu.ar\/web\/iadmin\/wp-content\/uploads\/sites\/2\/2024\/09\/A17-Optimizacion-de-la-asignacion-de-empleados-a-proyectos-en-IngenieriaTuc-S.R.L._compressed.pdf\">Optimizaci\u00f3n de la asignaci\u00f3n de empleados a proyectos en Ingenier\u00edaTuc S.R.L.<\/a><\/td>\n<td rowspan=\"3\"><a href=\"https:\/\/youtu.be\/h7lOMPT2ogk?si=X4pexBID_p3kxyd9\">https:\/\/youtu.be\/h7lOMPT2ogk?si=X4pexBID_p3kxyd9<\/a><\/td>\n<td>Giambroni, Agustina In\u00e9s<\/td>\n<\/tr>\n<tr>\n<td>Jim\u00e9nez, C\u00e9sar Ignacio<\/td>\n<\/tr>\n<tr>\n<td>Rodriguez, Josefina<\/td>\n<\/tr>\n<tr>\n<td colspan=\"4\"><strong>MESA 2<\/strong><\/td>\n<\/tr>\n<tr>\n<td rowspan=\"5\">T21<\/td>\n<td rowspan=\"5\"><a href=\"https:\/\/face.unt.edu.ar\/web\/iadmin\/wp-content\/uploads\/sites\/2\/2024\/09\/T21-Analisis-de-impacto-de-la-rotacion-del-personal.pdf\">An\u00e1lisis de impacto de la rotaci\u00f3n del personal<\/a><\/td>\n<td rowspan=\"5\"><a href=\"https:\/\/youtu.be\/JRpK18j7gCI?si=kpqIXwqQfm0MB3_Y\">https:\/\/youtu.be\/JRpK18j7gCI?si=kpqIXwqQfm0MB3_Y<\/a><\/td>\n<td>Facen Federico Pascal<\/td>\n<\/tr>\n<tr>\n<td>Lopez Bianca<\/td>\n<\/tr>\n<tr>\n<td>Noriega Martin<\/td>\n<\/tr>\n<tr>\n<td>Valdez Rodrigo<\/td>\n<\/tr>\n<tr>\n<td>Zu\u00f1iga Janeth<\/td>\n<\/tr>\n<tr>\n<td rowspan=\"5\">T22<\/td>\n<td rowspan=\"6\" width=\"397\"><a href=\"https:\/\/face.unt.edu.ar\/web\/iadmin\/wp-content\/uploads\/sites\/2\/2024\/09\/T22-Gestion-de-la-motivacion-de-los-empleados-como-herramienta-competitiva-en-un-estudio-de-arquitectura._compressed.pdf\">Gesti\u00f3n de la motivaci\u00f3n de los empleados como herramienta competitiva en un estudio de arquitectura.<\/a><\/td>\n<td rowspan=\"6\"><a href=\"https:\/\/youtu.be\/kVjB7sk5an0?si=ib-X2pvcP4Wv2EV2\">https:\/\/youtu.be\/kVjB7sk5an0?si=ib-X2pvcP4Wv2EV2<\/a><\/td>\n<td>De Filippo, Antonella<\/td>\n<\/tr>\n<tr>\n<td>Diaz, Emilse<\/td>\n<\/tr>\n<tr>\n<td>Plaza, Valentina<\/td>\n<\/tr>\n<tr>\n<td>Ponce Sosa, Carolina<\/td>\n<\/tr>\n<tr>\n<td>Rodriguez Salinas, Valentina<\/td>\n<\/tr>\n<tr>\n<td><\/td>\n<td>Sagr, Julieta<\/td>\n<\/tr>\n<tr>\n<td rowspan=\"5\">T23<\/td>\n<td rowspan=\"5\" width=\"397\"><a href=\"https:\/\/face.unt.edu.ar\/web\/iadmin\/wp-content\/uploads\/sites\/2\/2024\/09\/T23-Practicas-de-RRHH-para-mejorar-el-rendimiento-laboral-en-funcion-del-bienestar-integral-de-la-persona_compressed-3.pdf\">Pr\u00e1cticas de recursos humanos para mejorar el rendimiento laboral en funci\u00f3n del bienestar integral de la persona: estudio de caso aplicado al \u00e1rea de proyectos de un estudio de arquitectura<\/a><\/td>\n<td rowspan=\"5\"><a href=\"https:\/\/youtu.be\/jUW8gydzBcY?si=fxaE-Yq3hPBCsQIV\">https:\/\/youtu.be\/jUW8gydzBcY?si=fxaE-Yq3hPBCsQIV<\/a><\/td>\n<td>Dayoub, Mar\u00eda del Rosario<\/td>\n<\/tr>\n<tr>\n<td>Paz Mendilaharzu, Agustina<\/td>\n<\/tr>\n<tr>\n<td>Paz Posse, Pilar<\/td>\n<\/tr>\n<tr>\n<td>Torino, Mar\u00eda<\/td>\n<\/tr>\n<tr>\n<td>Zaval\u00eda Paz, Bel\u00e9n<\/td>\n<\/tr>\n<tr>\n<td>T24<\/td>\n<td><a href=\"https:\/\/face.unt.edu.ar\/web\/iadmin\/wp-content\/uploads\/sites\/2\/2024\/09\/T24-Elementos-culturales-de-Angola_compressed.pdf\">Elementos culturales de Angola<\/a><\/td>\n<td><a href=\"https:\/\/youtu.be\/SQFyUw9mozA?si=wPCVdPr8oaBPfPrw\">https:\/\/youtu.be\/SQFyUw9mozA?si=wPCVdPr8oaBPfPrw<\/a><\/td>\n<td>Quispe Ver\u00f3nica Cintia<\/td>\n<\/tr>\n<tr>\n<td rowspan=\"5\">T25<\/td>\n<td rowspan=\"5\"><a href=\"https:\/\/face.unt.edu.ar\/web\/iadmin\/wp-content\/uploads\/sites\/2\/2024\/09\/T25-Analisis-del-crecimiento-organizacional-y-gestion-del-talento-Caso-de-estudio-en-una-veterinaria-en-la-provincia-de-Tucuman_compressed.pdf\">An\u00e1lisis del crecimiento organizacional y gesti\u00f3n del talento: \u00abCaso de estudio en una veterinaria en la provincia de Tucum\u00e1n\u00bb<\/a><\/td>\n<td rowspan=\"5\"><a href=\"https:\/\/youtu.be\/Pgb5t5Lt6E4?si=qne6vgit9Qx-RGfq\">https:\/\/youtu.be\/Pgb5t5Lt6E4?si=qne6vgit9Qx-RGfq<\/a><\/td>\n<td>Donelli Sofia Agustina<\/td>\n<\/tr>\n<tr>\n<td>Figueroa \u00c1ngeles Fiorella<\/td>\n<\/tr>\n<tr>\n<td>Lemme David Leonardo<\/td>\n<\/tr>\n<tr>\n<td>Ruiz Azul Fernanda<\/td>\n<\/tr>\n<tr>\n<td>Zelaray\u00e1n Evelyn Nicolle<\/td>\n<\/tr>\n<tr>\n<td rowspan=\"4\">T26<\/td>\n<td rowspan=\"5\"><a href=\"https:\/\/face.unt.edu.ar\/web\/iadmin\/wp-content\/uploads\/sites\/2\/2024\/09\/T26-Competencias-claves-en-graduados-de-administracion-evaluacion-y-demanda-laboral-en-el-sector-de-marketing_compressed.pdf\">Competencias claves en graduados de administraci\u00f3n: evaluaci\u00f3n y demanda laboral en el sector de marketing<\/a><\/td>\n<td rowspan=\"5\"><a href=\"https:\/\/youtu.be\/Xo5j4wHTMQE?si=3EU1B5u470PlStNe\">https:\/\/youtu.be\/Xo5j4wHTMQE?si=3EU1B5u470PlStNe<\/a><\/td>\n<td>Nazar, Carolina del Milagro<\/td>\n<\/tr>\n<tr>\n<td>Haidar, Daiana Yesica<\/td>\n<\/tr>\n<tr>\n<td>Gonzalez, Facundo Ezequiel<\/td>\n<\/tr>\n<tr>\n<td>Juarez Codevilla, Leonardo<\/td>\n<\/tr>\n<tr>\n<td><\/td>\n<td>Cabrera, Sergio David<\/td>\n<\/tr>\n<tr>\n<td colspan=\"4\"><strong>MESA 3<\/strong><\/td>\n<\/tr>\n<tr>\n<td rowspan=\"5\">T31<\/td>\n<td rowspan=\"6\"><a href=\"https:\/\/face.unt.edu.ar\/web\/iadmin\/wp-content\/uploads\/sites\/2\/2024\/09\/T31-Potenciando-el-exito-empresarial-a-traves-del-marketing-digital-optimizacion-de-estrategias-en-tres-emprendimientos-del-sector-gastronomico-de-Tucuman_compressed.pdf\">Potenciando el \u00e9xito empresarial a trav\u00e9s del marketing digital: optimizaci\u00f3n de estrategias en tres emprendimientos del sector gastron\u00f3mico de Tucuman.<\/a><\/td>\n<td rowspan=\"6\"><a href=\"https:\/\/youtu.be\/tmzONk2qgW0?si=wmyUNeCUSQ-JgCod\">https:\/\/youtu.be\/tmzONk2qgW0?si=wmyUNeCUSQ-JgCod<\/a><\/td>\n<td>Bernal Francisco<\/td>\n<\/tr>\n<tr>\n<td>\u00a0Cervi\u00f1o, Julieta<\/td>\n<\/tr>\n<tr>\n<td>\u00a0Foss Ledebur Neves, Isabella Marina<\/td>\n<\/tr>\n<tr>\n<td>\u00a0Lopez Vera, Lourdes<\/td>\n<\/tr>\n<tr>\n<td>\u00a0Rodriguez Lieb, Sofia<\/td>\n<\/tr>\n<tr>\n<td><\/td>\n<td>Ucciardello, Luciana<\/td>\n<\/tr>\n<tr>\n<td rowspan=\"5\">T32<\/td>\n<td rowspan=\"6\"><a href=\"https:\/\/face.unt.edu.ar\/web\/iadmin\/wp-content\/uploads\/sites\/2\/2024\/09\/T32-Tendencias-de-diseno-y-personalizacion-en-un-emprendimiento-de-sublimaciones_compressed.pdf\">Tendencias de dise\u00f1o y personalizaci\u00f3n en un emprendimiento de sublimaciones<\/a><\/td>\n<td rowspan=\"6\"><a href=\"https:\/\/youtu.be\/-I3fGZ5TlGM?si=6h0mx-VHhzaB-FrH\">https:\/\/youtu.be\/-I3fGZ5TlGM?si=6h0mx-VHhzaB-FrH<\/a><\/td>\n<td>Correa Rosario<\/td>\n<\/tr>\n<tr>\n<td>Ch\u00e1vez Lautaro Nicol\u00e1s<\/td>\n<\/tr>\n<tr>\n<td>Del Frari Mar\u00eda Carolina<\/td>\n<\/tr>\n<tr>\n<td>Fadel Ana Paula<\/td>\n<\/tr>\n<tr>\n<td>Falci Troiti\u00f1o Luj\u00e1n<\/td>\n<\/tr>\n<tr>\n<td><\/td>\n<td>Leiva Haro Valentina<\/td>\n<\/tr>\n<tr>\n<td rowspan=\"5\">T33<\/td>\n<td rowspan=\"5\"><a href=\"https:\/\/face.unt.edu.ar\/web\/iadmin\/wp-content\/uploads\/sites\/2\/2024\/09\/T33-Plan-de-marketing-digital-para-un-emprendimiento-de-mates-en-tucuman_compressed.pdf\">Plan de marketing digital para un emprendimiento de mates en Tucum\u00e1n<\/a><\/td>\n<td rowspan=\"5\"><a href=\"https:\/\/youtu.be\/68ej4hl-wKw?si=34GbF5f7zCkKayg0\">https:\/\/youtu.be\/68ej4hl-wKw?si=34GbF5f7zCkKayg0<\/a><\/td>\n<td>Arabia, Farid Ignacio<\/td>\n<\/tr>\n<tr>\n<td>Alcorta, Santiago<\/td>\n<\/tr>\n<tr>\n<td>Frias Silva, Francisco Jose<\/td>\n<\/tr>\n<tr>\n<td>Gramajo, Facundo Jose<\/td>\n<\/tr>\n<tr>\n<td>Potolicchio, Franco Alberto<\/td>\n<\/tr>\n<tr>\n<td rowspan=\"3\">T34<\/td>\n<td rowspan=\"3\"><a href=\"https:\/\/face.unt.edu.ar\/web\/iadmin\/wp-content\/uploads\/sites\/2\/2024\/09\/T34-Plan-estrategico-para-un-emprendimiento-de-moda-sostenible.pdf\">Plan estrat\u00e9gico para un emprendimiento de moda sostenible<\/a><\/td>\n<td rowspan=\"3\"><a href=\"https:\/\/youtu.be\/4zX_kOP9vH4?si=yfkeKYZiX57a3BxL\">https:\/\/youtu.be\/4zX_kOP9vH4?si=yfkeKYZiX57a3BxL<\/a><\/td>\n<td>Alvarez, Jose Emiliano<\/td>\n<\/tr>\n<tr>\n<td>Gonzalez Chavez, Bryan Alexis<\/td>\n<\/tr>\n<tr>\n<td>Rodriguez, Josefina<\/td>\n<\/tr>\n<tr>\n<td colspan=\"4\"><strong>MESA 4<\/strong><\/td>\n<\/tr>\n<tr>\n<td rowspan=\"5\">T41<\/td>\n<td rowspan=\"6\"><a href=\"https:\/\/face.unt.edu.ar\/web\/iadmin\/wp-content\/uploads\/sites\/2\/2024\/09\/T41-Estructura-de-Costos-de-un-Area-de-Alta-Complejidad-en-una-Empresa-de-Salud-Privada_compressed.pdf\">Estructura de Costos de un \u00c1rea de Alta Complejidad en una Empresa de Salud Privada<\/a><\/td>\n<td rowspan=\"6\"><a href=\"https:\/\/youtu.be\/iHjzTKxK5hQ?si=rBY5mvKMyrk0b5F0\">https:\/\/youtu.be\/iHjzTKxK5hQ?si=rBY5mvKMyrk0b5F0<\/a><\/td>\n<td>Palumbo Martina Rosario<\/td>\n<\/tr>\n<tr>\n<td>Garcia Barraza Lautaro<\/td>\n<\/tr>\n<tr>\n<td>Colombres Garmendia Luz Mar\u00eda<\/td>\n<\/tr>\n<tr>\n<td>Luna Lucas<\/td>\n<\/tr>\n<tr>\n<td>Sanchez Maximiliano<\/td>\n<\/tr>\n<tr>\n<td><\/td>\n<td>Chehin Tom\u00e1s<\/td>\n<\/tr>\n<tr>\n<td rowspan=\"4\">T42<\/td>\n<td rowspan=\"4\"><a href=\"https:\/\/face.unt.edu.ar\/web\/iadmin\/wp-content\/uploads\/sites\/2\/2024\/09\/T42-El-juego-mas-alla-del-campo-Estudio-de-la-rentabilidad-en-un-club-de-futbol_compressed.pdf\">El juego m\u00e1s all\u00e1 del campo\u00bb &#8211; Estudio de la rentabilidad en un club de futbol<\/a><\/td>\n<td rowspan=\"4\"><a href=\"https:\/\/youtu.be\/7gBGpChQCe8?si=QYpYnv359XvVkYqy\">https:\/\/youtu.be\/7gBGpChQCe8?si=QYpYnv359XvVkYqy<\/a><\/td>\n<td>Di Pietro Fabrizio<\/td>\n<\/tr>\n<tr>\n<td>Herrera Constanza Maria Victoria<\/td>\n<\/tr>\n<tr>\n<td>Jimenez Pablo Nicolas<\/td>\n<\/tr>\n<tr>\n<td>Volpi Luciano Nahuel<\/td>\n<\/tr>\n<tr>\n<td rowspan=\"4\">T43<\/td>\n<td rowspan=\"4\"><a href=\"https:\/\/face.unt.edu.ar\/web\/iadmin\/wp-content\/uploads\/sites\/2\/2024\/09\/T43-El-control-interno-como-eje-de-gestion-en-un-supermercado.pdf\">El control interno como eje de gesti\u00f3n en un supermercado<\/a><\/td>\n<td rowspan=\"4\"><a href=\"https:\/\/youtu.be\/Z04UHgGR8p4?si=5HN_-gvTQi8oa1ap\">https:\/\/youtu.be\/Z04UHgGR8p4?si=5HN_-gvTQi8oa1ap<\/a><\/td>\n<td>Barros\u00a0 Roc\u00edo Mariana<\/td>\n<\/tr>\n<tr>\n<td>Herrera Lairana Josefina<\/td>\n<\/tr>\n<tr>\n<td>Olivera Agustina Luz<\/td>\n<\/tr>\n<tr>\n<td>S\u00e1nchez Mar\u00eda Valentina<\/td>\n<\/tr>\n<tr>\n<td rowspan=\"5\">T44<\/td>\n<td rowspan=\"5\"><a href=\"https:\/\/face.unt.edu.ar\/web\/iadmin\/wp-content\/uploads\/sites\/2\/2024\/09\/T44-Proceso-de-Transformacion-de-un-Estudio-Contable-Nacional-con-Modalidad-de-Trabajo-Presencial-al-Trabajo-Hibrido-y-Remoto.pdf\">Proceso de Transformaci\u00f3n de un Estudio Contable Nacional con Modalidad de Trabajo Presencial al Trabajo H\u00edbrido y Remoto<\/a><\/td>\n<td rowspan=\"5\"><a href=\"https:\/\/youtu.be\/GDE8kX2a1SM?si=8JxJUOtZqw0jOBmi\">https:\/\/youtu.be\/GDE8kX2a1SM?si=8JxJUOtZqw0jOBmi<\/a><\/td>\n<td>Farias Maria Victoria<\/td>\n<\/tr>\n<tr>\n<td>Frias Raul Sebastian<\/td>\n<\/tr>\n<tr>\n<td>Naessens Montanaro Ana Irina<\/td>\n<\/tr>\n<tr>\n<td>Roldan Acosta Alejandro<\/td>\n<\/tr>\n<tr>\n<td>Toledo Levalle Santiago Jorge<\/td>\n<\/tr>\n<tr>\n<td rowspan=\"5\">T45<\/td>\n<td rowspan=\"5\"><a href=\"https:\/\/face.unt.edu.ar\/web\/iadmin\/wp-content\/uploads\/sites\/2\/2024\/09\/T45-Gestion-de-suministros-en-una-organizacion-publica.pdf\">Gesti\u00f3n de suministros en una organizaci\u00f3n p\u00fablica<\/a><\/td>\n<td rowspan=\"5\"><a href=\"https:\/\/youtu.be\/VMcxTas9Vck?si=GF_Q2PwgKVoREoCL\">https:\/\/youtu.be\/VMcxTas9Vck?si=GF_Q2PwgKVoREoCL<\/a><\/td>\n<td>Lopez Kirschbaum Gustavo Gabriel<\/td>\n<\/tr>\n<tr>\n<td>Ap\u00e1s Julian<\/td>\n<\/tr>\n<tr>\n<td>Carrizo Juan<\/td>\n<\/tr>\n<tr>\n<td>Liquin Maximiliano<\/td>\n<\/tr>\n<tr>\n<td>Grellet Maximiliano<\/td>\n<\/tr>\n<tr>\n<td rowspan=\"5\">T46<\/td>\n<td rowspan=\"5\"><a href=\"https:\/\/face.unt.edu.ar\/web\/iadmin\/wp-content\/uploads\/sites\/2\/2024\/09\/T46-El-potencial-de-los-subproductos-en-la-industria-citricola_compressed.pdf\">El potencial de los subproductos en la industria citricola<\/a><\/td>\n<td rowspan=\"5\"><a href=\"https:\/\/youtu.be\/209KHS4gy2o?si=tcncIhM4gaZ86ISa\">https:\/\/youtu.be\/209KHS4gy2o?si=tcncIhM4gaZ86ISa<\/a><\/td>\n<td>Aragon Ana Paula<\/td>\n<\/tr>\n<tr>\n<td>Assis Rosario<\/td>\n<\/tr>\n<tr>\n<td>Fernandez Santiago<\/td>\n<\/tr>\n<tr>\n<td>Filgueira Delfina<\/td>\n<\/tr>\n<tr>\n<td>Prado Leggio Zoe Maria<\/td>\n<\/tr>\n<\/tbody>\n<\/table>\n","protected":false},"excerpt":{"rendered":"<p>MESA 1 C\u00f3digo Nombre del trabajo Link de Youtube Autores A11 An\u00e1lisis comercial de una pyme en Yerba Buena, Tucum\u00e1n. https:\/\/youtu.be\/A4odFLnuBAs?si=s7VdsFbJngPuqUMI Abreg\u00fa Nicol\u00e1s Barros Lucas Cotella Jer\u00f3nimo Dip Flores Laureano Romero Milena A12 Optimizaci\u00f3n de la Selecci\u00f3n de Material en una Empresa de Venta de M\u00e1rmol https:\/\/youtu.be\/DJ3yWf&#8211;ucY?si=sm4CYNooPQjFwMOD Mirra Benjam\u00edn Molina Mateo Pfister Jer\u00f3nimo Wieler \u00c1lvaro [&hellip;]<\/p>\n","protected":false},"author":9,"featured_media":0,"parent":0,"menu_order":0,"comment_status":"closed","ping_status":"closed","template":"","meta":{"footnotes":""},"_links":{"self":[{"href":"https:\/\/face.unt.edu.ar\/web\/iadmin\/wp-json\/wp\/v2\/pages\/8463"}],"collection":[{"href":"https:\/\/face.unt.edu.ar\/web\/iadmin\/wp-json\/wp\/v2\/pages"}],"about":[{"href":"https:\/\/face.unt.edu.ar\/web\/iadmin\/wp-json\/wp\/v2\/types\/page"}],"author":[{"embeddable":true,"href":"https:\/\/face.unt.edu.ar\/web\/iadmin\/wp-json\/wp\/v2\/users\/9"}],"replies":[{"embeddable":true,"href":"https:\/\/face.unt.edu.ar\/web\/iadmin\/wp-json\/wp\/v2\/comments?post=8463"}],"version-history":[{"count":5,"href":"https:\/\/face.unt.edu.ar\/web\/iadmin\/wp-json\/wp\/v2\/pages\/8463\/revisions"}],"predecessor-version":[{"id":8493,"href":"https:\/\/face.unt.edu.ar\/web\/iadmin\/wp-json\/wp\/v2\/pages\/8463\/revisions\/8493"}],"wp:attachment":[{"href":"https:\/\/face.unt.edu.ar\/web\/iadmin\/wp-json\/wp\/v2\/media?parent=8463"}],"curies":[{"name":"wp","href":"https:\/\/api.w.org\/{rel}","templated":true}]}}