{"id":85,"date":"2013-05-28T17:04:26","date_gmt":"2013-05-28T17:04:26","guid":{"rendered":"http:\/\/mulki.com.ar\/iadmin\/?page_id=85"},"modified":"2021-08-19T14:47:52","modified_gmt":"2021-08-19T14:47:52","slug":"docentes","status":"publish","type":"page","link":"https:\/\/face.unt.edu.ar\/web\/iadmin\/institucional\/docentes\/","title":{"rendered":"C\u00e1tedras"},"content":{"rendered":"<h3><strong>Ciclo Profesional<\/strong><\/h3>\n<h4><span style=\"color: #003366\"><a title=\"C\u00e1tedra Administraci\u00f3n I\" href=\"http:\/\/face.unt.edu.ar\/web\/iadmin\/institucional\/docentes\/catedra-administracion-i\/\"><span style=\"color: #000000\">Administraci\u00f3n I\u00a0<\/span><\/a><span style=\"color: #000000\">\u00a0&#8211; Box 23<\/span><\/span><\/h4>\n<h4><span style=\"color: #000000\"><a title=\"C\u00e1tedra Administraci\u00f3n II\" href=\"http:\/\/face.unt.edu.ar\/web\/iadmin\/institucional\/docentes\/catedra-administracion-ii\/\">Comportamiento Organizacional<\/a><\/span><span style=\"color: #000000\">&#8211; Box 24<\/span><\/h4>\n<h4><span style=\"color: #000000\"><a title=\"C\u00e1tedra Administraci\u00f3n de Personal\" href=\"http:\/\/face.unt.edu.ar\/web\/iadmin\/institucional\/docentes\/catedra-administracion-de-personal\/\">Administraci\u00f3n de Recursos Humanos<\/a>\u00a0&#8211; Box 24<\/span><\/h4>\n<h4><span style=\"color: #000000\"><a title=\"C\u00e1tedra Administraci\u00f3n de la Producci\u00f3n I\" href=\"http:\/\/face.unt.edu.ar\/web\/iadmin\/institucional\/docentes\/catedra-administracion-de-la-produccion-i\/\">Administraci\u00f3n de la Operaciones I<\/a>\u00a0&#8211; Box 19<\/span><\/h4>\n<h4><span style=\"color: #000000\"><a title=\"C\u00e1tedra Administraci\u00f3n de la Producci\u00f3n II\" href=\"http:\/\/face.unt.edu.ar\/web\/iadmin\/institucional\/docentes\/catedra-administracion-de-la-produccion-ii\/\">Administraci\u00f3n de la Operaciones II<\/a>\u00a0&#8211; Box 17<\/span><\/h4>\n<h4><span style=\"color: #000000\"><a href=\"http:\/\/face.unt.edu.ar\/web\/iadmin\/analisis-y-diseno-de-sistemas\/\">An\u00e1lisis y Dise\u00f1o de Sistemas<\/a> &#8211; Box 22<\/span><\/h4>\n<h4><span style=\"color: #000000\"><a title=\"C\u00e1tedra Comercializaci\u00f3n I\" href=\"http:\/\/face.unt.edu.ar\/web\/iadmin\/institucional\/docentes\/catedra-comercializacion-i\/\">Comercializaci\u00f3n I<\/a>\u00a0-Box 20<\/span><\/h4>\n<h4><span style=\"color: #000000\"><a href=\"http:\/\/face.unt.edu.ar\/web\/iadmin\/wp-admin\/post.php?post=329&amp;action=edit\">Comercializaci\u00f3n II\u00a0<\/a>&#8211; Box 20<\/span><\/h4>\n<h4><span style=\"color: #000000\"><a title=\"C\u00e1tedra Computaci\u00f3n II\" href=\"http:\/\/face.unt.edu.ar\/web\/iadmin\/institucional\/docentes\/catedra-computacion-ii\/\">Computaci\u00f3n I<\/a>\u00a0&#8211; Box 22<\/span><\/h4>\n<h4><span style=\"color: #000000\"><a title=\"C\u00e1tedra Computaci\u00f3n I\" href=\"http:\/\/face.unt.edu.ar\/web\/iadmin\/institucional\/docentes\/catedra-computacion-i\/\">Computaci\u00f3n II<\/a>\u00a0&#8211; Box 26<\/span><\/h4>\n<h4><span style=\"color: #000000\"><a title=\"C\u00e1tedra Contabilidad Gerencial\" href=\"http:\/\/face.unt.edu.ar\/web\/iadmin\/institucional\/docentes\/catedra-contabilidad-gerencial\/\">Contabilidad Gerencial<\/a>\u00a0&#8211; Box 87<\/span><\/h4>\n<h4><span style=\"color: #000000\"><a title=\"C\u00e1tedra Finanzas de Empresas I\" href=\"http:\/\/face.unt.edu.ar\/web\/iadmin\/institucional\/docentes\/catedra-finanzas-de-empresas-i\/\">Finanzas de Empresas I<\/a>\u00a0&#8211; Box 21<\/span><\/h4>\n<h4><span style=\"color: #000000\"><a title=\"C\u00e1tedra Finanzas de Empresas II\" href=\"http:\/\/face.unt.edu.ar\/web\/iadmin\/institucional\/docentes\/catedra-finanzas-de-empresas-ii\/\">Finanzas de Empresas II<\/a>\u00a0&#8211; Box 21<\/span><\/h4>\n<h4><span style=\"color: #000000\"><a href=\"http:\/\/face.unt.edu.ar\/web\/iadmin\/institucional\/docentes\/catedra-formulacion-y-evaluacion-de-proyectos\/\">Formulaci\u00f3n y Evaluaci\u00f3n de Proyectos<\/a>\u00a0 &#8211; Box 17<\/span><\/h4>\n<h4><span style=\"color: #000000\"><a title=\"C\u00e1tedra Sistema de Informaci\u00f3n I\" href=\"http:\/\/face.unt.edu.ar\/web\/iadmin\/institucional\/docentes\/catedra-sistema-de-informacion\/\">Sistemas de Informaci\u00f3n I<\/a>\u00a0&#8211; Box 26<\/span><\/h4>\n<h4><span style=\"color: #000000\"><a title=\"C\u00e1tedra Teor\u00eda de la Organizaci\u00f3n\" href=\"http:\/\/face.unt.edu.ar\/web\/iadmin\/institucional\/docentes\/catedra-teoria-de-la-organizacion\/\">Teor\u00eda de la Organizaci\u00f3n<\/a><\/span><\/h4>\n<h3><span style=\"color: #000000\"><strong>Optativas<\/strong><\/span><\/h3>\n<h4><a href=\"https:\/\/face.unt.edu.ar\/web\/iadmin\/actualizacion-en-temas-de-administracion\">Actualizaci\u00f3n en temas de Administraci\u00f3n &#8211; Box 23<\/a><\/h4>\n<h4><span style=\"color: #000000\"><a href=\"http:\/\/face.unt.edu.ar\/web\/iadmin\/?page_id=3603&amp;preview=true\">Control de Gesti\u00f3n<\/a> &#8211; <strong>Box 87<\/strong><\/span><\/h4>\n<h4><span style=\"color: #000000\"><a href=\"http:\/\/face.unt.edu.ar\/web\/iadmin\/?page_id=3570&amp;preview=true\">Desarrollo de Competencias Emprendedoras <\/a>&#8211; Box 23<\/span><\/h4>\n<h4><span style=\"color: #000000\"><a title=\"C\u00e1tedra Sistema de Informaci\u00f3n II\" href=\"http:\/\/face.unt.edu.ar\/web\/iadmin\/catedra-sistema-de-informacion-ii\/\">Sistemas de Informaci\u00f3n II<\/a>\u00a0&#8211; Box 22<\/span><\/h4>\n<h4><span style=\"color: #000000\"><a href=\"http:\/\/face.unt.edu.ar\/web\/iadmin\/?page_id=3606&amp;preview=true\">Sociolog\u00eda<\/a> &#8211; Box 30<\/span><\/h4>\n<p>&nbsp;<\/p>\n<p>&nbsp;<\/p>\n","protected":false},"excerpt":{"rendered":"<p>Ciclo Profesional Administraci\u00f3n I\u00a0\u00a0&#8211; Box 23 Comportamiento Organizacional&#8211; Box 24 Administraci\u00f3n de Recursos Humanos\u00a0&#8211; Box 24 Administraci\u00f3n de la Operaciones I\u00a0&#8211; Box 19 Administraci\u00f3n de la Operaciones II\u00a0&#8211; Box 17 An\u00e1lisis y Dise\u00f1o de Sistemas &#8211; Box 22 Comercializaci\u00f3n I\u00a0-Box 20 Comercializaci\u00f3n II\u00a0&#8211; Box 20 Computaci\u00f3n I\u00a0&#8211; Box 22 Computaci\u00f3n II\u00a0&#8211; Box 26 Contabilidad Gerencial\u00a0&#8211; [&hellip;]<\/p>\n","protected":false},"author":1,"featured_media":0,"parent":25,"menu_order":0,"comment_status":"closed","ping_status":"open","template":"","meta":{"footnotes":""},"_links":{"self":[{"href":"https:\/\/face.unt.edu.ar\/web\/iadmin\/wp-json\/wp\/v2\/pages\/85"}],"collection":[{"href":"https:\/\/face.unt.edu.ar\/web\/iadmin\/wp-json\/wp\/v2\/pages"}],"about":[{"href":"https:\/\/face.unt.edu.ar\/web\/iadmin\/wp-json\/wp\/v2\/types\/page"}],"author":[{"embeddable":true,"href":"https:\/\/face.unt.edu.ar\/web\/iadmin\/wp-json\/wp\/v2\/users\/1"}],"replies":[{"embeddable":true,"href":"https:\/\/face.unt.edu.ar\/web\/iadmin\/wp-json\/wp\/v2\/comments?post=85"}],"version-history":[{"count":32,"href":"https:\/\/face.unt.edu.ar\/web\/iadmin\/wp-json\/wp\/v2\/pages\/85\/revisions"}],"predecessor-version":[{"id":5077,"href":"https:\/\/face.unt.edu.ar\/web\/iadmin\/wp-json\/wp\/v2\/pages\/85\/revisions\/5077"}],"up":[{"embeddable":true,"href":"https:\/\/face.unt.edu.ar\/web\/iadmin\/wp-json\/wp\/v2\/pages\/25"}],"wp:attachment":[{"href":"https:\/\/face.unt.edu.ar\/web\/iadmin\/wp-json\/wp\/v2\/media?parent=85"}],"curies":[{"name":"wp","href":"https:\/\/api.w.org\/{rel}","templated":true}]}}