{"id":14,"date":"2023-12-12T17:01:44","date_gmt":"2023-12-12T16:01:44","guid":{"rendered":"https:\/\/face.unt.edu.ar\/web\/icontable\/?page_id=14"},"modified":"2023-12-12T17:01:44","modified_gmt":"2023-12-12T16:01:44","slug":"objetivos","status":"publish","type":"page","link":"https:\/\/face.unt.edu.ar\/web\/icontable\/objetivos\/","title":{"rendered":"Objetivos"},"content":{"rendered":"<ul>\n<li>Brindar capacitaci\u00f3n tanto a los docentes, a los alumnos, como as\u00ed tambi\u00e9n a la comunidad en general.<\/li>\n<li>Participar en las actividades organizadas por otros institutos de la facultad.<\/li>\n<li>Realizar actividades de extensi\u00f3n en su relaci\u00f3n con el medio, atender consultas de organismos estatales o privados.<\/li>\n<li>Realizar actividades de investigaci\u00f3n.<\/li>\n<\/ul>\n","protected":false},"excerpt":{"rendered":"<p>Brindar capacitaci\u00f3n tanto a los docentes, a los alumnos, como as\u00ed tambi\u00e9n a la comunidad en general. Participar en las actividades organizadas por otros institutos de la facultad. Realizar actividades de extensi\u00f3n en su relaci\u00f3n con el medio, atender consultas de organismos estatales o privados. Realizar actividades de investigaci\u00f3n.<\/p>\n","protected":false},"author":1,"featured_media":0,"parent":0,"menu_order":0,"comment_status":"closed","ping_status":"closed","template":"","meta":{"footnotes":""},"_links":{"self":[{"href":"https:\/\/face.unt.edu.ar\/web\/icontable\/wp-json\/wp\/v2\/pages\/14"}],"collection":[{"href":"https:\/\/face.unt.edu.ar\/web\/icontable\/wp-json\/wp\/v2\/pages"}],"about":[{"href":"https:\/\/face.unt.edu.ar\/web\/icontable\/wp-json\/wp\/v2\/types\/page"}],"author":[{"embeddable":true,"href":"https:\/\/face.unt.edu.ar\/web\/icontable\/wp-json\/wp\/v2\/users\/1"}],"replies":[{"embeddable":true,"href":"https:\/\/face.unt.edu.ar\/web\/icontable\/wp-json\/wp\/v2\/comments?post=14"}],"version-history":[{"count":1,"href":"https:\/\/face.unt.edu.ar\/web\/icontable\/wp-json\/wp\/v2\/pages\/14\/revisions"}],"predecessor-version":[{"id":15,"href":"https:\/\/face.unt.edu.ar\/web\/icontable\/wp-json\/wp\/v2\/pages\/14\/revisions\/15"}],"wp:attachment":[{"href":"https:\/\/face.unt.edu.ar\/web\/icontable\/wp-json\/wp\/v2\/media?parent=14"}],"curies":[{"name":"wp","href":"https:\/\/api.w.org\/{rel}","templated":true}]}}