{"id":9,"date":"2023-12-12T16:59:55","date_gmt":"2023-12-12T15:59:55","guid":{"rendered":"https:\/\/face.unt.edu.ar\/web\/icontable\/?page_id=9"},"modified":"2025-05-09T12:34:24","modified_gmt":"2025-05-09T15:34:24","slug":"autoridades","status":"publish","type":"page","link":"https:\/\/face.unt.edu.ar\/web\/icontable\/autoridades\/","title":{"rendered":"Autoridades"},"content":{"rendered":"<p><strong>Autoridades:<\/strong><br \/>\n<strong>Director:<\/strong> Cr. Eduardo Esc\u00e1ndar<\/p>\n<p><strong>Consejo Consultivo<\/strong><br \/>\n<strong>Profesores Titulares, Asociados y Adjuntos:<\/strong><\/p>\n<ul>\n<li>Carlos Enrique Ortiz Soler<\/li>\n<li>Estela Roxana Albornoz<\/li>\n<li>M\u00f3nica Pulido<\/li>\n<li>Gabriela Alejandra S\u00e1nchez<\/li>\n<li>Javier Zay\u00fan<\/li>\n<\/ul>\n<p><strong>Jefes de Trabajos Pr\u00e1cticos:<\/strong><\/p>\n<ul>\n<li>Sof\u00eda Herrando<\/li>\n<li>Eduardo Catella<\/li>\n<li>Sergio Manuel M\u00e9ndez<\/li>\n<li>Agust\u00edn Tula Norry<\/li>\n<\/ul>\n<p><strong>Ayudantes Estudiantiles<\/strong><\/p>\n<p>Ornella Lizeth Delia Tiburcio<\/p>\n<p>Solange Ovalles<\/p>\n<p>&nbsp;<\/p>\n","protected":false},"excerpt":{"rendered":"<p>Autoridades: Director: Cr. Eduardo Esc\u00e1ndar Consejo Consultivo Profesores Titulares, Asociados y Adjuntos: Carlos Enrique Ortiz Soler Estela Roxana Albornoz M\u00f3nica Pulido Gabriela Alejandra S\u00e1nchez Javier Zay\u00fan Jefes de Trabajos Pr\u00e1cticos: Sof\u00eda Herrando Eduardo Catella Sergio Manuel M\u00e9ndez Agust\u00edn Tula Norry Ayudantes Estudiantiles Ornella Lizeth Delia Tiburcio Solange Ovalles &nbsp;<\/p>\n","protected":false},"author":1,"featured_media":0,"parent":0,"menu_order":0,"comment_status":"closed","ping_status":"closed","template":"","meta":{"footnotes":""},"_links":{"self":[{"href":"https:\/\/face.unt.edu.ar\/web\/icontable\/wp-json\/wp\/v2\/pages\/9"}],"collection":[{"href":"https:\/\/face.unt.edu.ar\/web\/icontable\/wp-json\/wp\/v2\/pages"}],"about":[{"href":"https:\/\/face.unt.edu.ar\/web\/icontable\/wp-json\/wp\/v2\/types\/page"}],"author":[{"embeddable":true,"href":"https:\/\/face.unt.edu.ar\/web\/icontable\/wp-json\/wp\/v2\/users\/1"}],"replies":[{"embeddable":true,"href":"https:\/\/face.unt.edu.ar\/web\/icontable\/wp-json\/wp\/v2\/comments?post=9"}],"version-history":[{"count":10,"href":"https:\/\/face.unt.edu.ar\/web\/icontable\/wp-json\/wp\/v2\/pages\/9\/revisions"}],"predecessor-version":[{"id":137,"href":"https:\/\/face.unt.edu.ar\/web\/icontable\/wp-json\/wp\/v2\/pages\/9\/revisions\/137"}],"wp:attachment":[{"href":"https:\/\/face.unt.edu.ar\/web\/icontable\/wp-json\/wp\/v2\/media?parent=9"}],"curies":[{"name":"wp","href":"https:\/\/api.w.org\/{rel}","templated":true}]}}