{"id":92,"date":"2024-07-04T10:10:28","date_gmt":"2024-07-04T13:10:28","guid":{"rendered":"https:\/\/face.unt.edu.ar\/web\/icontable\/?page_id=92"},"modified":"2024-07-04T10:17:01","modified_gmt":"2024-07-04T13:17:01","slug":"catedras","status":"publish","type":"page","link":"https:\/\/face.unt.edu.ar\/web\/icontable\/catedras\/","title":{"rendered":"C\u00e1tedras"},"content":{"rendered":"<table width=\"466\">\n<tbody>\n<tr>\n<td width=\"466\"><a href=\"https:\/\/www.instagram.com\/catdeadministracionpublica?igsh=MWVqNjM5bHhhcTF6cA==\">Administraci\u00f3n y contabilidad p\u00fablica I<\/a><\/td>\n<\/tr>\n<tr>\n<td>Auditoria de Gesti\u00f3n<\/td>\n<\/tr>\n<tr>\n<td>Auditoria de la Informaci\u00f3n<\/td>\n<\/tr>\n<tr>\n<td>Conceptos de Medici\u00f3n<\/td>\n<\/tr>\n<tr>\n<td>Concurso y Practica Judicial I<\/td>\n<\/tr>\n<tr>\n<td>Contabilidad Financiera<\/td>\n<\/tr>\n<tr>\n<td>Costos I: Sistema de Costos<\/td>\n<\/tr>\n<tr>\n<td>Costos II: Presupuestos y Costos para Decisiones<\/td>\n<\/tr>\n<tr>\n<td><a href=\"https:\/\/www.instagram.com\/expo.info.contable.faceunt?igsh=ZHJoeDloOXJ1cWdw\">Exposici\u00f3n de la Informaci\u00f3n Contable<\/a><\/td>\n<\/tr>\n<tr>\n<td>Informaci\u00f3n Financiera Consolidada y An\u00e1lisis de la Informaci\u00f3n Financiera<\/td>\n<\/tr>\n<tr>\n<td><a href=\"https:\/\/www.instagram.com\/isic.face?igsh=d2dkcDFmemlleXNp\">Introducci\u00f3n al Sistema de Informaci\u00f3n Contable<\/a><\/td>\n<\/tr>\n<tr>\n<td>Pr\u00e1ctica Profesional Supervisada<\/td>\n<\/tr>\n<tr>\n<td>Problem\u00e1ticas y Proyectos de Desarrollo Social<\/td>\n<\/tr>\n<tr>\n<td>Sistemas Administrativos y de Control Interno I<\/td>\n<\/tr>\n<\/tbody>\n<\/table>\n","protected":false},"excerpt":{"rendered":"<p>Administraci\u00f3n y contabilidad p\u00fablica I Auditoria de Gesti\u00f3n Auditoria de la Informaci\u00f3n Conceptos de Medici\u00f3n Concurso y Practica Judicial I Contabilidad Financiera Costos I: Sistema de Costos Costos II: Presupuestos y Costos para Decisiones Exposici\u00f3n de la Informaci\u00f3n Contable Informaci\u00f3n Financiera Consolidada y An\u00e1lisis de la Informaci\u00f3n Financiera Introducci\u00f3n al Sistema de Informaci\u00f3n Contable Pr\u00e1ctica [&hellip;]<\/p>\n","protected":false},"author":123463,"featured_media":0,"parent":0,"menu_order":0,"comment_status":"closed","ping_status":"closed","template":"","meta":{"footnotes":""},"_links":{"self":[{"href":"https:\/\/face.unt.edu.ar\/web\/icontable\/wp-json\/wp\/v2\/pages\/92"}],"collection":[{"href":"https:\/\/face.unt.edu.ar\/web\/icontable\/wp-json\/wp\/v2\/pages"}],"about":[{"href":"https:\/\/face.unt.edu.ar\/web\/icontable\/wp-json\/wp\/v2\/types\/page"}],"author":[{"embeddable":true,"href":"https:\/\/face.unt.edu.ar\/web\/icontable\/wp-json\/wp\/v2\/users\/123463"}],"replies":[{"embeddable":true,"href":"https:\/\/face.unt.edu.ar\/web\/icontable\/wp-json\/wp\/v2\/comments?post=92"}],"version-history":[{"count":4,"href":"https:\/\/face.unt.edu.ar\/web\/icontable\/wp-json\/wp\/v2\/pages\/92\/revisions"}],"predecessor-version":[{"id":100,"href":"https:\/\/face.unt.edu.ar\/web\/icontable\/wp-json\/wp\/v2\/pages\/92\/revisions\/100"}],"wp:attachment":[{"href":"https:\/\/face.unt.edu.ar\/web\/icontable\/wp-json\/wp\/v2\/media?parent=92"}],"curies":[{"name":"wp","href":"https:\/\/api.w.org\/{rel}","templated":true}]}}