{"id":130,"date":"2016-09-06T23:02:17","date_gmt":"2016-09-06T23:02:17","guid":{"rendered":"http:\/\/face.unt.edu.ar\/web\/ieconomia\/?page_id=130"},"modified":"2018-03-18T15:28:00","modified_gmt":"2018-03-18T15:28:00","slug":"congresos-jornadas-y-eventos","status":"publish","type":"page","link":"https:\/\/face.unt.edu.ar\/web\/ieconomia\/institucional\/congresos-jornadas-y-eventos\/","title":{"rendered":"Congresos, jornadas y eventos"},"content":{"rendered":"<p><strong>Reuniones Acad\u00e9micas organizadas en la UNT<\/strong><\/p>\n<p>2017 \u00a0\u00a0\u00a0\u00a0 Conferencia sobre Desarrollo Econ\u00f3mico en Homenaje del profesor V\u00edctor El\u00edas. San Miguel de Tucum\u00e1n<\/p>\n<p>Conferencia sobre T\u00f3picos en Teor\u00eda del Capital en Homenaje del profesor Manuel L. Cordom\u00ed realizada en San Miguel de Tucum\u00e1n.<\/p>\n<p>2016<em>\u00a0 \u00a0 \u00a0 LI Reuni\u00f3n Anual de la Asociaci\u00f3n Argentina de Econom\u00eda Pol\u00edtica<\/em> (AAEP) realizada en San Miguel de Tucum\u00e1n.<\/p>\n<p>2016 \u00a0\u00a0\u00a0\u00a0 14<sup>tas<\/sup> Jornadas Regionales de Econom\u00eda y Sociedad del Noroeste Argentino (ARESNOA).<\/p>\n<p>2015\u00a0\u00a0\u00a0\u00a0\u00a0 5<sup>ta<\/sup> Reuni\u00f3n Anual de la Sociedad Argentina de Econom\u00eda Regional (SAER) realizada en San Miguel de Tucum\u00e1n.<\/p>\n<p>2012\u00a0\u00a0\u00a0\u00a0\u00a0 10<sup>mas<\/sup> Jornadas Regionales de Econom\u00eda y Sociedad del Noroeste Argentino (ARESNOA).<\/p>\n<p>2007 \u00a0\u00a0\u00a0\u00a0 5<sup>tas<\/sup> Jornadas Regionales de Econom\u00eda y Sociedad del Noroeste Argentino (ARESNOA).<\/p>\n<p>2003 \u00a0\u00a0\u00a0\u00a0 1<sup>eras<\/sup> Jornadas Regionales de Econom\u00eda y Sociedad del Noroeste Argentino (ARESNOA).<\/p>\n<p>2002<em> \u00a0\u00a0\u00a0\u00a0 XXXVII Reuni\u00f3n Anual de la Asociaci\u00f3n Argentina de Econom\u00eda Pol\u00edtica<\/em> (AAEP) realizada en San Miguel de Tucum\u00e1n.<\/p>\n<p>2001 \u00a0\u00a0\u00a0\u00a0 <em>Conferencia Anual en Desarrollo Econ\u00f3mico y Recursos Humanos (junto con la Universidad de Chile) <\/em>realizada en Taf\u00ed del Valle.<\/p>\n<p>1998 \u00a0\u00a0\u00a0\u00a0 <em>Conferencia Anual en Desarrollo Econ\u00f3mico y Recursos Humanos (junto con la Universidad de Chile) <\/em>realizada en Taf\u00ed del Valle.<\/p>\n<p><em>1996 \u00a0\u00a0\u00a0\u00a0 Conferencia Anual en Desarrollo Econ\u00f3mico y Recursos Humanos (junto con la Universidad de Chile) <\/em>realizada en Taf\u00ed del Valle.<\/p>\n<p><em>1994 \u00a0\u00a0\u00a0\u00a0 Conferencia Anual en Desarrollo Econ\u00f3mico y Recursos Humanos (junto con la Universidad de Chile) <\/em>realizada en El Siamb\u00f3n.<\/p>\n<p><em>Reuni\u00f3n Anual de la Asociaci\u00f3n Argentina de Econom\u00eda Pol\u00edtica<\/em> (AAEP) realizada en San Miguel de Tucum\u00e1n.<\/p>\n<p>1993 \u00a0\u00a0\u00a0\u00a0 <em>XII Encuentro Latinoamericano de la Sociedad Econom\u00e9trica -LAMES -(junto con <\/em>Fundaci\u00f3n Banco Empresario) realizada en San Miguel de Tucum\u00e1n.<\/p>\n<p>1983 \u00a0\u00a0\u00a0\u00a0 XVIII <em>Reuni\u00f3n Anual de la Asociaci\u00f3n Argentina de Econom\u00eda Pol\u00edtica<\/em> (AAEP) realizada en San Miguel de Tucum\u00e1n.<\/p>\n<p>1967 \u00a0\u00a0\u00a0\u00a0 3<sup>era<\/sup> <em>Reuni\u00f3n Anual de la Asociaci\u00f3n Argentina de Econom\u00eda Pol\u00edtica<\/em> (AAEP) realizada en Horco Molle.<\/p>\n<p>&nbsp;<\/p>\n<p>&nbsp;<\/p>\n<p>&nbsp;<\/p>\n<p>&nbsp;<\/p>\n<p>&nbsp;<\/p>\n<p>&nbsp;<\/p>\n<p>&nbsp;<\/p>\n<p>&nbsp;<\/p>\n<p>&nbsp;<\/p>\n<p><strong>\u00a0<\/strong><\/p>\n","protected":false},"excerpt":{"rendered":"<p>Reuniones Acad\u00e9micas organizadas en la UNT 2017 \u00a0\u00a0\u00a0\u00a0 Conferencia sobre Desarrollo Econ\u00f3mico en Homenaje del profesor V\u00edctor El\u00edas. San Miguel de Tucum\u00e1n Conferencia sobre T\u00f3picos en Teor\u00eda del Capital en Homenaje del profesor Manuel L. Cordom\u00ed realizada en San Miguel de Tucum\u00e1n. 2016\u00a0 \u00a0 \u00a0 LI Reuni\u00f3n Anual de la Asociaci\u00f3n Argentina de Econom\u00eda Pol\u00edtica [&hellip;]<\/p>\n","protected":false},"author":1,"featured_media":0,"parent":10,"menu_order":0,"comment_status":"closed","ping_status":"closed","template":"","meta":{"footnotes":""},"_links":{"self":[{"href":"https:\/\/face.unt.edu.ar\/web\/ieconomia\/wp-json\/wp\/v2\/pages\/130"}],"collection":[{"href":"https:\/\/face.unt.edu.ar\/web\/ieconomia\/wp-json\/wp\/v2\/pages"}],"about":[{"href":"https:\/\/face.unt.edu.ar\/web\/ieconomia\/wp-json\/wp\/v2\/types\/page"}],"author":[{"embeddable":true,"href":"https:\/\/face.unt.edu.ar\/web\/ieconomia\/wp-json\/wp\/v2\/users\/1"}],"replies":[{"embeddable":true,"href":"https:\/\/face.unt.edu.ar\/web\/ieconomia\/wp-json\/wp\/v2\/comments?post=130"}],"version-history":[{"count":5,"href":"https:\/\/face.unt.edu.ar\/web\/ieconomia\/wp-json\/wp\/v2\/pages\/130\/revisions"}],"predecessor-version":[{"id":455,"href":"https:\/\/face.unt.edu.ar\/web\/ieconomia\/wp-json\/wp\/v2\/pages\/130\/revisions\/455"}],"up":[{"embeddable":true,"href":"https:\/\/face.unt.edu.ar\/web\/ieconomia\/wp-json\/wp\/v2\/pages\/10"}],"wp:attachment":[{"href":"https:\/\/face.unt.edu.ar\/web\/ieconomia\/wp-json\/wp\/v2\/media?parent=130"}],"curies":[{"name":"wp","href":"https:\/\/api.w.org\/{rel}","templated":true}]}}