{"id":135,"date":"2016-09-06T23:05:13","date_gmt":"2016-09-06T23:05:13","guid":{"rendered":"http:\/\/face.unt.edu.ar\/web\/ieconomia\/?page_id=135"},"modified":"2025-06-27T14:10:54","modified_gmt":"2025-06-27T14:10:54","slug":"profesores","status":"publish","type":"page","link":"https:\/\/face.unt.edu.ar\/web\/ieconomia\/profesores\/","title":{"rendered":"Profesores"},"content":{"rendered":"<p><strong>Docentes \u2013 INVECO \u2013 UNT <\/strong><\/p>\n<ul>\n<li><a href=\"https:\/\/face.unt.edu.ar\/web\/ieconomia\/profesores\/alvarez-beatriz\/\" target=\"_blank\" rel=\"noopener\">\u00c1LVAREZ, BEATRIZ<\/a><\/li>\n<li><a href=\"https:\/\/face.unt.edu.ar\/web\/ieconomia\/araoz-maria-florencia\/\" target=\"_blank\" rel=\"noopener\">ARAOZ, MARIA FLORENCIA<\/a><\/li>\n<li>BIANCO, FEDERICO SANTIAGO<\/li>\n<li><a href=\"http:\/\/face.unt.edu.ar\/web\/ieconomia\/profesores\/jose-javier-bercoff\/\" target=\"_blank\" rel=\"noopener\">BERCOFF, JOS\u00c9 JAVIER<\/a><\/li>\n<li><a href=\"http:\/\/face.unt.edu.ar\/web\/ieconomia\/profesores\/maria-jose-catalan\/\" target=\"_blank\" rel=\"noopener\">CATAL\u00c1N, MAR\u00cdA JOS\u00c9<\/a><\/li>\n<li><a href=\"http:\/\/face.unt.edu.ar\/web\/ieconomia\/profesores\/cerro-ana-maria\/\" target=\"_blank\" rel=\"noopener\">CERRO DE OMODEO, ANA MAR\u00cdA<\/a><\/li>\n<li><a href=\"https:\/\/face.unt.edu.ar\/web\/ieconomia\/florencia-correa-deza\/\" target=\"_blank\" rel=\"noopener\">CORREA DEZA, FLORENCIA<\/a><\/li>\n<li><a href=\"http:\/\/face.unt.edu.ar\/web\/ieconomia\/profesores\/patricio-cossio\/\" target=\"_blank\" rel=\"noopener\">COSSIO, PATRICIO<\/a><\/li>\n<li><a href=\"https:\/\/face.unt.edu.ar\/web\/ieconomia\/profesores\/danon-alejandro-martin\/\" target=\"_blank\" rel=\"noopener\">DANON, ALEJANDRO MART\u00cdN<\/a><\/li>\n<li><a href=\"https:\/\/face.unt.edu.ar\/web\/ieconomia\/mariana-delgado-cordomi\/\" target=\"_blank\" rel=\"noopener\">DELGADO CORDOM\u00cd, MARIANA<\/a><\/li>\n<li><a href=\"https:\/\/es.wikipedia.org\/wiki\/V%C3%ADctor_El%C3%ADas_(economista)\" target=\"_blank\" rel=\"noopener\">EL\u00cdAS, VICTOR<\/a><\/li>\n<li><a href=\"https:\/\/face.unt.edu.ar\/web\/ieconomia\/hugo-daniel-ferullo\/\" target=\"_blank\" rel=\"noopener\">FERULLO, HUGO DANIEL<\/a><\/li>\n<li><a href=\"http:\/\/face.unt.edu.ar\/web\/ieconomia\/profesores\/foguet-santiago\/\" target=\"_blank\" rel=\"noopener\">FOGUET, SANTIAGO<\/a><\/li>\n<li><a href=\"https:\/\/face.unt.edu.ar\/web\/ieconomia\/gabriel-amos-fridrij\/\">FRIDRIJ, GABRIEL AMOS<\/a><\/li>\n<li>GARC\u00cdA, ANTONIO RA\u00daL<\/li>\n<li><a href=\"http:\/\/face.unt.edu.ar\/web\/ieconomia\/profesores\/maria-jose-granado\/\">GRANADO, MAR\u00cdA JOS\u00c9<\/a><\/li>\n<li><a href=\"http:\/\/face.unt.edu.ar\/web\/ieconomia\/profesores\/iajya-victor\/\" target=\"_blank\" rel=\"noopener\">IAJYA, V\u00cdCTOR DANIEL<\/a><\/li>\n<li><a href=\"https:\/\/face.unt.edu.ar\/web\/ieconomia\/maria-cristina-leguizamon\/\" target=\"_blank\" rel=\"noopener\">LEGUIZAM\u00d3N, MAR\u00cdA CRISTINA<\/a><\/li>\n<li><a href=\"https:\/\/face.unt.edu.ar\/web\/ieconomia\/maria-jose-leguizamon\/\" target=\"_blank\" rel=\"noopener\">LEGUIZAMON, MAR\u00cdA JOS\u00c9<\/a><\/li>\n<li><a href=\"http:\/\/face.unt.edu.ar\/web\/ieconomia\/profesores\/osvaldo-meloni\/\" target=\"_blank\" rel=\"noopener\">MELONI, OSVALDO<\/a><\/li>\n<li><a href=\"http:\/\/face.unt.edu.ar\/web\/ieconomia\/profesores\/mena-andres-sebastian\/\" target=\"_blank\" rel=\"noopener\">MENA, ANDR\u00c9S SEBASTI\u00c1N<\/a><\/li>\n<li><a href=\"http:\/\/face.unt.edu.ar\/web\/ieconomia\/profesores\/juan-jose-merlo\/\" target=\"_blank\" rel=\"noopener\">MERLO, JUAN JOS\u00c9<\/a><\/li>\n<li>MILLON ALDERETE, MAR\u00cdA EMILIA<\/li>\n<li><a href=\"https:\/\/face.unt.edu.ar\/web\/ieconomia\/lilia-alcira-mohanna\/\" target=\"_blank\" rel=\"noopener\">MOHANNA, LILIA ALCIRA<\/a><\/li>\n<li><a href=\"http:\/\/face.unt.edu.ar\/web\/ieconomia\/profesores\/esteban-nicolini\/\" target=\"_blank\" rel=\"noopener\">NICOLINI, ESTEBAN<\/a><\/li>\n<li><a href=\"https:\/\/face.unt.edu.ar\/web\/ieconomia\/augusto-nieto-barthaburu\/\">NIETO BARTHABURU, AUGUSTO<\/a><\/li>\n<li><a href=\"http:\/\/face.unt.edu.ar\/web\/ieconomia\/profesores\/nougues-jorge-pablo\/\" target=\"_blank\" rel=\"noopener\">NOUGU\u00c9S, JORGE PABLO<\/a><\/li>\n<li><a href=\"http:\/\/face.unt.edu.ar\/web\/ieconomia\/profesores\/ortega-masague-ana-carolina\/\" target=\"_blank\" rel=\"noopener\">ORTEGA MASAGUE, ANA CAROLINA<\/a><\/li>\n<li><a href=\"http:\/\/face.unt.edu.ar\/web\/ieconomia\/profesores\/adriana-fatima-panico\/\" target=\"_blank\" rel=\"noopener\">PANICO, ADRIANA F\u00c1TIMA<\/a><\/li>\n<li><a href=\"http:\/\/face.unt.edu.ar\/web\/ieconomia\/profesores\/corina-maria-paz-teran\/\" target=\"_blank\" rel=\"noopener\">PAZ TER\u00c1N, CORINA MAR\u00cdA<\/a><\/li>\n<li><a href=\"http:\/\/face.unt.edu.ar\/web\/ieconomia\/profesores\/pablo-agustin-pero\/\" target=\"_blank\" rel=\"noopener\">PERO, PABLO AGUST\u00cdN<\/a><\/li>\n<li>TALASSINO, MAURICIO RODRIGO<\/li>\n<li><a href=\"https:\/\/face.unt.edu.ar\/web\/ieconomia\/profesores\/tenuta-ciale-maria-florencia\/\" target=\"_blank\" rel=\"noopener\">TENUTA CIALE, MAR\u00cdA FLORENCIA<\/a><\/li>\n<li><a href=\"http:\/\/face.unt.edu.ar\/web\/ieconomia\/profesores\/torres-maria-cecilia\/\" target=\"_blank\" rel=\"noopener\">TORRES, MAR\u00cdA CECILIA<\/a><\/li>\n<li><a href=\"http:\/\/face.unt.edu.ar\/web\/ieconomia\/wallberg-gustavo-federico\/\" target=\"_blank\" rel=\"noopener\">WALLBERG, GUSTAVO FEDERICO<br \/>\n<\/a><\/li>\n<\/ul>\n<p>&nbsp;<\/p>\n","protected":false},"excerpt":{"rendered":"<p>Docentes \u2013 INVECO \u2013 UNT \u00c1LVAREZ, BEATRIZ ARAOZ, MARIA FLORENCIA BIANCO, FEDERICO SANTIAGO BERCOFF, JOS\u00c9 JAVIER CATAL\u00c1N, MAR\u00cdA JOS\u00c9 CERRO DE OMODEO, ANA MAR\u00cdA CORREA DEZA, FLORENCIA COSSIO, PATRICIO DANON, ALEJANDRO MART\u00cdN DELGADO CORDOM\u00cd, MARIANA EL\u00cdAS, VICTOR FERULLO, HUGO DANIEL FOGUET, SANTIAGO FRIDRIJ, GABRIEL AMOS GARC\u00cdA, ANTONIO RA\u00daL GRANADO, MAR\u00cdA JOS\u00c9 IAJYA, V\u00cdCTOR DANIEL LEGUIZAM\u00d3N, [&hellip;]<\/p>\n","protected":false},"author":1,"featured_media":0,"parent":0,"menu_order":0,"comment_status":"closed","ping_status":"closed","template":"","meta":{"footnotes":""},"_links":{"self":[{"href":"https:\/\/face.unt.edu.ar\/web\/ieconomia\/wp-json\/wp\/v2\/pages\/135"}],"collection":[{"href":"https:\/\/face.unt.edu.ar\/web\/ieconomia\/wp-json\/wp\/v2\/pages"}],"about":[{"href":"https:\/\/face.unt.edu.ar\/web\/ieconomia\/wp-json\/wp\/v2\/types\/page"}],"author":[{"embeddable":true,"href":"https:\/\/face.unt.edu.ar\/web\/ieconomia\/wp-json\/wp\/v2\/users\/1"}],"replies":[{"embeddable":true,"href":"https:\/\/face.unt.edu.ar\/web\/ieconomia\/wp-json\/wp\/v2\/comments?post=135"}],"version-history":[{"count":63,"href":"https:\/\/face.unt.edu.ar\/web\/ieconomia\/wp-json\/wp\/v2\/pages\/135\/revisions"}],"predecessor-version":[{"id":1388,"href":"https:\/\/face.unt.edu.ar\/web\/ieconomia\/wp-json\/wp\/v2\/pages\/135\/revisions\/1388"}],"wp:attachment":[{"href":"https:\/\/face.unt.edu.ar\/web\/ieconomia\/wp-json\/wp\/v2\/media?parent=135"}],"curies":[{"name":"wp","href":"https:\/\/api.w.org\/{rel}","templated":true}]}}