{"id":139,"date":"2016-09-06T23:14:11","date_gmt":"2016-09-06T23:14:11","guid":{"rendered":"http:\/\/face.unt.edu.ar\/web\/ieconomia\/?page_id=139"},"modified":"2023-02-23T12:24:42","modified_gmt":"2023-02-23T12:24:42","slug":"plan-de-estudio","status":"publish","type":"page","link":"https:\/\/face.unt.edu.ar\/web\/ieconomia\/plan-de-estudio\/","title":{"rendered":"Plan de Estudio"},"content":{"rendered":"<p><strong><a href=\"https:\/\/face.unt.edu.ar\/web\/ieconomia\/wp-content\/uploads\/sites\/4\/2021\/09\/3.jpg\"><img decoding=\"async\" loading=\"lazy\" class=\" wp-image-572 aligncenter\" src=\"https:\/\/face.unt.edu.ar\/web\/ieconomia\/wp-content\/uploads\/sites\/4\/2021\/09\/3-300x212.jpg\" alt=\"\" width=\"675\" height=\"477\" srcset=\"https:\/\/face.unt.edu.ar\/web\/ieconomia\/wp-content\/uploads\/sites\/4\/2021\/09\/3-300x212.jpg 300w, https:\/\/face.unt.edu.ar\/web\/ieconomia\/wp-content\/uploads\/sites\/4\/2021\/09\/3-1024x724.jpg 1024w, https:\/\/face.unt.edu.ar\/web\/ieconomia\/wp-content\/uploads\/sites\/4\/2021\/09\/3-768x543.jpg 768w, https:\/\/face.unt.edu.ar\/web\/ieconomia\/wp-content\/uploads\/sites\/4\/2021\/09\/3-1536x1086.jpg 1536w, https:\/\/face.unt.edu.ar\/web\/ieconomia\/wp-content\/uploads\/sites\/4\/2021\/09\/3-100x70.jpg 100w, https:\/\/face.unt.edu.ar\/web\/ieconomia\/wp-content\/uploads\/sites\/4\/2021\/09\/3-696x492.jpg 696w, https:\/\/face.unt.edu.ar\/web\/ieconomia\/wp-content\/uploads\/sites\/4\/2021\/09\/3-1068x755.jpg 1068w, https:\/\/face.unt.edu.ar\/web\/ieconomia\/wp-content\/uploads\/sites\/4\/2021\/09\/3-594x420.jpg 594w, https:\/\/face.unt.edu.ar\/web\/ieconomia\/wp-content\/uploads\/sites\/4\/2021\/09\/3.jpg 2000w\" sizes=\"(max-width: 675px) 100vw, 675px\" \/><\/a><\/strong><\/p>\n<p><strong>Materias:<\/strong>\u00a029<\/p>\n<p><strong>Duraci\u00f3n:<\/strong>\u00a05 a\u00f1os<\/p>\n<p><strong>Perfil profesional y campo laboral:<\/strong><br \/>\nEl licenciado en econom\u00eda que forma la UNT cuenta con herramientas te\u00f3ricas y cuantitativas para analizar los fen\u00f3menos micro y macroecon\u00f3micos, lo que le posibilita actuar en los \u00e1mbitos p\u00fablico, privado, de organizaciones no gubernamentales y de organismos internacionales.<\/p>\n<p>Puede desenvolverse como emprendedor en proyectos privados o pol\u00edticos; asesorar a empresas y ONGs sobre la marcha de la econom\u00eda y sobre los efectos de determinadas pol\u00edticas econ\u00f3micas en los mercados de productos de factores e idear estrategias competitivas a seguir. Tambi\u00e9n dise\u00f1ar y evaluar pol\u00edticas econ\u00f3micas en el sector p\u00fablico.<\/p>\n<p>Los economistas egresados de la UNT trabajan actualmente en financieras, bancos, consultoras, oficinas de gobierno, empresas de servicios p\u00fablicos, medios de comunicaci\u00f3n, ONG, universidades, centros de investigaci\u00f3n y organismos internacionales.<br \/>\nLos distintos campos de especializaci\u00f3n que incluye la carrera permiten a los alumnos ampliar los conocimientos b\u00e1sicos a \u00e1reas espec\u00edficas tales como comercio internacional, finanzas p\u00fablicas, mercado laboral, agricultura, organizaci\u00f3n industrial, mercado financiero y monetario.<\/p>\n<p><strong>Programas de Materias:<\/strong><\/p>\n<ul>\n<li><a href=\"https:\/\/face.unt.edu.ar\/web\/programas\/programas-10-17\/249-HCD-17(Progr.%20Matem%C3%A1tica%20I).pdf\" target=\"_blank\" rel=\"noopener\">Matem\u00e1tica I<\/a><\/li>\n<li><a href=\"https:\/\/face.unt.edu.ar\/web\/programas\/programas-10-17\/459-HCD-17%20(Programa%20Contabilidad%20Financiera).pdf\" target=\"_blank\" rel=\"noopener\">Contabilidad Financiera<\/a><\/li>\n<li><a href=\"https:\/\/face.unt.edu.ar\/web\/programas\/nuevosprogramas\/071-HCD-21%20(Programa%20Principios%20de%20Econom%C3%ADa%20I).pdf\" target=\"_blank\" rel=\"noopener\">Principios de Econom\u00eda I<\/a><\/li>\n<li><a href=\"https:\/\/face.unt.edu.ar\/web\/programas\/programas-10-17\/113-HCD-17%20(Prog%20Matem%C3%A1tica%20II%202016).pdf\" target=\"_blank\" rel=\"noopener\">Matem\u00e1tica II<\/a><\/li>\n<li><a href=\"https:\/\/face.unt.edu.ar\/web\/programas\/nuevosprogramas\/516-HCD-16%20(Programa%20Principios%20de%20Economia%20II).pdf\" target=\"_blank\" rel=\"noopener\">Principios de Econom\u00eda II<\/a><\/li>\n<li><a href=\"https:\/\/face.unt.edu.ar\/web\/programas\/PLAN-LE-2014\/01\/347-HCD-17%20(Programa%20Administraci%C3%B3n%20I).pdf\" target=\"_blank\" rel=\"noopener\">Administraci\u00f3n<\/a><\/li>\n<li><a href=\"https:\/\/face.unt.edu.ar\/web\/programas\/PLAN-LE-2014\/03\/RES%20076%20HCD%2022%20PROGRAMA%20MATEMATICA%20III%20PERIODO%20LECTIVO%20202220220426_10024085.pdf\" target=\"_blank\" rel=\"noopener\">Matem\u00e1tica III<\/a><\/li>\n<li><a href=\"https:\/\/face.unt.edu.ar\/web\/programas\/nuevosprogramas\/074-HCD-21%20(Programa%20Estad%C3%ADstica%20LE).pdf\" target=\"_blank\" rel=\"noopener\">Estad\u00edstica<\/a><\/li>\n<li><a href=\"https:\/\/face.unt.edu.ar\/web\/programas\/nuevosprogramas\/080-HCD-21%20(%20Programa%20Derecho%20y%20Econom%C3%ADa%20).pdf\" target=\"_blank\" rel=\"noopener\">Derecho y Econom\u00eda<\/a><\/li>\n<li><a href=\"https:\/\/face.unt.edu.ar\/web\/programas\/nuevosprogramas\/346-HCD-17%20(Programa%20Econom%C3%ADa%20Matem%C3%A1tica).pdf\" target=\"_blank\" rel=\"noopener\">Econom\u00eda Matem\u00e1tica<\/a><\/li>\n<li><a href=\"https:\/\/face.unt.edu.ar\/web\/programas\/PLAN-LE-2014\/02\/428-HCD-19%20(Programa%20Precios%20I.Microeonomia%20I).pdf\" target=\"_blank\" rel=\"noopener\">Microeconom\u00eda I<\/a><\/li>\n<li><a href=\"https:\/\/face.unt.edu.ar\/web\/programas\/programas-10-17\/093-HCD-17%20(%20Prog%20Macroeconom%C3%ADa%20I%20).pdf\" target=\"_blank\" rel=\"noopener\">Macroecom\u00eda I<\/a><\/li>\n<li><a href=\"https:\/\/face.unt.edu.ar\/web\/programas\/nuevosprogramas\/082-HCD-21%20(Programa%20Estad%C3%ADstica%20Inferencial%20LE).pdf\" target=\"_blank\" rel=\"noopener\">Estad\u00edstica I<\/a><\/li>\n<li><a href=\"https:\/\/face.unt.edu.ar\/web\/programas\/nuevosprogramas\/077-HCD-21%20(Programa%20Microeconom%C3%ADa%20II).pdf\" target=\"_blank\" rel=\"noopener\">Microeconom\u00eda II<\/a><\/li>\n<li><a href=\"https:\/\/face.unt.edu.ar\/web\/programas\/PLAN-LE-2014\/03\/366-HCD-18%20(Programa%20Teor%C3%ADa%20Monetaria%20I.Macroeconom%C3%ADa%20II).pdf\">Macroeconom\u00eda II<\/a><\/li>\n<li><a href=\"https:\/\/face.unt.edu.ar\/web\/programas\/PLAN-LE-2014\/03\/364-HCD-18%20(Programa%20Econometr%C3%ADa%20I).pdf\" target=\"_blank\" rel=\"noopener\">Econometr\u00eda I<\/a><\/li>\n<li><a href=\"https:\/\/face.unt.edu.ar\/web\/programas\/programas-10-17\/095-HCD-17%20(Prog%20Comercio%20Internacional).pdf\">Comercio Internacional<\/a><\/li>\n<li><a href=\"https:\/\/face.unt.edu.ar\/web\/programas\/PLAN-LE-2014\/03\/548-D-19%20(Programa%20Finanzas%20P%C3%BAblicas%20I).pdf\" target=\"_blank\" rel=\"noopener\">Finanzas P\u00fablicas<\/a><\/li>\n<li><a href=\"https:\/\/face.unt.edu.ar\/web\/programas\/PLAN-LE-2014\/04\/362-HCD-18%20(Programa%20Evaluaci%C3%B3n%20Social%20de%20Proyectos).pdf\" target=\"_blank\" rel=\"noopener\">Evaluaci\u00f3n Econ\u00f3mica y Financiera de proyectos<\/a><\/li>\n<li><a href=\"https:\/\/drive.google.com\/file\/d\/1gloGG8UvTB8SqDMEPl81C20xf8CyA-_t\/view?usp=sharing\" target=\"_blank\" rel=\"noopener\">Macroeconom\u00eda III<\/a><\/li>\n<li><a href=\"https:\/\/drive.google.com\/file\/d\/1egl_OGkXhzpTLPvn2tCPeqCdXSALo5TK\/view?usp=sharing\" target=\"_blank\" rel=\"noopener\">Crecimiento y Desarrollo Econ\u00f3mico<\/a><\/li>\n<li><a href=\"https:\/\/face.unt.edu.ar\/web\/programas\/PLAN-LE-2014\/04\/365-HCD-18%20(Programa%20Planif%20Econ%C3%B3mica.Microeconom%C3%ADa%20III).pdf\" target=\"_blank\" rel=\"noopener\">Microeconom\u00eda III<\/a><\/li>\n<li><a href=\"https:\/\/face.unt.edu.ar\/web\/programas\/PLAN-LE-2014\/05\/429-HCD-19%20(%20Programa%20Historia%20Econ%20y%20Social%20LE).pdf\" target=\"_blank\" rel=\"noopener\">Historia Econ\u00f3mica y Social<\/a><\/li>\n<li><a href=\"https:\/\/face.unt.edu.ar\/web\/programas\/PLAN-LE-2014\/05\/531-HCD-19%20(Programa%20Historia%20del%20Pensamiento%20Econ%C3%B3mico).pdf\" target=\"_blank\" rel=\"noopener\">Historia del Pensamiento Econ\u00f3mico<\/a><\/li>\n<li><a href=\"https:\/\/face.unt.edu.ar\/web\/programas\/PLAN-LE-2014\/05\/287-HCD-15%20(REGLAMENTO%20TESINA%20LE).pdf\" target=\"_blank\" rel=\"noopener\">Tesina<\/a><\/li>\n<li><a href=\"http:\/\/face.unt.edu.ar\/web\/ieconomia\/materias\/optativas\/\">Optativ<\/a><a href=\"http:\/\/face.unt.edu.ar\/web\/ieconomia\/materias\/optativas\/\">as<\/a><\/li>\n<\/ul>\n<p>&nbsp;<\/p>\n","protected":false},"excerpt":{"rendered":"<p>Materias:\u00a029 Duraci\u00f3n:\u00a05 a\u00f1os Perfil profesional y campo laboral: El licenciado en econom\u00eda que forma la UNT cuenta con herramientas te\u00f3ricas y cuantitativas para analizar los fen\u00f3menos micro y macroecon\u00f3micos, lo que le posibilita actuar en los \u00e1mbitos p\u00fablico, privado, de organizaciones no gubernamentales y de organismos internacionales. Puede desenvolverse como emprendedor en proyectos privados o [&hellip;]<\/p>\n","protected":false},"author":1,"featured_media":0,"parent":0,"menu_order":0,"comment_status":"closed","ping_status":"closed","template":"","meta":{"footnotes":""},"_links":{"self":[{"href":"https:\/\/face.unt.edu.ar\/web\/ieconomia\/wp-json\/wp\/v2\/pages\/139"}],"collection":[{"href":"https:\/\/face.unt.edu.ar\/web\/ieconomia\/wp-json\/wp\/v2\/pages"}],"about":[{"href":"https:\/\/face.unt.edu.ar\/web\/ieconomia\/wp-json\/wp\/v2\/types\/page"}],"author":[{"embeddable":true,"href":"https:\/\/face.unt.edu.ar\/web\/ieconomia\/wp-json\/wp\/v2\/users\/1"}],"replies":[{"embeddable":true,"href":"https:\/\/face.unt.edu.ar\/web\/ieconomia\/wp-json\/wp\/v2\/comments?post=139"}],"version-history":[{"count":35,"href":"https:\/\/face.unt.edu.ar\/web\/ieconomia\/wp-json\/wp\/v2\/pages\/139\/revisions"}],"predecessor-version":[{"id":1129,"href":"https:\/\/face.unt.edu.ar\/web\/ieconomia\/wp-json\/wp\/v2\/pages\/139\/revisions\/1129"}],"wp:attachment":[{"href":"https:\/\/face.unt.edu.ar\/web\/ieconomia\/wp-json\/wp\/v2\/media?parent=139"}],"curies":[{"name":"wp","href":"https:\/\/api.w.org\/{rel}","templated":true}]}}