{"id":244,"date":"2017-09-04T22:33:56","date_gmt":"2017-09-04T22:33:56","guid":{"rendered":"http:\/\/face.unt.edu.ar\/web\/ieconomia\/?page_id=244"},"modified":"2024-12-11T13:47:08","modified_gmt":"2024-12-11T13:47:08","slug":"optativas","status":"publish","type":"page","link":"https:\/\/face.unt.edu.ar\/web\/ieconomia\/materias\/optativas\/","title":{"rendered":"Optativas"},"content":{"rendered":"<ul>\n<li><a href=\"http:\/\/face.unt.edu.ar\/web\/ieconomia\/materias\/optativas\/economia-industrial\/\">Econom\u00eda Industrial<\/a><\/li>\n<li><a href=\"http:\/\/face.unt.edu.ar\/web\/ieconomia\/materias\/optativas\/economia-politica\/\">Econom\u00eda Pol\u00edtica<\/a><\/li>\n<li><a href=\"https:\/\/face.unt.edu.ar\/web\/programas\/nuevosprogramas\/513-HCD-16%20(Programa%20Finanzas%20de%20Empresas).pdf\">Finanzas de Empresas<\/a><\/li>\n<li><a href=\"https:\/\/face.unt.edu.ar\/web\/programas\/PLAN-LE-2014\/OPTATIVAS\/636-HCD-19%20(Programa%20Econom%C3%ADa%20y%20Sociedad).pdf\">Econom\u00eda y Sociedad<\/a><\/li>\n<li><a href=\"https:\/\/face.unt.edu.ar\/web\/programas\/programas-10-17\/141-HCD-17%20(Prog%20Economia%20Agricola%202016).pdf\">Econom\u00eda Agr\u00edcola<\/a><\/li>\n<li><a href=\"https:\/\/face.unt.edu.ar\/web\/programas\/PLAN-LE-2014\/OPTATIVAS\/339-HCD-18%20(Programa%20Econom%C3%ADa%20Matem%C3%A1tica%20Avanzada).pdf\">Econom\u00eda Matem\u00e1tica Avanzada<\/a><\/li>\n<li><a href=\"https:\/\/face.unt.edu.ar\/web\/programas\/PLAN-LE-2014\/OPTATIVAS\/618-HCD-19%20(%20Programa%20Econom%C3%ADa%20del%20Medioambiente).pdf\">Econom\u00eda del Medioambiente<\/a><\/li>\n<li><a href=\"https:\/\/face.unt.edu.ar\/web\/programas\/PLAN-LE-2014\/OPTATIVAS\/579-HCD-18%20(Programa%20Gobierno%20y%20Pol%C3%ADticas%20P%C3%BAblicas).pdf\">Gobierno y Pol\u00edticas p\u00fablicas<\/a><\/li>\n<li><a href=\"https:\/\/face.unt.edu.ar\/web\/programas\/PLAN-LE-2014\/OPTATIVAS\/353-HCD-22%20(Programa%20PEAL).pdf\">Problemas Econ\u00f3micos de Am\u00e9rica Latina<\/a><\/li>\n<\/ul>\n","protected":false},"excerpt":{"rendered":"<p>Econom\u00eda Industrial Econom\u00eda Pol\u00edtica Finanzas de Empresas Econom\u00eda y Sociedad Econom\u00eda Agr\u00edcola Econom\u00eda Matem\u00e1tica Avanzada Econom\u00eda del Medioambiente Gobierno y Pol\u00edticas p\u00fablicas Problemas Econ\u00f3micos de Am\u00e9rica Latina<\/p>\n","protected":false},"author":10,"featured_media":0,"parent":193,"menu_order":0,"comment_status":"closed","ping_status":"closed","template":"","meta":{"footnotes":""},"_links":{"self":[{"href":"https:\/\/face.unt.edu.ar\/web\/ieconomia\/wp-json\/wp\/v2\/pages\/244"}],"collection":[{"href":"https:\/\/face.unt.edu.ar\/web\/ieconomia\/wp-json\/wp\/v2\/pages"}],"about":[{"href":"https:\/\/face.unt.edu.ar\/web\/ieconomia\/wp-json\/wp\/v2\/types\/page"}],"author":[{"embeddable":true,"href":"https:\/\/face.unt.edu.ar\/web\/ieconomia\/wp-json\/wp\/v2\/users\/10"}],"replies":[{"embeddable":true,"href":"https:\/\/face.unt.edu.ar\/web\/ieconomia\/wp-json\/wp\/v2\/comments?post=244"}],"version-history":[{"count":6,"href":"https:\/\/face.unt.edu.ar\/web\/ieconomia\/wp-json\/wp\/v2\/pages\/244\/revisions"}],"predecessor-version":[{"id":1325,"href":"https:\/\/face.unt.edu.ar\/web\/ieconomia\/wp-json\/wp\/v2\/pages\/244\/revisions\/1325"}],"up":[{"embeddable":true,"href":"https:\/\/face.unt.edu.ar\/web\/ieconomia\/wp-json\/wp\/v2\/pages\/193"}],"wp:attachment":[{"href":"https:\/\/face.unt.edu.ar\/web\/ieconomia\/wp-json\/wp\/v2\/media?parent=244"}],"curies":[{"name":"wp","href":"https:\/\/api.w.org\/{rel}","templated":true}]}}