{"id":249,"date":"2017-09-04T22:38:02","date_gmt":"2017-09-04T22:38:02","guid":{"rendered":"http:\/\/face.unt.edu.ar\/web\/ieconomia\/?page_id=249"},"modified":"2017-09-04T22:54:13","modified_gmt":"2017-09-04T22:54:13","slug":"economia-politica","status":"publish","type":"page","link":"https:\/\/face.unt.edu.ar\/web\/ieconomia\/materias\/optativas\/economia-politica\/","title":{"rendered":"Econom\u00eda Pol\u00edtica"},"content":{"rendered":"<p><span lang=\"ES-TRAD\">El objetivo de Econom\u00eda Pol\u00edtica\u00a0<\/span><span lang=\"ES\">es proporcionar a los alumnos un marco anal\u00edtico que les permita entender c\u00f3mo funciona una econom\u00eda en la que se incorporan actores pol\u00edticos y restricciones institucionales y pol\u00edticas.\u00a0<\/span><span lang=\"ES\">Se analizan c\u00f3mo toman decisiones los votantes, los gobernantes, los bur\u00f3cratas, los consumidores y las firmas.<\/span><\/p>\n","protected":false},"excerpt":{"rendered":"<p>El objetivo de Econom\u00eda Pol\u00edtica\u00a0es proporcionar a los alumnos un marco anal\u00edtico que les permita entender c\u00f3mo funciona una econom\u00eda en la que se incorporan actores pol\u00edticos y restricciones institucionales y pol\u00edticas.\u00a0Se analizan c\u00f3mo toman decisiones los votantes, los gobernantes, los bur\u00f3cratas, los consumidores y las firmas.<\/p>\n","protected":false},"author":10,"featured_media":0,"parent":244,"menu_order":0,"comment_status":"closed","ping_status":"closed","template":"","meta":{"footnotes":""},"_links":{"self":[{"href":"https:\/\/face.unt.edu.ar\/web\/ieconomia\/wp-json\/wp\/v2\/pages\/249"}],"collection":[{"href":"https:\/\/face.unt.edu.ar\/web\/ieconomia\/wp-json\/wp\/v2\/pages"}],"about":[{"href":"https:\/\/face.unt.edu.ar\/web\/ieconomia\/wp-json\/wp\/v2\/types\/page"}],"author":[{"embeddable":true,"href":"https:\/\/face.unt.edu.ar\/web\/ieconomia\/wp-json\/wp\/v2\/users\/10"}],"replies":[{"embeddable":true,"href":"https:\/\/face.unt.edu.ar\/web\/ieconomia\/wp-json\/wp\/v2\/comments?post=249"}],"version-history":[{"count":3,"href":"https:\/\/face.unt.edu.ar\/web\/ieconomia\/wp-json\/wp\/v2\/pages\/249\/revisions"}],"predecessor-version":[{"id":257,"href":"https:\/\/face.unt.edu.ar\/web\/ieconomia\/wp-json\/wp\/v2\/pages\/249\/revisions\/257"}],"up":[{"embeddable":true,"href":"https:\/\/face.unt.edu.ar\/web\/ieconomia\/wp-json\/wp\/v2\/pages\/244"}],"wp:attachment":[{"href":"https:\/\/face.unt.edu.ar\/web\/ieconomia\/wp-json\/wp\/v2\/media?parent=249"}],"curies":[{"name":"wp","href":"https:\/\/api.w.org\/{rel}","templated":true}]}}