{"id":251,"date":"2017-09-04T22:38:30","date_gmt":"2017-09-04T22:38:30","guid":{"rendered":"http:\/\/face.unt.edu.ar\/web\/ieconomia\/?page_id=251"},"modified":"2017-09-04T22:53:25","modified_gmt":"2017-09-04T22:53:25","slug":"economia-industrial","status":"publish","type":"page","link":"https:\/\/face.unt.edu.ar\/web\/ieconomia\/materias\/optativas\/economia-industrial\/","title":{"rendered":"Econom\u00eda Industrial"},"content":{"rendered":"<p>Econom\u00eda Industrial \u00a0es una asignatura optativa dise\u00f1ada para aquellos alumnos que quieran profundizar en el an\u00e1lisis de las distintas estructuras de mercados, en el estudio de la teor\u00eda de la firmas y en el aprendizaje de estrategias para maximizar beneficios.<\/p>\n","protected":false},"excerpt":{"rendered":"<p>Econom\u00eda Industrial \u00a0es una asignatura optativa dise\u00f1ada para aquellos alumnos que quieran profundizar en el an\u00e1lisis de las distintas estructuras de mercados, en el estudio de la teor\u00eda de la firmas y en el aprendizaje de estrategias para maximizar beneficios.<\/p>\n","protected":false},"author":10,"featured_media":0,"parent":244,"menu_order":0,"comment_status":"closed","ping_status":"closed","template":"","meta":{"footnotes":""},"_links":{"self":[{"href":"https:\/\/face.unt.edu.ar\/web\/ieconomia\/wp-json\/wp\/v2\/pages\/251"}],"collection":[{"href":"https:\/\/face.unt.edu.ar\/web\/ieconomia\/wp-json\/wp\/v2\/pages"}],"about":[{"href":"https:\/\/face.unt.edu.ar\/web\/ieconomia\/wp-json\/wp\/v2\/types\/page"}],"author":[{"embeddable":true,"href":"https:\/\/face.unt.edu.ar\/web\/ieconomia\/wp-json\/wp\/v2\/users\/10"}],"replies":[{"embeddable":true,"href":"https:\/\/face.unt.edu.ar\/web\/ieconomia\/wp-json\/wp\/v2\/comments?post=251"}],"version-history":[{"count":3,"href":"https:\/\/face.unt.edu.ar\/web\/ieconomia\/wp-json\/wp\/v2\/pages\/251\/revisions"}],"predecessor-version":[{"id":255,"href":"https:\/\/face.unt.edu.ar\/web\/ieconomia\/wp-json\/wp\/v2\/pages\/251\/revisions\/255"}],"up":[{"embeddable":true,"href":"https:\/\/face.unt.edu.ar\/web\/ieconomia\/wp-json\/wp\/v2\/pages\/244"}],"wp:attachment":[{"href":"https:\/\/face.unt.edu.ar\/web\/ieconomia\/wp-json\/wp\/v2\/media?parent=251"}],"curies":[{"name":"wp","href":"https:\/\/api.w.org\/{rel}","templated":true}]}}