{"id":258,"date":"2017-09-04T22:55:44","date_gmt":"2017-09-04T22:55:44","guid":{"rendered":"http:\/\/face.unt.edu.ar\/web\/ieconomia\/?page_id=258"},"modified":"2022-05-13T13:04:10","modified_gmt":"2022-05-13T13:04:10","slug":"osvaldo-meloni","status":"publish","type":"page","link":"https:\/\/face.unt.edu.ar\/web\/ieconomia\/profesores\/osvaldo-meloni\/","title":{"rendered":"MELONI OSVALDO"},"content":{"rendered":"<p><strong>T\u00edtulos acad\u00e9micos\u00a0<\/strong><\/p>\n<div class=\"td-paragraph-padding-4\">\n<ul>\n<li><em>Doctor en Econom\u00eda, Universidad de San Andr\u00e9s, 2010.<\/em><\/li>\n<li><em>Master of Arts in Economics &#8211;\u00a0University of California, Los \u00c1ngeles. (UCLA).<\/em><\/li>\n<li><em>Master en Econom\u00eda &#8211; Centro de Estudios Macroecon\u00f3micos de Argentina (CEMA)<\/em><\/li>\n<li><em>Licenciado en Econom\u00eda &#8211; Universidad Nacional de Tucum\u00e1n.<\/em><\/li>\n<\/ul>\n<\/div>\n<p><b>Cargos en Investigaci\u00f3n y Docencia<\/b><\/p>\n<div class=\"td-paragraph-padding-4\">\n<ul>\n<li><em>Profesor Titular Regular de la C\u00e1tedra Econom\u00eda Industrial <\/em><\/li>\n<li><em>Docente Investigador Categor\u00eda I (Programa de Incentivos a Docentes Investigadores) Categorizaci\u00f3n 2014.<\/em><\/li>\n<\/ul>\n<\/div>\n<div><b>Asignatura en las que interviene<\/b><\/div>\n<div><\/div>\n<div class=\"td-paragraph-padding-4\">\n<ul>\n<li><em>Econom\u00eda Industrial<\/em><\/li>\n<li><em>Teor\u00eda Monetaria I\/ Macroeconom\u00eda II<\/em><\/li>\n<\/ul>\n<\/div>\n<p><strong>\u00c1reas de Investigaci\u00f3n<\/strong><\/p>\n<div class=\"td-paragraph-padding-4\">\n<p><em>Econom\u00eda pol\u00edtica, <\/em><em>Econom\u00eda de la delincuencia, <\/em><em>Historia econ\u00f3mica argentina\u00a0<\/em><\/p>\n<\/div>\n<p><strong>Contacto<\/strong><\/p>\n<div class=\"td-paragraph-padding-4\">\n<ul>\n<li>Box: 53<\/li>\n<li>E-mail: omeloni@herrera.unt.edu.ar<\/li>\n<li>Twitter: @osvaldomeloni<\/li>\n<\/ul>\n<\/div>\n<div class=\"td-paragraph-padding-0\">\n<p><strong>Publicaciones Relevantes<\/strong><\/p>\n<p><em><strong>Libros<\/strong><\/em><\/p>\n<ul>\n<li>Compilador del libro Incentivos perversos, gobernantes oportunistas, votantes racionales. Ensayos sobre la Econom\u00eda Pol\u00edtica de las Provincias Argentinas. Editorial Dunken. Buenos Aires (2016). (En colaboraci\u00f3n con Jos\u00e9 Bercoff).<\/li>\n<li>Historia Econ\u00f3mica de las Regiones Argentinas: 1810-2010. Editorial Biblos, Buenos Aires, (2019) (En colaboraci\u00f3n con Susana Bandieri, Luis Coria L\u00f3pez, Carlos Dabus, Lucas Llach, Julio Rosales Rosales y Alfredo Visintini)<\/li>\n<\/ul>\n<p><em><strong>Cap\u00edtulos en libros<\/strong><\/em><\/p>\n<ul>\n<li>Sobre incentivos, oportunismo y racionalidad en el libro Incentivos perversos, gobernantes oportunistas, votantes racionales. Ensayos sobre la Econom\u00eda Pol\u00edtica de las Provincias Argentinas. (en colaboraci\u00f3n con Jos\u00e9 Bercoff) Editorial Dunken. Buenos Aires (2016).<\/li>\n<li>La econom\u00eda provincial desde sus or\u00edgenes hasta fines del siglo XX en el libro Bicentenario Tucum\u00e1n, Torres Zuccardi et al. (eds) FundaFET. (2016)<\/li>\n<li>La industria y sus pol\u00edticas en el libro La Econom\u00eda de Per\u00f3n. Una historia econ\u00f3mica 1946-1955. Roberto Cortes Conde, Gerardo della Paolera, Laura D&#8217;Amato and Javier Ort\u00edz Batalla (editores) Editorial Edhasa. Buenos Aires. (2020) (en colaboraci\u00f3n con Jos\u00e9 Bercoff)<\/li>\n<\/ul>\n<p><em><strong>Revistas cient\u00edficas con referato<\/strong><\/em><\/p>\n<ul>\n<li><a href=\"https:\/\/drive.google.com\/file\/d\/1_1VxM_L6gUBxXVLFiwChy7YZYKMMKEJj\/view?usp=sharing\" target=\"_blank\" rel=\"noopener\">Feeding the Leviathan: political competition and softbudgetconstraints. Evidence from Argentine subnational districts. Investigaciones Regionales-Journal of Regional Research, 52, 2022\/1.\u00a0<\/a>Asociaci\u00f3n Espa\u00f1ola de Ciencia Regional, Espa\u00f1a<\/li>\n<li>Electoral opportunism and vertical fiscal imbalance. Journal of Applied Economics. Vol. XIX(1)\u00a0 P\u00e1gs. 145-168. Mayo 2016.<\/li>\n<li>Is there an electorally motivated crime rate cycle? Evidence from Argentina. Economics Bulletin, 38(2): 1102-1110. Junio 2018.<\/li>\n<li>Turning a Blind Eye to Policy Prescriptions: Exploring the Sources of Procyclical Fiscal Behavior at the Subnational Level. Public Finance and Management, 18(3-4): 265-284. September 2018.<\/li>\n<li>\u00bfCu\u00e1n proc\u00edclica es la pol\u00edtica fiscal de las provincias argentinas? Evidencia para el periodo 1998- 2017. Actualidad Econ\u00f3mica, Vol. 31 Numero 103. Enero- Abril 2021.<\/li>\n<li>Feeding the Leviathan: political competition and soft budget constraints. Evidence from Argentine subnational districts. Journal of Regional Research\/Investigaciones Regionales. Vol. 51. Octubre 2021.<\/li>\n<\/ul>\n<\/div>\n","protected":false},"excerpt":{"rendered":"<p>T\u00edtulos acad\u00e9micos\u00a0 Doctor en Econom\u00eda, Universidad de San Andr\u00e9s, 2010. Master of Arts in Economics &#8211;\u00a0University of California, Los \u00c1ngeles. (UCLA). Master en Econom\u00eda &#8211; Centro de Estudios Macroecon\u00f3micos de Argentina (CEMA) Licenciado en Econom\u00eda &#8211; Universidad Nacional de Tucum\u00e1n. Cargos en Investigaci\u00f3n y Docencia Profesor Titular Regular de la C\u00e1tedra Econom\u00eda Industrial Docente Investigador [&hellip;]<\/p>\n","protected":false},"author":10,"featured_media":0,"parent":135,"menu_order":0,"comment_status":"closed","ping_status":"closed","template":"","meta":{"footnotes":""},"_links":{"self":[{"href":"https:\/\/face.unt.edu.ar\/web\/ieconomia\/wp-json\/wp\/v2\/pages\/258"}],"collection":[{"href":"https:\/\/face.unt.edu.ar\/web\/ieconomia\/wp-json\/wp\/v2\/pages"}],"about":[{"href":"https:\/\/face.unt.edu.ar\/web\/ieconomia\/wp-json\/wp\/v2\/types\/page"}],"author":[{"embeddable":true,"href":"https:\/\/face.unt.edu.ar\/web\/ieconomia\/wp-json\/wp\/v2\/users\/10"}],"replies":[{"embeddable":true,"href":"https:\/\/face.unt.edu.ar\/web\/ieconomia\/wp-json\/wp\/v2\/comments?post=258"}],"version-history":[{"count":7,"href":"https:\/\/face.unt.edu.ar\/web\/ieconomia\/wp-json\/wp\/v2\/pages\/258\/revisions"}],"predecessor-version":[{"id":918,"href":"https:\/\/face.unt.edu.ar\/web\/ieconomia\/wp-json\/wp\/v2\/pages\/258\/revisions\/918"}],"up":[{"embeddable":true,"href":"https:\/\/face.unt.edu.ar\/web\/ieconomia\/wp-json\/wp\/v2\/pages\/135"}],"wp:attachment":[{"href":"https:\/\/face.unt.edu.ar\/web\/ieconomia\/wp-json\/wp\/v2\/media?parent=258"}],"curies":[{"name":"wp","href":"https:\/\/api.w.org\/{rel}","templated":true}]}}