{"id":262,"date":"2017-09-04T22:57:08","date_gmt":"2017-09-04T22:57:08","guid":{"rendered":"http:\/\/face.unt.edu.ar\/web\/ieconomia\/?page_id=262"},"modified":"2021-10-14T12:35:50","modified_gmt":"2021-10-14T12:35:50","slug":"pablo-agustin-pero","status":"publish","type":"page","link":"https:\/\/face.unt.edu.ar\/web\/ieconomia\/profesores\/pablo-agustin-pero\/","title":{"rendered":"PERO PABLO AGUST\u00cdN"},"content":{"rendered":"<p><strong>T\u00edtulos acad\u00e9micos\u00a0<\/strong><\/p>\n<div class=\"td-paragraph-padding-4\">\n<ul>\n<li><em>Lic. en Econom\u00eda &#8211; Universidad Nacional de Tucum\u00e1n (2009)<\/em><\/li>\n<li><em>Ms. Sc. In Economic Analysis (Barcelona School of Economics) 2012<\/em><\/li>\n<\/ul>\n<\/div>\n<p><b>Cargos en Investigaci\u00f3n y Docencia<\/b><\/p>\n<div class=\"td-paragraph-padding-4\">\n<ul>\n<li><em>Jefe de Trabajos Pr\u00e1cticos \u2013 C\u00e1tedra Principios de Econom\u00eda<\/em><\/li>\n<\/ul>\n<\/div>\n<div><b>Asignatura en las que interviene<\/b><\/div>\n<div><\/div>\n<div class=\"td-paragraph-padding-4\">\n<ul>\n<li><em>Principios de Econom\u00eda I<\/em><\/li>\n<\/ul>\n<\/div>\n<p><strong>\u00c1reas de Investigaci\u00f3n<\/strong><\/p>\n<div class=\"td-paragraph-padding-4\">\n<p><em>Macroeconom\u00eda, Pol\u00edtica Fiscal, Econom\u00eda Regional<\/em><\/p>\n<\/div>\n<p><strong>Contacto<\/strong><\/p>\n<div class=\"td-paragraph-padding-4\">\n<p>E-mail: <a href=\"mailto:ppero@face.unt.edu.ar\">ppero@face.unt.edu.ar<\/a><br \/>\nTwitter: @pablopero<\/p>\n<\/div>\n<div class=\"td-paragraph-padding-0\">\n<p><strong>Publicaciones Relevantes<\/strong><\/p>\n<ul>\n<li>Pymes y crecimiento en Tucum\u00e1n.<\/li>\n<li>Presi\u00f3n Fiscal Provincial.<\/li>\n<li>Presupuesto provincial 2020.<\/li>\n<\/ul>\n<p><a href=\"https:\/\/www.ipec.org.ar\/publicaciones\">https:\/\/www.ipec.org.ar\/publicaciones<\/a><\/p>\n<\/div>\n","protected":false},"excerpt":{"rendered":"<p>T\u00edtulos acad\u00e9micos\u00a0 Lic. en Econom\u00eda &#8211; Universidad Nacional de Tucum\u00e1n (2009) Ms. Sc. In Economic Analysis (Barcelona School of Economics) 2012 Cargos en Investigaci\u00f3n y Docencia Jefe de Trabajos Pr\u00e1cticos \u2013 C\u00e1tedra Principios de Econom\u00eda Asignatura en las que interviene Principios de Econom\u00eda I \u00c1reas de Investigaci\u00f3n Macroeconom\u00eda, Pol\u00edtica Fiscal, Econom\u00eda Regional Contacto E-mail: ppero@face.unt.edu.ar [&hellip;]<\/p>\n","protected":false},"author":10,"featured_media":0,"parent":135,"menu_order":0,"comment_status":"closed","ping_status":"closed","template":"","meta":{"footnotes":""},"_links":{"self":[{"href":"https:\/\/face.unt.edu.ar\/web\/ieconomia\/wp-json\/wp\/v2\/pages\/262"}],"collection":[{"href":"https:\/\/face.unt.edu.ar\/web\/ieconomia\/wp-json\/wp\/v2\/pages"}],"about":[{"href":"https:\/\/face.unt.edu.ar\/web\/ieconomia\/wp-json\/wp\/v2\/types\/page"}],"author":[{"embeddable":true,"href":"https:\/\/face.unt.edu.ar\/web\/ieconomia\/wp-json\/wp\/v2\/users\/10"}],"replies":[{"embeddable":true,"href":"https:\/\/face.unt.edu.ar\/web\/ieconomia\/wp-json\/wp\/v2\/comments?post=262"}],"version-history":[{"count":6,"href":"https:\/\/face.unt.edu.ar\/web\/ieconomia\/wp-json\/wp\/v2\/pages\/262\/revisions"}],"predecessor-version":[{"id":680,"href":"https:\/\/face.unt.edu.ar\/web\/ieconomia\/wp-json\/wp\/v2\/pages\/262\/revisions\/680"}],"up":[{"embeddable":true,"href":"https:\/\/face.unt.edu.ar\/web\/ieconomia\/wp-json\/wp\/v2\/pages\/135"}],"wp:attachment":[{"href":"https:\/\/face.unt.edu.ar\/web\/ieconomia\/wp-json\/wp\/v2\/media?parent=262"}],"curies":[{"name":"wp","href":"https:\/\/api.w.org\/{rel}","templated":true}]}}