{"id":264,"date":"2017-09-04T22:57:44","date_gmt":"2017-09-04T22:57:44","guid":{"rendered":"http:\/\/face.unt.edu.ar\/web\/ieconomia\/?page_id=264"},"modified":"2021-10-01T13:26:03","modified_gmt":"2021-10-01T13:26:03","slug":"corina-maria-paz-teran","status":"publish","type":"page","link":"https:\/\/face.unt.edu.ar\/web\/ieconomia\/profesores\/corina-maria-paz-teran\/","title":{"rendered":"PAZ TER\u00c1N, CORINA MAR\u00cdA"},"content":{"rendered":"<p><strong>T\u00edtulos acad\u00e9micos\u00a0<\/strong><\/p>\n<div class=\"td-paragraph-padding-4\">\n<ul>\n<li>Magister en Econom\u00eda (Area: Pol\u00edticas Econ\u00f3micas y Sociales)<\/li>\n<li>Licenciada en Administraci\u00f3n de Empresas<\/li>\n<\/ul>\n<\/div>\n<p><b>Cargos en Investigaci\u00f3n y Docencia<\/b><\/p>\n<div class=\"td-paragraph-padding-4\">\n<ul>\n<li>Prof. Adjunta con dedicaci\u00f3n exclusiva para la Disciplina Econom\u00eda con asignaci\u00f3n \u00a0a la C\u00e1tedra de Econom\u00eda Agr\u00edcola I (Plan 1983)\/Econom\u00eda Agr\u00edcola (Plan 2014)con extensi\u00f3n a la C\u00e1tedra de Comercio Internacional<\/li>\n<li>Integrante del Proyecto \u00bb Ciclos Econ\u00f3micos y Pol\u00edticas para el Desarrollo Sustentable \u00ab, del Consejo de Investigaciones de la Universidad Nacional de Tucum\u00e1n (CIUNT), bajo la direcci\u00f3n de la Prof. Mar\u00eda Jos\u00e9 Granado<\/li>\n<li>Investigadora Asociada IELDE (Instituto de Estudios Laborales y del Desarrollo Econ\u00f3mico<\/li>\n<\/ul>\n<\/div>\n<div><b>Asignatura en las que interviene<\/b><\/div>\n<div><\/div>\n<div class=\"td-paragraph-padding-4\">\n<ul>\n<li>Econom\u00eda Agr\u00edcola y Comercio Internacional\u00a0 (LE)<\/li>\n<li>Econom\u00eda Ambiental (colaboradora) LE<\/li>\n<li>Econom\u00eda Internacional: Comercio Internacional y Pol\u00edtica Comercial (Especializaci\u00f3n en Comercio Internacional)<\/li>\n<\/ul>\n<\/div>\n<p><strong>\u00c1reas de Investigaci\u00f3n<\/strong><\/p>\n<div class=\"td-paragraph-padding-4\">\n<p>Econom\u00eda laboral, Desarrollo Agr\u00edcola,\u00a0Comercio Internacional<\/p>\n<\/div>\n<p><strong>Contacto<\/strong><\/p>\n<div class=\"td-paragraph-padding-4\">\n<p>E-mail: <a href=\"mailto:cpaz@herrera.unt.edu.ar\">cpaz@herrera.unt.edu.ar<\/a><br \/>\nBox: 58<\/p>\n<\/div>\n<div class=\"td-paragraph-padding-0\">\n<p><strong>Publicaciones Relevantes<\/strong><\/p>\n<\/div>\n<ul>\n<li>Ar\u00e9valo, C; Paz Ter\u00e1n, C; Piselli, C. (2020) Espacios Laborales y la llegada del COVID-19 -https:\/\/www.economicas.unsa.edu.ar\/ielde\/index.php\/gacetilla\/492-gacetilla-nro-21-espacios-laborales-y-la-llegada-del-covid-19<\/li>\n<li>Comercializaci\u00f3n y competitividad del ar\u00e1ndano argentino https:\/\/repositorio.inta.gob.ar\/xmlui\/handle\/20.500.12123\/4671<\/li>\n<li>Paz Ter\u00e1n, C., Granado M. J., R\u00edos Avellaneda, L. (2018) \u00bb Un \u00edndice de performance log\u00edstica para Tucum\u00e1n, y la regi\u00f3n del NOA\u201d2018<\/li>\n<li>Casal, M del P., Paz, J &amp; Paz Ter\u00e1n, C.. (2016): Educaci\u00f3n y Desigualdad. Evoluci\u00f3n en Argentina en los \u00faltimos 20 a\u00f1os. 1995-2015\u201d. ISSN 1852-0022. <a href=\"http:\/\/www.aaep.org.ar\/anales\/works\/works2016\/Paz_AAEP2016.pdf\">http:\/\/www.aaep.org.ar\/anales\/works\/works2016\/Paz_AAEP2016.pdf<\/a>.<\/li>\n<li>Ortega Masagu\u00e9, A. C; Paz Ter\u00e1n, C. (2015) The effect of the expansion of public pre-primary school on maternal employment in Argentina: 2007-2013\u201d ISSN 1852-0022. <a href=\"http:\/\/www.aaep.org.ar\/anales\/works\/works2015\/Ortega_AAEP2015.pdf\">http:\/\/www.aaep.org.ar\/anales\/works\/works2015\/Ortega_AAEP2015.pdf<\/a>.<\/li>\n<\/ul>\n","protected":false},"excerpt":{"rendered":"<p>T\u00edtulos acad\u00e9micos\u00a0 Magister en Econom\u00eda (Area: Pol\u00edticas Econ\u00f3micas y Sociales) Licenciada en Administraci\u00f3n de Empresas Cargos en Investigaci\u00f3n y Docencia Prof. Adjunta con dedicaci\u00f3n exclusiva para la Disciplina Econom\u00eda con asignaci\u00f3n \u00a0a la C\u00e1tedra de Econom\u00eda Agr\u00edcola I (Plan 1983)\/Econom\u00eda Agr\u00edcola (Plan 2014)con extensi\u00f3n a la C\u00e1tedra de Comercio Internacional Integrante del Proyecto \u00bb Ciclos [&hellip;]<\/p>\n","protected":false},"author":10,"featured_media":0,"parent":135,"menu_order":0,"comment_status":"closed","ping_status":"closed","template":"","meta":{"footnotes":""},"_links":{"self":[{"href":"https:\/\/face.unt.edu.ar\/web\/ieconomia\/wp-json\/wp\/v2\/pages\/264"}],"collection":[{"href":"https:\/\/face.unt.edu.ar\/web\/ieconomia\/wp-json\/wp\/v2\/pages"}],"about":[{"href":"https:\/\/face.unt.edu.ar\/web\/ieconomia\/wp-json\/wp\/v2\/types\/page"}],"author":[{"embeddable":true,"href":"https:\/\/face.unt.edu.ar\/web\/ieconomia\/wp-json\/wp\/v2\/users\/10"}],"replies":[{"embeddable":true,"href":"https:\/\/face.unt.edu.ar\/web\/ieconomia\/wp-json\/wp\/v2\/comments?post=264"}],"version-history":[{"count":7,"href":"https:\/\/face.unt.edu.ar\/web\/ieconomia\/wp-json\/wp\/v2\/pages\/264\/revisions"}],"predecessor-version":[{"id":636,"href":"https:\/\/face.unt.edu.ar\/web\/ieconomia\/wp-json\/wp\/v2\/pages\/264\/revisions\/636"}],"up":[{"embeddable":true,"href":"https:\/\/face.unt.edu.ar\/web\/ieconomia\/wp-json\/wp\/v2\/pages\/135"}],"wp:attachment":[{"href":"https:\/\/face.unt.edu.ar\/web\/ieconomia\/wp-json\/wp\/v2\/media?parent=264"}],"curies":[{"name":"wp","href":"https:\/\/api.w.org\/{rel}","templated":true}]}}