{"id":266,"date":"2017-09-04T22:58:18","date_gmt":"2017-09-04T22:58:18","guid":{"rendered":"http:\/\/face.unt.edu.ar\/web\/ieconomia\/?page_id=266"},"modified":"2021-10-18T14:03:45","modified_gmt":"2021-10-18T14:03:45","slug":"maria-jose-catalan","status":"publish","type":"page","link":"https:\/\/face.unt.edu.ar\/web\/ieconomia\/profesores\/maria-jose-catalan\/","title":{"rendered":"MAR\u00cdA JOS\u00c9 CATAL\u00c1N"},"content":{"rendered":"<p><strong>T\u00edtulos acad\u00e9micos\u00a0<\/strong><\/p>\n<div class=\"td-paragraph-padding-4\">\n<ul>\n<li><em>Licenciada en Econom\u00eda \u2013 Universidad Nacional De Tucum\u00e1n<\/em><\/li>\n<li><em>Magister en Econom\u00eda \u2013 Universidad Nacional De Tucum\u00e1n<\/em><\/li>\n<li><em>Doctora en Econom\u00eda &#8211; Pontificia Universidad Cat\u00f3lica de Chile.<\/em><\/li>\n<\/ul>\n<\/div>\n<p><b>Cargos en Investigaci\u00f3n y Docencia<\/b><\/p>\n<div class=\"td-paragraph-padding-4\">\n<ul>\n<li><em>Profesora Adjunta &#8211; Teor\u00eda Econ\u00f3mica Aplicada<\/em><\/li>\n<\/ul>\n<\/div>\n<div><b>Asignatura en las que interviene<\/b><\/div>\n<div><\/div>\n<div class=\"td-paragraph-padding-4\">\n<ul>\n<li><em>Teor\u00eda Econ\u00f3mica Aplicada<\/em><\/li>\n<\/ul>\n<\/div>\n<div class=\"td-paragraph-padding-4\">\n<p><strong>Contacto<\/strong><\/p>\n<\/div>\n<div class=\"td-paragraph-padding-4\">\n<p>E-mail: mjcatalan@face.unt.edu.ar<\/p>\n<\/div>\n","protected":false},"excerpt":{"rendered":"<p>T\u00edtulos acad\u00e9micos\u00a0 Licenciada en Econom\u00eda \u2013 Universidad Nacional De Tucum\u00e1n Magister en Econom\u00eda \u2013 Universidad Nacional De Tucum\u00e1n Doctora en Econom\u00eda &#8211; Pontificia Universidad Cat\u00f3lica de Chile. Cargos en Investigaci\u00f3n y Docencia Profesora Adjunta &#8211; Teor\u00eda Econ\u00f3mica Aplicada Asignatura en las que interviene Teor\u00eda Econ\u00f3mica Aplicada Contacto E-mail: mjcatalan@face.unt.edu.ar<\/p>\n","protected":false},"author":10,"featured_media":0,"parent":135,"menu_order":0,"comment_status":"closed","ping_status":"closed","template":"","meta":{"footnotes":""},"_links":{"self":[{"href":"https:\/\/face.unt.edu.ar\/web\/ieconomia\/wp-json\/wp\/v2\/pages\/266"}],"collection":[{"href":"https:\/\/face.unt.edu.ar\/web\/ieconomia\/wp-json\/wp\/v2\/pages"}],"about":[{"href":"https:\/\/face.unt.edu.ar\/web\/ieconomia\/wp-json\/wp\/v2\/types\/page"}],"author":[{"embeddable":true,"href":"https:\/\/face.unt.edu.ar\/web\/ieconomia\/wp-json\/wp\/v2\/users\/10"}],"replies":[{"embeddable":true,"href":"https:\/\/face.unt.edu.ar\/web\/ieconomia\/wp-json\/wp\/v2\/comments?post=266"}],"version-history":[{"count":8,"href":"https:\/\/face.unt.edu.ar\/web\/ieconomia\/wp-json\/wp\/v2\/pages\/266\/revisions"}],"predecessor-version":[{"id":720,"href":"https:\/\/face.unt.edu.ar\/web\/ieconomia\/wp-json\/wp\/v2\/pages\/266\/revisions\/720"}],"up":[{"embeddable":true,"href":"https:\/\/face.unt.edu.ar\/web\/ieconomia\/wp-json\/wp\/v2\/pages\/135"}],"wp:attachment":[{"href":"https:\/\/face.unt.edu.ar\/web\/ieconomia\/wp-json\/wp\/v2\/media?parent=266"}],"curies":[{"name":"wp","href":"https:\/\/api.w.org\/{rel}","templated":true}]}}