{"id":279,"date":"2017-09-04T23:27:07","date_gmt":"2017-09-04T23:27:07","guid":{"rendered":"http:\/\/face.unt.edu.ar\/web\/ieconomia\/?page_id=279"},"modified":"2024-09-25T13:09:35","modified_gmt":"2024-09-25T13:09:35","slug":"adriana-fatima-panico","status":"publish","type":"page","link":"https:\/\/face.unt.edu.ar\/web\/ieconomia\/profesores\/adriana-fatima-panico\/","title":{"rendered":"PANICO ADRIANA F\u00c1TIMA"},"content":{"rendered":"<p><strong>T\u00edtulos acad\u00e9micos\u00a0<\/strong><\/p>\n<div class=\"td-paragraph-padding-4\">\n<ul>\n<li><em>Doctora en Estad\u00edstica. <\/em><\/li>\n<li><em>Mag\u00edster en Estad\u00edstica Aplicada. <\/em><\/li>\n<li><em>Ingeniera Electricista (or. Electr\u00f3nica)<\/em><\/li>\n<\/ul>\n<\/div>\n<p><b>Cargos en Investigaci\u00f3n y Docencia<\/b><\/p>\n<div class=\"td-paragraph-padding-4\">\n<ul>\n<li><em>Profesora Adjunta (a cargo de c\u00e1tedra)<\/em><\/li>\n<li><em>Categor\u00eda III Programa de Incentivos<\/em><\/li>\n<\/ul>\n<\/div>\n<div><b>Asignatura en las que interviene<\/b><\/div>\n<div class=\"td-paragraph-padding-4\">\n<ul>\n<li><em>Econom\u00eda Matem\u00e1tica <\/em><\/li>\n<li><em>Econom\u00eda Matem\u00e1tica Avanzada<\/em><\/li>\n<\/ul>\n<\/div>\n<p><strong>\u00c1reas de Investigaci\u00f3n<\/strong><\/p>\n<div class=\"td-paragraph-padding-4\">\n<p><em>Ciencias Sociales Interdisciplinarias. Estad\u00edstica aplicada<\/em><\/p>\n<\/div>\n<p><strong>Contacto<\/strong><\/p>\n<div class=\"td-paragraph-padding-4\">\n<p>E-mail: apanico@herrera.unt.edu.ar \/ adriana.panico@gmail.com<br \/>\nBox: 66<\/p>\n<\/div>\n<div class=\"td-paragraph-padding-0\">\n<p><strong>Publicaciones Relevantes<\/strong><\/p>\n<ul>\n<li>\n<p class=\"page_title\"><a href=\"http:\/\/www.aroec.org\/ojs\/index.php\/ARoEc\/article\/view\/86\" target=\"_blank\" rel=\"noopener\"><em>Enfoque multidimensional del bienestar. An\u00e1lisis de la dimensi\u00f3n vivienda<\/em><\/a><\/p>\n<\/li>\n<li>\n<p class=\"page_title\"><a href=\"http:\/\/www.aroec.org\/ojs\/index.php\/ARoEc\/article\/view\/53\" target=\"_blank\" rel=\"noopener\"><em>Distribuci\u00f3n de ingresos e indicadores de carencia para las provincias del noroeste argentino (NOA)<\/em><\/a><\/p>\n<\/li>\n<li>\n<p class=\"page_title\">ARTICULOS PUBLICADOS CON REFERATO<\/p>\n<\/li>\n<\/ul>\n<p>&#8211; \u201cLos derechos humanos y el bienestar\u201d. Revista Ejes, A\u00f1o 7, N\u00ba 13, FCECO. Pag.<br \/>\n498-511. ISSN 2591-4669. (2024). Coautoras: ADRIANA FATIMA PANICO; MAR\u00cdA<br \/>\nCRISTINA LEGUIZAM\u00d3N.<br \/>\nhttps:\/\/pcient.uner.edu.ar\/index.php\/ejes\/article\/view\/1789\/2035<\/p>\n<ul>\n<li>LIBROS:<\/li>\n<\/ul>\n<p>&#8211; MEDICI\u00d3N DE LA POBREZA. Un enfoque multidimensional. Tesis de doctorado en<br \/>\nformato libro. Pluma Digital Ediciones. A\u00f1o 2022. Autora: ADRIANA FATIMA PANICO.<\/p>\n<p>&#8211; Compiladora Libro \u201cDecimo S\u00e9ptimas Jornadas Regionales de Econom\u00eda y Sociedad<br \/>\ndel NOA\u201d. ISBN 978-987-633-582-9. (Versi\u00f3n Digital). EUNSa 2021.<\/p>\n<p>&#8211; Compiladora Libro \u201cDecimo Cuartas Jornadas Regionales de Econom\u00eda y Sociedad<br \/>\ndel NOA\u201d. ISBN 978-987-754-021-5. (Versi\u00f3n Digital). EDUNT 2016.<br \/>\nTRABAJOS EN EVENTOS CIENTIFICOS TECNOLOGICOS PUBLICADOS (versi\u00f3n<br \/>\ndigital)<\/p>\n<p>&#8211; \u201cIdentificaci\u00f3n de clases latentes en neuronas de corteza cerebral\u201d, XLVII Coloquio<br \/>\nArgentino de Estad\u00edstica. ISBN N\u00ba 978-987-754-211-0. Tucum\u00e1n, 2019. Coautores:<br \/>\nJORGE SOLETTA; ADRIANA F. PANICO.<\/p>\n<p>&#8211; \u00abModelos de variables latentes aplicados a indicadores socioecon\u00f3micos\u201d 17\u00aa<br \/>\nJornadas Regionales de Econom\u00eda y Sociedad del NOA&amp;quot;. ISBN 978-987-633-582-9. Salta,<br \/>\n2019. Coautoras: ADRIANA F\u00c1TIMA PANICO; MAR\u00cdA CRISTINA LEGUIZAM\u00d3N<\/p>\n<p>&#8211; \u201cEl Bienestar desde la Perspectiva Multidimensional\u201d. Conferencista. XXXIII Jornadas<br \/>\nNacionales de Docentes de Facultades de Ciencias Econ\u00f3micas y Afines. ISBN N\u00ba 978-<br \/>\n987-754-172-4). Conferencista. Tucum\u00e1n, 2018. Autora: ADRIANA F\u00c1TIMA PANICO.<\/p>\n<p>&#8211; \u201cEnfoque Multidimensional de la Pobreza. Algunas Consideraciones Te\u00f3ricas\u201d.<br \/>\n15\u00aaJornadas Regionales de Econom\u00eda y Sociedad del NOA, ISBN 978-987-661-276-0.<br \/>\nCatamarca, 2017. Coautoras: ADRIANA F\u00c1TIMA PANICO; MAR\u00cdA CRISTINA<br \/>\nLEGUIZAM\u00d3N.<\/p>\n<p>&#8211; \u201cL\u00edneas de Pobreza e Indigencia en Tucum\u00e1n\u201d. 14\u00aaJornadas Regionales de Econom\u00eda<br \/>\ny Sociedad del NOA, ISBN 978-987-754-021-5. Tucum\u00e1n, 2016. Coautores: ADRIANA<br \/>\nF\u00c1TIMA PANICO; MAR\u00cdA CRISTINA LEGUIZAM\u00d3N; ANTONIO RA\u00daL GARC\u00cdA.<\/p>\n<p>&#8211; \u201cRelaci\u00f3n de Kuznets e Indicadores de Carencia para las Provincias del NOA\u201d.<br \/>\n13aJornadas Regionales de Econom\u00eda y Sociedad del NOA, ISBN 978-987-33-8591-9.<br \/>\nJujuy, 2015. Coautores: ADRIANA F\u00c1TIMA PANICO; MAR\u00cdA CRISTINA LEGUIZAM\u00d3N;<br \/>\nANTONIO RA\u00daL GARC\u00cdA.<\/p>\n<\/div>\n","protected":false},"excerpt":{"rendered":"<p>T\u00edtulos acad\u00e9micos\u00a0 Doctora en Estad\u00edstica. Mag\u00edster en Estad\u00edstica Aplicada. Ingeniera Electricista (or. Electr\u00f3nica) Cargos en Investigaci\u00f3n y Docencia Profesora Adjunta (a cargo de c\u00e1tedra) Categor\u00eda III Programa de Incentivos Asignatura en las que interviene Econom\u00eda Matem\u00e1tica Econom\u00eda Matem\u00e1tica Avanzada \u00c1reas de Investigaci\u00f3n Ciencias Sociales Interdisciplinarias. Estad\u00edstica aplicada Contacto E-mail: apanico@herrera.unt.edu.ar \/ adriana.panico@gmail.com Box: 66 Publicaciones [&hellip;]<\/p>\n","protected":false},"author":10,"featured_media":0,"parent":135,"menu_order":0,"comment_status":"closed","ping_status":"closed","template":"","meta":{"footnotes":""},"_links":{"self":[{"href":"https:\/\/face.unt.edu.ar\/web\/ieconomia\/wp-json\/wp\/v2\/pages\/279"}],"collection":[{"href":"https:\/\/face.unt.edu.ar\/web\/ieconomia\/wp-json\/wp\/v2\/pages"}],"about":[{"href":"https:\/\/face.unt.edu.ar\/web\/ieconomia\/wp-json\/wp\/v2\/types\/page"}],"author":[{"embeddable":true,"href":"https:\/\/face.unt.edu.ar\/web\/ieconomia\/wp-json\/wp\/v2\/users\/10"}],"replies":[{"embeddable":true,"href":"https:\/\/face.unt.edu.ar\/web\/ieconomia\/wp-json\/wp\/v2\/comments?post=279"}],"version-history":[{"count":10,"href":"https:\/\/face.unt.edu.ar\/web\/ieconomia\/wp-json\/wp\/v2\/pages\/279\/revisions"}],"predecessor-version":[{"id":1294,"href":"https:\/\/face.unt.edu.ar\/web\/ieconomia\/wp-json\/wp\/v2\/pages\/279\/revisions\/1294"}],"up":[{"embeddable":true,"href":"https:\/\/face.unt.edu.ar\/web\/ieconomia\/wp-json\/wp\/v2\/pages\/135"}],"wp:attachment":[{"href":"https:\/\/face.unt.edu.ar\/web\/ieconomia\/wp-json\/wp\/v2\/media?parent=279"}],"curies":[{"name":"wp","href":"https:\/\/api.w.org\/{rel}","templated":true}]}}