{"id":353,"date":"2017-09-18T15:51:08","date_gmt":"2017-09-18T15:51:08","guid":{"rendered":"http:\/\/face.unt.edu.ar\/web\/ieconomia\/?page_id=353"},"modified":"2018-03-18T15:44:18","modified_gmt":"2018-03-18T15:44:18","slug":"publicaciones","status":"publish","type":"page","link":"https:\/\/face.unt.edu.ar\/web\/ieconomia\/publicaciones\/","title":{"rendered":"Publicaciones"},"content":{"rendered":"<p><b>LIBROS<\/b><\/p>\n<ol>\n<li style=\"font-weight: 400\"><span style=\"font-weight: 400\">Panico, Adriana (2012) \u00abAlgo m\u00e1s que s\u00f3lo Estad\u00edstica\u00bb, N\u00famero 11769 e ISBN 978-3-659-01427-7, EDITORIAL ACADEMICA ESPA\u00d1OLA.<\/span><\/li>\n<li style=\"font-weight: 400\"><span style=\"font-weight: 400\">Meloni, Osvaldo (2013) Progresos en Econom\u00eda Pol\u00edtica de la Pol\u00edtica Fiscal. Serie Progresos en Econom\u00eda de la Asociaci\u00f3n Argentina de Econom\u00eda Pol\u00edtica. Editorial Temas. Buenos Aires, Agosto de 2013. ISBN 978-987-1826-70-4.<\/span><\/li>\n<li style=\"font-weight: 400\"><span style=\"font-weight: 400\">Cerro, Ana Mar\u00eda y Meloni, Osvaldo (2014) Investigaciones sobre Econom\u00eda de la Delincuencia en Argentina. Editorial Dunken. Buenos Aires. Agosto de 2014. ISBN 978-987-027508-4.<\/span><\/li>\n<li style=\"font-weight: 400\"><span style=\"font-weight: 400\">Bercoff, Jos\u00e9 y Meloni, Osvaldo (2016)\u00a0<\/span><i><span style=\"font-weight: 400\">Incentivos perversos, gobernantes oportunistas, votantes racionales. Ensayos sobre la Econom\u00eda Pol\u00edtica de las Provincias Argentinas<\/span><\/i><span style=\"font-weight: 400\">. Editorial Dunken. Buenos Aires.<\/span><\/li>\n<li>Hugo Daniel (2006) Luces y Sombras del Pensamiento Econ\u00f3mico Moderno\u201d. Editado por la Universidad nacional de Tucum\u00e1n, I.S.B.N.-10: 950- 554-494-4; ISBN-13: 978-950-554-494-3.<\/li>\n<li>Hugo Daniel (2000) El Malestar en la econom\u00edas modernas de Mercado. Ediciones Macchi. Buenos Aires, a\u00f1o 2000. I.S.B.N. 950- 537-512-3.<\/li>\n<li>Cerro, Ana Mar\u00eda y Meloni, Osvaldo (1999) <em>An\u00e1lisis Econ\u00f3mico de las Pol\u00edticas de Prevenci\u00f3n y Represi\u00f3n del Delito en la Argentina. EUDECOR. Fundaci\u00f3n ARCOR<\/em>. Premio Fulvio Pagani 1999. ISBN 987-9094-75-1.<\/li>\n<li>El\u00edas, V\u00edctor Jorge (Editor) (1996) <em>Informe sobre la Econom\u00eda de Tucum\u00e1n<\/em>. Editado por Fundaci\u00f3n del Tucum\u00e1n. ISBN 987-96212-0-4.<\/li>\n<li>El\u00edas, V\u00edctor Jorge (1992) <em>\u201c<\/em><em>Sources of Growth<\/em><em>: A Study of Seven Latin American Economies\u201d. <\/em>San Francisco, ICS Press.<\/li>\n<\/ol>\n<p><b>CAP\u00cdTULOS EN LIBROS<\/b><\/p>\n<ol>\n<li style=\"font-weight: 400\"><span style=\"font-weight: 400\">Granados, Mar\u00eda Jos\u00e9 (2016): \u201cLa Nueva Teor\u00eda del Comercio Internacional\u201d. En Principios y Regulaci\u00f3n del Comercio Internacional. Coautores: Carlos Mariano Ortiz y Romina del Valle Prados, Advocatus Ediciones. 1era Edici\u00f3n. ISBN 9789875513082.<\/span><\/li>\n<li style=\"font-weight: 400\"><span style=\"font-weight: 400\">Granados, Mar\u00eda Jos\u00e9 (2016): \u201cLas empresas en el comercio internacional: Un nuevo enfoque\u201d. En Principios y Regulaci\u00f3n del Comercio Internacional. Coautores: Carlos Mariano Ortiz y Romina del Valle Prados, Advocatus. 1era Edici\u00f3n. ISBN 9789875513082.<\/span><\/li>\n<li style=\"font-weight: 400\"><span style=\"font-weight: 400\">Torres, Mar\u00eda Cecilia (2010): \u201cOrigen, desarrollo y crisis del r\u00e9gimen de convertibilidad\u201d Perteneciente al LIBRO: \u201cLa pol\u00edtica exterior argentina en los tiempos del default\u201d. Editor: Torres, Jorge Jos\u00e9. Editorial Dunken. (Buenos Aires 2010). ISBN 978-987-02-4616-9.<\/span><\/li>\n<li>Bercoff, Jos\u00e9 y Meloni, Osvaldo (2016)<em> \u201cSobre incentivos, oportunismo y racionalidad<\/em><strong>\u201d <\/strong>en el libro <em>Incentivos perversos, gobernantes oportunistas, votantes racionales. Ensayos sobre la Econom\u00eda Pol\u00edtica de las Provincias Argentinas<\/em>. Editorial Dunken. Buenos Aires. Julio de 2016. ISBN 978-987-02-9221-0 (impreso) y 978-987-02-9342-2 (Digital\/Kindle edition).<\/li>\n<li>Bercoff, Jos\u00e9 y Meloni, Osvaldo (2016)<em> \u201cSensatez y sensibilidad: condiciones socioecon\u00f3micas y voto femenino\u201d <\/em>en el libro <em>Incentivos perversos, gobernantes oportunistas, votantes racionales. Ensayos sobre la Econom\u00eda Pol\u00edtica de las Provincias Argentinas<\/em>. Editorial Dunken. Buenos Aires. ISBN 978-987-02-9221-0 (impreso) y 978-987-02-9342-2 (Digital\/Kindle edition).<\/li>\n<li>Bercoff, Jos\u00e9 y Nougu\u00e9s, Jorge (2016)<em> \u201cDeterminantes institucionales del gasto p\u00fablico en las provincias argentinas<\/em> en el libro <em>Incentivos perversos, gobernantes oportunistas, votantes racionales\u201d. Ensayos sobre la Econom\u00eda Pol\u00edtica de las Provincias Argentinas<\/em>. Editorial Dunken. Buenos Aires.<\/li>\n<li>Catal\u00e1n, Mar\u00eda Jos\u00e9 (2016) \u201c<em>Restricci\u00f3n presupuestaria blanda: Incentivos en los gobiernos subnacionales\u201d<\/em> en el libro <em>Incentivos perversos, gobernantes oportunistas, votantes racionales. Ensayos sobre la Econom\u00eda Pol\u00edtica de las Provincias Argentinas<\/em>. Editorial Dunken. Buenos Aires.<\/li>\n<li>Meloni, Osvaldo (2016) \u201cLa econom\u00eda provincial desde sus or\u00edgenes hasta fines del siglo XX\u201d en el libro Bicentenario Tucum\u00e1n, Torres Zuccardi et al. (eds) FundaFET. Julio de 2016. ISBN 978-987-46448-0-0<\/li>\n<li><em>Meloni, Osvaldo (2016) \u201cCompetencia pol\u00edtica y pol\u00edtica fiscal\u201d<\/em> en el libro <em>Incentivos perversos, gobernantes oportunistas, votantes racionales. Ensayos sobre la Econom\u00eda Pol\u00edtica de las Provincias Argentinas<\/em>. Editorial Dunken. Buenos Aires. Julio de 2016. ISBN 978-987-02-9221-0 (impreso) y 978-987-02-9342-2 (Digital\/Kindle edition).<\/li>\n<li><em>Meloni, Osvaldo (2016) \u201cEl comportamiento fiscal de los gobiernos provinciales en tiempos electorales\u201d<\/em> en el libro <em>Incentivos perversos, gobernantes oportunistas, votantes racionales. Ensayos sobre la Econom\u00eda Pol\u00edtica de las Provincias Argentinas<\/em>. Editorial Dunken. Buenos Aires. ISBN 978-987-02-9221-0 (impreso) y 978-987-02-9342-2 (Digital\/Kindle edition).<br \/>\n<strong>2014<\/strong><\/p>\n<ol>\n<li>Cerro, Ana Mar\u00eda y Meloni, Osvaldo (2014) \u201c<em>Introducci\u00f3n\u201d<\/em> en el libro <em>Investigaciones sobre econom\u00eda de la delincuencia en Argentina<\/em>. Editorial Dunken. ISBN 978-987-02-7508-4 (Impreso) y 978-987-02-9473-3 (Digital\/Kindle edition)<\/li>\n<li>Ana Mar\u00eda Cerro y Michel River, Andr\u00e9s (2014) \u201c<em>Delito y Ciclos econ\u00f3micos\u201d.<\/em> Editorial Dunken. ISBN 978-987-02-7508-4 (Impreso) y 978-987-02-9473-3 (Digital\/Kindle edition)<\/li>\n<li>Ana Mar\u00eda Cerro y Ortega Masagu\u00e9, Ana Carolina (2014) \u201c<em>Fuentes de la persistencia regional del delito\u201d.<\/em> Editorial Dunken. ISBN 978-987-02-7508-4 (Impreso) y 978-987-02-9473-3 (Digital\/Kindle edition)<\/li>\n<li>Cerro, Ana Mar\u00eda y Antonio Rodr\u00edguez Andr\u00e9s (2014) \u201c<em>Caracter\u00edsticas del Delito en las provincias argentinas\u201d.<\/em> Editorial Dunken. ISBN 978-987-02-7508-4 (Impreso) y 978-987-02-9473-3 (Digital\/Kindle edition)<\/li>\n<li>Iajya, V\u00edctor D. (2014) \u201c<em>La Delincuencia en Argentina: estad\u00edsticas oficiales y sensaciones. Reflexiones a partir de una encuesta propia\u201d.<\/em> Editorial Dunken. ISBN 978-987-02-7508-4 (Impreso) y 978-987-02-9473-3 (Digital\/Kindle edition)<\/li>\n<li><em>Meloni, Osvaldo (2014) \u201c<\/em><em>El impacto del Plan Jefes y Jefas de Hogar Desocupados sobre el delito\u201d<\/em> en libro <em>Investigaciones sobre econom\u00eda de la delincuencia en Argentina<\/em>. Editorial Dunken. ISBN 978-987-02-7508-4 (impreso) y 978-987-02-9473-3 (Digital\/Kindle edition).<\/li>\n<li><em>Meloni, Osvaldo (2014) \u201c<\/em><em>Delitos y elecciones<\/em> en el libro <em>Investigaciones sobre econom\u00eda de la delincuencia en Argentina\u201d<\/em>. Editorial Dunken. ISBN 978-987-02-7508-4 (impreso) y 978-987-02-9473-3 (Digital\/Kindle edition).<\/li>\n<\/ol>\n<p><strong>2013<\/strong><\/p>\n<ol start=\"8\">\n<li><em>Meloni, Osvaldo (2013) <\/em><em>Introducci\u00f3n <\/em>en el libro <em>Progresos en Econom\u00eda Pol\u00edtica de la Pol\u00edtica Fiscal<\/em>. Serie Progresos en Econom\u00eda de la Asociaci\u00f3n Argentina de Econom\u00eda Pol\u00edtica. Editorial Temas. Buenos Aires. ISBN 978-987-1826-70-4.<\/li>\n<li><em>Meloni, Osvaldo y <\/em>Tommasi, Mariano<em> (2013) <\/em><em>Instituciones y Pol\u00edtica Fiscal en <\/em>el libro <em>Progresos en Econom\u00eda Pol\u00edtica de la Pol\u00edtica Fiscal<\/em>. Serie Progresos en Econom\u00eda de la Asociaci\u00f3n Argentina de Econom\u00eda Pol\u00edtica. Editorial Temas. Buenos Aires. ISBN 978-987-1826-70-4.<\/li>\n<\/ol>\n<p><strong>2010<\/strong><\/p>\n<ol start=\"10\">\n<li>Torres, Mar\u00eda Cecilia (2010): \u201cOrigen, desarrollo y crisis del r\u00e9gimen de convertibilidad\u201d Perteneciente al LIBRO: \u201cLa pol\u00edtica exterior argentina en los tiempos del default\u201d. Editor: Torres, Jorge Jos\u00e9. Editorial Dunken. (Buenos Aires 2010). ISBN 978-987-02-4616-9.<\/li>\n<\/ol>\n<p><strong>2009<\/strong><\/p>\n<ol start=\"11\">\n<li>Hugo Daniel (2009) \u201cSobre los Conceptos de Pobreza y Subdesarrollo en el Pensamiento Econ\u00f3mico Tradicional\u201d, en el libro \u201cGeograf\u00eda de la Pobreza en el Norte Grande Argentino\u201d, CONOCET \u2013 PNUD \u2013 UNT, A. Bolsi y P. Paolasso comp., Tucum\u00e1n 2009. ISBN 978-987-05-7010-3.<\/li>\n<\/ol>\n<p><strong>2008<\/strong><\/p>\n<ol start=\"12\">\n<li>Ar\u00e1oz, Mar\u00eda Florencia, Cerro, Ana Mar\u00eda Cerro, Meloni, Osvaldo y Soria Genta, Tatiana<em> (2008) Fiscal Sustainability and Crises, <\/em>en el libro<em> Fiscal crisis,<\/em><em> Imbalances and Sustainability- Concepts and Country experiences<\/em>. Dhandapani Alagiri (Editor) <u>ICFAI University Press<\/u>. Noviembre de 2008.<\/li>\n<li>Ferullo. Hugo Daniel (2008) <em>\u201cApuntes sobre el Plan F\u00e9nix y el Desarrollo Econ\u00f3mico Argentino\u201d, <\/em>en el libro: Plan F\u00e9nix, propuestas para el desarrollo con equidad: econom\u00edas regionales. UNR Editora &#8211; Editorial de la Universidad Nacional de Rosario. (Argentina, 2008). P\u00e1ginas 109 a 127. ISBN 978-950-673-652-1.<\/li>\n<li>Meloni, Osvaldo (2008) <em>La situaci\u00f3n actual de las PyME con actividad industrial <\/em>en el libro<em> Industria manufacturera A\u00f1o 2008. Informe Regional <\/em>editado por el Observatorio PyME Regional Provincia de Tucum\u00e1n. ISBN 978-987-24223-8-7<em>. <\/em><\/li>\n<\/ol>\n<p><strong>2006<\/strong><\/p>\n<ol start=\"15\">\n<li>Hugo Daniel (2006) \u201cLa Crisis de la Deuda Externa Argentina\u201d, en el libro \u201cArgentina. Estrategia Pa\u00eds en el marco de la integraci\u00f3n regional y el mundo globalizado\u201d, editado por la Conferencia Episcopal Argentina, Oficina del Libro, Buenos Aires 2006, ISBN-10: 987- 511-120-1, ISBN-13: 978-987-511-120-2.<\/li>\n<li>Hugo Daniel (2006) \u201cDIAGNOSTICO SOCIOECONOMICO DE TUCUMAN\u201d, en el libro \u201cEconom\u00edas Regionales\u201d del VII Encuentro Nacional de Econom\u00edas Regionales, Editado por la Universidad Nacional del Litoral y la Universidad de Buenos Aires (UBA), a\u00f1o 2006. ISBN 978-987-508-873-3. P\u00e1ginas 37 \u2013 59.<\/li>\n<\/ol>\n<p><strong>2003<\/strong><\/p>\n<ol start=\"17\">\n<li>Hugo Daniel (2003) <em>\u201cLa Econom\u00eda de Tucum\u00e1n\u201d,<\/em> en el libro \u201cEconom\u00edas Regionales\u201d del Segundo Encuentro de Universidades Nacionales, Editado por la Universidad Nacional de R\u00edo Cuarto y la Universidad de Buenos Aires (UBA),. P\u00e1ginas 47 \u2013 67.<\/li>\n<\/ol>\n<p><strong>2002 <\/strong><\/p>\n<ol start=\"18\">\n<li>Hugo Daniel (2002) \u00abSOBRE LA ETICA Y LA ECONOMIA\u00bb (autor), ensayo en el libro \u00abLa Econom\u00eda Solidaria: Fundamentos desde el Humanismo Econ\u00f3mico\u00bb, Ediciones Centro de Investigaciones Econ\u00f3micas de C\u00f3rdoba (CIEC), C\u00f3rdoba. I.S.B.N. 950 &#8211; 33 &#8211; 0334 &#8211; 6.<\/li>\n<\/ol>\n<p><strong>1992<\/strong><\/p>\n<ol start=\"19\">\n<li>Hugo Daniel (1992) \u00abEl Mercosur en la econom\u00eda mundial actual\u00bb, en el libro: \u00abRealidades y Perspectivas del Mercosur\u00bb, editado por la Universidad Cat\u00f3lica Argentina con el patrocinio del Centro de Econom\u00eda Internacional de la Secretar\u00eda de Relaciones Econ\u00f3micas Internacionales del Ministerio de Relaciones Exteriores y Cultos de la Naci\u00f3n. Buenos Aires.<\/li>\n<\/ol>\n<\/li>\n<\/ol>\n<p><b>PUBLICACIONES CIENT\u00cdFICAS CON REFERATO<\/b><\/p>\n<ol>\n<li style=\"font-weight: 400\"><span style=\"font-weight: 400\">Meloni, Osvaldo (2016)\u00a0<\/span><i><span style=\"font-weight: 400\">Electoral opportunism and vertical fiscal imbalance<\/span><\/i><span style=\"font-weight: 400\">. Journal of Applied Economics. Vol. XIX(1) \u00a0P\u00e1gs. 145-168. Mayo 2016. ISSN: 1514-0326.<\/span><\/li>\n<li style=\"font-weight: 400\"><span style=\"font-weight: 400\">Nicolini, Esteban A. and Fernando Ramos (2015) \u00abDecomposing Income Inequality in a Backward Pre-Industrial Economy: Old Castile (Spain) in the Middle of the 18th Century\u00bb Forthcoming. The Economic History Review.<\/span><\/li>\n<li style=\"font-weight: 400\"><span style=\"font-weight: 400\">Diniz, Adriana, Mar\u00eda Jos\u00e9 Granado, Osvaldo M. Callegari, Cesar E. A. Limas and Joice H. de Oliveira (2015) \u201cImpacts of Argentine Economic Development Model Year 1990 in Commercial Relationship with Brazil\u201d. Business and Management Review.<\/span><\/li>\n<li style=\"font-weight: 400\"><span style=\"font-weight: 400\">Granado, Mar\u00eda Jos\u00e9 (2015) \u201cComportamiento c\u00edclico de la pol\u00edtica fiscal en Argentina: \u00bfD\u00e9cada ganada o d\u00e9cada perdida?\u201d Revista de Econom\u00eda y Estad\u00edstica, \u00a0Vol. LI(1): 119 \u2013 156.<\/span><\/li>\n<li style=\"font-weight: 400\"><span style=\"font-weight: 400\">Cerro, Ana Mar\u00eda and Osvaldo Meloni (2014) \u201cMaking explosive cocktails: recipes and costs of 20 Argentine Crises from 1865 to 2004\u201d. Investigaciones de Historia Econ\u00f3mica\/ Economic History Research. Vol. 10: 104-114.<\/span><\/li>\n<li style=\"font-weight: 400\"><span style=\"font-weight: 400\">Carrasco, Raquel, Juan Jimeno and Ana Carolina Ortega Masagu\u00e9 (2014) \u201cReturns to Skills and the Distribution of Wages: Spain 1995\u20132010\u201d. Oxford Bulletin of Economics and Statistics.<\/span><\/li>\n<li style=\"font-weight: 400\"><span style=\"font-weight: 400\">Meloni, Osvaldo (2014) \u201cDoes poverty relief spending reduce crime? Evidence from Argentina\u201d. International Review of Law and Economics, Elsevier, vol. 39(C), pages 28-38.<\/span><\/li>\n<li style=\"font-weight: 400\"><span style=\"font-weight: 400\">Correa Deza, Mar\u00eda Florencia and Esteban Nicolini (2014) \u201cDiferencias regionales en el costo de vida en Argentina a comienzos del siglo xx\u201d. Investigaciones de Historia Econ\u00f3mica\/ Economic History Research. Vol. 10: 202-2012.<\/span><\/li>\n<li style=\"font-weight: 400\"><span style=\"font-weight: 400\">Cerro, Ana Mar\u00eda and Meloni, Osvaldo (2013). \u201cCrises and Crashes: Argentina 1825-2002\u201d. Revista de Historia Econ\u00f3mica\/Journal of Iberian and Latin American Economic History, Cambridge University Press, vol. 31(02), pages 219-252.<\/span><\/li>\n<li style=\"font-weight: 400\"><span style=\"font-weight: 400\">Iajya, V\u00edctor, N. Lacetera, Mario Macis \u00a0and R. Slonim (2013) \u201cThe Effects of Information, Social and Economic Incentives on Voluntary Undirected Blood Donations: Evidence from a Field Experiment in Argentina\u201d.\u00a0<\/span><i><span style=\"font-weight: 400\">Social Science and Medicine<\/span><\/i><span style=\"font-weight: 400\">\u00a0, Vol. 98.<\/span><\/li>\n<li style=\"font-weight: 400\"><span style=\"font-weight: 400\">\u00c1lvarez, Beatriz; Correa Deza, Florencia (2013): \u201cLa movilidad social en Tucum\u00e1n, Argentina, 1869-1895\u201d. Am. Lat. Hist. Econ., vol 20 , n\u00fam.1, pp. 126-157. ISSN 2007-3496.<\/span><\/li>\n<li style=\"font-weight: 400\"><span style=\"font-weight: 400\">Bercoff, Jos\u00e9 J., Osvaldo Meloni and Jorge P. Nougu\u00e9s, (2012) \u201cA stylized model of overrepresentation and quality in the Congress\u201d. \u00a0<\/span><i><span style=\"font-weight: 400\">Economics Letters<\/span><\/i><span style=\"font-weight: 400\">, Elsevier, vol. 115(3): 508-510.<\/span><\/li>\n<li style=\"font-weight: 400\"><span style=\"font-weight: 400\">Jones, Mark P., Osvaldo Meloni and Mariano Tommasi (2012). \u00abVoters as Fiscal Liberals: Incentives and Accountability in Federal Systems\u201d.\u00a0<\/span><i><span style=\"font-weight: 400\">Economics and Politics<\/span><\/i><span style=\"font-weight: 400\">, Wiley Blackwell, vol. 24(2): 135-156.<\/span><\/li>\n<li style=\"font-weight: 400\"><span style=\"font-weight: 400\">\u00c1lvarez, Beatriz (2011): \u201cLa desigualdad de la riqueza en Tucum\u00e1n entre 1869 y 1884. Una aproximaci\u00f3n a su medici\u00f3n a partir de los inventarios post mortem\u201d. Revista Poblaci\u00f3n &amp; Sociedad. Vol. 18, N\u00b0 2, pp. 107-144. ISSN 0328-3445<\/span><\/li>\n<li style=\"font-weight: 400\"><span style=\"font-weight: 400\">Nicolini, Esteban A. and Fernando Ramos (2010) \u00abA new method for estimating the money demand in pre-industrial economies: probate inventories and Spain in the eighteenth century\u201d.\u00a0<\/span><i><span style=\"font-weight: 400\">European Review of Economic History<\/span><\/i><span style=\"font-weight: 400\">, Cambridge University Press. Vol. 14(01): 145-177.<\/span><\/li>\n<li style=\"font-weight: 400\"><span style=\"font-weight: 400\">Lieli, Robert \u00a0and Augusto Nieto Barthaburu (2010) \u201cOptimal Binary Prediction for Group Decision Making\u201d. \u00a0<\/span><i><span style=\"font-weight: 400\">Journal of Business and Economic Statistics.<\/span><\/i><span style=\"font-weight: 400\">\u00a0Vol. 28: 308-319<\/span><\/li>\n<li style=\"font-weight: 400\"><span style=\"font-weight: 400\">Ar\u00e1oz, Mar\u00eda Florencia, \u00a0Ana Mar\u00eda Cerro, Osvaldo Meloni and Tatiana Soria Genta (2009). \u201cEmpirical Evidence on Fiscal Policy Sustainability in Argentina\u201d.\u00a0<\/span><i><span style=\"font-weight: 400\">The IUP Journal of Monetary Economic<\/span><\/i><span style=\"font-weight: 400\">s, IUP Publications. Vol. 2(3-4): 116-127.<\/span><\/li>\n<li style=\"font-weight: 400\"><span style=\"font-weight: 400\">Jos\u00e9 Bercoff and Osvaldo Meloni (2009) \u00abFederal budget allocation in an emergent democracy: evidence from Argentina.\u00a0<\/span><i><span style=\"font-weight: 400\">Economics of Governance<\/span><\/i><span style=\"font-weight: 400\">, Springer. Vol. 10(1): \u00a065-83.<\/span><\/li>\n<li style=\"font-weight: 400\"><span style=\"font-weight: 400\">Nicolini, Esteban A. and Mar\u00eda Paula Parolo (2009) \u00abLa circulaci\u00f3n de moneda en el Norte argentino despu\u00e9s de la Independencia: el caso de Tucum\u00e1n entre 1820 y 1850\u201d.\u00a0<\/span><i><span style=\"font-weight: 400\">Revista de Historia Econ\u00f3mica\/Journal of Iberian and Latin American Economic History<\/span><\/i><span style=\"font-weight: 400\">, Cambridge University Press. Vol. 27(01): 75-102.<\/span><\/li>\n<li>Cerro, Ana Mar\u00eda, Meloni, Osvaldo and Soria Genta, Tatiana (2009) <em>One Way or Another: Fiscal Sustainability in Argentina, 1867-2004. <\/em><u>International Journal of Financial Economics and Econometrics<\/u>. 1 No.2. ISSN 0975-2072.<\/li>\n<li>Meloni, Osvaldo y Ruiz N\u00fa\u00f1ez, Fernanda (2002) (<em>El precio de los terrenos y el valor de sus atributos. Un enfoque de precios hed\u00f3nicos. <\/em>Publicado en <u>Econ\u00f3mica<\/u>, Universidad Nacional de La Plata, a\u00f1o XLVII- N\u00b0 1- 2002. ISSN 0013-0419 (Print); 1852-1649 (online)<\/li>\n<li>Cerro, Ana Mar\u00eda and Meloni, Osvaldo (2000) <em>Determinants of the Crime Rate in Argentina during the 90\u2019s.<\/em> <u>Estudios de Econom\u00eda<\/u>, Universidad de Chile, Vol. 27 N\u00ba 1. ISSN 0718-5286.<\/li>\n<li>Meloni, Osvaldo (1997) <em>Empleo, desempleo y elecciones<\/em>. <em>El caso de la elecci\u00f3n presidencial argentina de 1995.<\/em> Publicado en la revista <u>Estudios de Econom\u00eda<\/u>, Universidad de Chile, Volumen 24 N\u00ba 1, Junio. ISSN 0718-5286.<\/li>\n<li>El\u00edas, V\u00edctor Jorge (1988) <em>Productividad en el sector industrial argentino 1935-1985. <\/em><u>Econ\u00f3mica<\/u><em>. <\/em> 34, no. 2<\/li>\n<li>El\u00edas, V\u00edctor Jorge (1978) <em>Sources of Economic Growth in Latin American Countries<\/em>. <u>T<\/u><u>he Review of Economics and Statistics. <\/u>Vol. 60, No. 3 (Aug., 1978), pp. 362-370<\/li>\n<\/ol>\n","protected":false},"excerpt":{"rendered":"<p>LIBROS Panico, Adriana (2012) \u00abAlgo m\u00e1s que s\u00f3lo Estad\u00edstica\u00bb, N\u00famero 11769 e ISBN 978-3-659-01427-7, EDITORIAL ACADEMICA ESPA\u00d1OLA. Meloni, Osvaldo (2013) Progresos en Econom\u00eda Pol\u00edtica de la Pol\u00edtica Fiscal. Serie Progresos en Econom\u00eda de la Asociaci\u00f3n Argentina de Econom\u00eda Pol\u00edtica. Editorial Temas. Buenos Aires, Agosto de 2013. ISBN 978-987-1826-70-4. Cerro, Ana Mar\u00eda y Meloni, Osvaldo (2014) [&hellip;]<\/p>\n","protected":false},"author":10,"featured_media":0,"parent":0,"menu_order":0,"comment_status":"closed","ping_status":"closed","template":"","meta":{"footnotes":""},"_links":{"self":[{"href":"https:\/\/face.unt.edu.ar\/web\/ieconomia\/wp-json\/wp\/v2\/pages\/353"}],"collection":[{"href":"https:\/\/face.unt.edu.ar\/web\/ieconomia\/wp-json\/wp\/v2\/pages"}],"about":[{"href":"https:\/\/face.unt.edu.ar\/web\/ieconomia\/wp-json\/wp\/v2\/types\/page"}],"author":[{"embeddable":true,"href":"https:\/\/face.unt.edu.ar\/web\/ieconomia\/wp-json\/wp\/v2\/users\/10"}],"replies":[{"embeddable":true,"href":"https:\/\/face.unt.edu.ar\/web\/ieconomia\/wp-json\/wp\/v2\/comments?post=353"}],"version-history":[{"count":8,"href":"https:\/\/face.unt.edu.ar\/web\/ieconomia\/wp-json\/wp\/v2\/pages\/353\/revisions"}],"predecessor-version":[{"id":461,"href":"https:\/\/face.unt.edu.ar\/web\/ieconomia\/wp-json\/wp\/v2\/pages\/353\/revisions\/461"}],"wp:attachment":[{"href":"https:\/\/face.unt.edu.ar\/web\/ieconomia\/wp-json\/wp\/v2\/media?parent=353"}],"curies":[{"name":"wp","href":"https:\/\/api.w.org\/{rel}","templated":true}]}}