{"id":364,"date":"2017-10-09T15:19:51","date_gmt":"2017-10-09T15:19:51","guid":{"rendered":"http:\/\/face.unt.edu.ar\/web\/ieconomia\/?page_id=364"},"modified":"2021-10-18T14:07:48","modified_gmt":"2021-10-18T14:07:48","slug":"patricio-cossio","status":"publish","type":"page","link":"https:\/\/face.unt.edu.ar\/web\/ieconomia\/profesores\/patricio-cossio\/","title":{"rendered":"Patricio Cossio"},"content":{"rendered":"<p><strong>T\u00edtulos acad\u00e9micos\u00a0<\/strong><\/p>\n<div class=\"td-paragraph-padding-4\">\n<ul>\n<li><em>Licenciado en Econom\u00eda \u2013 Universidad Nacional De Tucum\u00e1n (2011)<\/em><\/li>\n<li><em>M\u00e1ster en Perspectivas y Fundamentos para una Cultura de la Unidad, orientaci\u00f3n Econom\u00eda y Management &#8211; Istituto Universitario Sophia &#8211; Italia (2016)<\/em><\/li>\n<li><em>Master en Filosof\u00eda y \u00c9tica de las Relaciones, orientaci\u00f3n en Filosof\u00eda y Econom\u00eda Civil &#8211; Universit di Perugia (2016).<\/em><\/li>\n<\/ul>\n<\/div>\n<p><b>Cargos en Investigaci\u00f3n y Docencia<\/b><\/p>\n<div class=\"td-paragraph-padding-4\">\n<ul>\n<li><em>Jefe de Trabajos Pr\u00e1cticos<\/em><\/li>\n<\/ul>\n<\/div>\n<div><b>Asignatura en las que interviene<\/b><\/div>\n<div><\/div>\n<div class=\"td-paragraph-padding-4\">\n<ul>\n<li>\u00a0<em>Principios de Econom\u00eda I<\/em><\/li>\n<\/ul>\n<\/div>\n<div class=\"td-paragraph-padding-4\">\n<p><strong>Contacto<\/strong><\/p>\n<\/div>\n<div class=\"td-paragraph-padding-4\">\n<p>E-mail: <a href=\"mailto:pcossio@face.unt.edu.ar\" target=\"_blank\" rel=\"noopener\">pcossio@face.unt.edu.ar<\/a><\/p>\n<\/div>\n<p>&nbsp;<\/p>\n","protected":false},"excerpt":{"rendered":"<p>T\u00edtulos acad\u00e9micos\u00a0 Licenciado en Econom\u00eda \u2013 Universidad Nacional De Tucum\u00e1n (2011) M\u00e1ster en Perspectivas y Fundamentos para una Cultura de la Unidad, orientaci\u00f3n Econom\u00eda y Management &#8211; Istituto Universitario Sophia &#8211; Italia (2016) Master en Filosof\u00eda y \u00c9tica de las Relaciones, orientaci\u00f3n en Filosof\u00eda y Econom\u00eda Civil &#8211; Universit di Perugia (2016). Cargos en Investigaci\u00f3n [&hellip;]<\/p>\n","protected":false},"author":10,"featured_media":0,"parent":135,"menu_order":0,"comment_status":"closed","ping_status":"closed","template":"","meta":{"footnotes":""},"_links":{"self":[{"href":"https:\/\/face.unt.edu.ar\/web\/ieconomia\/wp-json\/wp\/v2\/pages\/364"}],"collection":[{"href":"https:\/\/face.unt.edu.ar\/web\/ieconomia\/wp-json\/wp\/v2\/pages"}],"about":[{"href":"https:\/\/face.unt.edu.ar\/web\/ieconomia\/wp-json\/wp\/v2\/types\/page"}],"author":[{"embeddable":true,"href":"https:\/\/face.unt.edu.ar\/web\/ieconomia\/wp-json\/wp\/v2\/users\/10"}],"replies":[{"embeddable":true,"href":"https:\/\/face.unt.edu.ar\/web\/ieconomia\/wp-json\/wp\/v2\/comments?post=364"}],"version-history":[{"count":6,"href":"https:\/\/face.unt.edu.ar\/web\/ieconomia\/wp-json\/wp\/v2\/pages\/364\/revisions"}],"predecessor-version":[{"id":723,"href":"https:\/\/face.unt.edu.ar\/web\/ieconomia\/wp-json\/wp\/v2\/pages\/364\/revisions\/723"}],"up":[{"embeddable":true,"href":"https:\/\/face.unt.edu.ar\/web\/ieconomia\/wp-json\/wp\/v2\/pages\/135"}],"wp:attachment":[{"href":"https:\/\/face.unt.edu.ar\/web\/ieconomia\/wp-json\/wp\/v2\/media?parent=364"}],"curies":[{"name":"wp","href":"https:\/\/api.w.org\/{rel}","templated":true}]}}